{"id":50193,"date":"2022-04-01T09:58:44","date_gmt":"2022-04-01T08:58:44","guid":{"rendered":"https:\/\/recercapau.org\/organizaciones-no-gubernamentales-ong\/"},"modified":"2024-12-18T13:30:40","modified_gmt":"2024-12-18T12:30:40","slug":"organizaciones-no-gubernamentales","status":"publish","type":"page","link":"https:\/\/recercapau.org\/es\/glosario\/organizaciones-no-gubernamentales\/","title":{"rendered":"Organizaciones no gubernamentales (ONG)"},"content":{"rendered":"<p>Las organizaciones no gubernamentales (ONG) se caracterizan por ser:<\/p>\n<ul>\n<li>Entidades <strong>privadas independientes<\/strong> de cualquier Gobierno y de cualquier administraci\u00f3n p\u00fablica.<\/li>\n<li>Tienen una <strong>estructura org\u00e1nica y unas responsabilidades legales predeterminadas por la ley<\/strong> y se ajustan a un marco legal que var\u00eda en funci\u00f3n del estado.<\/li>\n<li>Se basan en el <strong>voluntariado<\/strong>, aunque en las \u00faltimas d\u00e9cadas se ha producido un proceso de profesionalizaci\u00f3n, en especial, a nivel t\u00e9cnico.<\/li>\n<li><strong>Sin fines lucrativos<\/strong>, procuran mejorar algunos aspectos de las comunidades ya sean locales, nacionales o internacionales.<\/li>\n<li>Pueden <strong>adoptar diferentes personalidades jur\u00eddicas<\/strong>. Nos podemos encontrar con fundaciones, asociaciones, cooperativas,&#8230;<\/li>\n<\/ul>\n<p><!--more-->Seg\u00fan algunos autores, la definici\u00f3n de ONG tambi\u00e9n deber\u00eda incorporar la caracter\u00edstica de estas entidades de articular un discurso alternativo al gubernamental y trabajar en el cambio social, en la transformaci\u00f3n social.<\/p>\n<p>El panorama que conforman las ONGs es complejo y heterog\u00e9neo. Algunas de las m\u00e1s conocidas son <a href=\"http:\/\/www.es.amnesty.org\/index.php\">Amnist\u00eda Internacional<\/a>, <a href=\"http:\/\/www.cruzroja.es\/portada\/\">Cruz Roja<\/a>, <a href=\"http:\/\/www.savethechildren.es\/\">Save the Children<\/a>, <a href=\"http:\/\/www.caritas.es\/\">C\u00e1ritas<\/a>, <a href=\"https:\/\/es.greenpeace.org\/es\/\">Greenpeace<\/a>, <a href=\"http:\/\/www.ayudaenaccion.org\/\">Ayuda en Acci\u00f3n<\/a>, <a href=\"http:\/\/www.globalhumanitaria.org\/\">Global Humanitaria<\/a>, <a href=\"http:\/\/mansunides.org\/\">Manos Unidas<\/a> o <a href=\"http:\/\/www.msf.es\/\">M\u00e9dicos Sin Fronteras<\/a>. Pero existen multitud de ONGs de peque\u00f1as dimensiones, que nacen en un barrio o distrito y que despliegan multitud de proyectos de tem\u00e1ticas diferentes en espacios geogr\u00e1ficos diversos.<\/p>\n<p>Tambi\u00e9n las \u00e1reas de acci\u00f3n de las ONGs son muy diversas, y pueden ir desde la ayuda humanitaria, pasando por apoyar la mejora de la educaci\u00f3n en pa\u00edses perif\u00e9ricos o la situaci\u00f3n de personas en riesgo de exclusi\u00f3n social en los pa\u00edses de origen (Cuarto Mundo), hasta el apoyo en temas de tipo sanitario, de derechos humanos, sindical, medioambiental,&#8230;<\/p>\n<p>En muchas ocasiones, las ONG se agrupan en federaciones o confederaciones. Ello permite establecer y reforzar -mediante la cooperaci\u00f3n y la colaboraci\u00f3n- estrategias comunes, incrementar la comunicaci\u00f3n y tambi\u00e9n hacer una tarea como grupos de presi\u00f3n en campa\u00f1as o tem\u00e1ticas de inter\u00e9s com\u00fan. En Catalu\u00f1a, esta agrupaci\u00f3n de ONG es <a href=\"http:\/\/www.lafede.cat\/\" target=\"_blank\" rel=\"noopener\">Lafede.cat<\/a>. A nivel estatal se puede encontrar la <a href=\"http:\/\/www.congde.org\/\" target=\"_blank\" rel=\"noopener\">CONGDE <\/a>(Coordinadora de ONG para el Desarrollo Espa\u00f1a).<\/p>\n<p>En los \u00faltimos a\u00f1os, las estrategias de las ONGs tambi\u00e9n se han internacionalizado y est\u00e1n haciendo una acci\u00f3n de incidencia en las organizaciones internacionales. Como muestra unos ejemplos:<\/p>\n<ul>\n<li><strong>Visualizaci\u00f3n de la sociedad civil<\/strong>. Es habitual que en las conferencias internacionales y reuniones de alto nivel de organizaciones internacionales como el Banco Mundial o el FMI se realicen foros de la sociedad civil en los que la presencia de las ONGs y otras entidades hace hincapi\u00e9 en el contrapunto al poder oficial-gubernamental.<\/li>\n<li><strong>Oposici\u00f3n a la represi\u00f3n<\/strong>. Existen espacios comunes de intercambio de informaci\u00f3n, colaboraci\u00f3n y cooperaci\u00f3n entre ONGs y organizaciones internacionales, y en algunas ocasiones se han utilizado estos espacios como oportunidad medi\u00e1tica para comunicar situaciones de represi\u00f3n, opresi\u00f3n, violaci\u00f3n de los derechos humanos,&#8230; \u00c9sta fue la situaci\u00f3n que se dio en 2006, durante una reuni\u00f3n que manten\u00edan los representantes del FMI, con gobiernos y ONGs. Los representantes de estas \u00faltimas se retiraron como protesta a la represi\u00f3n que hab\u00edan sufrido varios defensores de los derechos humanos en Singapur.<\/li>\n<li><strong>Colaboraci\u00f3n internacional entre ONGs para incidir en tem\u00e1ticas, legislaciones,&#8230; <\/strong>Aunque sigue siendo uno de los retos de las ONGs, se han emprendido campa\u00f1as internacionales en materias tan sensibles como el comercio de armas o el trabajo infantil, que han contado con la colaboraci\u00f3n de ONGs internacionales, locales,&#8230;; que han tenido un fuerte efecto medi\u00e1tico, y que han conseguido poner en la agenda de las organizaciones internacionales estas tem\u00e1ticas con el resultado de protocolos de acci\u00f3n. En el caso del comercio de armas, la aprobaci\u00f3n del Tratado por el control de armas en abril de 2013 ha sido la culminaci\u00f3n de diferentes esfuerzos; entre ellos, los realizados por la <a href=\"http:\/\/controlarms.org\/\" target=\"_blank\" rel=\"noopener\"> campa\u00f1a contra el comercio de armas<\/a> encabezada por ONGs de defensa de los derechos humanos.<\/li>\n<\/ul>\n","protected":false},"excerpt":{"rendered":"<p>Las organizaciones no gubernamentales (ONG) se caracterizan por ser: Entidades<\/p>\n","protected":false},"author":3,"featured_media":0,"parent":43616,"menu_order":0,"comment_status":"closed","ping_status":"closed","template":"","meta":{"footnotes":""},"class_list":["post-50193","page","type-page","status-publish","hentry"],"_links":{"self":[{"href":"https:\/\/recercapau.org\/es\/wp-json\/wp\/v2\/pages\/50193","targetHints":{"allow":["GET"]}}],"collection":[{"href":"https:\/\/recercapau.org\/es\/wp-json\/wp\/v2\/pages"}],"about":[{"href":"https:\/\/recercapau.org\/es\/wp-json\/wp\/v2\/types\/page"}],"author":[{"embeddable":true,"href":"https:\/\/recercapau.org\/es\/wp-json\/wp\/v2\/users\/3"}],"replies":[{"embeddable":true,"href":"https:\/\/recercapau.org\/es\/wp-json\/wp\/v2\/comments?post=50193"}],"version-history":[{"count":1,"href":"https:\/\/recercapau.org\/es\/wp-json\/wp\/v2\/pages\/50193\/revisions"}],"predecessor-version":[{"id":51106,"href":"https:\/\/recercapau.org\/es\/wp-json\/wp\/v2\/pages\/50193\/revisions\/51106"}],"up":[{"embeddable":true,"href":"https:\/\/recercapau.org\/es\/wp-json\/wp\/v2\/pages\/43616"}],"wp:attachment":[{"href":"https:\/\/recercapau.org\/es\/wp-json\/wp\/v2\/media?parent=50193"}],"curies":[{"name":"wp","href":"https:\/\/api.w.org\/{rel}","templated":true}]}}