{"id":50088,"date":"2022-01-12T15:43:42","date_gmt":"2022-01-12T14:43:42","guid":{"rendered":"https:\/\/recercapau.org\/contaminacion\/"},"modified":"2024-10-21T14:53:04","modified_gmt":"2024-10-21T13:53:04","slug":"contaminacion","status":"publish","type":"page","link":"https:\/\/recercapau.org\/es\/glosario\/contaminacion\/","title":{"rendered":"Contaminaci\u00f3n"},"content":{"rendered":"<p>El Glosario de Estad\u00edsticas Ambientales (<a href=\"https:\/\/unstats.un.org\/unsd\/environmentgl\/\" target=\"_blank\" rel=\"noopener\">Divisi\u00f3n de Estad\u00edstica de las Naciones Unidas, 1997<\/a>) contempla dos acepciones de contaminaci\u00f3n:<\/p>\n<blockquote><p><strong>La presencia de sustancias y calor en el medio ambiente<\/strong> (aire, agua, tierra), cuya naturaleza, ubicaci\u00f3n o cantidad produce efectos ambientales indeseables.<\/p><\/blockquote>\n<blockquote><p><strong>La actividad que genera contaminantes.<!--more--><\/strong><\/p><\/blockquote>\n<p>En concreto, la ONU hace referencia a seis <a href=\"https:\/\/www.unep.org\/beatpollution\/forms-pollution\" target=\"_blank\" rel=\"noopener\">formas de contaminaci\u00f3n<\/a>:<\/p>\n<ul>\n<li><strong>Del aire<\/strong><\/li>\n<li><strong>Del agua dulce<\/strong><\/li>\n<li><strong>De la tierra y del suelo<\/strong><\/li>\n<li><strong>Del mar y la costa<\/strong><\/li>\n<li><strong>Qu\u00edmica <\/strong><\/li>\n<li><strong>Por residuos<\/strong><\/li>\n<\/ul>\n<p>Sobre la contaminaci\u00f3n del aire, el Programa de Naciones Unidas para el Medio Ambiente (PNUMA) (<a href=\"https:\/\/www.unep.org\/interactive\/air-pollution-note\/\" target=\"_blank\" rel=\"noopener\">consultado en 2022<\/a>) alerta de que est\u00e1 estrechamente relacionada con el cambio clim\u00e1tico, ya que todos los principales contaminantes tienen un impacto en el clima y la mayor\u00eda comparten fuentes comunes con los gases de efecto invernadero. Por eso, el programa de la ONU sostiene que mejorar la calidad del aire aportar\u00e1 salud, mayor desarrollo neto y beneficios ambientales, junto con la mitigaci\u00f3n del cambio clim\u00e1tico.<\/p>\n<p>En esta l\u00ednea, en 2018, el PNUMA desarroll\u00f3 un <a href=\"https:\/\/wedocs.unep.org\/handle\/20.500.11822\/35892;jsessionid=8B165A5AD4685B26893B86AA8B1C555C\" target=\"_blank\" rel=\"noopener\">Plan de aplicaci\u00f3n \u00abHacia un planeta libre de contaminaci\u00f3n\u00bb<\/a> para la salud y el bienestar de las personas y el medio ambiente.<\/p>\n<p>Asimismo, el PNUMA dispone de una <a href=\"https:\/\/www.unep.org\/explore-topics\/chemicals-waste\/what-we-do\/environment-health-and-pollution\" target=\"_blank\" rel=\"noopener\">Unidad de Contaminaci\u00f3n, Salud y Medio Ambiente<\/a> para abordar los v\u00ednculos entre estas tres tem\u00e1ticas.<\/p>\n","protected":false},"excerpt":{"rendered":"<p>El Glosario de Estad\u00edsticas Ambientales (Divisi\u00f3n de Estad\u00edstica de las<\/p>\n","protected":false},"author":3,"featured_media":0,"parent":43616,"menu_order":0,"comment_status":"closed","ping_status":"closed","template":"","meta":{"footnotes":""},"class_list":["post-50088","page","type-page","status-publish","hentry"],"_links":{"self":[{"href":"https:\/\/recercapau.org\/es\/wp-json\/wp\/v2\/pages\/50088","targetHints":{"allow":["GET"]}}],"collection":[{"href":"https:\/\/recercapau.org\/es\/wp-json\/wp\/v2\/pages"}],"about":[{"href":"https:\/\/recercapau.org\/es\/wp-json\/wp\/v2\/types\/page"}],"author":[{"embeddable":true,"href":"https:\/\/recercapau.org\/es\/wp-json\/wp\/v2\/users\/3"}],"replies":[{"embeddable":true,"href":"https:\/\/recercapau.org\/es\/wp-json\/wp\/v2\/comments?post=50088"}],"version-history":[{"count":4,"href":"https:\/\/recercapau.org\/es\/wp-json\/wp\/v2\/pages\/50088\/revisions"}],"predecessor-version":[{"id":51688,"href":"https:\/\/recercapau.org\/es\/wp-json\/wp\/v2\/pages\/50088\/revisions\/51688"}],"up":[{"embeddable":true,"href":"https:\/\/recercapau.org\/es\/wp-json\/wp\/v2\/pages\/43616"}],"wp:attachment":[{"href":"https:\/\/recercapau.org\/es\/wp-json\/wp\/v2\/media?parent=50088"}],"curies":[{"name":"wp","href":"https:\/\/api.w.org\/{rel}","templated":true}]}}