{"id":50047,"date":"2021-12-07T14:40:22","date_gmt":"2021-12-07T13:40:22","guid":{"rendered":"https:\/\/recercapau.org\/racismo\/"},"modified":"2024-10-24T15:56:08","modified_gmt":"2024-10-24T14:56:08","slug":"racismo","status":"publish","type":"page","link":"https:\/\/recercapau.org\/es\/glosario\/racismo\/","title":{"rendered":"Racismo"},"content":{"rendered":"<p>En la Convenci\u00f3n Internacional sobre la Eliminaci\u00f3n de todas las Formas de Discriminaci\u00f3n Racial (<a href=\"https:\/\/www.ohchr.org\/Documents\/ProfessionalInterest\/cerd_SP.pdf\">1965<\/a>), Naciones Unidas define el racismo como:<\/p>\n<blockquote><p>Toda distinci\u00f3n, exclusi\u00f3n, restricci\u00f3n o preferencia basada en motivos de raza, color, linaje u origen nacional o \u00e9tnico que tenga por objeto o por resultado <strong>anular o menoscabar el reconocimiento, disfrute o ejercicio<\/strong>, en condiciones de igualdad, <strong>de los <a href=\"https:\/\/recercapau.org\/es\/glosario\/derechos-humanos\/\">derechos humanos<\/a> y libertades fundamentales<\/strong> en las esferas pol\u00edtica, econ\u00f3mica, social, cultural o en cualquier otra esfera de la vida p\u00fablica.<\/p><\/blockquote>\n<p>Un ejemplo es la <a href=\"https:\/\/recercapau.org\/glossari\/islamofobia\/\">islamofobia<\/a>.<\/p>\n<p>Y hay que tener en cuenta que, en las sociedades actuales, a menudo el racismo se encuentra \u00abescondido\u00bb en forma de <a href=\"https:\/\/recercapau.org\/glossari\/microracismes\/\">microrracismos<\/a>.<br \/>\n<!--more--><\/p>\n<h3 style=\"text-align: justify;\"><span style=\"color: #ff6600;\">Agenda 2030<\/span><\/h3>\n<p>En septiembre de 2015, Naciones Unidas adoptaron la <a href=\"https:\/\/recercapau.org\/es\/retos-globales\/los-ods\/\"><strong>Agenda 2030<\/strong> para el Desarrollo Sostenible<\/a>, que establece 17 objetivos (ODS) para erradicar la pobreza, proteger el planeta y avanzar en la protecci\u00f3n de los derechos humanos de todas las personas en todo el mundo.<\/p>\n<p>El <a href=\"https:\/\/recercapau.org\/es\/retos-globales\/objetivo-10-reduccion-de-las-desigualdades\/\"><strong>ODS 10<\/strong><\/a> se dirige a la reducci\u00f3n de las <a href=\"https:\/\/recercapau.org\/glossari\/desigualtat\/\">desigualdades<\/a> y, entre sus metas, incluye:<\/p>\n<p style=\"padding-left: 30px;\">10.2 De aqu\u00ed a 2030, potenciar y promover la <strong><a href=\"https:\/\/recercapau.org\/glossari\/inclusio-social\/\">inclusi\u00f3n social<\/a>, econ\u00f3mica y pol\u00edtica<\/strong> de todas las personas, independientemente de su edad, sexo, discapacidad, raza, etnia, origen, religi\u00f3n o situaci\u00f3n econ\u00f3mica u otra condici\u00f3n.<\/p>\n<h3 style=\"text-align: justify;\"><span style=\"color: #ff6600;\">Recursos\u00a0<\/span><\/h3>\n<div class=\"wk-scope\">\n\n    <div id=\"wk-grid556\" class=\"wk-child-width-1-1 wk-child-width-1-3@m wk-child-width-1-3@l wk-child-width-1-3@xl wk-grid-match wk-text-center \" wk-height-match=\"target: &gt; div &gt; .wk-panel, &gt; div &gt; .wk-card; row: true\" wk-grid >\n\n    \n        <div >\n            <div class=\"wk-card wk-card-default\">\n\n                \n                \n                                <div class=\"wk-text-center wk-card-media-top\"><img decoding=\"async\" src=\"\/wp-content\/plugins\/widgetkit\/cache\/Guies-tematiques-PAULA-b7eb72b0f3d95aa7541084e13ebb2742.jpg\" class=\" wk-transition-scale-up wk-transition-opaque\" alt=\"Guies tem\u00e0tiques\" width=\"100\"><\/div>\n                \n                \n                                        <div class=\"wk-card-body\">\n                    \n                        \n                                                <h3 class=\"wk-h3 wk-margin-remove-top\">\n\n                                                            Guies tem\u00e0tiques                            \n                            \n                        <\/h3>\n                        \n                        \n                        \n                        \n                        \n                        \n                                        <\/div>\n                    \n                \n            <\/div>\n        <\/div>\n\n    \n        <div >\n            <div class=\"wk-card wk-card-default\">\n\n                \n                \n                                <div class=\"wk-text-center wk-card-media-top\"><div class=\"wk-inline-clip wk-transition-toggle \"><img decoding=\"async\" src=\"\/wp-content\/plugins\/widgetkit\/cache\/Recursos-didactics-Recercapau-5ead66726f2b1f13a9e6e08bf29cb9d0.jpg\" class=\" wk-transition-scale-up wk-transition-opaque\" alt=\"Recursos did\u00e0ctics\" width=\"100\"><div class=\"wk-overlay-primary wk-position-cover wk-transition-fade\"><div class=\"wk-position-center\"><span class=\"\" wk-overlay-icon><\/span><\/div><\/div><a class=\"wk-position-cover\" href=\"https:\/\/recercapau.org\/recursos-educatius\/?_sft_post_tag=racisme\" title=\"Recursos did\u00e0ctics\"><\/a><\/div><\/div>\n                \n                \n                                        <div class=\"wk-card-body\">\n                    \n                        \n                                                <h3 class=\"wk-h3 wk-margin-remove-top\">\n\n                                                            <a class=\"wk-link-reset\" href=\"https:\/\/recercapau.org\/recursos-educatius\/?_sft_post_tag=racisme\">Recursos did\u00e0ctics<\/a>\n                            \n                            \n                        <\/h3>\n                        \n                        \n                        \n                        \n                        \n                        \n                                        <\/div>\n                    \n                \n            <\/div>\n        <\/div>\n\n    \n        <div >\n            <div class=\"wk-card wk-card-default\">\n\n                \n                \n                                <div class=\"wk-text-center wk-card-media-top\"><div class=\"wk-inline-clip wk-transition-toggle \"><img decoding=\"async\" src=\"\/wp-content\/plugins\/widgetkit\/cache\/Propostes-recerca-PAULA-29aa7452f8e28fe8665052dd4cad41d3.jpg\" class=\" wk-transition-scale-up wk-transition-opaque\" alt=\"Propostes de recerca\" width=\"100\"><div class=\"wk-overlay-primary wk-position-cover wk-transition-fade\"><div class=\"wk-position-center\"><span class=\"\" wk-overlay-icon><\/span><\/div><\/div><a class=\"wk-position-cover\" href=\"http:\/\/recercapau.ub.edu\/propostes\/racisme\/\" title=\"Propostes de recerca\"><\/a><\/div><\/div>\n                \n                \n                                        <div class=\"wk-card-body\">\n                    \n                        \n                                                <h3 class=\"wk-h3 wk-margin-remove-top\">\n\n                                                            <a class=\"wk-link-reset\" href=\"http:\/\/recercapau.ub.edu\/propostes\/racisme\/\">Propostes de recerca<\/a>\n                            \n                            \n                        <\/h3>\n                        \n                        \n                        \n                        \n                        \n                        \n                                        <\/div>\n                    \n                \n            <\/div>\n        <\/div>\n\n    \n    <\/div>\n\n<\/div>\n","protected":false},"excerpt":{"rendered":"<p>En la Convenci\u00f3n Internacional sobre la Eliminaci\u00f3n de todas las<\/p>\n","protected":false},"author":3,"featured_media":0,"parent":43616,"menu_order":0,"comment_status":"closed","ping_status":"closed","template":"","meta":{"footnotes":""},"class_list":["post-50047","page","type-page","status-publish","hentry"],"_links":{"self":[{"href":"https:\/\/recercapau.org\/es\/wp-json\/wp\/v2\/pages\/50047","targetHints":{"allow":["GET"]}}],"collection":[{"href":"https:\/\/recercapau.org\/es\/wp-json\/wp\/v2\/pages"}],"about":[{"href":"https:\/\/recercapau.org\/es\/wp-json\/wp\/v2\/types\/page"}],"author":[{"embeddable":true,"href":"https:\/\/recercapau.org\/es\/wp-json\/wp\/v2\/users\/3"}],"replies":[{"embeddable":true,"href":"https:\/\/recercapau.org\/es\/wp-json\/wp\/v2\/comments?post=50047"}],"version-history":[{"count":4,"href":"https:\/\/recercapau.org\/es\/wp-json\/wp\/v2\/pages\/50047\/revisions"}],"predecessor-version":[{"id":51843,"href":"https:\/\/recercapau.org\/es\/wp-json\/wp\/v2\/pages\/50047\/revisions\/51843"}],"up":[{"embeddable":true,"href":"https:\/\/recercapau.org\/es\/wp-json\/wp\/v2\/pages\/43616"}],"wp:attachment":[{"href":"https:\/\/recercapau.org\/es\/wp-json\/wp\/v2\/media?parent=50047"}],"curies":[{"name":"wp","href":"https:\/\/api.w.org\/{rel}","templated":true}]}}