{"id":50043,"date":"2021-12-03T14:05:26","date_gmt":"2021-12-03T13:05:26","guid":{"rendered":"https:\/\/recercapau.org\/islamofobia\/"},"modified":"2024-12-18T12:41:37","modified_gmt":"2024-12-18T11:41:37","slug":"islamofobia","status":"publish","type":"page","link":"https:\/\/recercapau.org\/es\/glosario\/islamofobia\/","title":{"rendered":"Islamofobia"},"content":{"rendered":"<p>En su recomendaci\u00f3n de pol\u00edtica general n\u00famero 15 sobre combatir el <a href=\"https:\/\/recercapau.org\/es\/glosario\/discurso-odio\/\">discurso de odio<\/a> (<a href=\"https:\/\/rm.coe.int\/ecri-general-policy-recommendation-no-15-on-combating-hate-speech\/16808b5b01\" target=\"_blank\" rel=\"noopener\">Consejo de Europa, 2016<\/a>), la Comisi\u00f3n Europea contra el <a href=\"https:\/\/recercapau.org\/es\/glosario\/racismo\/\">Racismo<\/a> y la Intolerancia (ECRI, por sus siglas en ingl\u00e9s) define a la islamofobia como:<\/p>\n<blockquote><p>Prejuicios, odio o miedo a la religi\u00f3n del islam o a las personas musulmanas.<!--more--><\/p><\/blockquote>\n<h3 style=\"text-align: justify;\"><span style=\"color: #ff6600;\">Agenda 2030<\/span><\/h3>\n<p>En septiembre de 2015, Naciones Unidas adoptaron la <a href=\"https:\/\/recercapau.org\/es\/retos-globales\/los-ods\/\"><strong>Agenda 2030<\/strong> para el Desarrollo Sostenible<\/a>, que establece 17 objetivos (ODS) para erradicar la pobreza, proteger el planeta y avanzar en la protecci\u00f3n de los derechos humanos de todas las personas en todo el mundo.<\/p>\n<p>El <a href=\"https:\/\/recercapau.org\/es\/retos-globales\/objetivo-10-reduccion-de-las-desigualdades\/\"><strong>ODS 10<\/strong><\/a> se dirige a la reducci\u00f3n de las <a href=\"https:\/\/recercapau.org\/glossari\/desigualtat\/\">desigualdades<\/a> y, entre sus metas, incluye:<\/p>\n<p style=\"padding-left: 30px;\">10.2 De aqu\u00ed a 2030, potenciar y promover la <strong><a href=\"https:\/\/recercapau.org\/glossari\/inclusio-social\/\">inclusi\u00f3n social<\/a>, econ\u00f3mica y pol\u00edtica<\/strong> de todas las personas, independientemente de su edad, sexo, discapacidad, raza, etnia, origen, religi\u00f3n o situaci\u00f3n econ\u00f3mica u otra condici\u00f3n.<\/p>\n","protected":false},"excerpt":{"rendered":"<p>En su recomendaci\u00f3n de pol\u00edtica general n\u00famero 15 sobre combatir<\/p>\n","protected":false},"author":3,"featured_media":0,"parent":43616,"menu_order":0,"comment_status":"closed","ping_status":"closed","template":"","meta":{"footnotes":""},"class_list":["post-50043","page","type-page","status-publish","hentry"],"_links":{"self":[{"href":"https:\/\/recercapau.org\/es\/wp-json\/wp\/v2\/pages\/50043","targetHints":{"allow":["GET"]}}],"collection":[{"href":"https:\/\/recercapau.org\/es\/wp-json\/wp\/v2\/pages"}],"about":[{"href":"https:\/\/recercapau.org\/es\/wp-json\/wp\/v2\/types\/page"}],"author":[{"embeddable":true,"href":"https:\/\/recercapau.org\/es\/wp-json\/wp\/v2\/users\/3"}],"replies":[{"embeddable":true,"href":"https:\/\/recercapau.org\/es\/wp-json\/wp\/v2\/comments?post=50043"}],"version-history":[{"count":3,"href":"https:\/\/recercapau.org\/es\/wp-json\/wp\/v2\/pages\/50043\/revisions"}],"predecessor-version":[{"id":51940,"href":"https:\/\/recercapau.org\/es\/wp-json\/wp\/v2\/pages\/50043\/revisions\/51940"}],"up":[{"embeddable":true,"href":"https:\/\/recercapau.org\/es\/wp-json\/wp\/v2\/pages\/43616"}],"wp:attachment":[{"href":"https:\/\/recercapau.org\/es\/wp-json\/wp\/v2\/media?parent=50043"}],"curies":[{"name":"wp","href":"https:\/\/api.w.org\/{rel}","templated":true}]}}