{"id":50041,"date":"2021-12-03T12:46:48","date_gmt":"2021-12-03T11:46:48","guid":{"rendered":"https:\/\/recercapau.org\/discurso-de-odio\/"},"modified":"2024-11-13T13:09:52","modified_gmt":"2024-11-13T12:09:52","slug":"discurso-odio","status":"publish","type":"page","link":"https:\/\/recercapau.org\/es\/glosario\/discurso-odio\/","title":{"rendered":"Discurso de odio"},"content":{"rendered":"<p>En su Estrategia y Plan de Acci\u00f3n sobre el discurso de odio (<a href=\"https:\/\/www.un.org\/en\/genocideprevention\/hate-speech-strategy.shtml\" target=\"_blank\" rel=\"noopener\">2020<\/a>), Naciones Unidas lo entiende como:<\/p>\n<blockquote><p>Cualquier tipo de <strong>comunicaci\u00f3n oral, escrita o conductual, que atente o utilice un lenguaje peyorativo o discriminatorio<\/strong> en referencia a una persona o a un grupo por raz\u00f3n de qui\u00e9n es, es decir, por su religi\u00f3n, etnia, nacionalidad, raza, color, descendencia, g\u00e9nero u otro factor de identidad.<\/p><\/blockquote>\n<p>Naciones Unidas a\u00f1ade que esta comunicaci\u00f3n \u00aba menudo est\u00e1 arraigada en y genera <strong>intolerancia y odio<\/strong> y, en determinados contextos, puede ser degradante y divisora\u00bb.<\/p>\n<p><!--more--><\/p>\n<p>En su recomendaci\u00f3n de pol\u00edtica general n\u00famero 15 (<a href=\"https:\/\/rm.coe.int\/ecri-general-policy-recommendation-no-15-on-combating-hate-speech\/16808b5b01\" target=\"_blank\" rel=\"noopener\">Consejo de Europa, 2016<\/a>), la Comisi\u00f3n Europea contra el <a href=\"https:\/\/recercapau.org\/glossari\/racisme\/\">Racismo<\/a> y la Intolerancia (ECRI, por sus siglas en ingl\u00e9s) define el discurso de odio como:<\/p>\n<blockquote><p>El <strong>uso de una o m\u00e1s formas de expresi\u00f3n particulares<\/strong> &#8211; es decir, la defensa, la promoci\u00f3n o la incitaci\u00f3n a la denigraci\u00f3n, el odio o la vilipendiaci\u00f3n de una persona o grupo de personas, as\u00ed como cualquier acoso, insulto, estereotipaci\u00f3n negativa, estigmatizaci\u00f3n o amenaza de esa persona o personas y cualquier justificaci\u00f3n de todas estas formas de expresi\u00f3n &#8211; <strong>que se basa en una lista no exhaustiva de caracter\u00edsticas o estatus personal<\/strong> que incluya \u00abraza\u00bb, color, lengua, religi\u00f3n o creencias, nacionalidad u origen nacional o \u00e9tnico, as\u00ed como descendencia, edad, discapacidad, sexo, g\u00e9nero, identidad de g\u00e9nero y orientaci\u00f3n sexual.<\/p><\/blockquote>\n<h3 style=\"text-align: justify;\"><span style=\"color: #ff6600;\">Agenda 2030<\/span><\/h3>\n<p>En septiembre de 2015, Naciones Unidas adopt\u00f3 la <a href=\"https:\/\/recercapau.org\/es\/retos-globales\/los-ods\/\"><strong>Agenda 2030<\/strong>\u00a0para el Desarrollo Sostenible<\/a>, que establece 17 objetivos (ODS) para erradicar la pobreza, proteger el planeta y avanzar en la protecci\u00f3n de los derechos humanos de todas las personas en todo el mundo.<\/p>\n<p>El <a href=\"https:\/\/recercapau.org\/es\/reptes-globals\/objectiu-10-reduccio-les-desigualtats\/\"><strong>ODS 10<\/strong><\/a>\u00a0se dirige a la reducci\u00f3n de las\u00a0<a href=\"https:\/\/recercapau.org\/glossari\/desigualtat\/\">desigualdades<\/a>\u00a0y, entre sus metas, incluye:<\/p>\n<p style=\"padding-left: 30px;\">10.2 De aqu\u00ed a 2030, potenciar y promover la <strong><a href=\"https:\/\/recercapau.org\/glossari\/inclusio-social\/\">inclusi\u00f3n social<\/a>, econ\u00f3mica y pol\u00edtica<\/strong> de todas las personas, independientemente de su edad, sexo, discapacidad, raza, etnia, origen, religi\u00f3n o situaci\u00f3n econ\u00f3mica u otra condici\u00f3n.<\/p>\n<p>En su informe <strong>&#8216;COVID-19 y Derechos Humanos&#8217;<\/strong> (<a href=\"https:\/\/www2.ohchr.org\/english\/OHCHRreport2020\/\" target=\"_blank\" rel=\"noopener\">2020<\/a>), la ONU alerta de que \u00abla inestabilidad y el miedo que engendra la <a href=\"https:\/\/recercapau.org\/glossari\/epidemia\/\">pandemia<\/a> est\u00e1n agravando las preocupaciones existentes en materia de derechos humanos, como la <a href=\"https:\/\/recercapau.org\/es\/glosario\/discriminacion\/\">discriminaci\u00f3n<\/a> contra determinados grupos, <strong>el discurso de odio<\/strong>, la xenofobia, los ataques y los retornos forzados de personas refugiadas y solicitantes de <a href=\"https:\/\/recercapau.org\/es\/glosario\/derecho-asilo\/\">asilo<\/a>, el maltrato a las personas migrantes y la violencia sexual y de g\u00e9nero, as\u00ed como el acceso limitado a la salud y los derechos sexuales y reproductivos\u00bb.<\/p>\n<p>En este sentido, en respuesta a las tendencias de creciente xenofobia, racismo e intolerancia, misoginia violenta, antisemitismo y odio antimusulm\u00e1n en todo el mundo, en junio de 2020 se lanz\u00f3 la &#8216;Estrategia y el Plan de Acci\u00f3n de Naciones Unidas sobre el discurso del odio&#8217; (<a href=\"https:\/\/www.un.org\/es\/hate-speech\/un-strategy-and-plan-of-action-on-hate-speech\" target=\"_blank\" rel=\"noopener\">2020<\/a>), que reconoce que, durante los \u00faltimos 75 a\u00f1os, <strong>el discurso del odio ha sido un precursor de cr\u00edmenes atroces<\/strong>, incluido el genocidio, desde Ruanda hasta Bosnia y Camboya.<\/p>\n<p>En la misma l\u00ednea, el espacio de encuentro entre entidades y colectivos <em>Futuro en com\u00fan<\/em> lanza la campa\u00f1a <strong>&#8216;<a href=\"https:\/\/futuroencomun.net\/no-es-inocente\/\" target=\"_blank\" rel=\"noopener\">El odio no es inocente<\/a>&#8216;<\/strong>, con la que alerta de que el discurso de odio tiene graves consecuencias para las personas que son objeto de ello y para la sociedad en su conjunto, y que los discursos de odio son la antesala de los delitos de odio. En este sentido, la campa\u00f1a hace un llamamiento a la responsabilidad de las y los personajes p\u00fablicos (partidos, representantes pol\u00edticos, medios de comunicaci\u00f3n, creadores de opini\u00f3n\u2026) en la emisi\u00f3n y generaci\u00f3n de mensajes de odio, y subraya que la ciudadan\u00eda puede contribuir a desenmascarar los mensajes que difunden mentiras y prejuicios.<\/p>\n","protected":false},"excerpt":{"rendered":"<p>En su Estrategia y Plan de Acci\u00f3n sobre el discurso<\/p>\n","protected":false},"author":3,"featured_media":0,"parent":43616,"menu_order":0,"comment_status":"closed","ping_status":"closed","template":"","meta":{"footnotes":""},"class_list":["post-50041","page","type-page","status-publish","hentry"],"_links":{"self":[{"href":"https:\/\/recercapau.org\/es\/wp-json\/wp\/v2\/pages\/50041","targetHints":{"allow":["GET"]}}],"collection":[{"href":"https:\/\/recercapau.org\/es\/wp-json\/wp\/v2\/pages"}],"about":[{"href":"https:\/\/recercapau.org\/es\/wp-json\/wp\/v2\/types\/page"}],"author":[{"embeddable":true,"href":"https:\/\/recercapau.org\/es\/wp-json\/wp\/v2\/users\/3"}],"replies":[{"embeddable":true,"href":"https:\/\/recercapau.org\/es\/wp-json\/wp\/v2\/comments?post=50041"}],"version-history":[{"count":7,"href":"https:\/\/recercapau.org\/es\/wp-json\/wp\/v2\/pages\/50041\/revisions"}],"predecessor-version":[{"id":51893,"href":"https:\/\/recercapau.org\/es\/wp-json\/wp\/v2\/pages\/50041\/revisions\/51893"}],"up":[{"embeddable":true,"href":"https:\/\/recercapau.org\/es\/wp-json\/wp\/v2\/pages\/43616"}],"wp:attachment":[{"href":"https:\/\/recercapau.org\/es\/wp-json\/wp\/v2\/media?parent=50041"}],"curies":[{"name":"wp","href":"https:\/\/api.w.org\/{rel}","templated":true}]}}