{"id":50039,"date":"2021-12-02T15:10:29","date_gmt":"2021-12-02T14:10:29","guid":{"rendered":"https:\/\/recercapau.org\/discriminacion\/"},"modified":"2024-10-24T16:04:00","modified_gmt":"2024-10-24T15:04:00","slug":"discriminacion","status":"publish","type":"page","link":"https:\/\/recercapau.org\/es\/glosario\/discriminacion\/","title":{"rendered":"Discriminaci\u00f3n"},"content":{"rendered":"<p>En su recomendaci\u00f3n de pol\u00edtica general n\u00famero 15 sobre combatir el <a href=\"https:\/\/recercapau.org\/glossari\/discurs-odi\/\">discurso de odio<\/a> (Consejo de Europa, 2016), la Comisi\u00f3n Europea contra el <a href=\"https:\/\/recercapau.org\/es\/glosario\/racismo\/\">Racismo<\/a> y la Intolerancia (ECRI, por sus siglas en ingl\u00e9s) define la discriminaci\u00f3n como:<\/p>\n<blockquote><p>Cualquier <strong>trato diferenciado<\/strong> basado en motivos como \u00abraza\u00bb, color, lengua, religi\u00f3n, nacionalidad u origen nacional o \u00e9tnico, as\u00ed como descendencia, creencias, sexo, g\u00e9nero, identidad de g\u00e9nero, orientaci\u00f3n sexual u otras caracter\u00edsticas o estatus personales, <strong>que no tiene ninguna justificaci\u00f3n objetiva y razonable<\/strong>.<br \/>\n<!--more--><\/p><\/blockquote>\n<h3 style=\"text-align: justify;\"><span style=\"color: #ff6600;\">Agenda 2030<\/span><\/h3>\n<p>En septiembre de 2015, Naciones Unidas adopt\u00f3 la <a href=\"https:\/\/recercapau.org\/es\/retos-globales\/los-ods\/\"><strong>Agenda 2030<\/strong> para el Desarrollo Sostenible<\/a>, que establece 17 objetivos (ODS) para erradicar la pobreza, proteger el planeta y avanzar en la protecci\u00f3n de los derechos humanos de todas las personas en todo el mundo.<\/p>\n<p>El <a href=\"https:\/\/recercapau.org\/es\/reptes-globals\/objectiu-10-reduccio-les-desigualtats\/\"><strong>ODS 10<\/strong><\/a> se dirige a la reducci\u00f3n de las <a href=\"https:\/\/recercapau.org\/glossari\/desigualtat\/\">desigualdades<\/a> y, entre sus metas, incluye:<\/p>\n<p style=\"padding-left: 30px;\">10.3 Garantizar la igualdad de oportunidades y reducir la desigualdad de resultados, incluso eliminando las leyes, pol\u00edticas y pr\u00e1cticas <strong>discriminatorias<\/strong> y promoviendo legislaciones, pol\u00edticas y medidas adecuadas al respecto.<\/p>\n<p>El <a href=\"https:\/\/recercapau.org\/es\/reptes-globals\/objectiu-16-pau-justicia-i-institucions-solides\/\"><strong>ODS 16<\/strong><\/a> tambi\u00e9n hace referencia a la legislaci\u00f3n y la pol\u00edtica discriminatoria, en la siguiente meta:<\/p>\n<p style=\"padding-left: 30px;\">16.b Promover y aplicar leyes y pol\u00edticas <strong>no discriminatorias<\/strong> a favor del <a href=\"https:\/\/recercapau.org\/glossari\/desenvolupament-sostenible\/\">desarrollo sostenible<\/a>.<\/p>\n<p>Y, por su parte, el <a href=\"https:\/\/recercapau.org\/es\/reptes-globals\/objectiu-5-igualtat-genere\/\"><strong>ODS 5<\/strong><\/a> tiene como primera meta:<\/p>\n<p style=\"padding-left: 30px;\">5.1 Poner fin a todas las formas de <strong>discriminaci\u00f3n<\/strong> contra todas las mujeres y ni\u00f1as en todo el mundo.<\/p>\n<h3 style=\"text-align: justify;\"><span style=\"color: #ff6600;\">Recursos<\/span><\/h3>\n<div class=\"wk-scope\">\n\n    <div id=\"wk-grid9b7\" class=\"wk-child-width-1-1 wk-child-width-1-4@m wk-child-width-1-4@l wk-child-width-1-4@xl wk-grid-match wk-text-center \" wk-height-match=\"target: &gt; div &gt; .wk-panel, &gt; div &gt; .wk-card; row: true\" wk-grid >\n\n    \n        <div >\n            <div class=\"wk-card wk-card-default\">\n\n                \n                \n                                <div class=\"wk-text-center wk-card-media-top\"><img decoding=\"async\" src=\"\/wp-content\/plugins\/widgetkit\/cache\/Guies-tematiques-PAULA-b7eb72b0f3d95aa7541084e13ebb2742.jpg\" class=\" wk-transition-scale-up wk-transition-opaque\" alt=\"Guies tem\u00e0tiques\" width=\"100\"><\/div>\n                \n                \n                                        <div class=\"wk-card-body\">\n                    \n                        \n                                                <h3 class=\"wk-h3 wk-margin-remove-top\">\n\n                                                            Guies tem\u00e0tiques                            \n                            \n                        <\/h3>\n                        \n                        \n                        \n                        \n                        \n                        \n                                        <\/div>\n                    \n                \n            <\/div>\n        <\/div>\n\n    \n        <div >\n            <div class=\"wk-card wk-card-default\">\n\n                \n                \n                                <div class=\"wk-text-center wk-card-media-top\"><div class=\"wk-inline-clip wk-transition-toggle \"><img decoding=\"async\" src=\"\/wp-content\/plugins\/widgetkit\/cache\/Mapamundi-PAULA-8a3252e7c7773a7ee2a6650d7e582be7.png\" class=\" wk-transition-scale-up wk-transition-opaque\" alt=\"Mapamundi dels drets humans\" width=\"100\"><div class=\"wk-overlay-primary wk-position-cover wk-transition-fade\"><div class=\"wk-position-center\"><span class=\"\" wk-overlay-icon><\/span><\/div><\/div><a class=\"wk-position-cover\" href=\"https:\/\/interdependents.recercapau.org\/mapamundi\/?ods=10\" title=\"Mapamundi dels drets humans\"><\/a><\/div><\/div>\n                \n                \n                                        <div class=\"wk-card-body\">\n                    \n                        \n                                                <h3 class=\"wk-h3 wk-margin-remove-top\">\n\n                                                            <a class=\"wk-link-reset\" href=\"https:\/\/interdependents.recercapau.org\/mapamundi\/?ods=10\">Mapamundi dels drets humans<\/a>\n                            \n                            \n                        <\/h3>\n                        \n                        \n                        \n                        \n                        \n                        \n                                        <\/div>\n                    \n                \n            <\/div>\n        <\/div>\n\n    \n        <div >\n            <div class=\"wk-card wk-card-default\">\n\n                \n                \n                                <div class=\"wk-text-center wk-card-media-top\"><div class=\"wk-inline-clip wk-transition-toggle \"><img decoding=\"async\" src=\"\/wp-content\/plugins\/widgetkit\/cache\/Recursos-didactics-Recercapau-5ead66726f2b1f13a9e6e08bf29cb9d0.jpg\" class=\" wk-transition-scale-up wk-transition-opaque\" alt=\"Recursos did\u00e0ctics\" width=\"100\"><div class=\"wk-overlay-primary wk-position-cover wk-transition-fade\"><div class=\"wk-position-center\"><span class=\"\" wk-overlay-icon><\/span><\/div><\/div><a class=\"wk-position-cover\" href=\"https:\/\/recercapau.org\/recursos-educatius\/?_sft_post_tag=discriminacio\" title=\"Recursos did\u00e0ctics\"><\/a><\/div><\/div>\n                \n                \n                                        <div class=\"wk-card-body\">\n                    \n                        \n                                                <h3 class=\"wk-h3 wk-margin-remove-top\">\n\n                                                            <a class=\"wk-link-reset\" href=\"https:\/\/recercapau.org\/recursos-educatius\/?_sft_post_tag=discriminacio\">Recursos did\u00e0ctics<\/a>\n                            \n                            \n                        <\/h3>\n                        \n                        \n                        \n                        \n                        \n                        \n                                        <\/div>\n                    \n                \n            <\/div>\n        <\/div>\n\n    \n        <div >\n            <div class=\"wk-card wk-card-default\">\n\n                \n                \n                                <div class=\"wk-text-center wk-card-media-top\"><div class=\"wk-inline-clip wk-transition-toggle \"><img decoding=\"async\" src=\"\/wp-content\/plugins\/widgetkit\/cache\/Propostes-recerca-PAULA-29aa7452f8e28fe8665052dd4cad41d3.jpg\" class=\" wk-transition-scale-up wk-transition-opaque\" alt=\"Propostes de recerca\" width=\"100\"><div class=\"wk-overlay-primary wk-position-cover wk-transition-fade\"><div class=\"wk-position-center\"><span class=\"\" wk-overlay-icon><\/span><\/div><\/div><a class=\"wk-position-cover\" href=\"http:\/\/recercapau.ub.edu\/propostes\/discriminacio\/\" title=\"Propostes de recerca\"><\/a><\/div><\/div>\n                \n                \n                                        <div class=\"wk-card-body\">\n                    \n                        \n                                                <h3 class=\"wk-h3 wk-margin-remove-top\">\n\n                                                            <a class=\"wk-link-reset\" href=\"http:\/\/recercapau.ub.edu\/propostes\/discriminacio\/\">Propostes de recerca<\/a>\n                            \n                            \n                        <\/h3>\n                        \n                        \n                        \n                        \n                        \n                        \n                                        <\/div>\n                    \n                \n            <\/div>\n        <\/div>\n\n    \n    <\/div>\n\n<\/div>\n<h4>Recursos did\u00e1cticos externos<\/h4>\n<div class=\"wk-scope\">\n\n    <div id=\"wk-grid1b4\" class=\"wk-child-width-1-1 wk-child-width-1-1@s wk-child-width-1-3@m wk-child-width-1-3@l wk-child-width-1-3@xl wk-grid-large wk-grid-match wk-text-center \" wk-height-match=\"target: &gt; div &gt; .wk-panel, &gt; div &gt; .wk-card; row: true\" wk-grid >\n\n    \n        <div >\n            <div class=\"wk-card wk-card-default\">\n\n                \n                \n                                <div class=\"wk-text-center wk-card-media-top\"><div class=\"wk-inline-clip wk-transition-toggle wk-border-rounded\"><img decoding=\"async\" src=\"\/wp-content\/plugins\/widgetkit\/cache\/educacio-infantil-986238007e503f8ae3035e03c7fadb8e.jpg\" class=\"wk-border-rounded wk-transition-scale-up wk-transition-opaque\" alt=\"Educaci\u00f3 Infantil\" width=\"200\"><div class=\"wk-overlay-primary wk-position-cover wk-transition-fade\"><div class=\"wk-position-center\"><span class=\"\" wk-overlay-icon><\/span><\/div><\/div><a class=\"wk-position-cover\" href=\"https:\/\/recercapau.org\/recursos-educatius\/?_sft_category=infantil&amp;_sft_post_tag=discriminacio\" target=\"_blank\" title=\"Educaci\u00f3 Infantil\"><\/a><\/div><\/div>\n                \n                \n                                        <div class=\"wk-card-body\">\n                    \n                        \n                                                <h3 class=\"wk-h3 wk-margin-remove-top\">\n\n                                                            <a class=\"wk-link-reset\" href=\"https:\/\/recercapau.org\/recursos-educatius\/?_sft_category=infantil&amp;_sft_post_tag=discriminacio\" target=\"_blank\">Educaci\u00f3 Infantil<\/a>\n                            \n                            \n                        <\/h3>\n                        \n                        \n                        \n                        \n                        \n                        \n                                        <\/div>\n                    \n                \n            <\/div>\n        <\/div>\n\n    \n        <div >\n            <div class=\"wk-card wk-card-default\">\n\n                \n                \n                                <div class=\"wk-text-center wk-card-media-top\"><div class=\"wk-inline-clip wk-transition-toggle wk-border-rounded\"><img decoding=\"async\" src=\"\/wp-content\/plugins\/widgetkit\/cache\/educacio-primaria-f539b477f882bc4293c407c687e40b9e.jpg\" class=\"wk-border-rounded wk-transition-scale-up wk-transition-opaque\" alt=\"Educaci\u00f3 Prim\u00e0ria\" width=\"200\"><div class=\"wk-overlay-primary wk-position-cover wk-transition-fade\"><div class=\"wk-position-center\"><span class=\"\" wk-overlay-icon><\/span><\/div><\/div><a class=\"wk-position-cover\" href=\"https:\/\/recercapau.org\/recursos-educatius\/?_sft_category=primaria&amp;_sft_post_tag=discriminacio\" target=\"_blank\" title=\"Educaci\u00f3 Prim\u00e0ria\"><\/a><\/div><\/div>\n                \n                \n                                        <div class=\"wk-card-body\">\n                    \n                        \n                                                <h3 class=\"wk-h3 wk-margin-remove-top\">\n\n                                                            <a class=\"wk-link-reset\" href=\"https:\/\/recercapau.org\/recursos-educatius\/?_sft_category=primaria&amp;_sft_post_tag=discriminacio\" target=\"_blank\">Educaci\u00f3 Prim\u00e0ria<\/a>\n                            \n                            \n                        <\/h3>\n                        \n                        \n                        \n                        \n                        \n                        \n                                        <\/div>\n                    \n                \n            <\/div>\n        <\/div>\n\n    \n        <div >\n            <div class=\"wk-card wk-card-default\">\n\n                \n                \n                                <div class=\"wk-text-center wk-card-media-top\"><div class=\"wk-inline-clip wk-transition-toggle wk-border-rounded\"><img decoding=\"async\" src=\"\/wp-content\/plugins\/widgetkit\/cache\/educacio-secundaria-346cc996eab3375c32e8c600577e30f5.jpg\" class=\"wk-border-rounded wk-transition-scale-up wk-transition-opaque\" alt=\"Educaci\u00f3 Secund\u00e0ria\" width=\"200\"><div class=\"wk-overlay-primary wk-position-cover wk-transition-fade\"><div class=\"wk-position-center\"><span class=\"\" wk-overlay-icon><\/span><\/div><\/div><a class=\"wk-position-cover\" href=\"https:\/\/recercapau.org\/recursos-educatius\/?_sft_category=eso&amp;_sft_post_tag=discriminacio\" target=\"_blank\" title=\"Educaci\u00f3 Secund\u00e0ria\"><\/a><\/div><\/div>\n                \n                \n                                        <div class=\"wk-card-body\">\n                    \n                        \n                                                <h3 class=\"wk-h3 wk-margin-remove-top\">\n\n                                                            <a class=\"wk-link-reset\" href=\"https:\/\/recercapau.org\/recursos-educatius\/?_sft_category=eso&amp;_sft_post_tag=discriminacio\" target=\"_blank\">Educaci\u00f3 Secund\u00e0ria<\/a>\n                            \n                            \n                        <\/h3>\n                        \n                        \n                        \n                        \n                        \n                        \n                                        <\/div>\n                    \n                \n            <\/div>\n        <\/div>\n\n    \n    <\/div>\n\n<\/div>\n","protected":false},"excerpt":{"rendered":"<p>En su recomendaci\u00f3n de pol\u00edtica general n\u00famero 15 sobre combatir<\/p>\n","protected":false},"author":3,"featured_media":0,"parent":43616,"menu_order":0,"comment_status":"closed","ping_status":"closed","template":"","meta":{"footnotes":""},"class_list":["post-50039","page","type-page","status-publish","hentry"],"_links":{"self":[{"href":"https:\/\/recercapau.org\/es\/wp-json\/wp\/v2\/pages\/50039","targetHints":{"allow":["GET"]}}],"collection":[{"href":"https:\/\/recercapau.org\/es\/wp-json\/wp\/v2\/pages"}],"about":[{"href":"https:\/\/recercapau.org\/es\/wp-json\/wp\/v2\/types\/page"}],"author":[{"embeddable":true,"href":"https:\/\/recercapau.org\/es\/wp-json\/wp\/v2\/users\/3"}],"replies":[{"embeddable":true,"href":"https:\/\/recercapau.org\/es\/wp-json\/wp\/v2\/comments?post=50039"}],"version-history":[{"count":3,"href":"https:\/\/recercapau.org\/es\/wp-json\/wp\/v2\/pages\/50039\/revisions"}],"predecessor-version":[{"id":51846,"href":"https:\/\/recercapau.org\/es\/wp-json\/wp\/v2\/pages\/50039\/revisions\/51846"}],"up":[{"embeddable":true,"href":"https:\/\/recercapau.org\/es\/wp-json\/wp\/v2\/pages\/43616"}],"wp:attachment":[{"href":"https:\/\/recercapau.org\/es\/wp-json\/wp\/v2\/media?parent=50039"}],"curies":[{"name":"wp","href":"https:\/\/api.w.org\/{rel}","templated":true}]}}