{"id":50029,"date":"2021-11-30T18:55:09","date_gmt":"2021-11-30T17:55:09","guid":{"rendered":"https:\/\/recercapau.org\/biodiversidad\/"},"modified":"2024-10-21T13:05:29","modified_gmt":"2024-10-21T12:05:29","slug":"biodiversidad","status":"publish","type":"page","link":"https:\/\/recercapau.org\/es\/glosario\/biodiversidad\/","title":{"rendered":"Biodiversidad"},"content":{"rendered":"<p>En el <a href=\"https:\/\/www.cbd.int\/doc\/legal\/cbd-es.pdf\" target=\"_blank\" rel=\"noopener\">Convenio sobre la Diversidad Biol\u00f3gica<\/a>, publicado por Naciones Unidas en 1992, se habla del concepto de \u00abdiversidad biol\u00f3gica\u00bb, que se define como:<\/p>\n<blockquote><p>La variabilidad de organismos vivos de cualquier fuente, incluidos, entre otros, los ecosistemas terrestres y marinos y otros ecosistemas acu\u00e1ticos y los complejos ecol\u00f3gicos de los que forman parte.<!--more--><\/p><\/blockquote>\n<p>A la definici\u00f3n se a\u00f1ade que la \u00abdiversidad biol\u00f3gica\u00bb:<\/p>\n<blockquote><p>Comprende la diversidad dentro de cada especie, entre las especies y de los ecosistemas.<\/p><\/blockquote>\n<h3 style=\"text-align: justify;\"><span style=\"color: #ff6600;\">Agenda 2030<\/span><\/h3>\n<p>En septiembre de 2015, Naciones Unidas adopt\u00f3 la <a href=\"https:\/\/recercapau.org\/es\/retos-globales\/los-ods\/\"><strong>Agenda 2030<\/strong> para el Desarrollo Sostenible<\/a>, que establece 17 objetivos para erradicar la pobreza, proteger el planeta y avanzar en la protecci\u00f3n de los derechos humanos de todas las personas en todo el mundo.<\/p>\n<p>La diversidad biol\u00f3gica y los ecosistemas figuran de forma destacada en muchos de los Objetivos de Desarrollo Sostenible (ODS) y las metas asociadas. La diversidad biol\u00f3gica <strong>es un componente fundamental de muchas actividades econ\u00f3micas<\/strong>, especialmente las relacionadas con la ganader\u00eda y la agricultura, la silvicultura y la pesca. Cerca de la mitad de la poblaci\u00f3n mundial depende directamente de los recursos naturales para sus medios de vida y muchas de las personas m\u00e1s vulnerables dependen directamente de la diversidad biol\u00f3gica para satisfacer las necesidades diarias de subsistencia (<a href=\"https:\/\/www.cbd.int\/development\/doc\/biodiversity-2030-agenda-technical-note-es.pdf\" target=\"_blank\" rel=\"noopener\">Convenio sobre la Diversidad Biol\u00f3gica, 2015<\/a>).<\/p>\n<p>En concreto, el <a href=\"https:\/\/recercapau.org\/es\/retos-globales\/objetivo-15-vida-de-ecosistemas-terrestres\/\" target=\"_blank\" rel=\"noopener\"><strong>ODS 15<\/strong><\/a> se propone gestionar sosteniblemente los bosques, luchar contra la desertificaci\u00f3n, detener e invertir la degradaci\u00f3n de las tierras y detener la p\u00e9rdida de biodiversidad. Entre sus metas, incluye:<\/p>\n<p style=\"padding-left: 30px;\">15.5 Adoptar medidas urgentes y significativas para reducir la degradaci\u00f3n de los h\u00e1bitats naturales, <strong>detener la p\u00e9rdida de la diversidad biol\u00f3gica<\/strong> y, para 2020, proteger a las especies amenazadas y evitar su extinci\u00f3n.<\/p>\n","protected":false},"excerpt":{"rendered":"<p>En el Convenio sobre la Diversidad Biol\u00f3gica, publicado por Naciones<\/p>\n","protected":false},"author":3,"featured_media":0,"parent":43616,"menu_order":0,"comment_status":"closed","ping_status":"closed","template":"","meta":{"footnotes":""},"class_list":["post-50029","page","type-page","status-publish","hentry"],"_links":{"self":[{"href":"https:\/\/recercapau.org\/es\/wp-json\/wp\/v2\/pages\/50029","targetHints":{"allow":["GET"]}}],"collection":[{"href":"https:\/\/recercapau.org\/es\/wp-json\/wp\/v2\/pages"}],"about":[{"href":"https:\/\/recercapau.org\/es\/wp-json\/wp\/v2\/types\/page"}],"author":[{"embeddable":true,"href":"https:\/\/recercapau.org\/es\/wp-json\/wp\/v2\/users\/3"}],"replies":[{"embeddable":true,"href":"https:\/\/recercapau.org\/es\/wp-json\/wp\/v2\/comments?post=50029"}],"version-history":[{"count":5,"href":"https:\/\/recercapau.org\/es\/wp-json\/wp\/v2\/pages\/50029\/revisions"}],"predecessor-version":[{"id":51672,"href":"https:\/\/recercapau.org\/es\/wp-json\/wp\/v2\/pages\/50029\/revisions\/51672"}],"up":[{"embeddable":true,"href":"https:\/\/recercapau.org\/es\/wp-json\/wp\/v2\/pages\/43616"}],"wp:attachment":[{"href":"https:\/\/recercapau.org\/es\/wp-json\/wp\/v2\/media?parent=50029"}],"curies":[{"name":"wp","href":"https:\/\/api.w.org\/{rel}","templated":true}]}}