{"id":49745,"date":"2017-11-02T17:23:12","date_gmt":"2017-11-02T16:23:12","guid":{"rendered":"https:\/\/recercapau.org\/pluralidad\/"},"modified":"2024-12-18T13:33:44","modified_gmt":"2024-12-18T12:33:44","slug":"pluralidad","status":"publish","type":"page","link":"https:\/\/recercapau.org\/es\/glosario\/pluralidad\/","title":{"rendered":"Pluralidad"},"content":{"rendered":"<p>\u00abLa democracia en tanto que pr\u00e1ctica social requiere que se pueda disentir. El disenso es posible cuando existe pluralidad de ideas y tambi\u00e9n cuando el hecho de disentir no est\u00e1 castigado socialmente, ni institucionalmente\u00bb.<\/p>\n<p style=\"text-align: right;\">Antonio Madrid (2017). <a href=\"http:\/\/www.mientrastanto.org\/boletin-162\/notas\/exigencias-para-una-sociedad-que-se-quiera-democratica\" target=\"_blank\" rel=\"noopener\">Exigencias para una sociedad que se quiera democr\u00e1tica<\/a>. En: <strong>Mientras tanto<\/strong>, 162.<\/p>\n","protected":false},"excerpt":{"rendered":"<p>\u00abLa democracia en tanto que pr\u00e1ctica social requiere que se<\/p>\n","protected":false},"author":2,"featured_media":0,"parent":43616,"menu_order":0,"comment_status":"closed","ping_status":"open","template":"","meta":{"footnotes":""},"class_list":["post-49745","page","type-page","status-publish","hentry"],"_links":{"self":[{"href":"https:\/\/recercapau.org\/es\/wp-json\/wp\/v2\/pages\/49745","targetHints":{"allow":["GET"]}}],"collection":[{"href":"https:\/\/recercapau.org\/es\/wp-json\/wp\/v2\/pages"}],"about":[{"href":"https:\/\/recercapau.org\/es\/wp-json\/wp\/v2\/types\/page"}],"author":[{"embeddable":true,"href":"https:\/\/recercapau.org\/es\/wp-json\/wp\/v2\/users\/2"}],"replies":[{"embeddable":true,"href":"https:\/\/recercapau.org\/es\/wp-json\/wp\/v2\/comments?post=49745"}],"version-history":[{"count":1,"href":"https:\/\/recercapau.org\/es\/wp-json\/wp\/v2\/pages\/49745\/revisions"}],"predecessor-version":[{"id":51961,"href":"https:\/\/recercapau.org\/es\/wp-json\/wp\/v2\/pages\/49745\/revisions\/51961"}],"up":[{"embeddable":true,"href":"https:\/\/recercapau.org\/es\/wp-json\/wp\/v2\/pages\/43616"}],"wp:attachment":[{"href":"https:\/\/recercapau.org\/es\/wp-json\/wp\/v2\/media?parent=49745"}],"curies":[{"name":"wp","href":"https:\/\/api.w.org\/{rel}","templated":true}]}}