{"id":49587,"date":"2017-01-13T14:46:11","date_gmt":"2017-01-13T13:46:11","guid":{"rendered":"https:\/\/recercapau.org\/noviolencia\/"},"modified":"2024-12-18T13:24:44","modified_gmt":"2024-12-18T12:24:44","slug":"noviolencia","status":"publish","type":"page","link":"https:\/\/recercapau.org\/es\/glosario\/noviolencia\/","title":{"rendered":"Noviolencia"},"content":{"rendered":"<p>La noviolencia es un <strong>estilo de vida y estrategia de lucha por la paz<\/strong> que, desde el reconocimiento de la realidad de la violencia, act\u00faa para erradicarla desde medios y conductas que no agredan f\u00edsicamente a otras personas: denuncia, no colaboraci\u00f3n, desobediencia civil, mediaci\u00f3n entre las partes para la resoluci\u00f3n de conflictos, etc.<\/p>\n<p>Como estrategia de lucha, <strong>se pretende la transformaci\u00f3n social<\/strong> y, por tanto, las acciones son p\u00fablicas: objeci\u00f3n fiscal, insumisi\u00f3n, boicots comerciales, etc.<\/p>\n<p>Adem\u00e1s, <strong>supone la b\u00fasqueda de coherencia<\/strong> entre el estilo de vida y la paz que se pretende promover (decisiones basadas en valores de equidad, respeto, dignidad, cooperaci\u00f3n, sostenibilidad&#8230;).<\/p>\n<p>A su vez, la <strong>desobediencia civil<\/strong> es \u00abla violaci\u00f3n intencionada, p\u00fablica y pac\u00edfica de leyes, decretos, reglamentos, ordenanzas, \u00f3rdenes militares o policiales\u00bb como m\u00e9todo de acci\u00f3n o lucha no violenta (<a href=\"https:\/\/www.icip.cat\/wp-content\/uploads\/2021\/01\/180305-eines22_FIN.pdf\" target=\"_blank\" rel=\"noopener\">Sharp, 2018, p. 68-74<\/a>).<\/p>\n","protected":false},"excerpt":{"rendered":"<p>La noviolencia es un estilo de vida y estrategia de<\/p>\n","protected":false},"author":3,"featured_media":0,"parent":43616,"menu_order":0,"comment_status":"closed","ping_status":"closed","template":"","meta":{"footnotes":""},"class_list":["post-49587","page","type-page","status-publish","hentry"],"_links":{"self":[{"href":"https:\/\/recercapau.org\/es\/wp-json\/wp\/v2\/pages\/49587","targetHints":{"allow":["GET"]}}],"collection":[{"href":"https:\/\/recercapau.org\/es\/wp-json\/wp\/v2\/pages"}],"about":[{"href":"https:\/\/recercapau.org\/es\/wp-json\/wp\/v2\/types\/page"}],"author":[{"embeddable":true,"href":"https:\/\/recercapau.org\/es\/wp-json\/wp\/v2\/users\/3"}],"replies":[{"embeddable":true,"href":"https:\/\/recercapau.org\/es\/wp-json\/wp\/v2\/comments?post=49587"}],"version-history":[{"count":1,"href":"https:\/\/recercapau.org\/es\/wp-json\/wp\/v2\/pages\/49587\/revisions"}],"predecessor-version":[{"id":51958,"href":"https:\/\/recercapau.org\/es\/wp-json\/wp\/v2\/pages\/49587\/revisions\/51958"}],"up":[{"embeddable":true,"href":"https:\/\/recercapau.org\/es\/wp-json\/wp\/v2\/pages\/43616"}],"wp:attachment":[{"href":"https:\/\/recercapau.org\/es\/wp-json\/wp\/v2\/media?parent=49587"}],"curies":[{"name":"wp","href":"https:\/\/api.w.org\/{rel}","templated":true}]}}