{"id":49585,"date":"2017-01-13T14:41:27","date_gmt":"2017-01-13T13:41:27","guid":{"rendered":"https:\/\/recercapau.org\/cultura-de-paz\/"},"modified":"2024-10-24T15:13:46","modified_gmt":"2024-10-24T14:13:46","slug":"cultura-de-paz","status":"publish","type":"page","link":"https:\/\/recercapau.org\/es\/glosario\/cultura-de-paz\/","title":{"rendered":"Cultura de paz"},"content":{"rendered":"<p>Son todos los <strong>saberes<\/strong> (nociones, habilidades, valores&#8230;) presentes en la sociedad que permiten avanzar en la construcci\u00f3n de la paz, es decir, en la convivencia saludable y en la generaci\u00f3n de sistemas de organizaci\u00f3n social que permitan el <a href=\"https:\/\/recercapau.org\/es\/glosario\/desarrollo-humano\/\">desarrollo humano<\/a> de todas las personas.<!--more--><\/p>\n<p>En el marco educativo de las competencias, la <strong>competencia global<\/strong> es la que promueve la cultura de la paz por medio del trabajo interdisciplinario. El alumnado con competencia global es sensible, comprensivo, indagador, solidario y consciente de s\u00ed mismo como actor de un mundo global.<\/p>\n<h3 style=\"text-align: justify;\"><span style=\"color: #ff6600;\">Recursos\u00a0<\/span><\/h3>\n<div class=\"wk-scope\">\n\n    <div id=\"wk-grid4fc\" class=\"wk-child-width-1-1 wk-child-width-1-4@m wk-child-width-1-4@l wk-child-width-1-4@xl wk-grid-match wk-text-center \" wk-height-match=\"target: &gt; div &gt; .wk-panel, &gt; div &gt; .wk-card; row: true\" wk-grid >\n\n    \n        <div >\n            <div class=\"wk-card wk-card-default\">\n\n                \n                \n                                <div class=\"wk-text-center wk-card-media-top\"><div class=\"wk-inline-clip wk-transition-toggle \"><img decoding=\"async\" src=\"\/wp-content\/plugins\/widgetkit\/cache\/Guies-tematiques-PAULA-b7eb72b0f3d95aa7541084e13ebb2742.jpg\" class=\" wk-transition-scale-up wk-transition-opaque\" alt=\"Guies tem\u00e0tiques\" width=\"100\"><div class=\"wk-overlay-primary wk-position-cover wk-transition-fade\"><div class=\"wk-position-center\"><span class=\"\" wk-overlay-icon><\/span><\/div><\/div><a class=\"wk-position-cover\" href=\"https:\/\/recercapau.org\/derechos-humanos\/\" title=\"Guies tem\u00e0tiques\"><\/a><\/div><\/div>\n                \n                \n                                        <div class=\"wk-card-body\">\n                    \n                        \n                                                <h3 class=\"wk-h3 wk-margin-remove-top\">\n\n                                                            <a class=\"wk-link-reset\" href=\"https:\/\/recercapau.org\/derechos-humanos\/\">Guies tem\u00e0tiques<\/a>\n                            \n                            \n                        <\/h3>\n                        \n                        \n                        \n                        \n                        \n                        \n                                        <\/div>\n                    \n                \n            <\/div>\n        <\/div>\n\n    \n        <div >\n            <div class=\"wk-card wk-card-default\">\n\n                \n                \n                                <div class=\"wk-text-center wk-card-media-top\"><div class=\"wk-inline-clip wk-transition-toggle \"><img decoding=\"async\" src=\"\/wp-content\/plugins\/widgetkit\/cache\/Mapamundi-PAULA-8a3252e7c7773a7ee2a6650d7e582be7.png\" class=\" wk-transition-scale-up wk-transition-opaque\" alt=\"Mapamundi dels drets humans\" width=\"100\"><div class=\"wk-overlay-primary wk-position-cover wk-transition-fade\"><div class=\"wk-position-center\"><span class=\"\" wk-overlay-icon><\/span><\/div><\/div><a class=\"wk-position-cover\" href=\"https:\/\/interdependents.recercapau.org\/mapamundi\/?ods=16\" title=\"Mapamundi dels drets humans\"><\/a><\/div><\/div>\n                \n                \n                                        <div class=\"wk-card-body\">\n                    \n                        \n                                                <h3 class=\"wk-h3 wk-margin-remove-top\">\n\n                                                            <a class=\"wk-link-reset\" href=\"https:\/\/interdependents.recercapau.org\/mapamundi\/?ods=16\">Mapamundi dels drets humans<\/a>\n                            \n                            \n                        <\/h3>\n                        \n                        \n                        \n                        \n                        \n                        \n                                        <\/div>\n                    \n                \n            <\/div>\n        <\/div>\n\n    \n        <div >\n            <div class=\"wk-card wk-card-default\">\n\n                \n                \n                                <div class=\"wk-text-center wk-card-media-top\"><div class=\"wk-inline-clip wk-transition-toggle \"><img decoding=\"async\" src=\"\/wp-content\/plugins\/widgetkit\/cache\/Recursos-didactics-Recercapau-5ead66726f2b1f13a9e6e08bf29cb9d0.jpg\" class=\" wk-transition-scale-up wk-transition-opaque\" alt=\"Recursos did\u00e0ctics\" width=\"100\"><div class=\"wk-overlay-primary wk-position-cover wk-transition-fade\"><div class=\"wk-position-center\"><span class=\"\" wk-overlay-icon><\/span><\/div><\/div><a class=\"wk-position-cover\" href=\"https:\/\/recercapau.org\/recursos-educatius\/?_sft_post_tag=pau\" title=\"Recursos did\u00e0ctics\"><\/a><\/div><\/div>\n                \n                \n                                        <div class=\"wk-card-body\">\n                    \n                        \n                                                <h3 class=\"wk-h3 wk-margin-remove-top\">\n\n                                                            <a class=\"wk-link-reset\" href=\"https:\/\/recercapau.org\/recursos-educatius\/?_sft_post_tag=pau\">Recursos did\u00e0ctics<\/a>\n                            \n                            \n                        <\/h3>\n                        \n                        \n                        \n                        \n                        \n                        \n                                        <\/div>\n                    \n                \n            <\/div>\n        <\/div>\n\n    \n        <div >\n            <div class=\"wk-card wk-card-default\">\n\n                \n                \n                                <div class=\"wk-text-center wk-card-media-top\"><div class=\"wk-inline-clip wk-transition-toggle \"><img decoding=\"async\" src=\"\/wp-content\/plugins\/widgetkit\/cache\/Propostes-recerca-PAULA-29aa7452f8e28fe8665052dd4cad41d3.jpg\" class=\" wk-transition-scale-up wk-transition-opaque\" alt=\"Propostes de recerca\" width=\"100\"><div class=\"wk-overlay-primary wk-position-cover wk-transition-fade\"><div class=\"wk-position-center\"><span class=\"\" wk-overlay-icon><\/span><\/div><\/div><a class=\"wk-position-cover\" href=\"http:\/\/recercapau.ub.edu\/propostes\/pau\/\" title=\"Propostes de recerca\"><\/a><\/div><\/div>\n                \n                \n                                        <div class=\"wk-card-body\">\n                    \n                        \n                                                <h3 class=\"wk-h3 wk-margin-remove-top\">\n\n                                                            <a class=\"wk-link-reset\" href=\"http:\/\/recercapau.ub.edu\/propostes\/pau\/\">Propostes de recerca<\/a>\n                            \n                            \n                        <\/h3>\n                        \n                        \n                        \n                        \n                        \n                        \n                                        <\/div>\n                    \n                \n            <\/div>\n        <\/div>\n\n    \n    <\/div>\n\n<\/div>\n","protected":false},"excerpt":{"rendered":"<p>Son todos los saberes (nociones, habilidades, valores&#8230;) presentes en la<\/p>\n","protected":false},"author":3,"featured_media":0,"parent":43616,"menu_order":0,"comment_status":"closed","ping_status":"closed","template":"","meta":{"footnotes":""},"class_list":["post-49585","page","type-page","status-publish","hentry"],"_links":{"self":[{"href":"https:\/\/recercapau.org\/es\/wp-json\/wp\/v2\/pages\/49585","targetHints":{"allow":["GET"]}}],"collection":[{"href":"https:\/\/recercapau.org\/es\/wp-json\/wp\/v2\/pages"}],"about":[{"href":"https:\/\/recercapau.org\/es\/wp-json\/wp\/v2\/types\/page"}],"author":[{"embeddable":true,"href":"https:\/\/recercapau.org\/es\/wp-json\/wp\/v2\/users\/3"}],"replies":[{"embeddable":true,"href":"https:\/\/recercapau.org\/es\/wp-json\/wp\/v2\/comments?post=49585"}],"version-history":[{"count":1,"href":"https:\/\/recercapau.org\/es\/wp-json\/wp\/v2\/pages\/49585\/revisions"}],"predecessor-version":[{"id":51755,"href":"https:\/\/recercapau.org\/es\/wp-json\/wp\/v2\/pages\/49585\/revisions\/51755"}],"up":[{"embeddable":true,"href":"https:\/\/recercapau.org\/es\/wp-json\/wp\/v2\/pages\/43616"}],"wp:attachment":[{"href":"https:\/\/recercapau.org\/es\/wp-json\/wp\/v2\/media?parent=49585"}],"curies":[{"name":"wp","href":"https:\/\/api.w.org\/{rel}","templated":true}]}}