{"id":49583,"date":"2017-01-09T14:13:16","date_gmt":"2017-01-09T13:13:16","guid":{"rendered":"https:\/\/recercapau.org\/desarrollo-humano\/"},"modified":"2024-10-21T14:54:56","modified_gmt":"2024-10-21T13:54:56","slug":"desarrollo-humano","status":"publish","type":"page","link":"https:\/\/recercapau.org\/es\/glosario\/desarrollo-humano\/","title":{"rendered":"Desarrollo humano"},"content":{"rendered":"<p>Seg\u00fan el <a href=\"https:\/\/www.undp.org\/\" target=\"_blank\" rel=\"noopener\">Programa de Naciones Unidas para el Desarrollo<\/a> (PNUD), se trata del <strong>proceso de ampliaci\u00f3n de las opciones de la gente<\/strong>, de modo que la evoluci\u00f3n de la econom\u00eda de un pa\u00eds se traduzca en un incremento de las funciones y capacidades de sus habitantes. <!--more--><\/p>\n<p>El desarrollo humano se muestra en tres dimensiones b\u00e1sicas:<\/p>\n<ul>\n<li>que las personas vivan una <strong>vida larga y saludable<\/strong>,<\/li>\n<li>que tengan <strong>conocimientos<\/strong>,<\/li>\n<li>que tengan<strong> acceso a los recursos<\/strong> necesarios para un nivel de vida decente.<\/li>\n<\/ul>\n<p>Adem\u00e1s, el desarrollo humano implica otras esferas de la vida, tales como <strong>la participaci\u00f3n, la seguridad, la sostenibilidad o las garant\u00edas de los derechos humanos<\/strong>.<\/p>\n<p>En definitiva,\u00a0el desarrollo humano incluye todo lo necesario para ser <strong>creativo, productivo y disfrutar de respeto por uno mismo<\/strong>, manteniendo una sensaci\u00f3n de pertenencia a una comunidad. Todas estas capacidades se miden en el <a href=\"http:\/\/hdr.undp.org\/\" target=\"_blank\" rel=\"noopener\">\u00cdndice de Desarrollo Humano<\/a> que la ONU publica anualmente.<\/p>\n","protected":false},"excerpt":{"rendered":"<p>Seg\u00fan el Programa de Naciones Unidas para el Desarrollo (PNUD),<\/p>\n","protected":false},"author":3,"featured_media":0,"parent":43616,"menu_order":0,"comment_status":"closed","ping_status":"open","template":"","meta":{"footnotes":""},"class_list":["post-49583","page","type-page","status-publish","hentry"],"_links":{"self":[{"href":"https:\/\/recercapau.org\/es\/wp-json\/wp\/v2\/pages\/49583","targetHints":{"allow":["GET"]}}],"collection":[{"href":"https:\/\/recercapau.org\/es\/wp-json\/wp\/v2\/pages"}],"about":[{"href":"https:\/\/recercapau.org\/es\/wp-json\/wp\/v2\/types\/page"}],"author":[{"embeddable":true,"href":"https:\/\/recercapau.org\/es\/wp-json\/wp\/v2\/users\/3"}],"replies":[{"embeddable":true,"href":"https:\/\/recercapau.org\/es\/wp-json\/wp\/v2\/comments?post=49583"}],"version-history":[{"count":1,"href":"https:\/\/recercapau.org\/es\/wp-json\/wp\/v2\/pages\/49583\/revisions"}],"predecessor-version":[{"id":51690,"href":"https:\/\/recercapau.org\/es\/wp-json\/wp\/v2\/pages\/49583\/revisions\/51690"}],"up":[{"embeddable":true,"href":"https:\/\/recercapau.org\/es\/wp-json\/wp\/v2\/pages\/43616"}],"wp:attachment":[{"href":"https:\/\/recercapau.org\/es\/wp-json\/wp\/v2\/media?parent=49583"}],"curies":[{"name":"wp","href":"https:\/\/api.w.org\/{rel}","templated":true}]}}