{"id":49551,"date":"2016-10-19T15:36:04","date_gmt":"2016-10-19T14:36:04","guid":{"rendered":"https:\/\/recercapau.org\/participacion-ciudadana\/"},"modified":"2024-10-28T16:13:11","modified_gmt":"2024-10-28T15:13:11","slug":"participacion-ciudadana","status":"publish","type":"page","link":"https:\/\/recercapau.org\/es\/retos-globales\/guias-tematicas\/participacion-ciudadana\/","title":{"rendered":"Participaci\u00f3n ciudadana"},"content":{"rendered":"<p>Aqu\u00ed encontrar\u00e9is fuentes de informaci\u00f3n para proyectos de educaci\u00f3n en derechos humanos y ciudadan\u00eda global.<!--more--><\/p>\n<h3 style=\"text-align: center;\"><strong><a href=\"#organismesgovernamentals\">Organismos gubernamentales<\/a> | <a href=\"#ONG\">ONG y movimientos sociales<\/a> | <a href=\"#campanyes\">Campa\u00f1as<\/a><\/strong><\/h3>\n<h2 id=\"organismesgovernamentals\">Organismos gubernamentales<\/h2>\n<ul>\n<li><strong><a href=\"http:\/\/justicia.gencat.cat\/ca\/serveis\/guia_d_entitats\" target=\"_blank\" rel=\"noopener noreferrer\">Gu\u00eda de entidades de la Generalitat de Catalunya<\/a><\/strong>. Aplicaci\u00f3n que permite acceder a los datos identificativos de las asociaciones, las fundaciones privadas, los colegios profesionales, las academias corporativas, las entidades religiosas y las federaciones de Catalu\u00f1a. Permite filtrar por tipo de entidad, poblaci\u00f3n, provincia y comarca.<\/li>\n<li><a href=\"https:\/\/ajuntament.barcelona.cat\/acciocomunitaria\/ca\/fitxer-entitats\" target=\"_blank\" rel=\"noopener noreferrer\"><strong>Fichero de Entidades del Ayuntamiento de Barcelona<\/strong><\/a>. Instrumento de relaci\u00f3n del Ayuntamiento de Barcelona con las entidades de la ciudad, distribuidas en \u00e1mbitos tem\u00e1ticos. Incluye entidades con sede social en Barcelona que tengan por objeto fundamental de su actividad los intereses generales de la ciudad y la mejora de la calidad de vida de los ciudadanos y las ciudadanas, y tambi\u00e9n entidades que, dentro del marco territorial de Barcelona, representen intereses sectoriales, econ\u00f3micos, comerciales, profesionales, cient\u00edficos, culturales o similares.<\/li>\n<\/ul>\n<h2 id=\"ONG\">ONG y movimientos sociales<\/h2>\n<ul>\n<li><b><a href=\"http:\/\/www.attac.es\/\" target=\"_blank\" rel=\"noopener noreferrer\">ATTAC<\/a><\/b>. Movimiento internacional que naci\u00f3 para denunciar \u00abla dictadura de los mercados y la especulaci\u00f3n financiera\u00bb, y que trabaja con la ciudadan\u00eda para buscar las alternativas sociales, ecol\u00f3gicas y democr\u00e1ticas que permitan construir un mundo m\u00e1s justo. Dispone de una <a href=\"https:\/\/attac.es\/documentacion\/\" target=\"_blank\" rel=\"noopener\">biblioteca<\/a>.<\/li>\n<li><a href=\"https:\/\/odg.cat\/es\/\" target=\"_blank\" rel=\"noopener noreferrer\"><strong>Observatorio de la Deuda en la Globalizaci\u00f3n<\/strong><\/a>. Red de investigaci\u00f3n y activismo por la justicia financiera, la justicia clim\u00e1tica y la defensa de los bienes comunes desde una perspectiva ecofeminista.<\/li>\n<li><a href=\"http:\/\/www.fiscalitatjusta.cat\" target=\"_blank\" rel=\"noopener noreferrer\"><strong>Plataforma por una fiscalidad justa, ambiental y solidaria<\/strong><\/a>. Plataforma formada por un colectivo de personas individuales y un conjunto de entidades que la apoyan, unidas por la preocupaci\u00f3n por la evoluci\u00f3n del sistema fiscal, \u00abcada vez m\u00e1s regresivo e injusto\u00bb, y el modelo de sociedad que de \u00e9l deriva.<\/li>\n<li><strong><a href=\"https:\/\/stopmaremortum.org\/\" target=\"_blank\" rel=\"noopener noreferrer\">Stop Mare Mortum<\/a><\/strong> es una plataforma de entidades que denuncia y condena el \u00abgenocidio migratorio\u00bb que est\u00e1n convirtiendo el mar Mediterr\u00e1neo en un cementerio de personas que huyen de conflictos armados y de la precariedad de sus pa\u00edses de origen.<\/li>\n<li><a href=\"http:\/\/www.pahbarcelona.org\" target=\"_blank\" rel=\"noopener noreferrer\"><strong>PAH (Plataforma de Afectados por la Hipoteca)<\/strong><\/a>. Movimiento ciudadano apartidista, articulado en m\u00e1s de 200 nodos en todo el Estado, en el que personas directamente afectadas y personas solidarias se organizan juntas para denunciar y cambiar la situaci\u00f3n de crisis y emergencia habitacional. En su web tiene un apartado de estudios e informes sobre esta cuesti\u00f3n.<\/li>\n<li><b><a href=\"http:\/\/mareaverdemadrid.blogspot.com.es\/\" target=\"_blank\" rel=\"noopener noreferrer\">Marea Verde Madrid<\/a><\/b>. El movimiento Marea Verda es muy diverso y est\u00e1 muy territorializado. Aqu\u00ed se hace referencia a la de Madrid, pero tambi\u00e9n hay otras mareas verdes en el resto de comunidades.<\/li>\n<li><b><a href=\"https:\/\/assembleagroga.wordpress.com\/\" target=\"_blank\" rel=\"noopener noreferrer\">Assemblea Groga<\/a><\/b>. Movimiento de docentes que reclaman una educaci\u00f3n p\u00fablica de calidad en Catalu\u00f1a. En este movimiento tambi\u00e9n est\u00e1n presentes las familias.<\/li>\n<li><a href=\"http:\/\/elparlante.es\/\" target=\"_blank\" rel=\"noopener noreferrer\"><strong>elParlante<\/strong><\/a>. Entidad de car\u00e1cter cultural, social y educativo que dise\u00f1a, implementa y eval\u00faa estrategias que vinculan la educaci\u00f3n y la comunicaci\u00f3n para la promoci\u00f3n de una ciudadan\u00eda m\u00e1s activa.<\/li>\n<li><a href=\"http:\/\/www.laxixateatre.org\/\" target=\"_blank\" rel=\"noopener noreferrer\"><strong>La Xixa<\/strong><\/a>. Organizaci\u00f3n sin \u00e1nimo de lucro cuyo objetivo es investigar, desarrollar y multiplicar herramientas educativas y teatrales como medio para la transformaci\u00f3n social.<\/li>\n<\/ul>\n<h2 id=\"campanyes\">Campa\u00f1as<\/h2>\n<ul>\n<li><strong><a href=\"http:\/\/desmilitaritzem.blog.pangea.org\/\" target=\"_blank\" rel=\"noopener noreferrer\">Desmilitarizemos la educaci\u00f3n<\/a>. <\/strong>Campa\u00f1a para impedir la presencia de las instituciones militares y sus valores en los espacios educativos.<\/li>\n<li><a href=\"https:\/\/www.noalttip.org\/\" target=\"_blank\" rel=\"noopener noreferrer\"><strong>No al TTIP<\/strong><\/a>. Campa\u00f1a que rechaza las actuales negociaciones del Tratado de Libre Comercio e Inversiones (TTIP) entre Europa y los Estados Unidos y apuesta por garantizar un debate pol\u00edtico transparente y democr\u00e1tico.<\/li>\n<li><a href=\"http:\/\/pobrezacero.wordpress.com\/\" target=\"_blank\" rel=\"noopener noreferrer\"><strong>Pobreza Cero<\/strong><\/a>. Movimiento estatal, organizado por la Coordinadora de ONG para el Desarrollo de Espa\u00f1a, que pretende implicar a todos los sectores de la sociedad civil en la lucha contra las causas de la pobreza y de la desigualdad de una forma urgente, definitiva y eficaz.<\/li>\n<li><a href=\"http:\/\/www.salutdretsaccio.org\/\" target=\"_blank\" rel=\"noopener noreferrer\"><strong>Salud, derechos, acci\u00f3n<\/strong><\/a> (Medicus Mundi y Farmac\u00e9uticos Mundi). Proyecto que, a trav\u00e9s del cine, pretende generar conciencia y actitud cr\u00edtica sobre la desigualdad en el acceso a la salud.<\/li>\n<li><a href=\"http:\/\/tanquemelscies.blogspot.com.es\/\" target=\"_blank\" rel=\"noopener noreferrer\"><strong>Cerremos los CIE<\/strong><\/a>. Campa\u00f1a por el cierre de los Centros de Internamiento de Extranjeros (CIE) que, mientras no consigue su clausura, busca visibilizar estas instalaciones, denunciar las vulneraciones de derechos que se producen en ellas y procurar mejoras en las condiciones de los internos.<\/li>\n<li><a href=\"http:\/\/www.sospeix.org\/ca\" target=\"_blank\" rel=\"noopener noreferrer\"><strong>SOS peix<\/strong><\/a>. Iniciativa que busca sensibilizar e informar a la ciudadan\u00eda sobre la amenaza que pesa sobre los mares y oc\u00e9anos, y promover el consumo responsable de pescado y marisco como herramienta para prevenir la sobrepesca y la explotaci\u00f3n los mares.<\/li>\n<\/ul>\n","protected":false},"excerpt":{"rendered":"<p>Aqu\u00ed encontrar\u00e9is fuentes de informaci\u00f3n para proyectos de educaci\u00f3n en<\/p>\n","protected":false},"author":3,"featured_media":0,"parent":43515,"menu_order":0,"comment_status":"closed","ping_status":"closed","template":"","meta":{"footnotes":""},"class_list":["post-49551","page","type-page","status-publish","hentry"],"_links":{"self":[{"href":"https:\/\/recercapau.org\/es\/wp-json\/wp\/v2\/pages\/49551","targetHints":{"allow":["GET"]}}],"collection":[{"href":"https:\/\/recercapau.org\/es\/wp-json\/wp\/v2\/pages"}],"about":[{"href":"https:\/\/recercapau.org\/es\/wp-json\/wp\/v2\/types\/page"}],"author":[{"embeddable":true,"href":"https:\/\/recercapau.org\/es\/wp-json\/wp\/v2\/users\/3"}],"replies":[{"embeddable":true,"href":"https:\/\/recercapau.org\/es\/wp-json\/wp\/v2\/comments?post=49551"}],"version-history":[{"count":1,"href":"https:\/\/recercapau.org\/es\/wp-json\/wp\/v2\/pages\/49551\/revisions"}],"predecessor-version":[{"id":51876,"href":"https:\/\/recercapau.org\/es\/wp-json\/wp\/v2\/pages\/49551\/revisions\/51876"}],"up":[{"embeddable":true,"href":"https:\/\/recercapau.org\/es\/wp-json\/wp\/v2\/pages\/43515"}],"wp:attachment":[{"href":"https:\/\/recercapau.org\/es\/wp-json\/wp\/v2\/media?parent=49551"}],"curies":[{"name":"wp","href":"https:\/\/api.w.org\/{rel}","templated":true}]}}