{"id":48729,"date":"2013-11-13T14:43:46","date_gmt":"2013-11-13T13:43:46","guid":{"rendered":"https:\/\/recercapau.org\/ciudadania-global\/"},"modified":"2024-10-21T13:10:13","modified_gmt":"2024-10-21T12:10:13","slug":"ciudadania-global","status":"publish","type":"page","link":"https:\/\/recercapau.org\/es\/glosario\/ciudadania-global\/","title":{"rendered":"Ciudadan\u00eda global"},"content":{"rendered":"<p>El concepto de ciudadan\u00eda global es un concepto amplio y suficientemente difundido como para poder ser interpretado desde diferentes vertientes. Aqu\u00ed explicamos dos.<!--more--><\/p>\n<p><strong>Por un lado, el que defiende la transformaci\u00f3n social.<\/strong> La ciudadan\u00eda global debe incorporar elementos como la capacidad cr\u00edtica y anal\u00edtica, de decisi\u00f3n y creaci\u00f3n de discurso, y la participaci\u00f3n pol\u00edtica y la vertiente \u00e9tica y moral de las personas. Esta ciudadan\u00eda global se desarrolla en el marco del proceso de construcci\u00f3n democr\u00e1tica del que forma parte, del que se enriquece y al que enriquece. Adem\u00e1s, este concepto de ciudadan\u00eda global tambi\u00e9n incorpora un elemento fundamental, y es la responsabilidad de cada una de las personas (ciudadanos\/as globales) en la defensa y protecci\u00f3n de los derechos humanos. As\u00ed pues, la defensa de los derechos humanos forma parte de la responsabilidad colectiva e individual.<\/p>\n<p><strong>Por otro lado, encontramos el concepto de ciudadan\u00eda global que han empezado a impulsar las empresas o corporaciones multinacionales,<\/strong> que han reinterpretado en t\u00e9rminos de econom\u00eda de mercado el concepto \u00abciudadan\u00eda global\u00bb. La vinculaci\u00f3n entre econom\u00eda de mercado y ciudadan\u00eda global lo han hecho mediante la superaci\u00f3n del concepto Responsabilidad Social Corporativa, que, seg\u00fan algunos documentos, era limitada ya que s\u00f3lo focalizaba la acci\u00f3n en las obligaciones y responsabilidades de las corporaciones multinacionales hacia los estados en los que operan\/act\u00faan.<\/p>\n<p>As\u00ed nace el concepto \u00abciudadan\u00eda global corporativa\u00bb. Un concepto que podemos encontrar en los documentos de la <a href=\"https:\/\/unctad.org\/\" target=\"_blank\" rel=\"noopener noreferrer\">UNCTAD<\/a> (Conferencia de Naciones Unidas para el Comercio y el Desarrollo) y del Foro Econ\u00f3mico Mundial. La asimilaci\u00f3n del concepto por parte de algunas corporaciones ha sido tal que se han establecido espacios en los organigramas para dar cabida a vicepresidencias de ciudadan\u00eda global corporativa (como es el caso de la Fundaci\u00f3n ING) e, incluso, hay <a href=\"http:\/\/www.ced.org\/awards\/single\/corporate-citizenship-award\" target=\"_blank\" rel=\"noopener noreferrer\">premios de ciudadan\u00eda global corporativa<\/a>.<\/p>\n<p>La <a href=\"http:\/\/unctad.org\/en\/docs\/poiteiitm21_en.pdf\" target=\"_blank\" rel=\"noopener noreferrer\">ciudadan\u00eda global corporativa<\/a> introduce una nueva dimensi\u00f3n donde <strong>las corporaciones adoptan un papel cada vez m\u00e1s preeminente en las \u00abproblem\u00e1ticas globales\u00bb<\/strong>. As\u00ed lo expresa Klaus Schwab del Foro Econ\u00f3mico Mundial en la revista <a href=\"http:\/\/www.foreignaffairs.com\/articles\/63051\/klaus-schwab\/global-corporate-citizenship\" target=\"_blank\" rel=\"noopener noreferrer\">Foreign Affairs<\/a>:<\/p>\n<p>\u00abLa ciudadan\u00eda global corporativa (&#8230;): contribuye al fortalecimiento de la sostenibilidad del mercado global. (&#8230;) <strong>La ciudadan\u00eda global corporativa hace referencia al papel de las corporaciones en temas que tienen un profundo impacto en el futuro del planeta,<\/strong> como son el cambio clim\u00e1tico, la escasez de agua, las enfermedades infecciosas o el terrorismo. Otros retos que incluye la ciudadan\u00eda global corporativa son la provisi\u00f3n del acceso a los alimentos, educaci\u00f3n y tecnolog\u00edas de la informaci\u00f3n; extrema pobreza; crimen transnacional; corrupci\u00f3n; estados fallidos; y respuesta y asistencia ante desastres. Cada uno de estos problemas tiene un alcance mundial, incluso si las soluciones pueden tener un \u00e1mbito local\u00bb.<\/p>\n<p>La cuesti\u00f3n central es <strong>\u00bfc\u00f3mo act\u00faan las empresas transnacionales cuando el equilibrio entre el estado<\/strong> (muy debilitado por una globalizaci\u00f3n econ\u00f3mica y financiera que lo supera) <strong>y el mercado no es tal?<\/strong> Cuando los mercados y las corporaciones est\u00e1n en una posici\u00f3n de fuerza ante pa\u00edses que necesitan inversiones, \u00bfqu\u00e9 caracter\u00edsticas adoptar\u00e1 la ciudadan\u00eda global corporativa?, especialmente teniendo en cuenta que las corporaciones tienen como objetivo la maximizaci\u00f3n de sus ganancias.<\/p>\n<p>La idea de ciudadan\u00eda global corporativa ha calado en muchas multinacionales, que ven en esta visi\u00f3n del futuro de las corporaciones otro mercado. \u00c9ste ser\u00eda el caso de Porter y Kramer que afirman que: <strong>\u00abCada empresa puede identificar el conjunto particular de problemas sociales por los que est\u00e1 mejor equipada<\/strong> con el fin de ayudar a resolverlos y de los que puede obtener el mayor beneficio competitivo\u00bb.<\/p>\n<p>Tal y como se puede comprobar, la ciudadan\u00eda global de las empresas transnacionales tiene pocas coincidencias con el concepto de ciudadan\u00eda global que tienen organizaciones del tercer sector, especialmente ONGs que defienden valores transformadores orientados a la consecuci\u00f3n de la justicia social y el cumplimiento de los derechos humanos. <strong>Se oponen la visi\u00f3n continuista del sistema de producci\u00f3n actual con la visi\u00f3n transformadora.<\/strong><\/p>\n<p><strong>M\u00e1s informaci\u00f3n:<\/strong><\/p>\n<ul>\n<li><a href=\"http:\/\/www.ciudadaniaglobal.org\/ciudadaniaglobal\" target=\"_blank\" rel=\"noopener noreferrer\">Educadores y educadoras para la ciudadania global<\/a><\/li>\n<li><a href=\"http:\/\/www.unglobalcompact.org\/\" target=\"_blank\" rel=\"noopener noreferrer\">Global Compact<\/a><\/li>\n<\/ul>\n","protected":false},"excerpt":{"rendered":"<p>El concepto de ciudadan\u00eda global es un concepto amplio y<\/p>\n","protected":false},"author":1,"featured_media":0,"parent":43616,"menu_order":0,"comment_status":"closed","ping_status":"closed","template":"","meta":{"footnotes":""},"class_list":["post-48729","page","type-page","status-publish","hentry"],"_links":{"self":[{"href":"https:\/\/recercapau.org\/es\/wp-json\/wp\/v2\/pages\/48729","targetHints":{"allow":["GET"]}}],"collection":[{"href":"https:\/\/recercapau.org\/es\/wp-json\/wp\/v2\/pages"}],"about":[{"href":"https:\/\/recercapau.org\/es\/wp-json\/wp\/v2\/types\/page"}],"author":[{"embeddable":true,"href":"https:\/\/recercapau.org\/es\/wp-json\/wp\/v2\/users\/1"}],"replies":[{"embeddable":true,"href":"https:\/\/recercapau.org\/es\/wp-json\/wp\/v2\/comments?post=48729"}],"version-history":[{"count":2,"href":"https:\/\/recercapau.org\/es\/wp-json\/wp\/v2\/pages\/48729\/revisions"}],"predecessor-version":[{"id":51677,"href":"https:\/\/recercapau.org\/es\/wp-json\/wp\/v2\/pages\/48729\/revisions\/51677"}],"up":[{"embeddable":true,"href":"https:\/\/recercapau.org\/es\/wp-json\/wp\/v2\/pages\/43616"}],"wp:attachment":[{"href":"https:\/\/recercapau.org\/es\/wp-json\/wp\/v2\/media?parent=48729"}],"curies":[{"name":"wp","href":"https:\/\/api.w.org\/{rel}","templated":true}]}}