{"id":48727,"date":"2013-11-11T12:04:26","date_gmt":"2013-11-11T11:04:26","guid":{"rendered":"https:\/\/recercapau.org\/genero-y-desarrollo\/"},"modified":"2024-12-16T17:30:06","modified_gmt":"2024-12-16T16:30:06","slug":"genero-y-desarrollo","status":"publish","type":"page","link":"https:\/\/recercapau.org\/es\/glosario\/genero-y-desarrollo\/","title":{"rendered":"G\u00e9nero y desarrollo"},"content":{"rendered":"<p>Antes de comenzar definiremos qu\u00e9 es g\u00e9nero. Y lo primero que haremos es diferenciar g\u00e9nero y sexo. Sexo es la definici\u00f3n de las personas en funci\u00f3n de sus diferencias biol\u00f3gicas o fisiol\u00f3gicas. <strong>G\u00e9nero es el tratamiento que hace cada cultura, sociedad,&#8230; de las diferencias por raz\u00f3n de sexo<\/strong>. Este tratamiento es la base de la construcci\u00f3n de la identidad de las personas, de su participaci\u00f3n en la sociedad y de las diferencias de poder.<!--more--><\/p>\n<p>Hasta hace pocos a\u00f1os, no se hab\u00eda considerado la <strong>necesidad de incorporar un enfoque de g\u00e9nero en las pol\u00edticas de desarrollo<\/strong> y, concretamente, en los proyectos de desarrollo. Y esto era as\u00ed porque simplemente no se lleg\u00f3 a considerar nunca (nunca hasta mediados del siglo XX) que las mujeres tuvi\u00e9ramos un papel relevante o diferencial, o un papel, en el desarrollo econ\u00f3mico de las comunidades, municipios, estados,&#8230;<\/p>\n<p>Tampoco se hab\u00eda reflexionado sobre si las consecuencias de los procesos de desarrollo beneficiaban de la misma manera a hombres y mujeres, y se asum\u00eda acr\u00edticamente que los beneficios del desarrollo llegaban por igual a toda persona independientemente de su sexo. Sabemos que no es as\u00ed. <strong>Las mujeres, a\u00fan entrado el siglo XXI, no disponen de las mismas oportunidades que los hombres.<\/strong> Aunque se han de reconocer avances, tambi\u00e9n hay que reconocer que el desigual acceso a la educaci\u00f3n, a la salud, a medios de contracepci\u00f3n, a los puestos de decisi\u00f3n,&#8230;, por citar cuatro elementos, contribuyen excepcionalmente al hecho, por ejemplo, de la feminizaci\u00f3n de la pobreza.<\/p>\n<p><strong>Las desigualdades en funci\u00f3n del g\u00e9nero existen<\/strong> y se hacen patentes en los estados del centro y los estados perif\u00e9ricos. En los pa\u00edses del centro, las diferencias en el ingreso para la realizaci\u00f3n del mismo puesto de trabajo son un ejemplo de la perpetuaci\u00f3n de las diferencias de g\u00e9nero, as\u00ed como la feminizaci\u00f3n de aquellos estudios y profesiones relacionados con el cuidado de personas, mientras que los estudios y profesiones que requieren habilidades t\u00e9cnicas siguen estando masculinizados. En los pa\u00edses perif\u00e9ricos, las diferencias son a\u00fan m\u00e1s abrumadoras cuando el acceso a los recursos es m\u00e1s limitado. Es precisamente el acceso diferencial a los recursos lo que hizo que numerosos movimientos de mujeres en los pa\u00edses del sur comenzaran a trabajar sobre la base de la concepci\u00f3n de la participaci\u00f3n de la mujer en el desarrollo.<\/p>\n<p>De esta manera apareci\u00f3, en la d\u00e9cada de los 70 del siglo XX, lo que se conoce como <strong>enfoque MED (Mujeres en el Desarrollo).<\/strong> Este enfoque reconoc\u00eda que las mujeres hab\u00edan sido discriminadas del proceso de desarrollo econ\u00f3mico, social, productivo,&#8230; y que s\u00f3lo el reconocimiento y la incorporaci\u00f3n de la mujer en este proceso har\u00eda posible que hubiera un desarrollo real y efectivo. Y esta nueva perspectiva (MED) conlleva la adopci\u00f3n de nuevas estrategias de desarrollo basadas en proyectos que consideran s\u00f3lo a la mujer, sin contextualizarla en las relaciones de poder que est\u00e1n en la base de la problem\u00e1tica. Los proyectos basados en la l\u00f3gica MED incorporan la creaci\u00f3n de secretar\u00edas de la mujer o departamentos de la mujer, leyes y programas espec\u00edficos para este colectivo, cuotas,&#8230;<\/p>\n<p><strong>Cuando empieza a focalizarse la acci\u00f3n de los proyectos de cooperaci\u00f3n en las relaciones de poder es cuando se empieza a hablar de G\u00e9nero en el Desarrollo (GED)<\/strong>. Ello \u00bfc\u00f3mo se concreta?<\/p>\n<ul>\n<li>En el hecho de reconocer <strong>la existencia de relaciones de poder basadas en la desigualdad<\/strong>. Y, consecuentemente, el hecho de que, en estas desiguales relaciones de poder, la mujer tiene el papel de subordinaci\u00f3n.<\/li>\n<li>En el hecho de reconocer que <strong>la redistribuci\u00f3n de los recursos y el cambio\/transformaci\u00f3n de las relaciones de poder es posible.<\/strong> Y este cambio se puede dar si se detectan y se aprovechan las oportunidades que surjan.<\/li>\n<li>En el hecho de reconocer que <strong>las relaciones de poder desiguales se dan en todos los \u00e1mbitos en los que hay mujeres,<\/strong> en el \u00e1mbito privado (la familia, la pareja, las amistades) y en el \u00e1mbito p\u00fablico (el trabajo, la comunidad,&#8230;).<\/li>\n<li>En el hecho de reconocer como v\u00e1lido y como objetivo lograr <strong>un desarrollo equitativo y sostenible.<\/strong><\/li>\n<\/ul>\n<p>Un elemento importante es que si bien los proyectos GED inciden en la mujer, ya que es la que est\u00e1 en una posici\u00f3n de subordinaci\u00f3n, incorporan al hombre, que es parte de la relaci\u00f3n desigual de poder. Tanto unas como los otros deben ser capaces de identificar los elementos que inciden en esta desigualdad, y poder avanzar en el sentido de desarrollar <strong>formas alternativas en las que las relaciones de poder sean equitativas e igualitarias en funci\u00f3n del g\u00e9nero.<\/strong><\/p>\n<p><span style=\"color: #993300;\">M\u00e1s informaci\u00f3n:<\/span><\/p>\n<ul>\n<li><a href=\"https:\/\/recercapau.org\/es\/igualdad-de-genero\/\" target=\"_blank\" rel=\"noopener\">Gu\u00eda de recursos de g\u00e9nero<\/a><\/li>\n<li><a href=\"http:\/\/oig.cepal.org\/es\" target=\"_blank\" rel=\"noopener\">Observatorio de la igualdad de g\u00e9nero\u00a0de Am\u00e9rica Latina y el Caribe<\/a><\/li>\n<\/ul>\n","protected":false},"excerpt":{"rendered":"<p>Antes de comenzar definiremos qu\u00e9 es g\u00e9nero. Y lo primero<\/p>\n","protected":false},"author":1,"featured_media":0,"parent":43616,"menu_order":0,"comment_status":"closed","ping_status":"closed","template":"","meta":{"footnotes":""},"class_list":["post-48727","page","type-page","status-publish","hentry"],"_links":{"self":[{"href":"https:\/\/recercapau.org\/es\/wp-json\/wp\/v2\/pages\/48727","targetHints":{"allow":["GET"]}}],"collection":[{"href":"https:\/\/recercapau.org\/es\/wp-json\/wp\/v2\/pages"}],"about":[{"href":"https:\/\/recercapau.org\/es\/wp-json\/wp\/v2\/types\/page"}],"author":[{"embeddable":true,"href":"https:\/\/recercapau.org\/es\/wp-json\/wp\/v2\/users\/1"}],"replies":[{"embeddable":true,"href":"https:\/\/recercapau.org\/es\/wp-json\/wp\/v2\/comments?post=48727"}],"version-history":[{"count":2,"href":"https:\/\/recercapau.org\/es\/wp-json\/wp\/v2\/pages\/48727\/revisions"}],"predecessor-version":[{"id":51933,"href":"https:\/\/recercapau.org\/es\/wp-json\/wp\/v2\/pages\/48727\/revisions\/51933"}],"up":[{"embeddable":true,"href":"https:\/\/recercapau.org\/es\/wp-json\/wp\/v2\/pages\/43616"}],"wp:attachment":[{"href":"https:\/\/recercapau.org\/es\/wp-json\/wp\/v2\/media?parent=48727"}],"curies":[{"name":"wp","href":"https:\/\/api.w.org\/{rel}","templated":true}]}}