{"id":48723,"date":"2013-10-16T11:46:06","date_gmt":"2013-10-16T10:46:06","guid":{"rendered":"https:\/\/recercapau.org\/migraciones\/"},"modified":"2026-02-27T16:01:15","modified_gmt":"2026-02-27T15:01:15","slug":"derecho-mobilidad-asilo","status":"publish","type":"page","link":"https:\/\/recercapau.org\/es\/glosario\/derecho-mobilidad-asilo\/","title":{"rendered":"Derecho a la mobilidad internacional y derecho de asilo"},"content":{"rendered":"<p>Sobre el t\u00e9rmino \u00ab<strong>migrante<\/strong>\u00ab, la Organizaci\u00f3n Mundial de las Migraciones (<a href=\"https:\/\/publications.iom.int\/system\/files\/pdf\/iml_34_glossary.pdf\" target=\"_blank\" rel=\"noopener\">OIM, 2019, p. 132-133<\/a>) subraya que es un \u00abt\u00e9rmino gen\u00e9rico no definido en el derecho internacional que, por uso com\u00fan, designa a\u00bb:<\/p>\n<p style=\"padding-left: 40px;\">\u00abtoda <strong>persona que se traslada fuera de su lugar de residencia habitual<\/strong>, ya sea dentro de un pa\u00eds o a trav\u00e9s de una frontera internacional, de forma temporal o permanente, y por varias razones\u00bb.<\/p>\n<p>La OIM a\u00f1ade que \u00abeste t\u00e9rmino comprende una serie de categor\u00edas jur\u00eddicas bien definidas de personas, como por ejemplo\u00bb:<\/p>\n<p style=\"padding-left: 40px;\">\u00ablos <strong>trabajadores migrantes<\/strong>; las personas cuya forma particular de traslado est\u00e1 jur\u00eddicamente definida, como los <strong>migrantes objeto de tr\u00e1fico<\/strong>; as\u00ed como las personas cuya situaci\u00f3n o medio de traslado no est\u00e9n expresamente definidos en el derecho internacional, como los <strong>estudiantes internacionales<\/strong>\u201d.<\/p>\n<p>Por su parte, la ONG Accem (<a href=\"https:\/\/www.accem.es\/refugiados\/glosario-de-conceptos-basicos\/#toggle-id-1\" target=\"_blank\" rel=\"noopener\">s.d.<\/a>) afirma que el t\u00e9rmino \u00abmigrante\u00bb se refiere a la mayor\u00eda de las<\/p>\n<p style=\"padding-left: 40px;\">\u00abpersonas que se desplazan de un pa\u00eds a otro por razones diversas y <strong>durante un largo per\u00edodo de tiempo<\/strong> (habitualmente durante al menos un a\u00f1o por no incluir a muchos visitantes temporales)\u00bb.<\/p>\n<p>Igualmente, Accem especifica la definici\u00f3n de \u00ab<strong>migrante econ\u00f3mico<\/strong>\u00ab, que describe como:<\/p>\n<p style=\"padding-left: 40px;\">\u00abla persona que deja su pa\u00eds por razones econ\u00f3micas, para mejorar las condiciones de vida\u00bb.<!--more--><\/p>\n<h3 style=\"text-align: justify;\"><span style=\"color: #ff6600;\">Causas de les migraciones<\/span><\/h3>\n<p style=\"text-align: justify;\">\u00bfPor qu\u00e9 migran las personas?<\/p>\n<ul>\n<li><a href=\"https:\/\/recercapau.org\/glossari\/conflicte-armat\/\"><strong>Conflictos armados<\/strong><\/a>, que las obligan a huir del lugar de origen porque existe riesgo para su integridad.<\/li>\n<li><strong>Razones econ\u00f3micas\/laborales<\/strong>: La expectativa de unas condiciones de vida mejores (para la propia persona, la familia o la comunidad) o una mejor situaci\u00f3n laboral (incluye el \u00e9xodo de cerebros).<\/li>\n<li><strong>Razones pol\u00edticas\/ideol\u00f3gicas<\/strong>: Cuando la opci\u00f3n ideol\u00f3gica y pol\u00edtica es motivo de represi\u00f3n, amenazas e inseguridad.<\/li>\n<li><strong>Razones medioambientales<\/strong>. Por desastres medioambientales causados \u200b\u200bpor la acci\u00f3n humana (accidentes nucleares, por ejemplo), por desastres naturales (terremotos, tifones&#8230;) o por la continua degradaci\u00f3n del medioambiente y la escasez de recursos para la vida.<\/li>\n<li><strong>Razones personales<\/strong>: Por circunstancias que no se pueden clasificar en ninguno de los apartados anteriores: desde elementos emocionales hasta la voluntad de vivir aventuras, conocer otras culturas y formas de vida&#8230;<\/li>\n<\/ul>\n<h3 style=\"text-align: justify;\"><span style=\"color: #ff6600;\">Un fen\u00f3meno hist\u00f3rico<\/span><\/h3>\n<p>Desde los inicios de la humanidad ha habido migraciones: traslados de personas de un lugar a otro por diferentes motivos. Es decir, <strong>las migraciones son un fen\u00f3meno hist\u00f3rico<\/strong>. Las historias de nuestras familias, municipios, estados&#8230; est\u00e1n marcadas por las migraciones.<\/p>\n<p>Y las migraciones son elementos clave a la hora de explicar determinados procesos hist\u00f3ricos, sociales, econ\u00f3micos&#8230; Pero, ciertamente, <strong>en la actualidad el fen\u00f3meno de las migraciones presenta un impacto cuantitativo mucho m\u00e1s importante y una respuesta estatal y regional muy determinada<\/strong>. En este sentido la gesti\u00f3n de la inmigraci\u00f3n y las pol\u00edticas p\u00fablicas estatales y regionales son un elemento determinante.<\/p>\n<h3 style=\"text-align: justify;\"><span style=\"color: #ff6600;\">Las personas refugiadas<\/span><\/h3>\n<p>Un punto y aparte en el apartado de las migraciones son las <a href=\"https:\/\/recercapau.org\/glossari\/persona-refugiada\/\">personas refugiadas<\/a>. <strong>Son refugiadas aquellas personas que huyen de su pa\u00eds de origen porque el estado no puede asegurar la protecci\u00f3n de su integridad f\u00edsica<\/strong>; una integridad que puede estar seriamente comprometida ya sea por razones pol\u00edticas o por conflictos armados en el seno del territorio. Aunque muchas personas salen de sus pa\u00edses de origen por esta causa, no todas reciben el estatus de refugiado, que es un estatus que da el pa\u00eds de acogida con criterios pol\u00edticos.<\/p>\n<p>Legalmente, las personas refugiadas est\u00e1n bajo el amparo de la legislaci\u00f3n internacional &#8211; en este caso, <strong>la Convenci\u00f3n sobre el Estatuto de los Refugiados<\/strong> aprobada en 1951 por las Naciones Unidas &#8211; y bajo el amparo de la legislaci\u00f3n estatal &#8211; en el caso de Espa\u00f1a, <strong>el art\u00edculo 13.4 de la Constituci\u00f3n<\/strong>. Pero la normativa que regula el <a href=\"https:\/\/recercapau.org\/es\/glosario\/derecho-asilo\/\">derecho de asilo<\/a> var\u00eda a lo largo del tiempo, as\u00ed que para hacer el seguimiento se recomienda consultar la p\u00e1gina sobre asilo y refugio del <a href=\"https:\/\/www.interior.gob.es\/opencms\/es\/servicios-al-ciudadano\/tramites-y-gestiones\/oficina-de-asilo-y-refugio\/\" target=\"_blank\" rel=\"noopener noreferrer\">Ministerio del Interior<\/a>.<\/p>\n<h3 style=\"text-align: justify;\"><span style=\"color: #ff6600;\">Ser \u00ablegal\u00bb<\/span><\/h3>\n<p>Hay m\u00faltiples elementos que condicionan la vivencia del proceso migratorio, pero uno de los que m\u00e1s inciden es la regularizaci\u00f3n burocr\u00e1tica de la situaci\u00f3n de la persona migrante. <strong>El hecho de que una persona sea \u00ablegal\u00bb o no tiene importantes consecuencias a todos los niveles. <\/strong>Una persona sin \u00ablos papeles en regla\u00bb limitar\u00e1 su acceso a la vivienda, a los servicios p\u00fablicos (salud, educaci\u00f3n&#8230;) y al mercado de trabajo (trabajos \u00abinvisibles\u00bb); tendr\u00e1 unas condiciones econ\u00f3micas y laborales precarias, y, en general, se hallar\u00e1 en una posici\u00f3n de riesgo y vulneraci\u00f3n de los <a href=\"https:\/\/recercapau.org\/es\/glosario\/derechos-humanos\/\">derechos humanos<\/a> b\u00e1sicos.<\/p>\n<p>La legislaci\u00f3n que se orienta a regular los movimientos migratorios es cambiante, como lo son las pol\u00edticas estatales y regionales. La parte legislativa se puede consultar en la p\u00e1gina web de la Secretar\u00eda de Estado de Migraciones.<\/p>\n<h3 style=\"text-align: justify;\"><span style=\"color: #ff6600;\">Agenda 2030<\/span><\/h3>\n<p>En septiembre de 2015, Naciones Unidas adoptaron la\u00a0<a href=\"https:\/\/recercapau.org\/es\/retos-globales\/los-ods\/\"><strong>Agenda 2030<\/strong>\u00a0para el Desarrollo Sostenible<\/a>, que establece 17 objetivos (ODS) para erradicar la pobreza, proteger el planeta y avanzar en la protecci\u00f3n de los derechos humanos de todas las personas en todo el mundo.<\/p>\n<p>El\u00a0<a href=\"https:\/\/recercapau.org\/es\/retos-globales\/objetivo-10-reduccion-de-las-desigualdades\/\"><strong>ODS 10<\/strong><\/a>\u00a0se dirige a la reducci\u00f3n de las\u00a0<a href=\"https:\/\/recercapau.org\/glossari\/desigualtat\/\">desigualdades<\/a>\u00a0y, entre sus metas, incluye:<\/p>\n<p style=\"padding-left: 30px;\">10.7 <strong>Facilitar la migraci\u00f3n y movilidad ordenadas, seguras, regulares y responsables de las personas<\/strong>, incluso mediante la aplicaci\u00f3n de pol\u00edticas migratorias planificadas y bien gestionadas.<\/p>\n","protected":false},"excerpt":{"rendered":"<p>Sobre el t\u00e9rmino \u00abmigrante\u00ab, la Organizaci\u00f3n Mundial de las Migraciones<\/p>\n","protected":false},"author":1,"featured_media":0,"parent":43616,"menu_order":0,"comment_status":"closed","ping_status":"open","template":"","meta":{"footnotes":""},"class_list":["post-48723","page","type-page","status-publish","hentry"],"_links":{"self":[{"href":"https:\/\/recercapau.org\/es\/wp-json\/wp\/v2\/pages\/48723","targetHints":{"allow":["GET"]}}],"collection":[{"href":"https:\/\/recercapau.org\/es\/wp-json\/wp\/v2\/pages"}],"about":[{"href":"https:\/\/recercapau.org\/es\/wp-json\/wp\/v2\/types\/page"}],"author":[{"embeddable":true,"href":"https:\/\/recercapau.org\/es\/wp-json\/wp\/v2\/users\/1"}],"replies":[{"embeddable":true,"href":"https:\/\/recercapau.org\/es\/wp-json\/wp\/v2\/comments?post=48723"}],"version-history":[{"count":13,"href":"https:\/\/recercapau.org\/es\/wp-json\/wp\/v2\/pages\/48723\/revisions"}],"predecessor-version":[{"id":53035,"href":"https:\/\/recercapau.org\/es\/wp-json\/wp\/v2\/pages\/48723\/revisions\/53035"}],"up":[{"embeddable":true,"href":"https:\/\/recercapau.org\/es\/wp-json\/wp\/v2\/pages\/43616"}],"wp:attachment":[{"href":"https:\/\/recercapau.org\/es\/wp-json\/wp\/v2\/media?parent=48723"}],"curies":[{"name":"wp","href":"https:\/\/api.w.org\/{rel}","templated":true}]}}