{"id":48721,"date":"2013-09-30T10:30:22","date_gmt":"2013-09-30T09:30:22","guid":{"rendered":"https:\/\/recercapau.org\/clarificando-conceptos-arabe-islam-musulman-islamista\/"},"modified":"2024-10-21T12:56:24","modified_gmt":"2024-10-21T11:56:24","slug":"arabe-islam-musulman-islamista","status":"publish","type":"page","link":"https:\/\/recercapau.org\/es\/glosario\/arabe-islam-musulman-islamista\/","title":{"rendered":"Clarificando conceptos: \u00e1rabe, islam, musulm\u00e1n, islamista"},"content":{"rendered":"<p>En muchas ocasiones, a trav\u00e9s de los medios de comunicaci\u00f3n escuchamos o leemos t\u00e9rminos como \u00e1rabe, musulm\u00e1n, islam,&#8230; Y, adem\u00e1s, los encontramos mezclados con palabras como sociedad y estado. Y, la mayor\u00eda de las veces, no sabemos qu\u00e9 quieren decir. As\u00ed que trataremos de hacer una peque\u00f1a introducci\u00f3n de qu\u00e9 es qu\u00e9.<!--more--><\/p>\n<h3><strong>\u00c1rabe<\/strong><\/h3>\n<p><strong>Tiene diferentes connotaciones<\/strong>. Originariamente, se entiende como el pueblo de origen sem\u00edtico, originario de la Pen\u00ednsula Ar\u00e1biga. Coloquialmente, cuando se habla de \u00e1rabe se alude a aquellas personas originarias de Oriente.<\/p>\n<p>Actualmente se consideran \u00e1rabes los siguientes pa\u00edses: Argelia, Bahrein, Comoros, Djibouti, Egipto, Irak, Jordania, Kuwait, L\u00edbano, Libia, Mauritania, Marruecos, Om\u00e1n, Palestina, Qatar, Arabia Saudita, Somalia, Sud\u00e1n, Siria, T\u00fanez, Emiratos \u00c1rabes Unidos y Yemen.<\/p>\n<p><strong>A veces se habla de los \u00e1rabes o del mundo \u00e1rabe como si fuera un espacio homog\u00e9neo y no lo es.<\/strong> Al igual que no lo es Europa ni \u00c1frica. El mundo \u00e1rabe es heterog\u00e9neo en tanto a la composici\u00f3n social, religiosa, pol\u00edtica, econ\u00f3mica,&#8230; Y esta heterogeneidad se aprecia en la cotidianeidad, y en otros aspectos, tal vez m\u00e1s complejos, como son la implantaci\u00f3n y desarrollo del estado.<\/p>\n<p><strong>\u00c1rabe es tambi\u00e9n una lengua y una cultura<\/strong>. Una persona \u00e1rabe puede ser cristiana, jud\u00eda, musulmana,&#8230; En resumen, <strong>no todos los\/las \u00e1rabes son musulmanes.<\/strong><\/p>\n<h3><strong>Islam<\/strong><\/h3>\n<p><strong>Es una de las tres grandes religiones monote\u00edstas del mundo.<\/strong> Se calcula que hay cerca de 1,3 billones de musulmanes\/as en el mundo, aunque se observa una mayor concentraci\u00f3n en \u00c1frica y Asia.<\/p>\n<p>Al igual que la religi\u00f3n cat\u00f3lica a lo largo de la historia ha vivido diferentes cismas que han creado iglesias (la ortodoxa, la anglicana, la apost\u00f3lica romana,&#8230;), <strong>el Islam tambi\u00e9n ha vivido procesos de divisi\u00f3n<\/strong>.<\/p>\n<p>El proceso m\u00e1s importante de divisi\u00f3n es el que se dio justamente a la muerte del profeta Mahoma y que tuvo como resultado la aparici\u00f3n del islamismo sun\u00ed y del islamismo chi\u00edta. <strong>La mayor\u00eda del mundo musulm\u00e1n es sun\u00ed.<\/strong> \u00bfQu\u00e9 diferencia sun\u00edes de chi\u00edes? La diferencia principal se encuentra en la interpretaci\u00f3n que se hace una vez muere el profeta Mahoma, que a su muerte era el l\u00edder religioso y que no dej\u00f3 ning\u00fan sucesor. La interpretaci\u00f3n sun\u00ed aboga por la creaci\u00f3n de califas y califatos. Los califas ser\u00edan los que dirigir\u00edan las comunidades musulmanas, los califatos. La interpretaci\u00f3n chi\u00ed se decanta por considerar al yerno de Mahoma, Ali, como sucesor del profeta. <strong>Tanto chi\u00edes como sun\u00edes siguen los 5 pilares del Islam<\/strong> (la declaraci\u00f3n de fe; la oraci\u00f3n; el impuesto cor\u00e1nico, el ayuno y la peregrinaci\u00f3n).<\/p>\n<h3><strong>Musulm\u00e1n\/na<\/strong><\/h3>\n<p><strong>Es una persona que sigue los preceptos religiosos del Islam.<\/strong> Hay 1,3 billones de musulmanes\/as en todo el mundo. Algunos de los pa\u00edses donde la religi\u00f3n del Islam es mayoritaria son: Indonesia, Pakist\u00e1n, Nigeria, Malasia, Bangladesh, Turqu\u00eda, Afganist\u00e1n, Senegal, Uzbekist\u00e1n, Azerbaij\u00e1n o Kosovo. Ninguno de los pa\u00edses citados es \u00e1rabe. As\u00ed pues, es importante desligar los conceptos musulm\u00e1n y \u00e1rabe. <strong>Hay muchos \u00e1rabes que son musulmanes, pero s\u00f3lo una parte de los musulmanes son \u00e1rabes.<\/strong><\/p>\n<h3><strong>Islamismo<\/strong><\/h3>\n<p><strong>Es un movimiento pol\u00edtico y social en el que el Islam (sus\u00a0preceptos religiosos) articula tanto las cr\u00edticas como las propuestas de transformaci\u00f3n<\/strong> de la sociedad, de la cultura, de la pol\u00edtica,&#8230; La vida diaria y los posicionamientos pol\u00edticos, personales,&#8230; de los y las islamistas se basan en la religi\u00f3n del Islam. El islamismo es un movimiento de car\u00e1cter global y heterog\u00e9neo.<\/p>\n<h3><strong>Islamismo radical<\/strong><\/h3>\n<p>Entre esta heterogeneidad que presenta el islamismo en el mundo, num\u00e9ricamente poco representativos, pero con relevancia medi\u00e1tica por sus acciones violentas, hallamos a\u00a0los movimientos islamistas radicales. <strong>La radicalizaci\u00f3n<\/strong>, tal y como hemos adelantado, <strong>se sustenta en la interpretaci\u00f3n violenta de los textos isl\u00e1micos<\/strong>. Es importante volver a destacar que <strong>esta interpretaci\u00f3n es minoritaria<\/strong> y se da s\u00f3lo en el islamismo radical.<\/p>\n<p>El islamismo radical se desarrolla en diferentes espacios y se da tanto en los pa\u00edses de mayor\u00edas isl\u00e1micas como en estados occidentales donde el Islam es minoritario.<\/p>\n<p>La radicalizaci\u00f3n de una peque\u00f1a parte del movimiento islamista se basa, seg\u00fan Thomas Olesen en 4 elementos:<\/p>\n<ul>\n<li>Elementos de tipo personal y explicaciones de tipo social y psicol\u00f3gico<\/li>\n<li>Explicaciones de tipo organizativo y de redes<\/li>\n<li>Explicaciones que tienen que ver con el sistema pol\u00edtico<\/li>\n<li>Explicaciones que tienen que ver con los medios de comunicaci\u00f3n<\/li>\n<\/ul>\n<p>En cualquier caso, el debate sobre el islamismo radical y sus causas est\u00e1 abierto y es muy din\u00e1mico. Las perspectivas son m\u00faltiples. S\u00f3lo mencionaremos dos: <strong>aquellas que entienden que el islamismo radical es un s\u00edntoma del creciente malestar social<\/strong> que hay, especialmente entre los j\u00f3venes, <strong>y aquellas que ven en los procesos de aculturaci\u00f3n la ra\u00edz del radicalismo<\/strong>.<\/p>\n<p><span style=\"color: #993300;\">M\u00e1s informaci\u00f3n:<\/span><\/p>\n<ul>\n<li><a href=\"http:\/\/www.xtec.cat\/~lvallmaj\/temple\/islam.htm\" target=\"_blank\" rel=\"noopener\">El Islam<\/a><\/li>\n<li>WebIslam<\/li>\n<li><a href=\"http:\/\/www.casaarabe.es\/\" target=\"_blank\" rel=\"noopener\">Casa \u00c1rabe<\/a><\/li>\n<li><a href=\"http:\/\/www.aljazeera.com\/\" target=\"_blank\" rel=\"noopener\">AlJazeera<\/a><\/li>\n<\/ul>\n","protected":false},"excerpt":{"rendered":"<p>En muchas ocasiones, a trav\u00e9s de los medios de comunicaci\u00f3n<\/p>\n","protected":false},"author":1,"featured_media":0,"parent":43616,"menu_order":0,"comment_status":"closed","ping_status":"open","template":"","meta":{"footnotes":""},"class_list":["post-48721","page","type-page","status-publish","hentry"],"_links":{"self":[{"href":"https:\/\/recercapau.org\/es\/wp-json\/wp\/v2\/pages\/48721","targetHints":{"allow":["GET"]}}],"collection":[{"href":"https:\/\/recercapau.org\/es\/wp-json\/wp\/v2\/pages"}],"about":[{"href":"https:\/\/recercapau.org\/es\/wp-json\/wp\/v2\/types\/page"}],"author":[{"embeddable":true,"href":"https:\/\/recercapau.org\/es\/wp-json\/wp\/v2\/users\/1"}],"replies":[{"embeddable":true,"href":"https:\/\/recercapau.org\/es\/wp-json\/wp\/v2\/comments?post=48721"}],"version-history":[{"count":1,"href":"https:\/\/recercapau.org\/es\/wp-json\/wp\/v2\/pages\/48721\/revisions"}],"predecessor-version":[{"id":51667,"href":"https:\/\/recercapau.org\/es\/wp-json\/wp\/v2\/pages\/48721\/revisions\/51667"}],"up":[{"embeddable":true,"href":"https:\/\/recercapau.org\/es\/wp-json\/wp\/v2\/pages\/43616"}],"wp:attachment":[{"href":"https:\/\/recercapau.org\/es\/wp-json\/wp\/v2\/media?parent=48721"}],"curies":[{"name":"wp","href":"https:\/\/api.w.org\/{rel}","templated":true}]}}