{"id":48691,"date":"2013-03-11T12:41:44","date_gmt":"2013-03-11T11:41:44","guid":{"rendered":"https:\/\/recercapau.org\/organismos-internacionales\/"},"modified":"2024-12-18T13:25:47","modified_gmt":"2024-12-18T12:25:47","slug":"organismos-internacionales","status":"publish","type":"page","link":"https:\/\/recercapau.org\/es\/glosario\/organismos-internacionales\/","title":{"rendered":"Organismos internacionales"},"content":{"rendered":"<p>Los organismos internacionales (u organizaciones intergubernamentales) son entidades compuestas por diferentes estados o por otros organismos internacionales, que mediante un acuerdo, convenio o tratado, se unen para trabajar en temas comunes.<\/p>\n<p>Hist\u00f3ricamente, las claves de la aparici\u00f3n y desarrollo de las organizaciones internacionales son dos:<\/p>\n<ul>\n<li>la realizaci\u00f3n de conferencias internacionales, especialmente entre principios del siglo XIX y principios del XX, que permitir\u00e1 el desarrollo de los tratados multilaterales<\/li>\n<li>la aparici\u00f3n de estructuras institucionales permanentes<\/li>\n<\/ul>\n<p><!--more-->\u00bfC\u00f3mo definimos las organizaciones internacionales? Como aquellas organizaciones que est\u00e1n fundadas y constituidas por estados, est\u00e1n sujetas al derecho internacional p\u00fablico, disponen de \u00f3rganos propios, independientes y permanentes que realizan funciones espec\u00edficas y pretenden adoptar decisiones jur\u00eddicas diferentes a las que sus estados miembros adoptan de forma particular.<\/p>\n<p>Algunos de los organismos internacionales m\u00e1s importantes son los siguientes:<\/p>\n<ul>\n<li><a href=\"https:\/\/www.un.org\/es\/\" target=\"_blank\" rel=\"noopener\"><b>ONU<\/b><\/a> (Organizaci\u00f3n de Naciones Unidas). Fundada en 1945, a ra\u00edz de la Segunda Guerra Mundial, con el objetivo de mantener la paz y la seguridad internacionales, fomentar las relaciones de amistad entre las naciones y promover el progreso social, la mejora del nivel de vida y los Derechos humanos.<\/li>\n<li><a href=\"https:\/\/www.nato.int\/\" target=\"_blank\" rel=\"noopener\"><b>OTAN<\/b><\/a> (Organizaci\u00f3n del Tratado del Atl\u00e1ntico Norte). Alianza militar y pol\u00edtica que constituye un sistema de defensa colectiva.<\/li>\n<li><b><a href=\"http:\/\/www.oas.org\/es\/\" target=\"_blank\" rel=\"noopener\">OEA<\/a><\/b> (Organizaci\u00f3n de los Estados Americanos). Organizaci\u00f3n fundada con el objetivo de obtener un orden de paz, seguridad y desarrollo entre sus estados miembros.<\/li>\n<li><b><a href=\"http:\/\/www.au.int\/\" target=\"_blank\" rel=\"noopener\">UA<\/a><\/b> (Uni\u00f3n Africana). Organizaci\u00f3n creada para acelerar el proceso de integraci\u00f3n del continente africano, hacer frente a los problemas sociales, econ\u00f3micos y pol\u00edticos y promover la cooperaci\u00f3n para el desarrollo entre los estados miembros y en el marco de Naciones Unidas.<\/li>\n<li><b><a href=\"http:\/\/www.saarc-sec.org\/\" target=\"_blank\" rel=\"noopener\">ASACR<\/a><\/b> (Asociaci\u00f3n Surasi\u00e1tica para la Cooperaci\u00f3n Regional). Asociaci\u00f3n de algunos pa\u00edses asi\u00e1ticos para fomentar la uni\u00f3n pol\u00edtica y econ\u00f3mica, y promover la paz, la estabilidad y el progreso entre los estados miembros.<\/li>\n<li><b><a href=\"https:\/\/www.oecd.org\/\" target=\"_blank\" rel=\"noopener\">OCDE<\/a><\/b> (Organizaci\u00f3n para la Cooperaci\u00f3n y el Desarrollo Econ\u00f3mico). Organizaci\u00f3n fundada con el objetivo de promover pol\u00edticas que mejoren el bienestar econ\u00f3mico y social de las personas de todo el mundo.<\/li>\n<\/ul>\n","protected":false},"excerpt":{"rendered":"<p>Los organismos internacionales (u organizaciones intergubernamentales) son entidades compuestas por<\/p>\n","protected":false},"author":1,"featured_media":0,"parent":43616,"menu_order":0,"comment_status":"closed","ping_status":"open","template":"","meta":{"footnotes":""},"class_list":["post-48691","page","type-page","status-publish","hentry"],"_links":{"self":[{"href":"https:\/\/recercapau.org\/es\/wp-json\/wp\/v2\/pages\/48691","targetHints":{"allow":["GET"]}}],"collection":[{"href":"https:\/\/recercapau.org\/es\/wp-json\/wp\/v2\/pages"}],"about":[{"href":"https:\/\/recercapau.org\/es\/wp-json\/wp\/v2\/types\/page"}],"author":[{"embeddable":true,"href":"https:\/\/recercapau.org\/es\/wp-json\/wp\/v2\/users\/1"}],"replies":[{"embeddable":true,"href":"https:\/\/recercapau.org\/es\/wp-json\/wp\/v2\/comments?post=48691"}],"version-history":[{"count":1,"href":"https:\/\/recercapau.org\/es\/wp-json\/wp\/v2\/pages\/48691\/revisions"}],"predecessor-version":[{"id":51959,"href":"https:\/\/recercapau.org\/es\/wp-json\/wp\/v2\/pages\/48691\/revisions\/51959"}],"up":[{"embeddable":true,"href":"https:\/\/recercapau.org\/es\/wp-json\/wp\/v2\/pages\/43616"}],"wp:attachment":[{"href":"https:\/\/recercapau.org\/es\/wp-json\/wp\/v2\/media?parent=48691"}],"curies":[{"name":"wp","href":"https:\/\/api.w.org\/{rel}","templated":true}]}}