{"id":48679,"date":"2012-12-18T13:38:29","date_gmt":"2012-12-18T12:38:29","guid":{"rendered":"https:\/\/recercapau.org\/desarrollo-sostenible\/"},"modified":"2024-12-18T13:47:29","modified_gmt":"2024-12-18T12:47:29","slug":"sostenibilidad","status":"publish","type":"page","link":"https:\/\/recercapau.org\/es\/glosario\/sostenibilidad\/","title":{"rendered":"Sostenibilidad"},"content":{"rendered":"<p>\u00bfQu\u00e9 es la sostenibilidad? \u00bfQu\u00e9 es el desarrollo sostenible? <strong>La sostenibilidad es un concepto amplio y complejo que implica la sostenibilidad econ\u00f3mica, social, medioambiental y cultural.<\/strong> La idea de fondo de la sostenibilidad es que nuestras acciones como personas y colectivo (enmarcadas en un modelo de consumo y de producci\u00f3n capitalistas) tienen un impacto directo sobre las otras personas y nuestro entorno y, en la actualidad, estos modelos amenazan tanto la calidad y posibilidad de disfrute de las generaciones actuales como la de las generaciones futuras.<!--more--><\/p>\n<p>Las sociedades occidentales industrializadas tienen una relaci\u00f3n de tipo utilitarista con el entorno. La naturaleza se concibe como un recurso a disposici\u00f3n de las personas y de sus necesidades. Como parte del mercado, los recursos se explotan, se compran y se venden. Esta visi\u00f3n contrasta absolutamente con la visi\u00f3n m\u00e1s integral de la mayor\u00eda de los pueblos ind\u00edgenas, con m\u00e1s contacto con la naturaleza (en la que viven, de la que viven, y a la que deben cuidar para seguir viviendo). Estos pueblos hablan del \u00abbuen vivir\u00bb.<\/p>\n<p>El <strong>\u00abbuen vivir\u00bb<\/strong> es un t\u00e9rmino que se asocia a los pueblos ind\u00edgenas andinos y que se ha extendido como sin\u00f3nimo de <strong>sostenibilidad<\/strong>. Pero el \u00abbuen vivir\u00bb va m\u00e1s all\u00e1 de la sostenibilidad tal y como la describiremos despu\u00e9s, el \u00abbuen vivir\u00bb \u00abpropone avanzar hacia un concepto de sociedad armoniosa entre la naturaleza y la cultura, mediada por relaciones de reciprocidad, equidad social, respeto, en la que se permita, se establezca y se garantice una participaci\u00f3n activa y plena de los pueblos en las decisiones de la vida econ\u00f3mica, social y pol\u00edtica\u00bb (<em>Los movimientos sociales en la construcci\u00f3n del Estado y de la naci\u00f3n intercultural. Aportaciones desde la cosmovisi\u00f3n de los pueblos ind\u00edgenas a la lucha contra la degradaci\u00f3n ambiental, la crisis alimentaria y la p\u00e9rdida de la biodiversidad en el planeta: el \u201cBuen vivir\u201d y la agroeconolog\u00eda ind\u00edgena como soluciones<\/em>. Toni Jim\u00e9nez. Huygens Editorial, Barcelona, 2011).<\/p>\n<p>\u00bfCu\u00e1les son los \u00e1mbitos que se deben tener en cuenta cuando hablamos de sostenibilidad?<\/p>\n<ul>\n<li>El<strong> \u00e1mbito econ\u00f2mico<\/strong><\/li>\n<\/ul>\n<p>La sostenibilidad, desde el punto de vista econ\u00f3mico, trata temas como la gesti\u00f3n y explotaci\u00f3n de los recursos naturales y energ\u00e9ticos, la reducci\u00f3n de la pobreza, la responsabilidad de las empresas en la explotaci\u00f3n y gesti\u00f3n de los recursos naturales y el sistema econ\u00f3mico capitalista y su dependencia energ\u00e9tica. La idea es que econom\u00eda y medio ambiente son indisociables.<\/p>\n<ul>\n<li>El <strong>\u00e1mbito social<\/strong><\/li>\n<\/ul>\n<p>La sostenibilidad social implica profundizar en la equidad, la gobernabilidad y el bienestar. Y todo ello desemboca en un cambio en la gesti\u00f3n gubernamental con una ampliaci\u00f3n de los procesos participativos, el respeto a los derechos humanos, la garant\u00eda de la paz (no se puede entender el desarrollo sostenible si no hay paz), la equidad de g\u00e9nero, la existencia de condiciones de salud que permitan disfrutar de los requisitos anteriores.<\/p>\n<ul>\n<li>El <strong>\u00e1mbito medioambiental<\/strong><\/li>\n<\/ul>\n<p>La sostenibilidad medioambiental es un elemento b\u00e1sico ya que \u00fanicamente con un planeta y un medio ambiente limpios se puede plantear el desarrollo del resto de elementos. La sostenibilidad aboga por un entorno limpio, sin contaminaci\u00f3n, con un tratamiento cuidadoso de los residuos, un uso racional de las energ\u00edas y un desarrollo industrial y pautas de consumo sostenibles y respetuosas con el entorno. En este sentido, gobiernos, empresas y ciudadanos tenemos mucho que hacer y mucho que decir. Y mucho por cambiar.<\/p>\n<ul>\n<li>El <strong>\u00e1mbito cultural<\/strong><\/li>\n<\/ul>\n<p>La sostenibilidad cultural implica un cambio en los valores y, por lo tanto, en nuestras acciones. El hecho de considerar la cultura como un pilar de la sostenibilidad tanto por la UNESCO como por otras organizaciones internacionales implica el valor que la cultura y los valores tienen. Ligadas a la sostenibilidad y al \u00e1mbito cultural se articulan iniciativas como las de turismo responsable. Se han desarrollado diversas iniciativas en este sentido, que provienen tanto del \u00e1mbito estatal como del tercer sector. Entre ellas podemos destacar el proyecto desarrollado por M\u00f3n-3 en la localidad mauritana de Walata.<\/p>\n<p>La sostenibilidad es una asignatura pendiente. Y para reforzar la importancia de trabajar en esta l\u00ednea de garant\u00eda de la sostenibilidad, Naciones Unidas proclam\u00f3\u00a0el <a href=\"http:\/\/unesdoc.unesco.org\/images\/0014\/001416\/141629s.pdf\" target=\"_blank\" rel=\"noopener noreferrer\">Decenio para la Educaci\u00f3n para el Desarrollo Sostenible (2005-2014)<\/a>. La educaci\u00f3n para el desarrollo sostenible es definida por la UNESCO como \u00abaquellos conocimientos, competencias, actitudes y valores necesarios para construir un futuro sostenible\u00bb. Ello significa motivar a los\/las j\u00f3venes de hoy a tomar conciencia de aquellas cuestiones que actualmente est\u00e1n incidiendo y condicionando la sostenibilidad y actuar de forma transformadora para asegurarla. \u00bfCu\u00e1les son estas cuestiones? Son:<\/p>\n<ul>\n<li>El deterioro de la biodiversidad en el planeta<\/li>\n<li>El cambio clim\u00e1tico, y la acci\u00f3n de los Estados, las empresas y las personas<\/li>\n<li>Los desastres<\/li>\n<li>La pobreza<\/li>\n<li>La desigualdad de g\u00e9nero<\/li>\n<li>La falta de promoci\u00f3n de la salud<\/li>\n<li>Los estilos de vida consumistas<\/li>\n<li>La ausencia de paz y la inseguridad humana<\/li>\n<li>La falta de acceso al agua<\/li>\n<li>La urbanizaci\u00f3n no sostenible<\/li>\n<\/ul>\n","protected":false},"excerpt":{"rendered":"<p>\u00bfQu\u00e9 es la sostenibilidad? \u00bfQu\u00e9 es el desarrollo sostenible? La<\/p>\n","protected":false},"author":1,"featured_media":0,"parent":43616,"menu_order":0,"comment_status":"closed","ping_status":"open","template":"","meta":{"footnotes":""},"class_list":["post-48679","page","type-page","status-publish","hentry"],"_links":{"self":[{"href":"https:\/\/recercapau.org\/es\/wp-json\/wp\/v2\/pages\/48679","targetHints":{"allow":["GET"]}}],"collection":[{"href":"https:\/\/recercapau.org\/es\/wp-json\/wp\/v2\/pages"}],"about":[{"href":"https:\/\/recercapau.org\/es\/wp-json\/wp\/v2\/types\/page"}],"author":[{"embeddable":true,"href":"https:\/\/recercapau.org\/es\/wp-json\/wp\/v2\/users\/1"}],"replies":[{"embeddable":true,"href":"https:\/\/recercapau.org\/es\/wp-json\/wp\/v2\/comments?post=48679"}],"version-history":[{"count":1,"href":"https:\/\/recercapau.org\/es\/wp-json\/wp\/v2\/pages\/48679\/revisions"}],"predecessor-version":[{"id":51968,"href":"https:\/\/recercapau.org\/es\/wp-json\/wp\/v2\/pages\/48679\/revisions\/51968"}],"up":[{"embeddable":true,"href":"https:\/\/recercapau.org\/es\/wp-json\/wp\/v2\/pages\/43616"}],"wp:attachment":[{"href":"https:\/\/recercapau.org\/es\/wp-json\/wp\/v2\/media?parent=48679"}],"curies":[{"name":"wp","href":"https:\/\/api.w.org\/{rel}","templated":true}]}}