{"id":47850,"date":"2024-01-31T12:25:13","date_gmt":"2024-01-31T11:25:13","guid":{"rendered":"https:\/\/recercapau.org\/la-agenda-2030-como-recurso-de-educacion-critica-en-ciudadania-global\/"},"modified":"2025-09-02T16:36:57","modified_gmt":"2025-09-02T15:36:57","slug":"curs-agenda2030","status":"publish","type":"page","link":"https:\/\/recercapau.org\/es\/curs-agenda2030\/","title":{"rendered":"La Agenda 2030 como recurso de educaci\u00f3n cr\u00edtica en ciudadan\u00eda global"},"content":{"rendered":"<div class=\"fusion-fullwidth fullwidth-box fusion-builder-row-1 fusion-flex-container nonhundred-percent-fullwidth non-hundred-percent-height-scrolling\" style=\"--awb-border-radius-top-left:0px;--awb-border-radius-top-right:0px;--awb-border-radius-bottom-right:0px;--awb-border-radius-bottom-left:0px;--awb-flex-wrap:wrap;\" ><div class=\"fusion-builder-row fusion-row fusion-flex-align-items-flex-start fusion-flex-content-wrap\" style=\"max-width:1248px;margin-left: calc(-4% \/ 2 );margin-right: calc(-4% \/ 2 );\"><div class=\"fusion-layout-column fusion_builder_column fusion-builder-column-0 fusion_builder_column_1_1 1_1 fusion-flex-column\" style=\"--awb-bg-size:cover;--awb-width-large:100%;--awb-margin-top-large:0px;--awb-spacing-right-large:1.92%;--awb-margin-bottom-large:0px;--awb-spacing-left-large:1.92%;--awb-width-medium:100%;--awb-spacing-right-medium:1.92%;--awb-spacing-left-medium:1.92%;--awb-width-small:100%;--awb-spacing-right-small:1.92%;--awb-spacing-left-small:1.92%;\"><div class=\"fusion-column-wrapper fusion-flex-justify-content-flex-start fusion-content-layout-column\"><div class=\"fusion-text fusion-text-1\"><h4 style=\"text-align: left;\">Actividad de formaci\u00f3n permanente para profesorado de primaria, ESO y bachillerato<\/h4>\n<div id=\"attachment_40036\" style=\"width: 535px\" class=\"wp-caption alignright\"><img decoding=\"async\" aria-describedby=\"caption-attachment-40036\" class=\"wp-image-40036\" src=\"https:\/\/recercapau.org\/wp-content\/uploads\/2023\/11\/Agenda-2030.jpg\" alt=\"\" width=\"525\" height=\"350\" srcset=\"https:\/\/recercapau.org\/wp-content\/uploads\/2023\/11\/Agenda-2030-300x200.jpg 300w, https:\/\/recercapau.org\/wp-content\/uploads\/2023\/11\/Agenda-2030-768x513.jpg 768w, https:\/\/recercapau.org\/wp-content\/uploads\/2023\/11\/Agenda-2030.jpg 800w\" sizes=\"(max-width: 525px) 100vw, 525px\" \/><p id=\"caption-attachment-40036\" class=\"wp-caption-text\">United Nations Photo CC BY-NC-ND 2.0<\/p><\/div>\n<p class=\"TableParagraph\">Las Naciones Unidas han adoptado la <a href=\"https:\/\/recercapau.org\/agenda-2030-ods\/\">Agenda 2030<\/a>,\u00a0que identifica<strong>\u00a017 Objetivos de\u00a0Desarrollo\u00a0Sostenible (ODS)\u00a0<\/strong>para erradicar la pobreza, proteger el planeta y hacer realidad los derechos humanos. Se trata de un acuerdo pol\u00edtico mundial por el que los gobiernos reconocen los <strong>retos globales<\/strong> que afronta la humanidad y se comprometen a actuar en ellos.<\/p>\n<p class=\"TableParagraph\">Para los centros educativos, la Agenda 2030 proporciona un marco com\u00fan para conectar los saberes de las materias con la mejora de las condiciones de vida y desplegar el vector de <strong>ciudadan\u00eda democr\u00e1tica y conciencia global<\/strong> en la programaci\u00f3n. Mediante situaciones de aprendizaje, podemos integrar la Agenda 2030 desde una perspectiva cr\u00edtica para educar a personas que, conscientes de la interdependencia y ecodependencia humana, participen del <strong>cambio social hacia la sostenibilidad y los derechos humanos<\/strong>.<\/p>\n<p>Con este objetivo, por encargo del Departamento de Educaci\u00f3n, el Instituto de Desarrollo Profesional (IDP) y la Fundaci\u00f3 Solidaritat UB organizamos el <strong>curso gratuito online \u00abLa Agenda 2030 como recurso de educaci\u00f3n cr\u00edtica en ciudadan\u00eda global\u00bb<\/strong>, que se dirige al profesorado y se imparte conjuntamente con el grupo de investigaci\u00f3n <a href=\"https:\/\/www.ub.edu\/fodip\/\" target=\"_blank\" rel=\"noopener\">FODIP<\/a>, Formaci\u00f3n Docente e Innovaci\u00f3n Pedag\u00f3gica, de la Universidad de Barcelona.<\/p>\n<p style=\"text-align: center;\"><a href=\"https:\/\/recercapau.org\/curs-agenda2030\/edicio-2025\/\" class=\"su-button su-button-style-default\" style=\"color:#FFFFFF;background-color:#2D89EF;border-color:#246ec0;border-radius:11px\" target=\"_blank\" rel=\"noopener noreferrer\"><span style=\"color:#FFFFFF;padding:0px 28px;font-size:21px;line-height:42px;border-color:#6cadf4;border-radius:11px;text-shadow:none\"> <strong>INSCR\u00cdBETE EN LA PR\u00d3XIMA EDICI\u00d3N<\/strong><\/span><\/a><\/p>\n<h6><strong>M\u00e1s informaci\u00f3n: <\/strong><a href=\"mailto:recercapau@ub.edu\">recercapau@ub.edu<\/a> | <a href=\"mailto:idp.cursos@ub.edu\">idp.cursos@ub.edu<\/a><\/h6>\n<table border=\"0\" align=\"left\">\n<tbody>\n<tr>\n<td>\n<h6><strong>Organizan:<\/strong><\/h6>\n<\/td>\n<\/tr>\n<tr>\n<td><img decoding=\"async\" class=\"alignright wp-image-14497\" src=\"https:\/\/recercapau.org\/wp-content\/uploads\/2016\/07\/fundacio-solidaritat-universitat-barcelona.png\" alt=\"Fundacio Solidaritat UB\" width=\"324\" height=\"70\" srcset=\"https:\/\/recercapau.org\/wp-content\/uploads\/2016\/07\/fundacio-solidaritat-universitat-barcelona-300x65.png 300w, https:\/\/recercapau.org\/wp-content\/uploads\/2016\/07\/fundacio-solidaritat-universitat-barcelona.png 584w\" sizes=\"(max-width: 324px) 100vw, 324px\" \/><img decoding=\"async\" class=\"alignright\" src=\"https:\/\/recercapau.org\/wp-content\/uploads\/2024\/07\/IDP-UB.jpg\" alt=\"\" width=\"363\" height=\"89\" \/><img decoding=\"async\" class=\"alignleft wp-image-25676\" src=\"https:\/\/recercapau.org\/wp-content\/uploads\/2018\/06\/generalitat-de-catalunya-300x77.jpg\" alt=\"\" width=\"214\" height=\"55\" srcset=\"https:\/\/recercapau.org\/wp-content\/uploads\/2018\/06\/generalitat-de-catalunya-300x77.jpg 300w, https:\/\/recercapau.org\/wp-content\/uploads\/2018\/06\/generalitat-de-catalunya-768x198.jpg 768w, https:\/\/recercapau.org\/wp-content\/uploads\/2018\/06\/generalitat-de-catalunya-1024x263.jpg 1024w, https:\/\/recercapau.org\/wp-content\/uploads\/2018\/06\/generalitat-de-catalunya.jpg 1038w\" sizes=\"(max-width: 214px) 100vw, 214px\" \/><\/td>\n<\/tr>\n<tr>\n<td><\/td>\n<\/tr>\n<tr>\n<td><\/td>\n<\/tr>\n<tr>\n<td><em>Las actividades organizadas por el IDP tienen los mismos efectos para el profesorado que las actividades incluidas en el Plan de formaci\u00f3n permanente del Departamento de Educaci\u00f3n. Los certificados de estos cursos se incorporan directamente al expediente de formaci\u00f3n del profesor\/a (XTEC) y se pueden utilizar como acreditaci\u00f3n para participar en los diferentes concursos o convocatorias del Departamento de Educaci\u00f3n de la Generalitat de Catalunya, en los t\u00e9rminos que indique cada convocatoria.<\/em><\/td>\n<\/tr>\n<\/tbody>\n<\/table>\n<\/div><\/div><\/div><\/div><\/div>\n","protected":false},"excerpt":{"rendered":"","protected":false},"author":3,"featured_media":0,"parent":0,"menu_order":0,"comment_status":"closed","ping_status":"closed","template":"100-width.php","meta":{"footnotes":""},"class_list":["post-47850","page","type-page","status-publish","hentry"],"_links":{"self":[{"href":"https:\/\/recercapau.org\/es\/wp-json\/wp\/v2\/pages\/47850","targetHints":{"allow":["GET"]}}],"collection":[{"href":"https:\/\/recercapau.org\/es\/wp-json\/wp\/v2\/pages"}],"about":[{"href":"https:\/\/recercapau.org\/es\/wp-json\/wp\/v2\/types\/page"}],"author":[{"embeddable":true,"href":"https:\/\/recercapau.org\/es\/wp-json\/wp\/v2\/users\/3"}],"replies":[{"embeddable":true,"href":"https:\/\/recercapau.org\/es\/wp-json\/wp\/v2\/comments?post=47850"}],"version-history":[{"count":3,"href":"https:\/\/recercapau.org\/es\/wp-json\/wp\/v2\/pages\/47850\/revisions"}],"predecessor-version":[{"id":52803,"href":"https:\/\/recercapau.org\/es\/wp-json\/wp\/v2\/pages\/47850\/revisions\/52803"}],"wp:attachment":[{"href":"https:\/\/recercapau.org\/es\/wp-json\/wp\/v2\/media?parent=47850"}],"curies":[{"name":"wp","href":"https:\/\/api.w.org\/{rel}","templated":true}]}}