{"id":47838,"date":"2023-04-26T12:16:17","date_gmt":"2023-04-26T11:16:17","guid":{"rendered":"https:\/\/recercapau.org\/asesoramiento-de-trabajos-de-investigacion-en-justicia-global\/"},"modified":"2025-02-05T14:28:59","modified_gmt":"2025-02-05T13:28:59","slug":"asesoramiento-investigacion-justicia-global","status":"publish","type":"page","link":"https:\/\/recercapau.org\/es\/asesoramiento-investigacion-justicia-global\/","title":{"rendered":"Asesoramiento de investigaciones en solidaridad internacional"},"content":{"rendered":"<div id=\"attachment_37859\" style=\"width: 385px\" class=\"wp-caption alignright\"><img decoding=\"async\" aria-describedby=\"caption-attachment-37859\" class=\"wp-image-37859\" src=\"https:\/\/recercapau.org\/wp-content\/uploads\/2023\/02\/Infografia-Investiga-per-la-Justicia-Global-e1678182890782.jpg\" alt=\"\" width=\"375\" height=\"478\" srcset=\"https:\/\/recercapau.org\/wp-content\/uploads\/2023\/02\/Infografia-Investiga-per-la-Justicia-Global-e1678182890782-235x300.jpg 235w, https:\/\/recercapau.org\/wp-content\/uploads\/2023\/02\/Infografia-Investiga-per-la-Justicia-Global-e1678182890782.jpg 700w\" sizes=\"(max-width: 375px) 100vw, 375px\" \/><p id=\"caption-attachment-37859\" class=\"wp-caption-text\">Infograf\u00eda basada en un esquema original de <a href=\"https:\/\/www.lafede.cat\/ca\/educacio-per-a-la-justicia-global\/\" target=\"_blank\" rel=\"noopener\">LaFede.cat<\/a> <a href=\"https:\/\/diposit.ub.edu\/dspace\/bitstream\/2445\/182406\/5\/investiga-per-justicia-global-temes-recerca.pdf\" target=\"_blank\" rel=\"noopener\">Descarga la infograf\u00eda (PDF)<\/a><\/p><\/div>\n<p>Encuentros de asesoramiento personalizado, en peque\u00f1o grupo, para <strong>estudiantes de bachillerato<\/strong> que realizan el<strong> trabajo de investigaci\u00f3n<\/strong> sobre cuestiones internacionales como las migraciones, el cambio clim\u00e1tico, los minerales cr\u00edticos, el colonialismo o <strong>la desigualdad mundial, e iniciativas de transformaci\u00f3n<\/strong> por la justicia econ\u00f3mica, ambiental, feminista y antirracista, la defensa de los derechos humanos y la paz.<\/p>\n<p>Las sesiones pueden ser presenciales en Sants o por internet. Las plazas son limitadas. Rellenad el formulario a continuaci\u00f3n para recibir el calendario y los horarios de las sesiones.<\/p>\n<p style=\"text-align: center;\"><a href=\"https:\/\/forms.gle\/i6yCQG8qJ5EvDN5t6\" class=\"su-button su-button-style-default\" style=\"color:#FFFFFF;background-color:#2D89EF;border-color:#246ec0;border-radius:11px\" target=\"_blank\" rel=\"noopener noreferrer\"><span style=\"color:#FFFFFF;padding:0px 28px;font-size:21px;line-height:42px;border-color:#6cadf4;border-radius:11px;text-shadow:none\"> <strong>INSCRIPCI\u00d3N<\/strong><\/span><\/a>\n<h3>M\u00c1S INFORMACI\u00d3N<\/h3>\n<p>Fundaci\u00f3 Solidaritat UB<br \/>\n<a href=\"mailto:recercapau@ub.edu\">recercapau@ub.edu<\/a><br \/>\nTel. 93 403 55 38<\/p>\n<h2 style=\"text-align: left;\"><\/h2>\n","protected":false},"excerpt":{"rendered":"<p>Encuentros de asesoramiento personalizado, en peque\u00f1o grupo, para estudiantes de<\/p>\n","protected":false},"author":3,"featured_media":0,"parent":0,"menu_order":0,"comment_status":"closed","ping_status":"closed","template":"","meta":{"footnotes":""},"class_list":["post-47838","page","type-page","status-publish","hentry"],"_links":{"self":[{"href":"https:\/\/recercapau.org\/es\/wp-json\/wp\/v2\/pages\/47838","targetHints":{"allow":["GET"]}}],"collection":[{"href":"https:\/\/recercapau.org\/es\/wp-json\/wp\/v2\/pages"}],"about":[{"href":"https:\/\/recercapau.org\/es\/wp-json\/wp\/v2\/types\/page"}],"author":[{"embeddable":true,"href":"https:\/\/recercapau.org\/es\/wp-json\/wp\/v2\/users\/3"}],"replies":[{"embeddable":true,"href":"https:\/\/recercapau.org\/es\/wp-json\/wp\/v2\/comments?post=47838"}],"version-history":[{"count":5,"href":"https:\/\/recercapau.org\/es\/wp-json\/wp\/v2\/pages\/47838\/revisions"}],"predecessor-version":[{"id":52152,"href":"https:\/\/recercapau.org\/es\/wp-json\/wp\/v2\/pages\/47838\/revisions\/52152"}],"wp:attachment":[{"href":"https:\/\/recercapau.org\/es\/wp-json\/wp\/v2\/media?parent=47838"}],"curies":[{"name":"wp","href":"https:\/\/api.w.org\/{rel}","templated":true}]}}