{"id":47819,"date":"2023-02-15T11:58:35","date_gmt":"2023-02-15T10:58:35","guid":{"rendered":"https:\/\/recercapau.org\/audiovisuales\/"},"modified":"2024-09-16T16:05:47","modified_gmt":"2024-09-16T15:05:47","slug":"audiovisuales","status":"publish","type":"page","link":"https:\/\/recercapau.org\/es\/investigar\/audiovisuales\/","title":{"rendered":"Audiovisuales"},"content":{"rendered":"<div class=\"wk-scope\">\n\n    <div id=\"wk-grid139\" class=\"wk-child-width-1-1 wk-child-width-1-1@s wk-child-width-1-3@m wk-child-width-1-3@l wk-child-width-1-3@xl wk-grid-match \" wk-height-match=\"target: &gt; div &gt; .wk-panel, &gt; div &gt; .wk-card; row: true\" wk-grid  wk-lightbox=\"container: .wk-gallery-container; toggle: a[data-js-lightbox]\">\n\n            \n        <div>\n        \n<div class=\"wk-panel\">\n\n    \n        <div class=\"wk-inline-clip wk-transition-toggle \">\n\n            <img decoding=\"async\" src=\"\/wp-content\/uploads\/2025\/02\/video-vers.jpg\" class=\"wk-transition-scale-up wk-transition-opaque\" alt=\"Vers un batxillerat de recerca compromesa amb el m\u00f3n\">\n            \n                        <div class=\"wk-overlay wk-overlay-primary wk-position-cover wk-transition-fade\"><\/div>\n            \n                            <div class=\"wk-position-center wk-light\">\n                    <span class=\"wk-transition-fade\" wk-overlay-icon><\/span>\n                <\/div>\n            \n                                                                        <a class=\"wk-position-cover\" data-js-lightbox href=\"https:\/\/www.youtube.com\/watch?v=4RfPXre-yKA\" data-caption=\"Vers un batxillerat de recerca compromesa amb el m\u00f3n\"><\/a>\n                                                \n        <\/div>\n\n    \n    \n                <h3 class=\"wk-h3 wk-margin-remove-bottom\">Vers un batxillerat de recerca compromesa amb el m\u00f3n<\/h3>\n        \n        \n    \n    \n<\/div>\n        <\/div>\n\n                    \n        <div>\n        \n<div class=\"wk-panel\">\n\n    \n        <div class=\"wk-inline-clip wk-transition-toggle \">\n\n            <img decoding=\"async\" src=\"\/wp-content\/uploads\/2019\/03\/video-1.jpg\" class=\"wk-transition-scale-up wk-transition-opaque\" alt=\"\u00bfQu\u00e9 es la educaci\u00f3n para la ciudadan\u00eda global?\">\n            \n                        <div class=\"wk-overlay wk-overlay-primary wk-position-cover wk-transition-fade\"><\/div>\n            \n                            <div class=\"wk-position-center wk-light\">\n                    <span class=\"wk-transition-fade\" wk-overlay-icon><\/span>\n                <\/div>\n            \n                                                                        <a class=\"wk-position-cover\" data-js-lightbox href=\"http:\/\/www.youtube.com\/watch?v=poC1fSzV0H8\" data-caption=\"\u00bfQu\u00e9 es la educaci\u00f3n para la ciudadan\u00eda global?\"><\/a>\n                                                \n        <\/div>\n\n    \n    \n                <h3 class=\"wk-h3 wk-margin-remove-bottom\">\u00bfQu\u00e9 es la educaci\u00f3n para la ciudadan\u00eda global?<\/h3>\n        \n        \n    \n    \n<\/div>\n        <\/div>\n\n                    \n        <div>\n        \n<div class=\"wk-panel\">\n\n    \n        <div class=\"wk-inline-clip wk-transition-toggle \">\n\n            <img decoding=\"async\" src=\"\/wp-content\/uploads\/2019\/03\/video-2.jpg\" class=\"wk-transition-scale-up wk-transition-opaque\" alt=\"\u00bfInvestigas para la ciudadan\u00eda global?\">\n            \n                        <div class=\"wk-overlay wk-overlay-primary wk-position-cover wk-transition-fade\"><\/div>\n            \n                            <div class=\"wk-position-center wk-light\">\n                    <span class=\"wk-transition-fade\" wk-overlay-icon><\/span>\n                <\/div>\n            \n                                                                        <a class=\"wk-position-cover\" data-js-lightbox href=\"http:\/\/www.youtube.com\/watch?v=l1dhbmZ28wc\" data-caption=\"\u00bfInvestigas para la ciudadan\u00eda global?\"><\/a>\n                                                \n        <\/div>\n\n    \n    \n                <h3 class=\"wk-h3 wk-margin-remove-bottom\">\u00bfInvestigas para la ciudadan\u00eda global?<\/h3>\n        \n        \n    \n    \n<\/div>\n        <\/div>\n\n                    \n        <div>\n        \n<div class=\"wk-panel\">\n\n    \n        <div class=\"wk-inline-clip wk-transition-toggle \">\n\n            <img decoding=\"async\" src=\"\/wp-content\/uploads\/2019\/03\/video-3.jpg\" class=\"wk-transition-scale-up wk-transition-opaque\" alt=\"\u00bfCon qu\u00e9 t\u00e9cnicas investigas para la ciudadan\u00eda global?\">\n            \n                        <div class=\"wk-overlay wk-overlay-primary wk-position-cover wk-transition-fade\"><\/div>\n            \n                            <div class=\"wk-position-center wk-light\">\n                    <span class=\"wk-transition-fade\" wk-overlay-icon><\/span>\n                <\/div>\n            \n                                                                        <a class=\"wk-position-cover\" data-js-lightbox href=\"https:\/\/www.youtube.com\/watch?v=EH1cESKRrsE\" data-caption=\"\u00bfCon qu\u00e9 t\u00e9cnicas investigas para la ciudadan\u00eda global?\"><\/a>\n                                                \n        <\/div>\n\n    \n    \n                <h3 class=\"wk-h3 wk-margin-remove-bottom\">\u00bfCon qu\u00e9 t\u00e9cnicas investigas para la ciudadan\u00eda global?<\/h3>\n        \n        \n    \n    \n<\/div>\n        <\/div>\n\n                    \n        <div>\n        \n<div class=\"wk-panel\">\n\n    \n        <div class=\"wk-inline-clip wk-transition-toggle \">\n\n            <img decoding=\"async\" src=\"\/wp-content\/uploads\/2019\/03\/video-4.jpg\" class=\"wk-transition-scale-up wk-transition-opaque\" alt=\"\u00bfEval\u00faas la ciudadan\u00eda global?\">\n            \n                        <div class=\"wk-overlay wk-overlay-primary wk-position-cover wk-transition-fade\"><\/div>\n            \n                            <div class=\"wk-position-center wk-light\">\n                    <span class=\"wk-transition-fade\" wk-overlay-icon><\/span>\n                <\/div>\n            \n                                                                        <a class=\"wk-position-cover\" data-js-lightbox href=\"https:\/\/www.youtube.com\/watch?v=a5xoTOGJgPk\" data-caption=\"\u00bfEval\u00faas la ciudadan\u00eda global?\"><\/a>\n                                                \n        <\/div>\n\n    \n    \n                <h3 class=\"wk-h3 wk-margin-remove-bottom\">\u00bfEval\u00faas la ciudadan\u00eda global?<\/h3>\n        \n        \n    \n    \n<\/div>\n        <\/div>\n\n                    \n        <div>\n        \n<div class=\"wk-panel\">\n\n    \n        <div class=\"wk-inline-clip wk-transition-toggle \">\n\n            <img decoding=\"async\" src=\"\/wp-content\/uploads\/2019\/03\/video-5.jpg\" class=\"wk-transition-scale-up wk-transition-opaque\" alt=\"\u00bfTu investigaci\u00f3n es \u00fatil a la sociedad?\">\n            \n                        <div class=\"wk-overlay wk-overlay-primary wk-position-cover wk-transition-fade\"><\/div>\n            \n                            <div class=\"wk-position-center wk-light\">\n                    <span class=\"wk-transition-fade\" wk-overlay-icon><\/span>\n                <\/div>\n            \n                                                                        <a class=\"wk-position-cover\" data-js-lightbox href=\"https:\/\/www.youtube.com\/watch?v=5_riT2zDFKU\" data-caption=\"\u00bfTu investigaci\u00f3n es \u00fatil a la sociedad?\"><\/a>\n                                                \n        <\/div>\n\n    \n    \n                <h3 class=\"wk-h3 wk-margin-remove-bottom\">\u00bfTu investigaci\u00f3n es \u00fatil a la sociedad?<\/h3>\n        \n        \n    \n    \n<\/div>\n        <\/div>\n\n                    \n        <div>\n        \n<div class=\"wk-panel\">\n\n    \n        <div class=\"wk-inline-clip wk-transition-toggle \">\n\n            <img decoding=\"async\" src=\"\/wp-content\/uploads\/2019\/03\/video-6.jpg\" class=\"wk-transition-scale-up wk-transition-opaque\" alt=\"\u00bfC\u00f3mo eval\u00faas la investigaci\u00f3n para la ciudadan\u00eda global?\">\n            \n                        <div class=\"wk-overlay wk-overlay-primary wk-position-cover wk-transition-fade\"><\/div>\n            \n                            <div class=\"wk-position-center wk-light\">\n                    <span class=\"wk-transition-fade\" wk-overlay-icon><\/span>\n                <\/div>\n            \n                                                                        <a class=\"wk-position-cover\" data-js-lightbox href=\"https:\/\/www.youtube.com\/watch?v=k_m5jcQizXQ\" data-caption=\"\u00bfC\u00f3mo eval\u00faas la investigaci\u00f3n para la ciudadan\u00eda global?\"><\/a>\n                                                \n        <\/div>\n\n    \n    \n                <h3 class=\"wk-h3 wk-margin-remove-bottom\">\u00bfC\u00f3mo eval\u00faas la investigaci\u00f3n para la ciudadan\u00eda global?<\/h3>\n        \n        \n    \n    \n<\/div>\n        <\/div>\n\n            \n    <\/div>\n\n\n\n<script>\n\n    (function(UIkit){\n\n        var $ = UIkit.util;\n\n        $.ready(function () {\n            if (!$.$('.wk-gallery-container')) {\n                $.append(document.body, '<div class=\"wk-scope wk-gallery-container\">');\n            }\n        });\n\n    })(window.UIkitwk || window.UIkit);\n\n<\/script>\n<\/div>\n","protected":false},"excerpt":{"rendered":"","protected":false},"author":3,"featured_media":0,"parent":43391,"menu_order":0,"comment_status":"closed","ping_status":"closed","template":"","meta":{"footnotes":""},"class_list":["post-47819","page","type-page","status-publish","hentry"],"_links":{"self":[{"href":"https:\/\/recercapau.org\/es\/wp-json\/wp\/v2\/pages\/47819","targetHints":{"allow":["GET"]}}],"collection":[{"href":"https:\/\/recercapau.org\/es\/wp-json\/wp\/v2\/pages"}],"about":[{"href":"https:\/\/recercapau.org\/es\/wp-json\/wp\/v2\/types\/page"}],"author":[{"embeddable":true,"href":"https:\/\/recercapau.org\/es\/wp-json\/wp\/v2\/users\/3"}],"replies":[{"embeddable":true,"href":"https:\/\/recercapau.org\/es\/wp-json\/wp\/v2\/comments?post=47819"}],"version-history":[{"count":1,"href":"https:\/\/recercapau.org\/es\/wp-json\/wp\/v2\/pages\/47819\/revisions"}],"predecessor-version":[{"id":50622,"href":"https:\/\/recercapau.org\/es\/wp-json\/wp\/v2\/pages\/47819\/revisions\/50622"}],"up":[{"embeddable":true,"href":"https:\/\/recercapau.org\/es\/wp-json\/wp\/v2\/pages\/43391"}],"wp:attachment":[{"href":"https:\/\/recercapau.org\/es\/wp-json\/wp\/v2\/media?parent=47819"}],"curies":[{"name":"wp","href":"https:\/\/api.w.org\/{rel}","templated":true}]}}