{"id":47750,"date":"2021-09-13T10:44:39","date_gmt":"2021-09-13T09:44:39","guid":{"rendered":"https:\/\/recercapau.org\/pandemia-migraciones-y-cambio-climatico-2\/"},"modified":"2024-09-16T18:41:22","modified_gmt":"2024-09-16T17:41:22","slug":"pandemia-migraciones-cambio-climatico","status":"publish","type":"page","link":"https:\/\/recercapau.org\/es\/propuestas-aula\/pandemia-migraciones-cambio-climatico\/","title":{"rendered":"Pandemia, migraciones y cambio clim\u00e1tico"},"content":{"rendered":"<h2 style=\"text-align: center;\">\u00bfQu\u00e9 tienen en com\u00fan la pandemia, las migraciones humanas y el cambio clim\u00e1tico?<\/h2>\n<p style=\"text-align: center;\"><em>Pulsa el icono de la parte superior derecha para localizar las ventanas de contenido.<\/em><\/p>\n<div style=\"width: 100%;\">\n<div style=\"position: relative; padding-bottom: 70.48717948717949%; padding-top: 0; height: 0;\"><iframe style=\"position: absolute; top: 0; left: 0; width: 100%; height: 100%;\" src=\"https:\/\/view.genial.ly\/60fa9dca5825d50ddf885687\" width=\"3900px\" height=\"2749px\" frameborder=\"0\" scrolling=\"yes\" allowfullscreen=\"allowfullscreen\"><\/iframe><\/div>\n<\/div>\n<p style=\"text-align: center;\">Ilustraciones de <a href=\"https:\/\/atxehumorgrafico.wordpress.com\/\" target=\"_blank\" rel=\"noopener\">Atxe<\/a><\/p>\n<div class=\"wk-scope\">\n\n    <div id=\"wk-gridf70\" class=\"wk-child-width-1-1 wk-child-width-1-1@s wk-child-width-1-2@m wk-child-width-1-2@l wk-child-width-1-2@xl wk-grid-small wk-grid-match wk-text-center \" wk-height-match=\"target: &gt; div &gt; .wk-panel, &gt; div &gt; .wk-card; row: true\" wk-grid >\n\n    \n        <div >\n            <div class=\"wk-card wk-card-secondary\">\n\n                \n                \n                \n                \n                                        <div class=\"wk-card-body\">\n                    \n                        \n                                                <h2 class=\"wk-h2 wk-margin-remove-top\">\n\n                                                            <a class=\"wk-link-reset\" href=\"https:\/\/interdependents.recercapau.org\/infografies\/pandemia.php\">Infograf\u00eda interactiva<\/a>\n                            \n                            \n                        <\/h2>\n                        \n                        \n                        \n                        \n                        \n                                                <p><a class=\"wk-button wk-button-link\" href=\"https:\/\/interdependents.recercapau.org\/infografies\/pandemia.php\"><\/a><\/p>\n                        \n                                        <\/div>\n                    \n                \n            <\/div>\n        <\/div>\n\n    \n        <div >\n            <div class=\"wk-card wk-card-secondary\">\n\n                \n                \n                \n                \n                                        <div class=\"wk-card-body\">\n                    \n                        \n                                                <h2 class=\"wk-h2 wk-margin-remove-top\">\n\n                                                            <a class=\"wk-link-reset\" href=\"http:\/\/recercapau.org\/wp-content\/uploads\/2021\/09\/Infografia-Pandemia.pdf\">Infograf\u00eda en PDF<\/a>\n                            \n                            \n                        <\/h2>\n                        \n                        \n                        \n                                                <div class=\"wk-margin\">con propuestas de investigaci\u00f3n<\/div>\n                        \n                        \n                                                <p><a class=\"wk-button wk-button-link\" href=\"http:\/\/recercapau.org\/wp-content\/uploads\/2021\/09\/Infografia-Pandemia.pdf\"><\/a><\/p>\n                        \n                                        <\/div>\n                    \n                \n            <\/div>\n        <\/div>\n\n    \n    <\/div>\n\n<\/div>\n","protected":false},"excerpt":{"rendered":"<p>\u00bfQu\u00e9 tienen en com\u00fan la pandemia, las migraciones humanas y<\/p>\n","protected":false},"author":3,"featured_media":0,"parent":43362,"menu_order":0,"comment_status":"closed","ping_status":"closed","template":"","meta":{"footnotes":""},"class_list":["post-47750","page","type-page","status-publish","hentry"],"_links":{"self":[{"href":"https:\/\/recercapau.org\/es\/wp-json\/wp\/v2\/pages\/47750","targetHints":{"allow":["GET"]}}],"collection":[{"href":"https:\/\/recercapau.org\/es\/wp-json\/wp\/v2\/pages"}],"about":[{"href":"https:\/\/recercapau.org\/es\/wp-json\/wp\/v2\/types\/page"}],"author":[{"embeddable":true,"href":"https:\/\/recercapau.org\/es\/wp-json\/wp\/v2\/users\/3"}],"replies":[{"embeddable":true,"href":"https:\/\/recercapau.org\/es\/wp-json\/wp\/v2\/comments?post=47750"}],"version-history":[{"count":1,"href":"https:\/\/recercapau.org\/es\/wp-json\/wp\/v2\/pages\/47750\/revisions"}],"predecessor-version":[{"id":50649,"href":"https:\/\/recercapau.org\/es\/wp-json\/wp\/v2\/pages\/47750\/revisions\/50649"}],"up":[{"embeddable":true,"href":"https:\/\/recercapau.org\/es\/wp-json\/wp\/v2\/pages\/43362"}],"wp:attachment":[{"href":"https:\/\/recercapau.org\/es\/wp-json\/wp\/v2\/media?parent=47750"}],"curies":[{"name":"wp","href":"https:\/\/api.w.org\/{rel}","templated":true}]}}