{"id":47740,"date":"2021-04-04T01:00:50","date_gmt":"2021-04-04T00:00:50","guid":{"rendered":"https:\/\/recercapau.org\/union-europea\/"},"modified":"2024-12-18T13:48:15","modified_gmt":"2024-12-18T12:48:15","slug":"union-europea","status":"publish","type":"page","link":"https:\/\/recercapau.org\/es\/glosario\/union-europea\/","title":{"rendered":"Uni\u00f3n Europea"},"content":{"rendered":"<p>La Uni\u00f3n Europea (UE) es una asociaci\u00f3n de Estados europeos, que ceden parte de su poder decisorio a unas instituciones comunes, entre las cuales:<\/p>\n<ul>\n<li><strong><a href=\"https:\/\/www.europarl.europa.eu\/portal\/es\" target=\"_blank\" rel=\"noopener\">Parlamento Europeo<\/a>.- <\/strong>Es el <strong>\u00f3rgano legislativo<\/strong> de la UE. Sus <strong>diputados y diputadas<\/strong> son elegidos por sufragio de la ciudadan\u00eda europea cada 5 a\u00f1os. A cada pa\u00eds le corresponde un n\u00famero proporcional de europarlamentarios-as, que posteriormente formar\u00e1n grupo pol\u00edtico en el Parlamento con representantes de diferentes pa\u00edses e ideolog\u00eda af\u00edn.<\/li>\n<li><strong><a href=\"https:\/\/www.consilium.europa.eu\/es\/\" target=\"_blank\" rel=\"noopener\">Consejo Europeo<\/a>.-<\/strong> Define la orientaci\u00f3n general y prioridades pol\u00edticas de la UE, que puede remitir a la Comisi\u00f3n Europea (para que elabore una propuesta) o al Consejo de la UE. Formado por los <strong>Jefes de Estado o de Gobierno<\/strong> de los Estados miembros, el presidente de la UE y el presidente de la Comisi\u00f3n Europea. Habitualmente, act\u00faa de colegislador junto al Parlamento Europeo, es decir, ambas instituciones muestran su acuerdo en adoptar una legislaci\u00f3n. En caso de desacuerdo, se inicia un procedimiento legislativo especial en el que legisla el Consejo y el Parlamento ve limitado su papel a la consulta o el consentimiento.<\/li>\n<li><a href=\"https:\/\/www.consilium.europa.eu\/es\/council-eu\/\" target=\"_blank\" rel=\"noopener\"><strong>Consejo de la UE<\/strong><\/a>.<strong>&#8211;<\/strong> Es el \u00f3rgano de representaci\u00f3n de los gobiernos estatales, formado por los <strong>ministros-as nacionales de los pa\u00edses de la UE <\/strong>y presidido cada seis meses por un Estado miembro. Adopta la legislaci\u00f3n europea y coordina las pol\u00edticas espec\u00edficas de cada \u00e1mbito. Tambi\u00e9n puede elaborar propuestas legislativas a petici\u00f3n del Consejo Europeo, as\u00ed como celebrar acuerdos internacionales entre la UE y otros pa\u00edses u organizaciones internacionales. Entre sus 10 formaciones (por \u00e1mbitos pol\u00edticos), incluye el <strong>Consejo de Asuntos Exteriores<\/strong>, que determina y aplica la pol\u00edtica exterior y de seguridad de la UE.<\/li>\n<li><a href=\"https:\/\/ec.europa.eu\/info\/index_es\" target=\"_blank\" rel=\"noopener\"><strong>Comisi\u00f3n Europea<\/strong><\/a>.<strong>&#8211;<\/strong> Es el <strong>\u00f3rgano ejecutivo <\/strong>de la UE, responsable de elaborar propuestas legislativas y de aplicar las decisiones del <a href=\"https:\/\/europa.eu\/european-union\/about-eu\/institutions-bodies\/european-parliament_es\">Parlamento Europeo<\/a> y el <a href=\"https:\/\/europa.eu\/european-union\/about-eu\/institutions-bodies\/council-eu_es\">Consejo de la UE<\/a>. Est\u00e1 formada por un equipo de 27 <strong>comisarios-as<\/strong> -uno por cada Estado miembro-, bajo la direcci\u00f3n de un-a Presidente de la Comisi\u00f3n, elegidos-as en votaci\u00f3n por el Parlamento Europeo. Se organiza en Direcciones Generales que se ocupan de diferentes \u00e1reas pol\u00edticas.<\/li>\n<\/ul>\n<p>La UE incluye otras instituciones como el <strong>Banco Central Europeo<\/strong>, el <strong>Tribunal de Justicia de la UE<\/strong>, el <strong>Defensor del Pueblo<\/strong>&#8230;<\/p>\n<p>El <strong>Consejo de Europa<\/strong> es otra organizaci\u00f3n internacional, ajena a la UE, con sede en Estrasburgo.<\/p>\n<h4>Fuente:<\/h4>\n<p><a href=\"https:\/\/europa.eu\/european-union\/index_es\" target=\"_blank\" rel=\"noopener\">Web oficial de la Uni\u00f3n Europea<\/a><\/p>\n","protected":false},"excerpt":{"rendered":"<p>La Uni\u00f3n Europea (UE) es una asociaci\u00f3n de Estados europeos,<\/p>\n","protected":false},"author":2,"featured_media":0,"parent":43616,"menu_order":0,"comment_status":"closed","ping_status":"closed","template":"","meta":{"footnotes":""},"class_list":["post-47740","page","type-page","status-publish","hentry"],"_links":{"self":[{"href":"https:\/\/recercapau.org\/es\/wp-json\/wp\/v2\/pages\/47740","targetHints":{"allow":["GET"]}}],"collection":[{"href":"https:\/\/recercapau.org\/es\/wp-json\/wp\/v2\/pages"}],"about":[{"href":"https:\/\/recercapau.org\/es\/wp-json\/wp\/v2\/types\/page"}],"author":[{"embeddable":true,"href":"https:\/\/recercapau.org\/es\/wp-json\/wp\/v2\/users\/2"}],"replies":[{"embeddable":true,"href":"https:\/\/recercapau.org\/es\/wp-json\/wp\/v2\/comments?post=47740"}],"version-history":[{"count":1,"href":"https:\/\/recercapau.org\/es\/wp-json\/wp\/v2\/pages\/47740\/revisions"}],"predecessor-version":[{"id":51969,"href":"https:\/\/recercapau.org\/es\/wp-json\/wp\/v2\/pages\/47740\/revisions\/51969"}],"up":[{"embeddable":true,"href":"https:\/\/recercapau.org\/es\/wp-json\/wp\/v2\/pages\/43616"}],"wp:attachment":[{"href":"https:\/\/recercapau.org\/es\/wp-json\/wp\/v2\/media?parent=47740"}],"curies":[{"name":"wp","href":"https:\/\/api.w.org\/{rel}","templated":true}]}}