{"id":44846,"date":"2021-03-30T10:15:29","date_gmt":"2021-03-30T09:15:29","guid":{"rendered":"https:\/\/recercapau.org\/redes-de-investigacion-para-la-ciudadania-global\/"},"modified":"2024-09-26T14:22:18","modified_gmt":"2024-09-26T13:22:18","slug":"redes-de-investigacion-para-la-ciudadania-global","status":"publish","type":"page","link":"https:\/\/recercapau.org\/es\/redes-de-investigacion-para-la-ciudadania-global\/","title":{"rendered":"Redes de investigaci\u00f3n para la ciudadan\u00eda global"},"content":{"rendered":"<div class=\"fusion-fullwidth fullwidth-box fusion-builder-row-1 fusion-flex-container nonhundred-percent-fullwidth non-hundred-percent-height-scrolling\" style=\"--awb-border-radius-top-left:0px;--awb-border-radius-top-right:0px;--awb-border-radius-bottom-right:0px;--awb-border-radius-bottom-left:0px;--awb-flex-wrap:wrap;\" ><div class=\"fusion-builder-row fusion-row fusion-flex-align-items-flex-start fusion-flex-content-wrap\" style=\"max-width:1248px;margin-left: calc(-4% \/ 2 );margin-right: calc(-4% \/ 2 );\"><div class=\"fusion-layout-column fusion_builder_column fusion-builder-column-0 fusion_builder_column_1_1 1_1 fusion-flex-column\" style=\"--awb-bg-size:cover;--awb-width-large:100%;--awb-margin-top-large:0px;--awb-spacing-right-large:1.92%;--awb-margin-bottom-large:0px;--awb-spacing-left-large:1.92%;--awb-width-medium:100%;--awb-spacing-right-medium:1.92%;--awb-spacing-left-medium:1.92%;--awb-width-small:100%;--awb-spacing-right-small:1.92%;--awb-spacing-left-small:1.92%;\"><div class=\"fusion-column-wrapper fusion-flex-justify-content-flex-start fusion-content-layout-column\"><div class=\"fusion-text fusion-text-1\"><div style=\"text-align: center;\">\n<h3>Materiales y recursos para la educaci\u00f3n en ciudadan\u00eda global a trav\u00e9s de la investigaci\u00f3n.<\/h3>\n<\/div>\n<div class=\"wk-scope\">\n\n    <div id=\"wk-grid64b\" class=\"wk-child-width-1-1 wk-child-width-1-1@s wk-child-width-1-4@m wk-child-width-1-4@l wk-child-width-1-4@xl wk-grid-large wk-grid-match \" wk-height-match=\"target: &gt; div &gt; .wk-panel, &gt; div &gt; .wk-card; row: true\" wk-grid  wk-lightbox=\"container: .wk-gallery-container; toggle: a[data-js-lightbox]\">\n\n            \n        <div>\n        \n<div class=\"wk-panel\">\n\n    <div class=\"wk-inline-clip wk-transition-toggle \">\n\n        <img decoding=\"async\" src=\"\/wp-content\/uploads\/2015\/11\/INFOGRAFIA-educacion-ciudadania-global.jpg\" class=\"wk-transition-scale-up wk-transition-opaque\" alt=\"Educaci\u00f3n para la ciudadan\u00eda global\">\n                <div class=\"wk-overlay wk-overlay-primary wk-position-cover wk-transition-fade\"><\/div>\n        \n        <div class=\"wk-overlay wk-position-cover wk-transition-fade wk-flex wk-flex-center wk-flex-middle wk-text-center wk-light\">\n            <div>\n\n                                <h4 class=\"wk-h4 wk-margin-small\">Educaci\u00f3n para la ciudadan\u00eda global<\/h4>\n                \n                \n                                <div class=\"wk-grid wk-grid-small wk-flex-center wk-margin\" wk-grid>\n\n                                        <div><a class=\"wk-button wk-button-default\" href=\"http:\/\/recercapau.org\/investigar\/educacion-la-ciudadania-global\/\">[+]<\/a><\/div>\n                    \n                    \n                <\/div>\n                \n            <\/div>\n        <\/div>\n\n        \n    <\/div>\n\n<\/div>\n        <\/div>\n\n                    \n        <div>\n        \n<div class=\"wk-panel\">\n\n    <div class=\"wk-inline-clip wk-transition-toggle \">\n\n        <img decoding=\"async\" src=\"\/wp-content\/uploads\/2016\/02\/investigacion-educacion-ciudadania-global.png\" class=\"wk-transition-scale-up wk-transition-opaque\" alt=\"Investigaci\u00f3n cient\u00edfica y educaci\u00f3n para la ciudadan\u00eda global\">\n                <div class=\"wk-overlay wk-overlay-primary wk-position-cover wk-transition-fade\"><\/div>\n        \n        <div class=\"wk-overlay wk-position-cover wk-transition-fade wk-flex wk-flex-center wk-flex-middle wk-text-center wk-light\">\n            <div>\n\n                                <h4 class=\"wk-h4 wk-margin-small\">Investigaci\u00f3n cient\u00edfica y educaci\u00f3n para la ciudadan\u00eda global<\/h4>\n                \n                \n                                <div class=\"wk-grid wk-grid-small wk-flex-center wk-margin\" wk-grid>\n\n                                        <div><a class=\"wk-button wk-button-default\" href=\"http:\/\/recercapau.org\/investigar\/investigacion-formativa\/\">[+]<\/a><\/div>\n                    \n                    \n                <\/div>\n                \n            <\/div>\n        <\/div>\n\n        \n    <\/div>\n\n<\/div>\n        <\/div>\n\n                    \n        <div>\n        \n<div class=\"wk-panel\">\n\n    <div class=\"wk-inline-clip wk-transition-toggle \">\n\n        <img decoding=\"async\" src=\"\/wp-content\/uploads\/2016\/11\/tecnicas-investigacion-ciudadania-global.jpg\" class=\"wk-transition-scale-up wk-transition-opaque\" alt=\"T\u00e9cnicas de investigaci\u00f3n para la ciudadan\u00eda global\">\n                <div class=\"wk-overlay wk-overlay-primary wk-position-cover wk-transition-fade\"><\/div>\n        \n        <div class=\"wk-overlay wk-position-cover wk-transition-fade wk-flex wk-flex-center wk-flex-middle wk-text-center wk-light\">\n            <div>\n\n                                <h4 class=\"wk-h4 wk-margin-small\">T\u00e9cnicas de investigaci\u00f3n para la ciudadan\u00eda global<\/h4>\n                \n                \n                                <div class=\"wk-grid wk-grid-small wk-flex-center wk-margin\" wk-grid>\n\n                                        <div><a class=\"wk-button wk-button-default\" href=\"http:\/\/recercapau.org\/investigar\/tecnicas-de-investigacion\/\">[+]<\/a><\/div>\n                    \n                    \n                <\/div>\n                \n            <\/div>\n        <\/div>\n\n        \n    <\/div>\n\n<\/div>\n        <\/div>\n\n                    \n        <div>\n        \n<div class=\"wk-panel\">\n\n    <div class=\"wk-inline-clip wk-transition-toggle \">\n\n        <img decoding=\"async\" src=\"\/wp-content\/uploads\/2017\/06\/Investigar-educa-en-ciudadania_La-voz-de-estudiantes.jpg\" class=\"wk-transition-scale-up wk-transition-opaque\" alt=\"La voz de estudiantes\">\n                <div class=\"wk-overlay wk-overlay-primary wk-position-cover wk-transition-fade\"><\/div>\n        \n        <div class=\"wk-overlay wk-position-cover wk-transition-fade wk-flex wk-flex-center wk-flex-middle wk-text-center wk-light\">\n            <div>\n\n                                <h4 class=\"wk-h4 wk-margin-small\">La voz de estudiantes<\/h4>\n                \n                \n                                <div class=\"wk-grid wk-grid-small wk-flex-center wk-margin\" wk-grid>\n\n                                        <div><a class=\"wk-button wk-button-default\" href=\"http:\/\/recercapau.org\/investigar\/evaluacion-formativa\/dinamica-de-autoevaluacion\/\">[+]<\/a><\/div>\n                    \n                    \n                <\/div>\n                \n            <\/div>\n        <\/div>\n\n        \n    <\/div>\n\n<\/div>\n        <\/div>\n\n                    \n        <div>\n        \n<div class=\"wk-panel\">\n\n    <div class=\"wk-inline-clip wk-transition-toggle \">\n\n        <img decoding=\"async\" src=\"\/wp-content\/uploads\/2017\/09\/INFOGRAFIA-investigacion-para-los-derechos-humanos.jpg\" class=\"wk-transition-scale-up wk-transition-opaque\" alt=\"Investigar educa en ciudadan\u00eda\">\n                <div class=\"wk-overlay wk-overlay-primary wk-position-cover wk-transition-fade\"><\/div>\n        \n        <div class=\"wk-overlay wk-position-cover wk-transition-fade wk-flex wk-flex-center wk-flex-middle wk-text-center wk-light\">\n            <div>\n\n                                <h4 class=\"wk-h4 wk-margin-small\">Investigar educa en ciudadan\u00eda<\/h4>\n                \n                \n                                <div class=\"wk-grid wk-grid-small wk-flex-center wk-margin\" wk-grid>\n\n                                        <div><a class=\"wk-button wk-button-default\" href=\"https:\/\/recercapau.org\/es\/investigar\/aps\/\">[+]<\/a><\/div>\n                    \n                    \n                <\/div>\n                \n            <\/div>\n        <\/div>\n\n        \n    <\/div>\n\n<\/div>\n        <\/div>\n\n                    \n        <div>\n        \n<div class=\"wk-panel\">\n\n    <div class=\"wk-inline-clip wk-transition-toggle \">\n\n        <img decoding=\"async\" src=\"\/wp-content\/uploads\/2017\/04\/INFOGRAFIA-criterios-de-evaluacion-formativa.jpg\" class=\"wk-transition-scale-up wk-transition-opaque\" alt=\"Criterios de evaluaci\u00f3n formativa\">\n                <div class=\"wk-overlay wk-overlay-primary wk-position-cover wk-transition-fade\"><\/div>\n        \n        <div class=\"wk-overlay wk-position-cover wk-transition-fade wk-flex wk-flex-center wk-flex-middle wk-text-center wk-light\">\n            <div>\n\n                                <h4 class=\"wk-h4 wk-margin-small\">Criterios de evaluaci\u00f3n formativa<\/h4>\n                \n                \n                                <div class=\"wk-grid wk-grid-small wk-flex-center wk-margin\" wk-grid>\n\n                                        <div><a class=\"wk-button wk-button-default\" href=\"http:\/\/recercapau.org\/investigar\/evaluacion-formativa\/criteris-davaluacio\/\">[+]<\/a><\/div>\n                    \n                    \n                <\/div>\n                \n            <\/div>\n        <\/div>\n\n        \n    <\/div>\n\n<\/div>\n        <\/div>\n\n            \n    <\/div>\n\n\n\n<script>\n\n    (function(UIkit){\n\n        var $ = UIkit.util;\n\n        $.ready(function () {\n            if (!$.$('.wk-gallery-container')) {\n                $.append(document.body, '<div class=\"wk-scope wk-gallery-container\">');\n            }\n        });\n\n    })(window.UIkitwk || window.UIkit);\n\n<\/script>\n<\/div>\n<hr>\n<div class=\"wk-scope\">\n\n    <div id=\"wk-grid1a7\" class=\"wk-child-width-1-1 wk-child-width-1-1@s wk-child-width-1-3@m wk-child-width-1-3@l wk-child-width-1-3@xl wk-grid-match \" wk-height-match=\"target: &gt; div &gt; .wk-panel, &gt; div &gt; .wk-card; row: true\" wk-grid  wk-lightbox=\"container: .wk-gallery-container; toggle: a[data-js-lightbox]\">\n\n            \n        <div>\n        \n<div class=\"wk-panel\">\n\n    \n        <div class=\"wk-inline-clip wk-transition-toggle \">\n\n            <img decoding=\"async\" src=\"\/wp-content\/uploads\/2025\/02\/video-vers.jpg\" class=\"wk-transition-scale-up wk-transition-opaque\" alt=\"Vers un batxillerat de recerca compromesa amb el m\u00f3n\">\n            \n                        <div class=\"wk-overlay wk-overlay-primary wk-position-cover wk-transition-fade\"><\/div>\n            \n                            <div class=\"wk-position-center wk-light\">\n                    <span class=\"wk-transition-fade\" wk-overlay-icon><\/span>\n                <\/div>\n            \n                                                                        <a class=\"wk-position-cover\" data-js-lightbox href=\"https:\/\/www.youtube.com\/watch?v=4RfPXre-yKA\" data-caption=\"Vers un batxillerat de recerca compromesa amb el m\u00f3n\"><\/a>\n                                                \n        <\/div>\n\n    \n    \n                <h3 class=\"wk-h3 wk-margin-remove-bottom\">Vers un batxillerat de recerca compromesa amb el m\u00f3n<\/h3>\n        \n        \n    \n    \n<\/div>\n        <\/div>\n\n                    \n        <div>\n        \n<div class=\"wk-panel\">\n\n    \n        <div class=\"wk-inline-clip wk-transition-toggle \">\n\n            <img decoding=\"async\" src=\"\/wp-content\/uploads\/2019\/03\/video-1.jpg\" class=\"wk-transition-scale-up wk-transition-opaque\" alt=\"\u00bfQu\u00e9 es la educaci\u00f3n para la ciudadan\u00eda global?\">\n            \n                        <div class=\"wk-overlay wk-overlay-primary wk-position-cover wk-transition-fade\"><\/div>\n            \n                            <div class=\"wk-position-center wk-light\">\n                    <span class=\"wk-transition-fade\" wk-overlay-icon><\/span>\n                <\/div>\n            \n                                                                        <a class=\"wk-position-cover\" data-js-lightbox href=\"http:\/\/www.youtube.com\/watch?v=poC1fSzV0H8\" data-caption=\"\u00bfQu\u00e9 es la educaci\u00f3n para la ciudadan\u00eda global?\"><\/a>\n                                                \n        <\/div>\n\n    \n    \n                <h3 class=\"wk-h3 wk-margin-remove-bottom\">\u00bfQu\u00e9 es la educaci\u00f3n para la ciudadan\u00eda global?<\/h3>\n        \n        \n    \n    \n<\/div>\n        <\/div>\n\n                    \n        <div>\n        \n<div class=\"wk-panel\">\n\n    \n        <div class=\"wk-inline-clip wk-transition-toggle \">\n\n            <img decoding=\"async\" src=\"\/wp-content\/uploads\/2019\/03\/video-2.jpg\" class=\"wk-transition-scale-up wk-transition-opaque\" alt=\"\u00bfInvestigas para la ciudadan\u00eda global?\">\n            \n                        <div class=\"wk-overlay wk-overlay-primary wk-position-cover wk-transition-fade\"><\/div>\n            \n                            <div class=\"wk-position-center wk-light\">\n                    <span class=\"wk-transition-fade\" wk-overlay-icon><\/span>\n                <\/div>\n            \n                                                                        <a class=\"wk-position-cover\" data-js-lightbox href=\"http:\/\/www.youtube.com\/watch?v=l1dhbmZ28wc\" data-caption=\"\u00bfInvestigas para la ciudadan\u00eda global?\"><\/a>\n                                                \n        <\/div>\n\n    \n    \n                <h3 class=\"wk-h3 wk-margin-remove-bottom\">\u00bfInvestigas para la ciudadan\u00eda global?<\/h3>\n        \n        \n    \n    \n<\/div>\n        <\/div>\n\n                    \n        <div>\n        \n<div class=\"wk-panel\">\n\n    \n        <div class=\"wk-inline-clip wk-transition-toggle \">\n\n            <img decoding=\"async\" src=\"\/wp-content\/uploads\/2019\/03\/video-3.jpg\" class=\"wk-transition-scale-up wk-transition-opaque\" alt=\"\u00bfCon qu\u00e9 t\u00e9cnicas investigas para la ciudadan\u00eda global?\">\n            \n                        <div class=\"wk-overlay wk-overlay-primary wk-position-cover wk-transition-fade\"><\/div>\n            \n                            <div class=\"wk-position-center wk-light\">\n                    <span class=\"wk-transition-fade\" wk-overlay-icon><\/span>\n                <\/div>\n            \n                                                                        <a class=\"wk-position-cover\" data-js-lightbox href=\"https:\/\/www.youtube.com\/watch?v=EH1cESKRrsE\" data-caption=\"\u00bfCon qu\u00e9 t\u00e9cnicas investigas para la ciudadan\u00eda global?\"><\/a>\n                                                \n        <\/div>\n\n    \n    \n                <h3 class=\"wk-h3 wk-margin-remove-bottom\">\u00bfCon qu\u00e9 t\u00e9cnicas investigas para la ciudadan\u00eda global?<\/h3>\n        \n        \n    \n    \n<\/div>\n        <\/div>\n\n                    \n        <div>\n        \n<div class=\"wk-panel\">\n\n    \n        <div class=\"wk-inline-clip wk-transition-toggle \">\n\n            <img decoding=\"async\" src=\"\/wp-content\/uploads\/2019\/03\/video-4.jpg\" class=\"wk-transition-scale-up wk-transition-opaque\" alt=\"\u00bfEval\u00faas la ciudadan\u00eda global?\">\n            \n                        <div class=\"wk-overlay wk-overlay-primary wk-position-cover wk-transition-fade\"><\/div>\n            \n                            <div class=\"wk-position-center wk-light\">\n                    <span class=\"wk-transition-fade\" wk-overlay-icon><\/span>\n                <\/div>\n            \n                                                                        <a class=\"wk-position-cover\" data-js-lightbox href=\"https:\/\/www.youtube.com\/watch?v=a5xoTOGJgPk\" data-caption=\"\u00bfEval\u00faas la ciudadan\u00eda global?\"><\/a>\n                                                \n        <\/div>\n\n    \n    \n                <h3 class=\"wk-h3 wk-margin-remove-bottom\">\u00bfEval\u00faas la ciudadan\u00eda global?<\/h3>\n        \n        \n    \n    \n<\/div>\n        <\/div>\n\n                    \n        <div>\n        \n<div class=\"wk-panel\">\n\n    \n        <div class=\"wk-inline-clip wk-transition-toggle \">\n\n            <img decoding=\"async\" src=\"\/wp-content\/uploads\/2019\/03\/video-5.jpg\" class=\"wk-transition-scale-up wk-transition-opaque\" alt=\"\u00bfTu investigaci\u00f3n es \u00fatil a la sociedad?\">\n            \n                        <div class=\"wk-overlay wk-overlay-primary wk-position-cover wk-transition-fade\"><\/div>\n            \n                            <div class=\"wk-position-center wk-light\">\n                    <span class=\"wk-transition-fade\" wk-overlay-icon><\/span>\n                <\/div>\n            \n                                                                        <a class=\"wk-position-cover\" data-js-lightbox href=\"https:\/\/www.youtube.com\/watch?v=5_riT2zDFKU\" data-caption=\"\u00bfTu investigaci\u00f3n es \u00fatil a la sociedad?\"><\/a>\n                                                \n        <\/div>\n\n    \n    \n                <h3 class=\"wk-h3 wk-margin-remove-bottom\">\u00bfTu investigaci\u00f3n es \u00fatil a la sociedad?<\/h3>\n        \n        \n    \n    \n<\/div>\n        <\/div>\n\n                    \n        <div>\n        \n<div class=\"wk-panel\">\n\n    \n        <div class=\"wk-inline-clip wk-transition-toggle \">\n\n            <img decoding=\"async\" src=\"\/wp-content\/uploads\/2019\/03\/video-6.jpg\" class=\"wk-transition-scale-up wk-transition-opaque\" alt=\"\u00bfC\u00f3mo eval\u00faas la investigaci\u00f3n para la ciudadan\u00eda global?\">\n            \n                        <div class=\"wk-overlay wk-overlay-primary wk-position-cover wk-transition-fade\"><\/div>\n            \n                            <div class=\"wk-position-center wk-light\">\n                    <span class=\"wk-transition-fade\" wk-overlay-icon><\/span>\n                <\/div>\n            \n                                                                        <a class=\"wk-position-cover\" data-js-lightbox href=\"https:\/\/www.youtube.com\/watch?v=k_m5jcQizXQ\" data-caption=\"\u00bfC\u00f3mo eval\u00faas la investigaci\u00f3n para la ciudadan\u00eda global?\"><\/a>\n                                                \n        <\/div>\n\n    \n    \n                <h3 class=\"wk-h3 wk-margin-remove-bottom\">\u00bfC\u00f3mo eval\u00faas la investigaci\u00f3n para la ciudadan\u00eda global?<\/h3>\n        \n        \n    \n    \n<\/div>\n        <\/div>\n\n            \n    <\/div>\n\n\n\n<script>\n\n    (function(UIkit){\n\n        var $ = UIkit.util;\n\n        $.ready(function () {\n            if (!$.$('.wk-gallery-container')) {\n                $.append(document.body, '<div class=\"wk-scope wk-gallery-container\">');\n            }\n        });\n\n    })(window.UIkitwk || window.UIkit);\n\n<\/script>\n<\/div>\n<\/div><\/div><\/div><\/div><\/div>\n","protected":false},"excerpt":{"rendered":"","protected":false},"author":3,"featured_media":0,"parent":0,"menu_order":0,"comment_status":"closed","ping_status":"closed","template":"","meta":{"footnotes":""},"class_list":["post-44846","page","type-page","status-publish","hentry"],"_links":{"self":[{"href":"https:\/\/recercapau.org\/es\/wp-json\/wp\/v2\/pages\/44846","targetHints":{"allow":["GET"]}}],"collection":[{"href":"https:\/\/recercapau.org\/es\/wp-json\/wp\/v2\/pages"}],"about":[{"href":"https:\/\/recercapau.org\/es\/wp-json\/wp\/v2\/types\/page"}],"author":[{"embeddable":true,"href":"https:\/\/recercapau.org\/es\/wp-json\/wp\/v2\/users\/3"}],"replies":[{"embeddable":true,"href":"https:\/\/recercapau.org\/es\/wp-json\/wp\/v2\/comments?post=44846"}],"version-history":[{"count":2,"href":"https:\/\/recercapau.org\/es\/wp-json\/wp\/v2\/pages\/44846\/revisions"}],"predecessor-version":[{"id":51298,"href":"https:\/\/recercapau.org\/es\/wp-json\/wp\/v2\/pages\/44846\/revisions\/51298"}],"wp:attachment":[{"href":"https:\/\/recercapau.org\/es\/wp-json\/wp\/v2\/media?parent=44846"}],"curies":[{"name":"wp","href":"https:\/\/api.w.org\/{rel}","templated":true}]}}