{"id":44829,"date":"2021-02-23T13:28:52","date_gmt":"2021-02-23T12:28:52","guid":{"rendered":"https:\/\/recercapau.org\/pandemia-migraciones-y-cambio-climatico\/"},"modified":"2024-09-16T18:39:38","modified_gmt":"2024-09-16T17:39:38","slug":"pandemia","status":"publish","type":"page","link":"https:\/\/recercapau.org\/es\/pandemia\/","title":{"rendered":"Pandemia, migraciones y cambio clim\u00e1tico"},"content":{"rendered":"<h4><em>Proyecto finalizado. Consulta los <a href=\"https:\/\/recercapau.org\/projectes\/\">proyectos actuales<\/a>.<\/em><\/h4>\n<h3 style=\"text-align: center;\">Este proyecto ha explorado las posibilidades de trabajo interdisciplinario entre el bachillerato cient\u00edfico y social<br \/>\na trav\u00e9s de la investigaci\u00f3n formativa sobre eventos de actualidad.<\/h3>\n<h2>Materiales<\/h2>\n<div class=\"wk-scope\">\n<div class=\"wk-position-relative wk-visible-toggle \" wk-slider=\"finite: true;autoplay-interval: 3000\">\n\n    <ul class=\"wk-slider-items wk-grid wk-grid-match wk-child-width-1-1\" >\n    \n        <li>\n\n            <div class=\"wk-panel wk-inline-clip wk-transition-toggle wk-background-cover\" style=\"height: 250px;background-image: url('\/wp-content\/uploads\/2023\/10\/Vers_Batxillerat_Recerca_Compromesa-publicacio-final.png');\">\n\n                \n                                <div class=\"wk-position-cover wk-overlay-primary \"><\/div>\n                \n                <div class=\"wk-overlay wk-position-cover  wk-flex wk-flex-center wk-flex-middle wk-text-center wk-light\">\n                    <div>\n\n                                                <h3 class=\"wk-h3 wk-margin-remove-top wk-margin-remove-top\">\n\n                                                            <a class=\"wk-link-reset\" href=\"https:\/\/recercapau.org\/batxillerat-recerca-compromesa\/\" target=\"_blank\">Publicaci\u00f3n final<\/a>\n                            \n                        <\/h3>\n                        \n                        \n                        \n                    <\/div>\n                <\/div>\n\n                                <a class=\"wk-position-cover\" href=\"https:\/\/recercapau.org\/batxillerat-recerca-compromesa\/\" target=\"_blank\"><\/a>\n                \n            <\/div>\n\n        <\/li>\n\n        <\/ul>\n\n    \n                <div class=\"wk-light\">\n        \n            <a href=\"#\" class=\"wk-position-center-left wk-position-small wk-hidden-hover\" wk-slidenav-previous wk-slider-item=\"previous\"><\/a>\n            <a href=\"#\" class=\"wk-position-center-right wk-position-small wk-hidden-hover\" wk-slidenav-next wk-slider-item=\"next\"><\/a>\n\n                <\/div>\n        \n    \n<\/div>\n<\/div>\n<hr \/>\n<div class=\"wk-scope\">\n\n    <div id=\"wk-gridd2b\" class=\"wk-child-width-1-1 wk-child-width-1-1@s wk-child-width-1-3@m wk-child-width-1-3@l wk-child-width-1-3@xl wk-grid-match wk-text-center \" wk-height-match=\"target: &gt; div &gt; .wk-panel, &gt; div &gt; .wk-card; row: true\" wk-grid >\n\n    \n        <div >\n            <div class=\"wk-card wk-card-secondary\">\n\n                \n                \n                                <div class=\"wk-text-center wk-card-media-top\"><div class=\"wk-inline-clip wk-transition-toggle wk-border-rounded\"><img decoding=\"async\" src=\"\/wp-content\/uploads\/2021\/10\/mapamundi-drets-humans-2021-diba.jpg\" class=\"wk-border-rounded wk-transition-scale-up wk-transition-opaque\" alt=\"Mapamundi\"><div class=\"wk-overlay-primary wk-position-cover wk-transition-fade\"><div class=\"wk-position-center\"><span class=\"\" wk-overlay-icon><\/span><\/div><\/div><a class=\"wk-position-cover\" href=\"https:\/\/interdependents.recercapau.org\/mapamundi\/\" target=\"_blank\" title=\"Mapamundi\"><\/a><\/div><\/div>\n                \n                \n                                        <div class=\"wk-card-body\">\n                    \n                        \n                                                <h3 class=\"wk-h3 wk-margin-remove-top\">\n\n                                                            <a class=\"wk-link-reset\" href=\"https:\/\/interdependents.recercapau.org\/mapamundi\/\" target=\"_blank\">Mapamundi<\/a>\n                            \n                            \n                        <\/h3>\n                        \n                        \n                        \n                                                <div class=\"wk-margin\">Mapa que ubica problem\u00e1ticas de derechos humanos vinculadas a los ODS de la Agenda 2030. Permite publicar trabajos de estudiantes sobre estas problem\u00e1ticas.<\/div>\n                        \n                        \n                        \n                                        <\/div>\n                    \n                \n            <\/div>\n        <\/div>\n\n    \n        <div >\n            <div class=\"wk-card wk-card-secondary\">\n\n                \n                \n                                <div class=\"wk-text-center wk-card-media-top\"><div class=\"wk-inline-clip wk-transition-toggle wk-border-rounded\"><img decoding=\"async\" src=\"\/wp-content\/uploads\/2021\/10\/infografia-2021-diba.jpg\" class=\"wk-border-rounded wk-transition-scale-up wk-transition-opaque\" alt=\"Infograf\u00eda\"><div class=\"wk-overlay-primary wk-position-cover wk-transition-fade\"><div class=\"wk-position-center\"><span class=\"\" wk-overlay-icon><\/span><\/div><\/div><a class=\"wk-position-cover\" href=\"https:\/\/interdependents.recercapau.org\/infografies\/pandemia.php\" target=\"_blank\" title=\"Infograf\u00eda\"><\/a><\/div><\/div>\n                \n                \n                                        <div class=\"wk-card-body\">\n                    \n                        \n                                                <h3 class=\"wk-h3 wk-margin-remove-top\">\n\n                                                            <a class=\"wk-link-reset\" href=\"https:\/\/interdependents.recercapau.org\/infografies\/pandemia.php\" target=\"_blank\">Infograf\u00eda<\/a>\n                            \n                            \n                        <\/h3>\n                        \n                        \n                        \n                                                <div class=\"wk-margin\">Vi\u00f1etas que muestran los factores estructurales que comparten fen\u00f3menos de actualidad como la pandemia de la COVID-19, las migraciones y el cambio clim\u00e1tico.<\/div>\n                        \n                        \n                        \n                                        <\/div>\n                    \n                \n            <\/div>\n        <\/div>\n\n    \n        <div >\n            <div class=\"wk-card wk-card-secondary\">\n\n                \n                \n                                <div class=\"wk-text-center wk-card-media-top\"><div class=\"wk-inline-clip wk-transition-toggle wk-border-rounded\"><img decoding=\"async\" src=\"\/wp-content\/uploads\/2021\/10\/pandemia-mapa-conceptual-2021.jpg\" class=\"wk-border-rounded wk-transition-scale-up wk-transition-opaque\" alt=\"Retos globales\"><div class=\"wk-overlay-primary wk-position-cover wk-transition-fade\"><div class=\"wk-position-center\"><span class=\"\" wk-overlay-icon><\/span><\/div><\/div><a class=\"wk-position-cover\" href=\"https:\/\/interdependents.recercapau.org\/reptes\/index.php\" target=\"_blank\" title=\"Retos globales\"><\/a><\/div><\/div>\n                \n                \n                                        <div class=\"wk-card-body\">\n                    \n                        \n                                                <h3 class=\"wk-h3 wk-margin-remove-top\">\n\n                                                            <a class=\"wk-link-reset\" href=\"https:\/\/interdependents.recercapau.org\/reptes\/index.php\" target=\"_blank\">Retos globales<\/a>\n                            \n                            \n                        <\/h3>\n                        \n                        \n                        \n                                                <div class=\"wk-margin\">Mapa conceptual din\u00e1mico que interconecta problem\u00e1ticas de sostenibilidad y derechos humanos, en su dimensi\u00f3n econ\u00f3mica, social, ambiental, de justicia y cooperaci\u00f3n.<\/div>\n                        \n                        \n                        \n                                        <\/div>\n                    \n                \n            <\/div>\n        <\/div>\n\n    \n    <\/div>\n\n<\/div>\n<h3>Propuestas de investigaci\u00f3n<\/h3>\n<div class=\"wk-scope\">\n\n    <div id=\"wk-grid245\" class=\"wk-child-width-1-1 wk-child-width-1-3@m wk-child-width-1-3@l wk-child-width-1-3@xl wk-grid-large wk-grid-match wk-text-center \" wk-height-match=\"target: &gt; div &gt; .wk-panel, &gt; div &gt; .wk-card; row: true\" wk-grid >\n\n    \n        <div >\n            <div class=\"wk-card wk-card-default\">\n\n                \n                \n                \n                \n                                        <div class=\"wk-card-body\">\n                    \n                                                <div class=\"wk-margin wk-text-center\"><div class=\"wk-inline-clip wk-transition-toggle wk-border-rounded\"><img decoding=\"async\" src=\"\/wp-content\/uploads\/2023\/07\/pandemia-propostes-recerca.jpg\" class=\"wk-border-rounded wk-transition-scale-up wk-transition-opaque\" alt=\"Pand\u00e8mia\"><div class=\"wk-overlay-primary wk-position-cover wk-transition-fade\"><div class=\"wk-position-center\"><span class=\"\" wk-overlay-icon><\/span><\/div><\/div><a class=\"wk-position-cover\" href=\"http:\/\/recercapau.ub.edu\/propostes\/pandemia\/\" target=\"_blank\" title=\"Pand\u00e8mia\"><\/a><\/div><\/div>\n                        \n                                                <h4 class=\"wk-h4 wk-margin-remove-top\">\n\n                                                            <a class=\"wk-link-reset\" href=\"http:\/\/recercapau.ub.edu\/propostes\/pandemia\/\" target=\"_blank\">Pand\u00e8mia<\/a>\n                            \n                            \n                        <\/h4>\n                        \n                        \n                        \n                        \n                        \n                        \n                                        <\/div>\n                    \n                \n            <\/div>\n        <\/div>\n\n    \n        <div >\n            <div class=\"wk-card wk-card-default\">\n\n                \n                \n                \n                \n                                        <div class=\"wk-card-body\">\n                    \n                                                <div class=\"wk-margin wk-text-center\"><div class=\"wk-inline-clip wk-transition-toggle wk-border-rounded\"><img decoding=\"async\" src=\"\/wp-content\/uploads\/2023\/07\/migracions-propostes-recerca.jpg\" class=\"wk-border-rounded wk-transition-scale-up wk-transition-opaque\" alt=\"Migracions\"><div class=\"wk-overlay-primary wk-position-cover wk-transition-fade\"><div class=\"wk-position-center\"><span class=\"\" wk-overlay-icon><\/span><\/div><\/div><a class=\"wk-position-cover\" href=\"http:\/\/recercapau.ub.edu\/propostes\/migracions\/\" target=\"_blank\" title=\"Migracions\"><\/a><\/div><\/div>\n                        \n                                                <h4 class=\"wk-h4 wk-margin-remove-top\">\n\n                                                            <a class=\"wk-link-reset\" href=\"http:\/\/recercapau.ub.edu\/propostes\/migracions\/\" target=\"_blank\">Migracions<\/a>\n                            \n                            \n                        <\/h4>\n                        \n                        \n                        \n                        \n                        \n                        \n                                        <\/div>\n                    \n                \n            <\/div>\n        <\/div>\n\n    \n        <div >\n            <div class=\"wk-card wk-card-default\">\n\n                \n                \n                \n                \n                                        <div class=\"wk-card-body\">\n                    \n                                                <div class=\"wk-margin wk-text-center\"><div class=\"wk-inline-clip wk-transition-toggle wk-border-rounded\"><img decoding=\"async\" src=\"\/wp-content\/uploads\/2023\/07\/canvi-climatic-propostes-recerca.jpg\" class=\"wk-border-rounded wk-transition-scale-up wk-transition-opaque\" alt=\"Canvi clim\u00e0tic\"><div class=\"wk-overlay-primary wk-position-cover wk-transition-fade\"><div class=\"wk-position-center\"><span class=\"\" wk-overlay-icon><\/span><\/div><\/div><a class=\"wk-position-cover\" href=\"http:\/\/recercapau.ub.edu\/propostes\/canvi_clim%C3%A0tic\/\" target=\"_blank\" title=\"Canvi clim\u00e0tic\"><\/a><\/div><\/div>\n                        \n                                                <h4 class=\"wk-h4 wk-margin-remove-top\">\n\n                                                            <a class=\"wk-link-reset\" href=\"http:\/\/recercapau.ub.edu\/propostes\/canvi_clim%C3%A0tic\/\" target=\"_blank\">Canvi clim\u00e0tic<\/a>\n                            \n                            \n                        <\/h4>\n                        \n                        \n                        \n                        \n                        \n                        \n                                        <\/div>\n                    \n                \n            <\/div>\n        <\/div>\n\n    \n    <\/div>\n\n<\/div>\n<h2>Actividades realizadas<\/h2>\n<div class=\"wk-scope\">\n\n    <div id=\"wk-gridb93\" class=\"wk-child-width-1-1 wk-child-width-1-1@s wk-child-width-1-3@m wk-child-width-1-3@l wk-child-width-1-3@xl wk-grid-match wk-text-center \" wk-height-match=\"target: &gt; div &gt; .wk-panel, &gt; div &gt; .wk-card; row: true\" wk-grid >\n\n    \n        <div >\n            <div class=\"wk-card wk-card-secondary\">\n\n                \n                \n                                <div class=\"wk-text-center wk-card-media-top\"><img decoding=\"async\" src=\"\/wp-content\/uploads\/2021\/02\/taller-022021-A-scaled.jpg\" class=\"wk-border-rounded wk-transition-scale-up wk-transition-opaque\" alt=\"Taller de investigaci\u00f3n\"><\/div>\n                \n                \n                                        <div class=\"wk-card-body\">\n                    \n                        \n                                                <h3 class=\"wk-h3 wk-margin-remove-top\">\n\n                                                            Taller de investigaci\u00f3n                            \n                            \n                        <\/h3>\n                        \n                        \n                        \n                                                <div class=\"wk-margin\">De octubre a diciembre de 2021, realizamos 21 talleres de investigaci\u00f3n en institutos p\u00fablicos de 8 municipios de la provincia de Barcelona para promover Trabajos de investigaci\u00f3n que relacionen la pandemia, las migraciones y el cambio clim\u00e1tico con las causas estructurales que unen estas problem\u00e1ticas.<\/div>\n                        \n                        \n                        \n                                        <\/div>\n                    \n                \n            <\/div>\n        <\/div>\n\n    \n        <div >\n            <div class=\"wk-card wk-card-secondary\">\n\n                \n                \n                                <div class=\"wk-text-center wk-card-media-top\"><img decoding=\"async\" src=\"\/wp-content\/uploads\/2021\/10\/assessorament-alumnat-pandemia.jpg\" class=\"wk-border-rounded wk-transition-scale-up wk-transition-opaque\" alt=\"Asesoramiento de Trabajos de investigaci\u00f3n\"><\/div>\n                \n                \n                                        <div class=\"wk-card-body\">\n                    \n                        \n                                                <h3 class=\"wk-h3 wk-margin-remove-top\">\n\n                                                            Asesoramiento de Trabajos de investigaci\u00f3n                            \n                            \n                        <\/h3>\n                        \n                        \n                        \n                                                <div class=\"wk-margin\">Acompa\u00f1amos a 21 estudiantes de 9 municipios en el desarrollo de su Trabajo de investigaci\u00f3n, principalmente sobre migraciones y racismo, pero tambi\u00e9n sobre efectos de las crisis globales en la salud mental o recuperaci\u00f3n de ecosistemas degradados.<\/div>\n                        \n                        \n                        \n                                        <\/div>\n                    \n                \n            <\/div>\n        <\/div>\n\n    \n        <div >\n            <div class=\"wk-card wk-card-secondary\">\n\n                \n                \n                                <div class=\"wk-text-center wk-card-media-top\"><img decoding=\"async\" src=\"\/wp-content\/uploads\/2023\/01\/presentacio-recerca-batxillerat-solidaritat-ub.jpg\" class=\"wk-border-rounded wk-transition-scale-up wk-transition-opaque\" alt=\"Presentaci\u00f3n de Trabajos de investigaci\u00f3n\"><\/div>\n                \n                \n                                        <div class=\"wk-card-body\">\n                    \n                        \n                                                <h3 class=\"wk-h3 wk-margin-remove-top\">\n\n                                                            Presentaci\u00f3n de <br>Trabajos de investigaci\u00f3n                            \n                            \n                        <\/h3>\n                        \n                        \n                        \n                                                <div class=\"wk-margin\">Estudiantes de institutos de la demarcaci\u00f3n de Barcelona presentan sus trabajos de investigaci\u00f3n en el \u00e1mbito de la solidaridad internacional en un seminario con agentes sociales y representantes de sus ayuntamientos.<\/div>\n                        \n                        \n                        \n                                        <\/div>\n                    \n                \n            <\/div>\n        <\/div>\n\n    \n        <div >\n            <div class=\"wk-card wk-card-secondary\">\n\n                \n                \n                                <div class=\"wk-text-center wk-card-media-top\"><img decoding=\"async\" src=\"\/wp-content\/uploads\/2021\/10\/pandemia-migracions-canvi-climatic-guia.jpg\" class=\"wk-border-rounded wk-transition-scale-up wk-transition-opaque\" alt=\"Curso virtual para el profesorado\"><\/div>\n                \n                \n                                        <div class=\"wk-card-body\">\n                    \n                        \n                                                <h3 class=\"wk-h3 wk-margin-remove-top\">\n\n                                                            Curso virtual para el profesorado                            \n                            \n                        <\/h3>\n                        \n                        \n                        \n                                                <div class=\"wk-margin\">Del 20 de enero al 17 de febrero de 2022, m\u00e1s de una veintena de docentes participan en esta formaci\u00f3n, certificada por el IDP-ICE (UB), para explorar v\u00edas de programaci\u00f3n interdisciplinar en el bachillerato, a partir de cuestiones de investigaci\u00f3n, modelos te\u00f3ricos y datos abiertos al alcance del alumnado, que indagan en las causas sist\u00e9micas de eventos globales de actualidad.<\/div>\n                        \n                        \n                        \n                                        <\/div>\n                    \n                \n            <\/div>\n        <\/div>\n\n    \n        <div >\n            <div class=\"wk-card wk-card-secondary\">\n\n                \n                \n                                <div class=\"wk-text-center wk-card-media-top\"><img decoding=\"async\" src=\"\/wp-content\/uploads\/2022\/06\/seminari-recerca-batxillerat-1.jpg\" class=\"wk-border-rounded wk-transition-scale-up wk-transition-opaque\" alt=\"Seminario por internet (asincr\u00f3nico)\"><\/div>\n                \n                \n                                        <div class=\"wk-card-body\">\n                    \n                        \n                                                <h3 class=\"wk-h3 wk-margin-remove-top\">\n\n                                                            Seminario por internet (asincr\u00f3nico)                            \n                            \n                        <\/h3>\n                        \n                        \n                        \n                                                <div class=\"wk-margin\">Del 1 al 8 de julio de 2022, docentes responsables de la coordinaci\u00f3n de bachillerato de 8 municipios de Barcelona participan en este encuentro para buscar alternativas de mejora que refuercen al bachillerato como comunidad de investigaci\u00f3n comprometida con el Trabajo y el mundo.<\/div>\n                        \n                        \n                        \n                                        <\/div>\n                    \n                \n            <\/div>\n        <\/div>\n\n    \n        <div >\n            <div class=\"wk-card wk-card-secondary\">\n\n                \n                \n                                <div class=\"wk-text-center wk-card-media-top\"><img decoding=\"async\" src=\"\/wp-content\/uploads\/2023\/02\/ods-agenda-2030-curs.jpg\" class=\"wk-border-rounded wk-transition-scale-up wk-transition-opaque\" alt=\"Curso por internet: Los ODS en la investigaci\u00f3n de bachillerato\"><\/div>\n                \n                \n                                        <div class=\"wk-card-body\">\n                    \n                        \n                                                <h3 class=\"wk-h3 wk-margin-remove-top\">\n\n                                                            Curso por internet: Los ODS en la investigaci\u00f3n de bachillerato                            \n                            \n                        <\/h3>\n                        \n                        \n                        \n                                                <div class=\"wk-margin\">Del 27 de febrero al 27 de marzo de 2023, docentes de bachillerato participan en este curso para acercarse a los ODS desde una perspectiva cr\u00edtica con la desigualdad mundial y explorar situaciones de aprendizaje contextualizadas en los Trabajos de investigaci\u00f3n de bachillerato.<\/div>\n                        \n                        \n                        \n                                        <\/div>\n                    \n                \n            <\/div>\n        <\/div>\n\n    \n    <\/div>\n\n<\/div>\n<table border=\"0\" align=\"left\">\n<tbody>\n<tr>\n<td><\/td>\n<\/tr>\n<tr>\n<td><\/td>\n<\/tr>\n<tr>\n<td><\/td>\n<\/tr>\n<tr>\n<td>Con el apoyo de:<\/td>\n<\/tr>\n<tr>\n<td><a href=\"https:\/\/www.diba.cat\/web\/ri\/cooperacio_desenvolupament\"><img decoding=\"async\" class=\"alignleft wp-image-24971\" src=\"http:\/\/portalpaula.org\/wp-content\/uploads\/2018\/03\/diputacio-barcelona-logo.jpg\" alt=\"Diputaci\u00f3 de Barcelona\" width=\"200\" height=\"68\" srcset=\"https:\/\/recercapau.org\/wp-content\/uploads\/2018\/03\/diputacio-barcelona-logo-300x102.jpg 300w, https:\/\/recercapau.org\/wp-content\/uploads\/2018\/03\/diputacio-barcelona-logo.jpg 598w\" sizes=\"(max-width: 200px) 100vw, 200px\" \/><\/a><\/td>\n<\/tr>\n<tr>\n<td><\/td>\n<\/tr>\n<tr>\n<td><\/td>\n<\/tr>\n<tr>\n<td><em>El contenido del proyecto &#8216;Pandemia, migraciones y cambio clim\u00e1tico&#8217; es responsabilidad exclusiva de la Fundaci\u00f3n Solidaridad UB y no refleja necesariamente la opini\u00f3n de la Diputaci\u00f3n de Barcelona<\/em>.<\/td>\n<\/tr>\n<tr>\n<td><\/td>\n<\/tr>\n<\/tbody>\n<\/table>\n","protected":false},"excerpt":{"rendered":"<p>Proyecto finalizado. Consulta los proyectos actuales. Este proyecto ha explorado<\/p>\n","protected":false},"author":3,"featured_media":0,"parent":0,"menu_order":0,"comment_status":"closed","ping_status":"closed","template":"","meta":{"footnotes":""},"class_list":["post-44829","page","type-page","status-publish","hentry"],"_links":{"self":[{"href":"https:\/\/recercapau.org\/es\/wp-json\/wp\/v2\/pages\/44829","targetHints":{"allow":["GET"]}}],"collection":[{"href":"https:\/\/recercapau.org\/es\/wp-json\/wp\/v2\/pages"}],"about":[{"href":"https:\/\/recercapau.org\/es\/wp-json\/wp\/v2\/types\/page"}],"author":[{"embeddable":true,"href":"https:\/\/recercapau.org\/es\/wp-json\/wp\/v2\/users\/3"}],"replies":[{"embeddable":true,"href":"https:\/\/recercapau.org\/es\/wp-json\/wp\/v2\/comments?post=44829"}],"version-history":[{"count":1,"href":"https:\/\/recercapau.org\/es\/wp-json\/wp\/v2\/pages\/44829\/revisions"}],"predecessor-version":[{"id":50651,"href":"https:\/\/recercapau.org\/es\/wp-json\/wp\/v2\/pages\/44829\/revisions\/50651"}],"wp:attachment":[{"href":"https:\/\/recercapau.org\/es\/wp-json\/wp\/v2\/media?parent=44829"}],"curies":[{"name":"wp","href":"https:\/\/api.w.org\/{rel}","templated":true}]}}