{"id":43702,"date":"2018-09-27T17:35:28","date_gmt":"2018-09-27T15:35:28","guid":{"rendered":"https:\/\/recercapau.org\/publica-trabajos-de-aula-en-el-mapamundi-de-los-derechos-humanos\/"},"modified":"2024-09-20T15:06:52","modified_gmt":"2024-09-20T14:06:52","slug":"publica-trabajos-de-aula-en-el-mapamundi-de-los-derechos-humanos","status":"publish","type":"page","link":"https:\/\/recercapau.org\/es\/mapamundi-de-los-derechos-humanos\/publica-trabajos-de-aula-en-el-mapamundi-de-los-derechos-humanos\/","title":{"rendered":"Publica trabajos de aula en el Mapamundi de los Derechos Humanos"},"content":{"rendered":"<div class=\"fusion-fullwidth fullwidth-box fusion-builder-row-1 fusion-flex-container nonhundred-percent-fullwidth non-hundred-percent-height-scrolling\" style=\"--awb-border-radius-top-left:0px;--awb-border-radius-top-right:0px;--awb-border-radius-bottom-right:0px;--awb-border-radius-bottom-left:0px;--awb-flex-wrap:wrap;\" ><div class=\"fusion-builder-row fusion-row fusion-flex-align-items-flex-start fusion-flex-content-wrap\" style=\"max-width:1248px;margin-left: calc(-4% \/ 2 );margin-right: calc(-4% \/ 2 );\"><div class=\"fusion-layout-column fusion_builder_column fusion-builder-column-0 fusion_builder_column_1_1 1_1 fusion-flex-column\" style=\"--awb-bg-size:cover;--awb-width-large:100%;--awb-margin-top-large:0px;--awb-spacing-right-large:1.92%;--awb-margin-bottom-large:0px;--awb-spacing-left-large:1.92%;--awb-width-medium:100%;--awb-spacing-right-medium:1.92%;--awb-spacing-left-medium:1.92%;--awb-width-small:100%;--awb-spacing-right-small:1.92%;--awb-spacing-left-small:1.92%;\"><div class=\"fusion-column-wrapper fusion-flex-justify-content-flex-start fusion-content-layout-column\"><div class=\"fusion-text fusion-text-1\"><p>\u00bfVuestro alumnado ha hecho trabajos de aula relacionados con alguno de los <strong><a href=\"http:\/\/portalpaula.org\/interdependents-corresponsables\/\" target=\"_blank\" rel=\"noopener\">17 Objetivos de Desarrollo Sostenible (ODS)<\/a><\/strong> de la Agenda 2030 (salud, educaci\u00f3n, g\u00e9nero, biodiversidad&#8230;)?<\/p>\n<p>Publicadlos en el <a href=\"http:\/\/mapamundi.portalpaula.org\/\" target=\"_blank\" rel=\"noopener\">Mapamundi interactivo de los Derechos Humanos<\/a> a trav\u00e9s de <a href=\"http:\/\/mapamundi.portalpaula.org\/a_treball.php\" target=\"_blank\" rel=\"noopener\"><strong>este formulario<\/strong><\/a>, que encontr\u00e1is haciendo clic en el s\u00edmbolo [+] de la parte superior derecha del mapa.<\/p>\n<p>Se pueden incorporar p\u00f3sters, v\u00eddeos, presentaciones de diapositivas, textos&#8230;, ya sea <strong>en formato PDF o mediante un enlace al sitio web donde se halle alojado el trabajo<\/strong> (el blog del centro educativo, una plataforma de v\u00eddeos, etc.).<\/p>\n<p><a href=\"http:\/\/mapamundi.portalpaula.org\/?ods=empty\" target=\"_blank\" rel=\"noopener\">Uno de los filtros<\/a> del Mapamundi permite ver todos los trabajos publicados:<\/p>\n<p><iframe src=\"https:\/\/mapamundi.recercapau.org\/?ods=empty\" width=\"100%\" height=\"550\" frameborder=\"0\"><\/iframe><\/p>\n<p>Para incorporar un trabajo, es necesario que todos los materiales que contenga (textos, im\u00e1genes, audios&#8230;) <strong>sean de autor\u00eda propia o se disponga de una licencia de uso<\/strong> que no infrinja los derechos de autor\/a. Tambi\u00e9n hay que verificar que el trabajo no incluya datos ni im\u00e1genes de personas de las que no se disponga el consentimiento expreso y por escrito. Y, evidentemente, no se aceptar\u00e1n documentos que constituyan una difamaci\u00f3n ni cualquier injuria a terceros.<\/p>\n<p>Publicar los trabajos en el Mapamundi es una forma de difundir los materiales generados y, a la vez, contribuye a que el alumnado <strong>ponga en relaci\u00f3n la problem\u00e1tica abordada con otros retos y territorios<\/strong>.<\/p>\n<\/div><\/div><\/div><\/div><\/div>\n","protected":false},"excerpt":{"rendered":"","protected":false},"author":3,"featured_media":0,"parent":43360,"menu_order":0,"comment_status":"closed","ping_status":"closed","template":"","meta":{"footnotes":""},"class_list":["post-43702","page","type-page","status-publish","hentry"],"_links":{"self":[{"href":"https:\/\/recercapau.org\/es\/wp-json\/wp\/v2\/pages\/43702","targetHints":{"allow":["GET"]}}],"collection":[{"href":"https:\/\/recercapau.org\/es\/wp-json\/wp\/v2\/pages"}],"about":[{"href":"https:\/\/recercapau.org\/es\/wp-json\/wp\/v2\/types\/page"}],"author":[{"embeddable":true,"href":"https:\/\/recercapau.org\/es\/wp-json\/wp\/v2\/users\/3"}],"replies":[{"embeddable":true,"href":"https:\/\/recercapau.org\/es\/wp-json\/wp\/v2\/comments?post=43702"}],"version-history":[{"count":3,"href":"https:\/\/recercapau.org\/es\/wp-json\/wp\/v2\/pages\/43702\/revisions"}],"predecessor-version":[{"id":51233,"href":"https:\/\/recercapau.org\/es\/wp-json\/wp\/v2\/pages\/43702\/revisions\/51233"}],"up":[{"embeddable":true,"href":"https:\/\/recercapau.org\/es\/wp-json\/wp\/v2\/pages\/43360"}],"wp:attachment":[{"href":"https:\/\/recercapau.org\/es\/wp-json\/wp\/v2\/media?parent=43702"}],"curies":[{"name":"wp","href":"https:\/\/api.w.org\/{rel}","templated":true}]}}