{"id":43700,"date":"2018-09-27T17:10:10","date_gmt":"2018-09-27T15:10:10","guid":{"rendered":"https:\/\/recercapau.org\/publica-tu-investigacion-en-el-mapamundi-de-los-derechos-humanos\/"},"modified":"2024-09-20T15:02:59","modified_gmt":"2024-09-20T14:02:59","slug":"publica-tu-investigacion-en-el-mapamundi-de-los-derechos-humanos","status":"publish","type":"page","link":"https:\/\/recercapau.org\/es\/mapamundi-de-los-derechos-humanos\/publica-tu-investigacion-en-el-mapamundi-de-los-derechos-humanos\/","title":{"rendered":"Publica tu investigaci\u00f3n en el Mapamundi de los Derechos Humanos"},"content":{"rendered":"<div class=\"fusion-fullwidth fullwidth-box fusion-builder-row-1 fusion-flex-container nonhundred-percent-fullwidth non-hundred-percent-height-scrolling\" style=\"--awb-border-radius-top-left:0px;--awb-border-radius-top-right:0px;--awb-border-radius-bottom-right:0px;--awb-border-radius-bottom-left:0px;--awb-flex-wrap:wrap;\" ><div class=\"fusion-builder-row fusion-row fusion-flex-align-items-flex-start fusion-flex-content-wrap\" style=\"max-width:1248px;margin-left: calc(-4% \/ 2 );margin-right: calc(-4% \/ 2 );\"><div class=\"fusion-layout-column fusion_builder_column fusion-builder-column-0 fusion_builder_column_1_1 1_1 fusion-flex-column\" style=\"--awb-bg-size:cover;--awb-width-large:100%;--awb-margin-top-large:0px;--awb-spacing-right-large:1.92%;--awb-margin-bottom-large:0px;--awb-spacing-left-large:1.92%;--awb-width-medium:100%;--awb-spacing-right-medium:1.92%;--awb-spacing-left-medium:1.92%;--awb-width-small:100%;--awb-spacing-right-small:1.92%;--awb-spacing-left-small:1.92%;\"><div class=\"fusion-column-wrapper fusion-flex-justify-content-flex-start fusion-content-layout-column\"><div class=\"fusion-text fusion-text-1\"><p>Est\u00e1s haciendo el trabajo de investigaci\u00f3n sobre justicia global? Publica tu investigaci\u00f3n en el <a href=\"http:\/\/mapamundi.portalpaula.org\/\" target=\"_blank\" rel=\"noopener\">Mapamundi de los Derechos Humanos<\/a>!<\/p>\n<p>Tu colaboraci\u00f3n nos ayuda a ilustrar y mantener actualizadas las vulneraciones de derechos humanos en todo el mundo, sus causas y las alternativas de resoluci\u00f3n.<\/p>\n<p><iframe src=\"https:\/\/mapamundi.recercapau.org\/?ods=empty\" width=\"100%\" height=\"550\" frameborder=\"0\"><\/iframe><\/p>\n<h4>\u00bfC\u00f3mo puedes publicar la investigaci\u00f3n?<\/h4>\n<p>Rellena <a href=\"http:\/\/mapamundi.portalpaula.org\/a_treball.php\"><strong>este formulario<\/strong><\/a>, que encuentras haciendo clic en el s\u00edmbolo [+] de la parte superior derecha del mapa.<\/p>\n<p>Para que recibamos tu trabajo, tienes dos opciones:<\/p>\n<ul>\n<li>Publicar la investigaci\u00f3n en un espacio propio e <strong>indicarnos<\/strong>, en el formulario, <strong>el enlace<\/strong> d\u00f3nde est\u00e1 publicada.<\/li>\n<li><strong>Adjuntar<\/strong>, a trav\u00e9s del formulario, el material de apoyo que hayas elaborado para la presentaci\u00f3n oral en el instituto.<\/li>\n<\/ul>\n<h4><span style=\"color: #ff0000;\">\u00a1Vigila!<\/span> Para poder publicar tu investigaci\u00f3n es necesario que:<\/h4>\n<ul>\n<li><strong>Respetes derechos de autor\u00eda:<\/strong>\n<ul>\n<li>No uses materiales protegidos por derechos de autor\u00eda.<\/li>\n<li>Incluyas materiales (textos, im\u00e1genes, audios&#8230;) de autor\u00eda propia o con una licencia de uso (como algunas licencias <a href=\"https:\/\/creativecommons.org\/\" target=\"_blank\" rel=\"noopener\">Creative Commons<\/a>) por la que no infrinjas derechos de autor\u00eda.<\/li>\n<li><a href=\"http:\/\/portalpaula.org\/investigar\/la-tutoria\/lobjectiu-al-marc-teoric\/referencias-bibliograficas\/\">Cites los contenidos ajenos<\/a>.<\/li>\n<\/ul>\n<\/li>\n<li><strong>Respetes el derecho a la privacidad:<\/strong>\n<ul>\n<li>No incluyas datos ni im\u00e1genes de personas que publiques sin su consentimiento o, si es el caso, el de sus progenitores o tutores legales.<\/li>\n<li><a href=\"http:\/\/portalpaula.org\/investigar\/consentiment-informat\/\">Recojas consentimientos informados<\/a>.<\/li>\n<\/ul>\n<\/li>\n<\/ul>\n<h4>\u00bfQuieres recibir asesoramiento para el trabajo de investigaci\u00f3n?<\/h4>\n<p>\u00a1Participa en el <a href=\"http:\/\/portalpaula.org\/et-sumes-al-grup-de-recerca-de-batxillerat-en-drets-humans-i-sostenibilitat-global\/\">grupo de trabajo de Bachillerato<\/a> en derechos humanos y sostenibilidad global!<\/p>\n<\/div><\/div><\/div><\/div><\/div>\n","protected":false},"excerpt":{"rendered":"","protected":false},"author":3,"featured_media":0,"parent":43360,"menu_order":0,"comment_status":"closed","ping_status":"closed","template":"","meta":{"footnotes":""},"class_list":["post-43700","page","type-page","status-publish","hentry"],"_links":{"self":[{"href":"https:\/\/recercapau.org\/es\/wp-json\/wp\/v2\/pages\/43700","targetHints":{"allow":["GET"]}}],"collection":[{"href":"https:\/\/recercapau.org\/es\/wp-json\/wp\/v2\/pages"}],"about":[{"href":"https:\/\/recercapau.org\/es\/wp-json\/wp\/v2\/types\/page"}],"author":[{"embeddable":true,"href":"https:\/\/recercapau.org\/es\/wp-json\/wp\/v2\/users\/3"}],"replies":[{"embeddable":true,"href":"https:\/\/recercapau.org\/es\/wp-json\/wp\/v2\/comments?post=43700"}],"version-history":[{"count":3,"href":"https:\/\/recercapau.org\/es\/wp-json\/wp\/v2\/pages\/43700\/revisions"}],"predecessor-version":[{"id":51231,"href":"https:\/\/recercapau.org\/es\/wp-json\/wp\/v2\/pages\/43700\/revisions\/51231"}],"up":[{"embeddable":true,"href":"https:\/\/recercapau.org\/es\/wp-json\/wp\/v2\/pages\/43360"}],"wp:attachment":[{"href":"https:\/\/recercapau.org\/es\/wp-json\/wp\/v2\/media?parent=43700"}],"curies":[{"name":"wp","href":"https:\/\/api.w.org\/{rel}","templated":true}]}}