{"id":43698,"date":"2018-09-27T12:41:31","date_gmt":"2018-09-27T10:41:31","guid":{"rendered":"https:\/\/recercapau.org\/propuesta-para-el-aula\/"},"modified":"2024-09-20T15:02:04","modified_gmt":"2024-09-20T14:02:04","slug":"propuesta-para-el-aula","status":"publish","type":"page","link":"https:\/\/recercapau.org\/es\/mapamundi-de-los-derechos-humanos\/propuesta-para-el-aula\/","title":{"rendered":"Propuesta para el aula"},"content":{"rendered":"<div class=\"fusion-fullwidth fullwidth-box fusion-builder-row-1 fusion-flex-container nonhundred-percent-fullwidth non-hundred-percent-height-scrolling\" style=\"--awb-border-radius-top-left:0px;--awb-border-radius-top-right:0px;--awb-border-radius-bottom-right:0px;--awb-border-radius-bottom-left:0px;--awb-flex-wrap:wrap;\" ><div class=\"fusion-builder-row fusion-row fusion-flex-align-items-flex-start fusion-flex-content-wrap\" style=\"max-width:1248px;margin-left: calc(-4% \/ 2 );margin-right: calc(-4% \/ 2 );\"><div class=\"fusion-layout-column fusion_builder_column fusion-builder-column-0 fusion_builder_column_1_1 1_1 fusion-flex-column\" style=\"--awb-bg-size:cover;--awb-width-large:100%;--awb-margin-top-large:0px;--awb-spacing-right-large:1.92%;--awb-margin-bottom-large:0px;--awb-spacing-left-large:1.92%;--awb-width-medium:100%;--awb-spacing-right-medium:1.92%;--awb-spacing-left-medium:1.92%;--awb-width-small:100%;--awb-spacing-right-small:1.92%;--awb-spacing-left-small:1.92%;\"><div class=\"fusion-column-wrapper fusion-flex-justify-content-flex-start fusion-content-layout-column\"><div class=\"fusion-text fusion-text-1\"><p>Visitad <a href=\"http:\/\/mapamundi.portalpaula.org\/\" target=\"_blank\" rel=\"noopener\"><strong>la versi\u00f3n interactiva<\/strong><\/a> del Mapamundi de los derechos humanos:<br \/>\n<iframe src=\"https:\/\/mapamundi.recercapau.org\/?ods=empty\" width=\"100%\" height=\"550\" frameborder=\"0\"><\/iframe><\/p>\n<ol>\n<li>\u00bfQu\u00e9 <strong>problemas<\/strong> identific\u00e1is en el mapa? Elegid uno.<\/li>\n<li>\u00bfQu\u00e9 <strong>relaci\u00f3n<\/strong> ten\u00e9is con este problema? \u00bfC\u00f3mo os afecta?<\/li>\n<li>\u00bfQui\u00e9n est\u00e1 trabajando, desde vuestra regi\u00f3n, para la<strong> protecci\u00f3n y defensa de los derechos<\/strong> de las personas afectadas por este problema? Identificad una entidad o administraci\u00f3n que lo trabaje.<\/li>\n<li>Buscad <strong>informaci\u00f3n<\/strong> sobre por qu\u00e9 esta entidad o administraci\u00f3n est\u00e1 implicada. La <strong>investigaci\u00f3n<\/strong> puede hacerse mediante una b\u00fasqueda documental por Internet (consulta de la p\u00e1gina web de la entidad o administraci\u00f3n, entrevistas a personas que la representan y donde se expresan sobre la problem\u00e1tica), pero tambi\u00e9n puede organizarse como una \u00abrueda de prensa\u00bb en el aula, en la que el grupo entrevista a una persona invitada de aquella entidad\/administraci\u00f3n. Algunas preguntas clave que se pueden responder durante la investigaci\u00f3n grupal son: \u00bfc\u00f3mo nos ayuda ayudar a los dem\u00e1s (protecci\u00f3n y defensa de derechos en la propia sociedad)? y \u00bfcon qu\u00e9 otras entidades\/administraciones colaboran para la protecci\u00f3n y defensa de aquellos derechos?<\/li>\n<li>Finalmente, valorad con el grupo los hallazgos.<strong> Dialogad sobre interdependencia<\/strong> (c\u00f3mo nos afectan problem\u00e1ticas aparentemente lejanas, c\u00f3mo nos ayuda ayudar a los dem\u00e1s&#8230;) <strong>y corresponsabilidad<\/strong> (qu\u00e9 participaci\u00f3n tenemos en aquella problem\u00e1tica -por ejemplo, a trav\u00e9s del consumo-; c\u00f3mo podemos participar en su mejora -por ejemplo, d\u00e1ndola a conocer en nuestro entorno-; etc.).<\/li>\n<\/ol>\n<\/div><\/div><\/div><\/div><\/div>\n","protected":false},"excerpt":{"rendered":"","protected":false},"author":3,"featured_media":0,"parent":43360,"menu_order":0,"comment_status":"closed","ping_status":"closed","template":"","meta":{"footnotes":""},"class_list":["post-43698","page","type-page","status-publish","hentry"],"_links":{"self":[{"href":"https:\/\/recercapau.org\/es\/wp-json\/wp\/v2\/pages\/43698","targetHints":{"allow":["GET"]}}],"collection":[{"href":"https:\/\/recercapau.org\/es\/wp-json\/wp\/v2\/pages"}],"about":[{"href":"https:\/\/recercapau.org\/es\/wp-json\/wp\/v2\/types\/page"}],"author":[{"embeddable":true,"href":"https:\/\/recercapau.org\/es\/wp-json\/wp\/v2\/users\/3"}],"replies":[{"embeddable":true,"href":"https:\/\/recercapau.org\/es\/wp-json\/wp\/v2\/comments?post=43698"}],"version-history":[{"count":3,"href":"https:\/\/recercapau.org\/es\/wp-json\/wp\/v2\/pages\/43698\/revisions"}],"predecessor-version":[{"id":51229,"href":"https:\/\/recercapau.org\/es\/wp-json\/wp\/v2\/pages\/43698\/revisions\/51229"}],"up":[{"embeddable":true,"href":"https:\/\/recercapau.org\/es\/wp-json\/wp\/v2\/pages\/43360"}],"wp:attachment":[{"href":"https:\/\/recercapau.org\/es\/wp-json\/wp\/v2\/media?parent=43698"}],"curies":[{"name":"wp","href":"https:\/\/api.w.org\/{rel}","templated":true}]}}