{"id":43696,"date":"2018-09-27T12:37:01","date_gmt":"2018-09-27T10:37:01","guid":{"rendered":"https:\/\/recercapau.org\/instala-el-mapamundi-de-los-derechos-humanos-en-tu-instituto\/"},"modified":"2024-09-17T17:38:51","modified_gmt":"2024-09-17T16:38:51","slug":"instala-exposicion-en-tu-instituto","status":"publish","type":"page","link":"https:\/\/recercapau.org\/es\/mapamundi-de-los-derechos-humanos\/instala-exposicion-en-tu-instituto\/","title":{"rendered":"Instala el Mapamundi de los Derechos Humanos en tu instituto"},"content":{"rendered":"<p><a href=\"http:\/\/portalpaula.org\/wp-content\/uploads\/2017\/10\/Exposicio-Mapamundi-ods.jpg\"><img decoding=\"async\" class=\"alignright wp-image-22322\" src=\"http:\/\/portalpaula.org\/wp-content\/uploads\/2017\/10\/Exposicio-Mapamundi-ods.jpg\" alt=\"\" width=\"400\" height=\"533\" srcset=\"https:\/\/recercapau.org\/wp-content\/uploads\/2017\/10\/Exposicio-Mapamundi-ods-225x300.jpg 225w, https:\/\/recercapau.org\/wp-content\/uploads\/2017\/10\/Exposicio-Mapamundi-ods.jpg 480w\" sizes=\"(max-width: 400px) 100vw, 400px\" \/><\/a>La exposici\u00f3n Mapamundi de los Derechos Humanos -editada en 2014 con el apoyo de la Diputaci\u00f3n de Barcelona- ilustra vulneraciones de derechos humanos en todo el mundo e iniciativas para defenderlos, que ponen de relieve la interdependencia de los seres humanos en el planeta.<\/p>\n<p>La versi\u00f3n f\u00edsica de la muestra est\u00e1 formada por <strong>un \u00fanico panel de 2,3 x 2,2 metros<\/strong>, y va acompa\u00f1ada de <a href=\"http:\/\/portalpaula.org\/mapamundi-drets-humans\/\" target=\"_blank\" rel=\"noopener\">materiales en l\u00ednea<\/a> para que el profesorado pueda trabajarla en el aula.<\/p>\n<p>La exposici\u00f3n se cede gratuitamente a los centros educativos que asuman sus <strong>gastos de transporte<\/strong>.<\/p>\n<h4>M\u00e1s informaci\u00f3n y reservas:<\/h4>\n<p>| Tel. 93 403 55 38<br \/>\n| c\/e. <a href=\"mailto:recercapau@ub.edu\">recercapau@ub.edu<\/a><\/p>\n","protected":false},"excerpt":{"rendered":"<p>La exposici\u00f3n Mapamundi de los Derechos Humanos -editada en 2014<\/p>\n","protected":false},"author":3,"featured_media":0,"parent":43360,"menu_order":0,"comment_status":"closed","ping_status":"closed","template":"","meta":{"footnotes":""},"class_list":["post-43696","page","type-page","status-publish","hentry"],"_links":{"self":[{"href":"https:\/\/recercapau.org\/es\/wp-json\/wp\/v2\/pages\/43696","targetHints":{"allow":["GET"]}}],"collection":[{"href":"https:\/\/recercapau.org\/es\/wp-json\/wp\/v2\/pages"}],"about":[{"href":"https:\/\/recercapau.org\/es\/wp-json\/wp\/v2\/types\/page"}],"author":[{"embeddable":true,"href":"https:\/\/recercapau.org\/es\/wp-json\/wp\/v2\/users\/3"}],"replies":[{"embeddable":true,"href":"https:\/\/recercapau.org\/es\/wp-json\/wp\/v2\/comments?post=43696"}],"version-history":[{"count":2,"href":"https:\/\/recercapau.org\/es\/wp-json\/wp\/v2\/pages\/43696\/revisions"}],"predecessor-version":[{"id":50793,"href":"https:\/\/recercapau.org\/es\/wp-json\/wp\/v2\/pages\/43696\/revisions\/50793"}],"up":[{"embeddable":true,"href":"https:\/\/recercapau.org\/es\/wp-json\/wp\/v2\/pages\/43360"}],"wp:attachment":[{"href":"https:\/\/recercapau.org\/es\/wp-json\/wp\/v2\/media?parent=43696"}],"curies":[{"name":"wp","href":"https:\/\/api.w.org\/{rel}","templated":true}]}}