{"id":43694,"date":"2018-09-25T16:08:35","date_gmt":"2018-09-25T14:08:35","guid":{"rendered":"https:\/\/recercapau.org\/asesoramiento-de-estudiantes\/"},"modified":"2024-09-18T15:07:06","modified_gmt":"2024-09-18T14:07:06","slug":"asesoramiento-estudiantes","status":"publish","type":"page","link":"https:\/\/recercapau.org\/es\/proyectos\/investigacion-para-ciudadania-global\/asesoramiento-estudiantes\/","title":{"rendered":"Asesoramiento de estudiantes"},"content":{"rendered":"<p><img decoding=\"async\" class=\"alignright wp-image-33013\" src=\"http:\/\/portalpaula.org\/wp-content\/uploads\/2021\/04\/assessorament-treball-recerca-batxillerat-justicia-global-1024x768.jpg\" alt=\"\" width=\"500\" height=\"375\" srcset=\"https:\/\/recercapau.org\/wp-content\/uploads\/2021\/04\/assessorament-treball-recerca-batxillerat-justicia-global-300x225.jpg 300w, https:\/\/recercapau.org\/wp-content\/uploads\/2021\/04\/assessorament-treball-recerca-batxillerat-justicia-global-768x576.jpg 768w, https:\/\/recercapau.org\/wp-content\/uploads\/2021\/04\/assessorament-treball-recerca-batxillerat-justicia-global-1024x768.jpg 1024w, https:\/\/recercapau.org\/wp-content\/uploads\/2021\/04\/assessorament-treball-recerca-batxillerat-justicia-global.jpg 1500w\" sizes=\"(max-width: 500px) 100vw, 500px\" \/>Apoyo complementario a la tutor\u00eda, que ofrece <strong>orientaci\u00f3n personalizada<\/strong> del alumnado interesado en investigar cuestiones de justicia global (justicia ambiental, justicia de g\u00e9nero, justicia econ\u00f3mica y refugio) o explorar el impacto de su tema de investigaci\u00f3n en los derechos humanos.<\/p>\n<p>El asesoramiento se realiza en<strong> sesiones de 1 hora con grupos de 5-10 estudiantes<\/strong>. La participaci\u00f3n del alumnado en cada sesi\u00f3n se mantiene voluntaria hasta la finalizaci\u00f3n de la investigaci\u00f3n en segundo de bachillerato.<\/p>\n<p>A criterio del centro, los encuentros pueden tener lugar en horario lectivo o por la tarde, <strong>en el instituto, en la UB o por la plataforma virtual del centro<\/strong>.<\/p>\n<p>Durante el verano, el asesoramiento de trabajos de investigaci\u00f3n contin\u00faa con encuentros semanales que re\u00fanen estudiantes de diferentes centros.<\/p>\n<p>El asesoramiento se plantea como un <strong>refuerzo a la tutor\u00eda<\/strong>, de modo que, despu\u00e9s de cada encuentro con el alumnado, se elabora un informe de las orientaciones proporcionadas sobre la investigaci\u00f3n, que se hace llegar a la coordinaci\u00f3n del TR y al tutor\/a de investigaci\u00f3n correspondiente.<\/p>\n","protected":false},"excerpt":{"rendered":"<p>Apoyo complementario a la tutor\u00eda, que ofrece orientaci\u00f3n personalizada del<\/p>\n","protected":false},"author":3,"featured_media":0,"parent":43690,"menu_order":0,"comment_status":"closed","ping_status":"closed","template":"","meta":{"footnotes":""},"class_list":["post-43694","page","type-page","status-publish","hentry"],"_links":{"self":[{"href":"https:\/\/recercapau.org\/es\/wp-json\/wp\/v2\/pages\/43694","targetHints":{"allow":["GET"]}}],"collection":[{"href":"https:\/\/recercapau.org\/es\/wp-json\/wp\/v2\/pages"}],"about":[{"href":"https:\/\/recercapau.org\/es\/wp-json\/wp\/v2\/types\/page"}],"author":[{"embeddable":true,"href":"https:\/\/recercapau.org\/es\/wp-json\/wp\/v2\/users\/3"}],"replies":[{"embeddable":true,"href":"https:\/\/recercapau.org\/es\/wp-json\/wp\/v2\/comments?post=43694"}],"version-history":[{"count":1,"href":"https:\/\/recercapau.org\/es\/wp-json\/wp\/v2\/pages\/43694\/revisions"}],"predecessor-version":[{"id":50425,"href":"https:\/\/recercapau.org\/es\/wp-json\/wp\/v2\/pages\/43694\/revisions\/50425"}],"up":[{"embeddable":true,"href":"https:\/\/recercapau.org\/es\/wp-json\/wp\/v2\/pages\/43690"}],"wp:attachment":[{"href":"https:\/\/recercapau.org\/es\/wp-json\/wp\/v2\/media?parent=43694"}],"curies":[{"name":"wp","href":"https:\/\/api.w.org\/{rel}","templated":true}]}}