{"id":43692,"date":"2018-09-25T15:46:00","date_gmt":"2018-09-25T13:46:00","guid":{"rendered":"https:\/\/recercapau.org\/formacion-del-profesorado-de-centro\/"},"modified":"2024-09-13T13:17:31","modified_gmt":"2024-09-13T12:17:31","slug":"formacion-del-profesorado-de-centro","status":"publish","type":"page","link":"https:\/\/recercapau.org\/es\/proyectos\/investigacion-para-ciudadania-global\/formacion-del-profesorado-de-centro\/","title":{"rendered":"Formaci\u00f3n del profesorado de centro"},"content":{"rendered":"<p><img decoding=\"async\" class=\"alignright wp-image-31077\" src=\"http:\/\/portalpaula.org\/wp-content\/uploads\/2019\/09\/formacio-professorat-recerca-ciutadania-global-ub.jpg\" alt=\"\" width=\"500\" height=\"281\" srcset=\"https:\/\/recercapau.org\/wp-content\/uploads\/2019\/09\/formacio-professorat-recerca-ciutadania-global-ub-300x169.jpg 300w, https:\/\/recercapau.org\/wp-content\/uploads\/2019\/09\/formacio-professorat-recerca-ciutadania-global-ub.jpg 626w\" sizes=\"(max-width: 500px) 100vw, 500px\" \/>Paralelamente al apoyo al alumnado, se realiza un asesoramiento al profesorado del instituto para reflexionar sobre los <strong>objetivos, contenidos de aprendizaje y procedimientos del trabajo de investigaci\u00f3n y<\/strong>, consecuentemente, sobre los criterios, indicadores e instrumentos de <strong>evaluaci\u00f3n <\/strong>que orientan la tutor\u00eda y determinan la calificaci\u00f3n final de las investigaciones.<\/p>\n<p>La formaci\u00f3n se realiza en el instituto y tiene una <strong>duraci\u00f3n de entre 20 y 30 horas<\/strong>, con un m\u00ednimo de 10 horas presenciales.<\/p>\n<p>Las sesiones presenciales se distribuyen a lo largo del curso, a fin de que la formaci\u00f3n acompa\u00f1e la tutor\u00eda de los trabajos de investigaci\u00f3n. El horario y calendario de las sesiones presenciales se concreta con cada centro.<\/p>\n<p><strong>El centro har\u00e1 un trabajo de seguimiento interno<\/strong> sobre la transferencia de la formaci\u00f3n a la tutor\u00eda del trabajo de investigaci\u00f3n y el documento de valoraci\u00f3n final se incluir\u00e1 en la memoria anual del centro.<\/p>\n","protected":false},"excerpt":{"rendered":"<p>Paralelamente al apoyo al alumnado, se realiza un asesoramiento al<\/p>\n","protected":false},"author":3,"featured_media":0,"parent":43690,"menu_order":0,"comment_status":"closed","ping_status":"closed","template":"100-width.php","meta":{"footnotes":""},"class_list":["post-43692","page","type-page","status-publish","hentry"],"_links":{"self":[{"href":"https:\/\/recercapau.org\/es\/wp-json\/wp\/v2\/pages\/43692","targetHints":{"allow":["GET"]}}],"collection":[{"href":"https:\/\/recercapau.org\/es\/wp-json\/wp\/v2\/pages"}],"about":[{"href":"https:\/\/recercapau.org\/es\/wp-json\/wp\/v2\/types\/page"}],"author":[{"embeddable":true,"href":"https:\/\/recercapau.org\/es\/wp-json\/wp\/v2\/users\/3"}],"replies":[{"embeddable":true,"href":"https:\/\/recercapau.org\/es\/wp-json\/wp\/v2\/comments?post=43692"}],"version-history":[{"count":1,"href":"https:\/\/recercapau.org\/es\/wp-json\/wp\/v2\/pages\/43692\/revisions"}],"predecessor-version":[{"id":50543,"href":"https:\/\/recercapau.org\/es\/wp-json\/wp\/v2\/pages\/43692\/revisions\/50543"}],"up":[{"embeddable":true,"href":"https:\/\/recercapau.org\/es\/wp-json\/wp\/v2\/pages\/43690"}],"wp:attachment":[{"href":"https:\/\/recercapau.org\/es\/wp-json\/wp\/v2\/media?parent=43692"}],"curies":[{"name":"wp","href":"https:\/\/api.w.org\/{rel}","templated":true}]}}