{"id":43690,"date":"2018-09-25T11:27:51","date_gmt":"2018-09-25T09:27:51","guid":{"rendered":"https:\/\/recercapau.org\/investigacion-para-la-ciudadania-global\/"},"modified":"2025-09-29T11:55:30","modified_gmt":"2025-09-29T10:55:30","slug":"investigacion-para-ciudadania-global","status":"publish","type":"page","link":"https:\/\/recercapau.org\/es\/proyectos\/investigacion-para-ciudadania-global\/","title":{"rendered":"Investigaci\u00f3n para la Ciudadan\u00eda Global"},"content":{"rendered":"<p>Programa de apoyo a los institutos p\u00fablicos de bachillerato para el desarrollo de trabajos de investigaci\u00f3n que, desde el rigor metodol\u00f3gico, eduquen en derechos humanos y ciudadan\u00eda global. Se ofrece a los <strong>institutos p\u00fablicos de la ciudad de Barcelona<\/strong> a trav\u00e9s de la <a href=\"https:\/\/www.edubcn.cat\/ca\/suport_educatiu_recursos\/convocatoria_programes\" target=\"_blank\" rel=\"noopener\">Convocatoria Unificada de Programas<\/a> del Consorcio de Educaci\u00f3n, as\u00ed como a los <strong>institutos p\u00fablicos de Sant Vicen\u00e7 dels Horts<\/strong>, en el marco de las acciones de <a href=\"https:\/\/svh.cat\/municipi\/per-temes\/justicia-global-i-drets-civils\/\" target=\"_blank\" rel=\"noopener\">Justicia global y Derechos Civiles<\/a> de su Ayuntamiento.<\/p>\n<div class=\"wk-scope\">\n\n    <div id=\"wk-gridb4f\" class=\"wk-child-width-1-1 wk-child-width-1-1@s wk-child-width-1-3@m wk-child-width-1-3@l wk-child-width-1-3@xl wk-text-center \"  wk-grid=\"masonry: next\" >\n\n    \n        <div >\n            <div class=\"wk-card wk-card-secondary\">\n\n                \n                \n                                <div class=\"wk-text-center wk-card-media-top\"><div class=\"wk-inline-clip wk-transition-toggle wk-border-rounded\"><img decoding=\"async\" src=\"\/wp-content\/plugins\/widgetkit\/cache\/tallers-recercapau-drets-humans-3-7b40ea4fa0af73c6c2a9ecc67f6065cf.jpg\" class=\"wk-border-rounded wk-transition-scale-up wk-transition-opaque\" alt=\"Talleres de investigaci\u00f3n por los derechos humanos\" height=\"350\"><div class=\"wk-overlay-primary wk-position-cover wk-transition-fade\"><div class=\"wk-position-center\"><span class=\"\" wk-overlay-icon><\/span><\/div><\/div><a class=\"wk-position-cover\" href=\"https:\/\/recercapau.org\/es\/proyectos\/investigacion-para-ciudadania-global\/talleres\/\" title=\"Talleres de investigaci\u00f3n &lt;br&gt;por los derechos humanos\"><\/a><\/div><\/div>\n                \n                \n                                        <div class=\"wk-card-body\">\n                    \n                        \n                                                <h4 class=\"wk-h4 wk-margin-remove-top\">\n\n                                                            <a class=\"wk-link-reset\" href=\"https:\/\/recercapau.org\/es\/proyectos\/investigacion-para-ciudadania-global\/talleres\/\">Talleres de investigaci\u00f3n <br>por los derechos humanos<\/a>\n                            \n                            \n                        <\/h4>\n                        \n                        \n                        \n                        \n                        \n                        \n                                        <\/div>\n                    \n                \n            <\/div>\n        <\/div>\n\n    \n        <div >\n            <div class=\"wk-card wk-card-secondary\">\n\n                \n                \n                                <div class=\"wk-text-center wk-card-media-top\"><div class=\"wk-inline-clip wk-transition-toggle wk-border-rounded\"><img decoding=\"async\" src=\"\/wp-content\/plugins\/widgetkit\/cache\/assessorament-estudiants-recercapau-2023-08216fc2e0ef7b274a358811ddb39f11.jpg\" class=\"wk-border-rounded wk-transition-scale-up wk-transition-opaque\" alt=\"Asesoramiento de estudiantes\" height=\"350\"><div class=\"wk-overlay-primary wk-position-cover wk-transition-fade\"><div class=\"wk-position-center\"><span class=\"\" wk-overlay-icon><\/span><\/div><\/div><a class=\"wk-position-cover\" href=\"https:\/\/recercapau.org\/es\/proyectos\/investigacion-para-ciudadania-global\/asesoramiento-estudiantes\/\" title=\"Asesoramiento &lt;br&gt;de estudiantes\"><\/a><\/div><\/div>\n                \n                \n                                        <div class=\"wk-card-body\">\n                    \n                        \n                                                <h4 class=\"wk-h4 wk-margin-remove-top\">\n\n                                                            <a class=\"wk-link-reset\" href=\"https:\/\/recercapau.org\/es\/proyectos\/investigacion-para-ciudadania-global\/asesoramiento-estudiantes\/\">Asesoramiento <br>de estudiantes<\/a>\n                            \n                            \n                        <\/h4>\n                        \n                        \n                        \n                        \n                        \n                        \n                                        <\/div>\n                    \n                \n            <\/div>\n        <\/div>\n\n    \n        <div >\n            <div class=\"wk-card wk-card-secondary\">\n\n                \n                \n                                <div class=\"wk-text-center wk-card-media-top\"><div class=\"wk-inline-clip wk-transition-toggle wk-border-rounded\"><img decoding=\"async\" src=\"\/wp-content\/plugins\/widgetkit\/cache\/formacio-professorat-recercapau-2024-251871aa2d5ab917c74ddf7fbf2a0154.jpg\" class=\"wk-border-rounded wk-transition-scale-up wk-transition-opaque\" alt=\"Formaci\u00f3n de profesorado\" height=\"350\"><div class=\"wk-overlay-primary wk-position-cover wk-transition-fade\"><div class=\"wk-position-center\"><span class=\"\" wk-overlay-icon><\/span><\/div><\/div><a class=\"wk-position-cover\" href=\"https:\/\/recercapau.org\/es\/proyectos\/investigacion-para-ciudadania-global\/formacion-profesorado\/\" title=\"Formaci\u00f3n &lt;br&gt;de profesorado\"><\/a><\/div><\/div>\n                \n                \n                                        <div class=\"wk-card-body\">\n                    \n                        \n                                                <h4 class=\"wk-h4 wk-margin-remove-top\">\n\n                                                            <a class=\"wk-link-reset\" href=\"https:\/\/recercapau.org\/es\/proyectos\/investigacion-para-ciudadania-global\/formacion-profesorado\/\">Formaci\u00f3n <br>de profesorado<\/a>\n                            \n                            \n                        <\/h4>\n                        \n                        \n                        \n                        \n                        \n                        \n                                        <\/div>\n                    \n                \n            <\/div>\n        <\/div>\n\n    \n    <\/div>\n\n<\/div>\n<h6><strong>M\u00e1s informaci\u00f3n: <\/strong><a href=\"mailto:recercapau@ub.edu\">recercapau@ub.edu<\/a><\/h6>\n","protected":false},"excerpt":{"rendered":"<p>Programa de apoyo a los institutos p\u00fablicos de bachillerato para<\/p>\n","protected":false},"author":3,"featured_media":0,"parent":44802,"menu_order":0,"comment_status":"closed","ping_status":"closed","template":"","meta":{"footnotes":""},"class_list":["post-43690","page","type-page","status-publish","hentry"],"_links":{"self":[{"href":"https:\/\/recercapau.org\/es\/wp-json\/wp\/v2\/pages\/43690","targetHints":{"allow":["GET"]}}],"collection":[{"href":"https:\/\/recercapau.org\/es\/wp-json\/wp\/v2\/pages"}],"about":[{"href":"https:\/\/recercapau.org\/es\/wp-json\/wp\/v2\/types\/page"}],"author":[{"embeddable":true,"href":"https:\/\/recercapau.org\/es\/wp-json\/wp\/v2\/users\/3"}],"replies":[{"embeddable":true,"href":"https:\/\/recercapau.org\/es\/wp-json\/wp\/v2\/comments?post=43690"}],"version-history":[{"count":4,"href":"https:\/\/recercapau.org\/es\/wp-json\/wp\/v2\/pages\/43690\/revisions"}],"predecessor-version":[{"id":50981,"href":"https:\/\/recercapau.org\/es\/wp-json\/wp\/v2\/pages\/43690\/revisions\/50981"}],"up":[{"embeddable":true,"href":"https:\/\/recercapau.org\/es\/wp-json\/wp\/v2\/pages\/44802"}],"wp:attachment":[{"href":"https:\/\/recercapau.org\/es\/wp-json\/wp\/v2\/media?parent=43690"}],"curies":[{"name":"wp","href":"https:\/\/api.w.org\/{rel}","templated":true}]}}