{"id":43678,"date":"2017-12-19T15:20:49","date_gmt":"2017-12-19T13:20:49","guid":{"rendered":"https:\/\/recercapau.org\/actividades\/"},"modified":"2025-07-23T11:34:48","modified_gmt":"2025-07-23T10:34:48","slug":"actividades","status":"publish","type":"page","link":"https:\/\/recercapau.org\/es\/propuestas-aula\/que-entendemos-por-mundo-musulman\/actividades\/","title":{"rendered":"Actividades"},"content":{"rendered":"<p style=\"text-align: justify;\">Se propone un conjunto de actividades ordenadas de forma que permitan empezar por descubrir c\u00f3mo los estereotipos sociales hacia la comunidad musulmana arraigan en la persona, para continuar reflexionando sobre c\u00f3mo se construyen y como afectan. La intenci\u00f3n final es llegar a crear la necesidad de desaprender los estereotipos y dar pautas de an\u00e1lisis que permitan iniciar este proceso.<\/p>\n<p style=\"text-align: justify;\">Aunque, como ya hemos dicho, las actividades est\u00e1n pensadas para seguir una secuencia, se presentan de forma que se puedan trabajar independientemente unas de otras y as\u00ed, poder adecuarlas a las necesidades de los diferentes grupos.<\/p>\n<p style=\"text-align: justify;\">A continuaci\u00f3n hacemos una breve presentaci\u00f3n de las cuatro actividades que conforman la propuesta:<\/p>\n<ul>\n<li style=\"text-align: justify;\"><strong>\u00bfQui\u00e9n es qui\u00e9n?<\/strong><\/li>\n<\/ul>\n<p style=\"text-align: justify;\">A partir de diferentes fotograf\u00edas de personas en varios contextos y situaciones, el alumnado tendr\u00e1 que averiguar si son o no musulmanas. Las im\u00e1genes presentan algunas caracter\u00edsticas que pueden inducir a identificaciones err\u00f3neas. La actividad da pie a fomentar la reflexi\u00f3n sobre c\u00f3mo las apariencias y los estereotipos sociales pueden determinar nuestra manera de ver, juzgar y relacionarnos con las personas y la necesidad de ser cr\u00edticos con estas ideas preconcebidas.<\/p>\n<ul>\n<li style=\"text-align: justify;\"><a href=\"https:\/\/recercapau.org\/es\/propuestas-aula\/que-entendemos-por-mundo-musulman\/actividades\/imaginamos-historias\/\" target=\"_blank\" rel=\"noopener\"><strong>Imaginamos historias<\/strong><\/a><\/li>\n<\/ul>\n<p style=\"text-align: justify;\">A partir de diferentes fotograf\u00edas de personas musulmanas en varios contextos y situaciones, el alumnado imaginar\u00e1 y construir\u00e1, en grupo, historias sobre la vida cotidiana de estas personas. El an\u00e1lisis de estas historias en relaci\u00f3n a su realidad invitar\u00e1 a la reflexi\u00f3n sobre qu\u00e9 estereotipos y prejuicios les pueden haber influido, y c\u00f3mo las ideas preconcebidas que podamos tener sobre determinadas personas o colectivos determinan nuestra manera de mirar y relacionarnos. Esta actividad servir\u00e1 tambi\u00e9n por trabajar los conceptos de semejanzas y diferencias e identificar aquello pr\u00f3ximo y lejano a nuestra realidad.<\/p>\n<ul>\n<li style=\"text-align: justify;\"><strong><a title=\"\u00bfQu\u00e9 entendemos por mundo musulm\u00e1n? Actividad: Investigaci\u00f3n en acci\u00f3n\" href=\"https:\/\/recercapau.org\/es\/propuestas-aula\/que-entendemos-por-mundo-musulman\/actividades\/investigacion-en-accion\/\" target=\"_blank\" rel=\"noopener\">Investigaci\u00f3n en acci\u00f3n<\/a><\/strong><\/li>\n<\/ul>\n<div style=\"text-align: justify;\">Se propone hacer un seguimiento y an\u00e1lisis de noticias de prensa relacionadas con la comunidad musulmana para que el alumnado pueda obtener elementos de an\u00e1lisis sobre el tratamiento de la informaci\u00f3n e identificar posibles generalizaciones o estereotipos.<\/div>\n<ul>\n<li style=\"text-align: justify;\"><strong><a title=\"\u00bfQu\u00e9 entendemos por mundo musulm\u00e1n? Actividad: Hacemos de periodistas\" href=\"https:\/\/recercapau.org\/es\/propuestas-aula\/que-entendemos-por-mundo-musulman\/actividades\/hacemos-de-periodistas\/\" target=\"_blank\" rel=\"noopener\">Hacemos de periodistas<\/a><\/strong><\/li>\n<\/ul>\n<p style=\"text-align: justify;\">A partir del an\u00e1lisis y reedici\u00f3n de noticias period\u00edsticas de actualidad comprensibles para el alumnado, se trabajar\u00e1 sobre las generalizaciones y estereotipos que aparezcan. Mediante la reedici\u00f3n y posterior lectura de las noticias, que les permitir\u00e1 cambiar el punto de vista, podr\u00e1n percibir y captar los efectos que pueden producir los prejuicios y estereotipos sociales.<\/p>\n","protected":false},"excerpt":{"rendered":"<p>Se propone un conjunto de actividades ordenadas de forma que<\/p>\n","protected":false},"author":3,"featured_media":0,"parent":43326,"menu_order":0,"comment_status":"closed","ping_status":"closed","template":"","meta":{"footnotes":""},"class_list":["post-43678","page","type-page","status-publish","hentry"],"_links":{"self":[{"href":"https:\/\/recercapau.org\/es\/wp-json\/wp\/v2\/pages\/43678","targetHints":{"allow":["GET"]}}],"collection":[{"href":"https:\/\/recercapau.org\/es\/wp-json\/wp\/v2\/pages"}],"about":[{"href":"https:\/\/recercapau.org\/es\/wp-json\/wp\/v2\/types\/page"}],"author":[{"embeddable":true,"href":"https:\/\/recercapau.org\/es\/wp-json\/wp\/v2\/users\/3"}],"replies":[{"embeddable":true,"href":"https:\/\/recercapau.org\/es\/wp-json\/wp\/v2\/comments?post=43678"}],"version-history":[{"count":4,"href":"https:\/\/recercapau.org\/es\/wp-json\/wp\/v2\/pages\/43678\/revisions"}],"predecessor-version":[{"id":52745,"href":"https:\/\/recercapau.org\/es\/wp-json\/wp\/v2\/pages\/43678\/revisions\/52745"}],"up":[{"embeddable":true,"href":"https:\/\/recercapau.org\/es\/wp-json\/wp\/v2\/pages\/43326"}],"wp:attachment":[{"href":"https:\/\/recercapau.org\/es\/wp-json\/wp\/v2\/media?parent=43678"}],"curies":[{"name":"wp","href":"https:\/\/api.w.org\/{rel}","templated":true}]}}