{"id":43656,"date":"2017-11-30T16:10:15","date_gmt":"2017-11-30T14:10:15","guid":{"rendered":"https:\/\/recercapau.org\/temporizacion\/"},"modified":"2024-10-01T11:53:41","modified_gmt":"2024-10-01T10:53:41","slug":"temporizacion","status":"publish","type":"page","link":"https:\/\/recercapau.org\/es\/propuestas-aula\/descampados-electronicos\/temporizacion\/","title":{"rendered":"Temporizaci\u00f3n"},"content":{"rendered":"<p>La unidad did\u00e1ctica se desarrolla en cuatro sesiones. Cada una de ellas se representa en el siguiente esquema.<\/p>\n<p><img decoding=\"async\" class=\"alignright wp-image-14711\" src=\"http:\/\/portalpaula.org\/wp-content\/uploads\/2016\/07\/desarollo-sesiones-descampados-electronicos-1024x853.jpg\" alt=\"desarollo sesiones descampados electronicos\" width=\"450\" height=\"375\" srcset=\"https:\/\/recercapau.org\/wp-content\/uploads\/2016\/07\/desarollo-sesiones-descampados-electronicos-300x250.jpg 300w, https:\/\/recercapau.org\/wp-content\/uploads\/2016\/07\/desarollo-sesiones-descampados-electronicos-768x640.jpg 768w, https:\/\/recercapau.org\/wp-content\/uploads\/2016\/07\/desarollo-sesiones-descampados-electronicos-1024x853.jpg 1024w, https:\/\/recercapau.org\/wp-content\/uploads\/2016\/07\/desarollo-sesiones-descampados-electronicos.jpg 1877w\" sizes=\"(max-width: 450px) 100vw, 450px\" \/><strong><a href=\"http:\/\/portalpaula.org\/propuestas-para-el-aula\/descampados-electronicos\/sesion-1\/\">SESI\u00d3N I. Una situaci\u00f3n ante la que exclamar<\/a> &#8211;<\/strong> corresponde al <strong>c\u00edrculo central<\/strong> del esquema, d\u00f3nde se va a visualizar una situaci\u00f3n de pobreza y de vulneraci\u00f3n de los derechos humanos.<\/p>\n<p><strong><a href=\"http:\/\/portalpaula.org\/propuestas-para-el-aula\/descampados-electronicos\/sesion-2\/\">SESI\u00d3N II. Conozcamos las causas y consecuencias de la exclamaci\u00f3n<\/a> &#8211;<\/strong> se agranda el foco de mira hasta el <strong>segundo c\u00edrculo<\/strong> del esquema. En este momento ya se podr\u00e1n conocer y reflexionar las diferentes conexiones y relaciones que propicien esa situaci\u00f3n que en la primera sesi\u00f3n se presenta.<\/p>\n<p><strong><a href=\"http:\/\/portalpaula.org\/propuestas-para-el-aula\/descampados-electronicos\/sesion-3\/\">SESI\u00d3N III. Lleg\u00f3 el momento de pasar a la acci\u00f3n<\/a> &#8211;<\/strong> vemos el <strong>esquema completo<\/strong>, y es que, teniendo la noci\u00f3n de una situaci\u00f3n y de su causa en la que contribuimos la mayor\u00eda de ciudadan\u00eda vamos a encontrar y construir colectivamente acciones que lleven a minimizar esa situaci\u00f3n con el objetivo de erradicarla.<\/p>\n<p><strong><a href=\"http:\/\/portalpaula.org\/propuestas-para-el-aula\/descampados-electronicos\/sesion-4\/\">SESI\u00d3N IV. Los altavoces dan voz a nuestras propuestas<\/a> &#8211;<\/strong> nos interesa <strong>difundir y comunicar las propuestas de acci\u00f3n<\/strong> que colectivamente se han construido; para ello, tenemos que pensar a qui\u00e9n van dirigidas, para qu\u00e9 contexto est\u00e1n pensadas e ir a comunicarlo a ese centro, grupo de gente, etc.<\/p>\n","protected":false},"excerpt":{"rendered":"<p>La unidad did\u00e1ctica se desarrolla en cuatro sesiones. Cada una<\/p>\n","protected":false},"author":3,"featured_media":0,"parent":43553,"menu_order":0,"comment_status":"closed","ping_status":"closed","template":"","meta":{"footnotes":""},"class_list":["post-43656","page","type-page","status-publish","hentry"],"_links":{"self":[{"href":"https:\/\/recercapau.org\/es\/wp-json\/wp\/v2\/pages\/43656","targetHints":{"allow":["GET"]}}],"collection":[{"href":"https:\/\/recercapau.org\/es\/wp-json\/wp\/v2\/pages"}],"about":[{"href":"https:\/\/recercapau.org\/es\/wp-json\/wp\/v2\/types\/page"}],"author":[{"embeddable":true,"href":"https:\/\/recercapau.org\/es\/wp-json\/wp\/v2\/users\/3"}],"replies":[{"embeddable":true,"href":"https:\/\/recercapau.org\/es\/wp-json\/wp\/v2\/comments?post=43656"}],"version-history":[{"count":1,"href":"https:\/\/recercapau.org\/es\/wp-json\/wp\/v2\/pages\/43656\/revisions"}],"predecessor-version":[{"id":50533,"href":"https:\/\/recercapau.org\/es\/wp-json\/wp\/v2\/pages\/43656\/revisions\/50533"}],"up":[{"embeddable":true,"href":"https:\/\/recercapau.org\/es\/wp-json\/wp\/v2\/pages\/43553"}],"wp:attachment":[{"href":"https:\/\/recercapau.org\/es\/wp-json\/wp\/v2\/media?parent=43656"}],"curies":[{"name":"wp","href":"https:\/\/api.w.org\/{rel}","templated":true}]}}