{"id":43654,"date":"2017-11-30T16:04:25","date_gmt":"2017-11-30T14:04:25","guid":{"rendered":"https:\/\/recercapau.org\/contenidos\/"},"modified":"2024-10-01T09:04:59","modified_gmt":"2024-10-01T08:04:59","slug":"contenidos","status":"publish","type":"page","link":"https:\/\/recercapau.org\/es\/propuestas-aula\/descampados-electronicos\/contenidos\/","title":{"rendered":"Contenidos"},"content":{"rendered":"<h2>Contenidos<\/h2>\n<div class=\"su-list\" style=\"margin-left:0px\">\n<ul>\n<li><i class=\"sui sui-dot-circle-o\" style=\"color:#bf4545\"><\/i> <a href=\"http:\/\/portalpaula.org\/desarrollo-sostenible\/\" target=\"_blank\" rel=\"noopener\">Sostenibilidad<\/a><\/li>\n<li><i class=\"sui sui-dot-circle-o\" style=\"color:#bf4545\"><\/i> Vocabulario inclusivo y consciente<\/li>\n<li><i class=\"sui sui-dot-circle-o\" style=\"color:#bf4545\"><\/i> Relaciones de poder entre pa\u00edses<\/li>\n<li><i class=\"sui sui-dot-circle-o\" style=\"color:#bf4545\"><\/i> Residuos electr\u00f3nicos<\/li>\n<li><i class=\"sui sui-dot-circle-o\" style=\"color:#bf4545\"><\/i> <a href=\"http:\/\/portalpaula.org\/catala-drets-humans-2\/\" target=\"_blank\" rel=\"noopener\">Derechos humanos<\/a><\/li>\n<\/ul>\n<\/div>\n<h2>Vocabulario<\/h2>\n<p>Las sesiones de esta Unidad Did\u00e1ctica han sido descritas despu\u00e9s de un largo proceso de reflexi\u00f3n individual y colectiva. Por ello, proponemos a las formadoras que la utilicen que puedan hacerse con la ideolog\u00eda y usar el vocabulario con el que estuvo pensada y construida. A continuaci\u00f3n se exponen t\u00e9rminos a usar en contraposici\u00f3n a los que deber\u00edamos evitar, as\u00ed como la raz\u00f3n de su elecci\u00f3n.<\/p>\n<table border=\"1px\" width=\"100%\">\n<tbody>\n<tr>\n<td bgcolor=\"#E6E6E6\"><strong>\u00c1frica Sur-Sahariana||<\/strong><\/p>\n<p><strong>\u00c1frica Sub-Sahariana<\/strong><\/td>\n<td>Nos fijamos en los prefijos sur y sub. El prefijo sub denota inferioridad, mientras sur la ubicaci\u00f3n geogr\u00e1fica. En este sentido, la intenci\u00f3n del uso del t\u00e9rmino es el mero apunte la ubicaci\u00f3n geogr\u00e1fica de ciertos pa\u00edses. As\u00ed, se usar\u00e1 el prefijo sur en <strong>\u00c1frica Sur-Sahariana<\/strong>.<\/td>\n<\/tr>\n<tr>\n<td bgcolor=\"#E6E6E6\"><strong>\u00c1frica Sur-Sahariana||Pa\u00edses pobres<\/strong><\/td>\n<td>Nos fijamos en la diferenciaci\u00f3n entre s\u00f3lo indicar o indicar caracter\u00edsticas estereotipadas de una zona geogr\u00e1fica. En este punto, no nos interesa resaltar la econom\u00eda, ni el tipo, ni relaciones econ\u00f3micas hist\u00f3ricas; s\u00f3lo la ubicaci\u00f3n geogr\u00e1fica. As\u00ed, se har\u00e1 uso de <strong>\u00c1frica Sur-Sahariana.<\/strong><\/td>\n<\/tr>\n<tr>\n<td bgcolor=\"#E6E6E6\"><strong>\u00c1frica Sur-Sahariana y Europa||Pa\u00edses subdesarrollados y pa\u00edses desarrollados o en v\u00edas de desarrollo<\/strong><\/td>\n<td>Nos fijamos en la diferenciaci\u00f3n entre s\u00f3lo indicar o indicar caracter\u00edsticas estereotipadas de una zona geogr\u00e1fica. En este punto, no nos interesa resaltar la econom\u00eda, ni el tipo, ni las relaciones econ\u00f3micas hist\u00f3ricas; s\u00f3lo la ubicaci\u00f3n geogr\u00e1fica. As\u00ed, se har\u00e1 uso de <strong>\u00c1frica Sur-Sahariana y Europa.<\/strong><\/td>\n<\/tr>\n<tr>\n<td bgcolor=\"#E6E6E6\"><strong>\u00c1frica Sur-Sahariana y Europa||Tercer mundo y Primer Mundo<\/strong><\/td>\n<td>Nos fijamos en la diferenciaci\u00f3n entre s\u00f3lo indicar o indicar caracter\u00edsticas estereotipadas de una zona geogr\u00e1fica. Los t\u00e9rminos de clasificaci\u00f3n del mundo -Primer i Tercer- tienen relaci\u00f3n con lo ocurrido en el Segunda Guerra Mundial y los sistemas econ\u00f3micos. As\u00ed, ya que los tiempos han cambiado y no cabe hablar de t\u00e9rminos de la \u00e9poca, ni pretendemos hablar de relaciones econ\u00f3micas, olvidamos esa clasificaci\u00f3n del globo para referirnos a <strong>\u00c1frica Sur-Sahariana y Europa<\/strong>.<\/td>\n<\/tr>\n<tr>\n<td bgcolor=\"#E6E6E6\"><strong>G\u00e9nero femenino de los sustantivos||G\u00e9nero masculino<\/strong><\/td>\n<td>Nos fijamos en la manera de dirigirnos al colectivo con y para el que trabajar. Pensamos que en estos procesos debe ponerse en relieve la perspectiva de g\u00e9nero al abordar la toma de decisiones. \u00c9sta es crucial, ya que mujeres y hombres est\u00e1n implicadas en el consumo y el cotidiano general. Por ello nos referiremos a las personas, y usaremos el <strong>G\u00e9nero femenino en los sustantivos<\/strong>.<\/td>\n<\/tr>\n<\/tbody>\n<\/table>\n","protected":false},"excerpt":{"rendered":"<p>Contenidos Vocabulario Las sesiones de esta Unidad Did\u00e1ctica han sido<\/p>\n","protected":false},"author":3,"featured_media":0,"parent":43553,"menu_order":0,"comment_status":"closed","ping_status":"closed","template":"","meta":{"footnotes":""},"class_list":["post-43654","page","type-page","status-publish","hentry"],"_links":{"self":[{"href":"https:\/\/recercapau.org\/es\/wp-json\/wp\/v2\/pages\/43654","targetHints":{"allow":["GET"]}}],"collection":[{"href":"https:\/\/recercapau.org\/es\/wp-json\/wp\/v2\/pages"}],"about":[{"href":"https:\/\/recercapau.org\/es\/wp-json\/wp\/v2\/types\/page"}],"author":[{"embeddable":true,"href":"https:\/\/recercapau.org\/es\/wp-json\/wp\/v2\/users\/3"}],"replies":[{"embeddable":true,"href":"https:\/\/recercapau.org\/es\/wp-json\/wp\/v2\/comments?post=43654"}],"version-history":[{"count":1,"href":"https:\/\/recercapau.org\/es\/wp-json\/wp\/v2\/pages\/43654\/revisions"}],"predecessor-version":[{"id":51366,"href":"https:\/\/recercapau.org\/es\/wp-json\/wp\/v2\/pages\/43654\/revisions\/51366"}],"up":[{"embeddable":true,"href":"https:\/\/recercapau.org\/es\/wp-json\/wp\/v2\/pages\/43553"}],"wp:attachment":[{"href":"https:\/\/recercapau.org\/es\/wp-json\/wp\/v2\/media?parent=43654"}],"curies":[{"name":"wp","href":"https:\/\/api.w.org\/{rel}","templated":true}]}}