{"id":43652,"date":"2017-11-30T15:57:56","date_gmt":"2017-11-30T13:57:56","guid":{"rendered":"https:\/\/recercapau.org\/competencias\/"},"modified":"2024-10-01T11:21:46","modified_gmt":"2024-10-01T10:21:46","slug":"competencias","status":"publish","type":"page","link":"https:\/\/recercapau.org\/es\/propuestas-aula\/descampados-electronicos\/competencias\/","title":{"rendered":"Competencias"},"content":{"rendered":"<div class=\"su-list\" style=\"margin-left:0px\">\n<ul>\n<li><i class=\"sui sui-dot-circle-o\" style=\"color:#bf4545\"><\/i> Generar una<strong> ciudadan\u00eda global <\/strong>comprometida con la conservaci\u00f3n y la mejora del conjunto de valores naturales, sociales y culturales que condicionan el bienestar de la vida de las sociedades actuales y futuras.<\/li>\n<li><i class=\"sui sui-dot-circle-o\" style=\"color:#bf4545\"><\/i> Concienciar hacia las propias acciones sobre el<strong> medio natural<\/strong> y el impacto que tienen.<\/li>\n<li><i class=\"sui sui-dot-circle-o\" style=\"color:#bf4545\"><\/i> Crear iniciativas basadas en <strong>la reducci\u00f3n, la reutilizaci\u00f3n y el reciclaje<\/strong>, para mejorar la conservaci\u00f3n del medio ambiente.<\/li>\n<li><i class=\"sui sui-dot-circle-o\" style=\"color:#bf4545\"><\/i> Posicionarse y reflexionar cr\u00edticamente sobre diferentes<strong> alternativas<\/strong> surgidas para compensar el impacto medioambiental de la sociedad de consumo provocada por un sistema econ\u00f3mico capitalista.<\/li>\n<li><i class=\"sui sui-dot-circle-o\" style=\"color:#bf4545\"><\/i> Comprender cr\u00edticamente las causas, caracter\u00edsticas y consecuencias de las<strong> migraciones<\/strong> en el contexto de las globalizaciones econ\u00f3micas y de las comunicaciones.<\/li>\n<li><i class=\"sui sui-dot-circle-o\" style=\"color:#bf4545\"><\/i> Potenciar <strong>la cr\u00edtica, la responsabilidad, la solidaridad y la participaci\u00f3n democr\u00e1tica<\/strong> de las personas, orientada a construir una sociedad justa y equitativa.<\/li>\n<li><i class=\"sui sui-dot-circle-o\" style=\"color:#bf4545\"><\/i> Incentivar la comunicaci\u00f3n asertiva de las<strong> emociones<\/strong>, de forma rec\u00edproca y emp\u00e1tica hacia una misma y hacia la otra.<\/li>\n<\/ul>\n<\/div>\n","protected":false},"excerpt":{"rendered":"","protected":false},"author":3,"featured_media":0,"parent":43553,"menu_order":0,"comment_status":"closed","ping_status":"closed","template":"","meta":{"footnotes":""},"class_list":["post-43652","page","type-page","status-publish","hentry"],"_links":{"self":[{"href":"https:\/\/recercapau.org\/es\/wp-json\/wp\/v2\/pages\/43652","targetHints":{"allow":["GET"]}}],"collection":[{"href":"https:\/\/recercapau.org\/es\/wp-json\/wp\/v2\/pages"}],"about":[{"href":"https:\/\/recercapau.org\/es\/wp-json\/wp\/v2\/types\/page"}],"author":[{"embeddable":true,"href":"https:\/\/recercapau.org\/es\/wp-json\/wp\/v2\/users\/3"}],"replies":[{"embeddable":true,"href":"https:\/\/recercapau.org\/es\/wp-json\/wp\/v2\/comments?post=43652"}],"version-history":[{"count":1,"href":"https:\/\/recercapau.org\/es\/wp-json\/wp\/v2\/pages\/43652\/revisions"}],"predecessor-version":[{"id":50547,"href":"https:\/\/recercapau.org\/es\/wp-json\/wp\/v2\/pages\/43652\/revisions\/50547"}],"up":[{"embeddable":true,"href":"https:\/\/recercapau.org\/es\/wp-json\/wp\/v2\/pages\/43553"}],"wp:attachment":[{"href":"https:\/\/recercapau.org\/es\/wp-json\/wp\/v2\/media?parent=43652"}],"curies":[{"name":"wp","href":"https:\/\/api.w.org\/{rel}","templated":true}]}}