{"id":43650,"date":"2017-12-15T13:24:49","date_gmt":"2017-12-15T12:24:49","guid":{"rendered":"https:\/\/recercapau.org\/objetivos\/"},"modified":"2024-10-01T10:40:44","modified_gmt":"2024-10-01T09:40:44","slug":"objetivos","status":"publish","type":"page","link":"https:\/\/recercapau.org\/es\/propuestas-aula\/descampados-electronicos\/objetivos\/","title":{"rendered":"Objetivos"},"content":{"rendered":"<table border=\"1px\" width=\"100%\">\n<tbody>\n<tr bgcolor=\"#E6E6E6\">\n<td style=\"text-align: center;\" valign=\"top\"><strong>Objetivos Generales<\/strong><\/td>\n<td style=\"text-align: center;\" valign=\"top\"><strong>Objetivos Espec\u00edficos<\/strong><\/td>\n<td style=\"text-align: center;\" valign=\"top\"><strong>Estrategias metodol\u00f3gicas<\/strong><\/td>\n<\/tr>\n<tr>\n<td valign=\"top\"><strong>A. Visibilizar la precariedad impuesta a pa\u00edses del \u00c1frica Sur-Sahariana.<\/strong><\/td>\n<td valign=\"top\">A.1 Conocer las v\u00edas de eliminaci\u00f3n de residuos electr\u00f3nicos de pa\u00edses europeos.<\/p>\n<p>A.2 Conocer las consecuencias de trabajar en la desintegraci\u00f3n de residuos electr\u00f3nicos.<\/td>\n<td valign=\"top\">A.1.1 Sesi\u00f3n 1: \u00daltima parte del taller de residuos donde las alumnas del primer grupo conocen d\u00f3nde van sus residuos.<\/p>\n<p>A.2.1 Sesi\u00f3n 1: V\u00eddeo f\u00f3rum sobre fragmentos del documental de David Fedele <em><a href=\"http:\/\/www.e-wastelandfilm.com\/\">E-Wasteland<\/a><\/em>.<\/td>\n<\/tr>\n<tr>\n<td valign=\"top\"><strong>B. Dar a conocer estrategias y modos de promover la \u00e9tica y la sostenibilidad en una ciudadan\u00eda global.<\/strong><\/td>\n<td valign=\"top\">B.1 Experimentar una de las estrategias propias de la sostenibilidad.<\/p>\n<p>B.2 Dar a conocer protocolos de las principales organizaciones ecologistas para el consumo de las tecnolog\u00edas.<\/td>\n<td valign=\"top\">B.1.1 Sesi\u00f3n 1: Taller con materiales nuevos \u2013 desechos de los materiales: Altavoces. Y su posterior reflexi\u00f3n.<\/p>\n<p>B.2.1 Sesi\u00f3n 3: Reparto y reflexi\u00f3n acerca de los protocolos.<\/td>\n<\/tr>\n<tr>\n<td valign=\"top\"><strong>C. Conocer las relaciones de poder entre pa\u00edses europeos y sursaharianos.<\/strong><\/td>\n<td valign=\"top\">C.1 Entender la responsabilidad de los pa\u00edses del Norte sobre las migraciones.<\/p>\n<p>C.2. Fomentar la reflexi\u00f3n acerca de las relaciones de mercado y de poder que se dan entre Europa y \u00c1frica Sursahariana.<\/td>\n<td valign=\"top\">C.1.1 Sesi\u00f3n 2: Role-playing \u00bfC\u00f3mo hacemos para recuperar el r\u00edo de Accra y la vida en sus alrededores?<\/p>\n<p>C.2.1 Sesi\u00f3n 2: Reuni\u00f3n conjunta entre los todos los grupos.<\/td>\n<\/tr>\n<tr>\n<td valign=\"top\"><strong>D. Construir colectivamente acciones que promuevan la responsabilidad del uso de la tecnolog\u00eda y de sus residuos.<\/strong><\/td>\n<td valign=\"top\">D.1 Adaptar los protocolos para evitar la emisi\u00f3n de residuos en su entorno m\u00e1s cercano implicando a las j\u00f3venes en el problema y su resoluci\u00f3n global.<\/p>\n<p>D.2 Hacer visible el acuerdo del protocolo construido colectivamente.<\/p>\n<p>D.3 Crear estrategias para difundir y visibilizar los protocolos creados.<\/td>\n<td valign=\"top\">D.1.1 Sesi\u00f3n 3: Contextualizando el protocolo.<\/p>\n<p>D.2.1 Sesi\u00f3n 3: Estrategia com\u00fan.<\/p>\n<p>D.3.1 Sesi\u00f3n 4: Los altavoces dan voz a nuestra propuesta.<\/td>\n<\/tr>\n<\/tbody>\n<\/table>\n","protected":false},"excerpt":{"rendered":"<p>Objetivos Generales Objetivos Espec\u00edficos Estrategias metodol\u00f3gicas A. Visibilizar la precariedad<\/p>\n","protected":false},"author":3,"featured_media":0,"parent":43553,"menu_order":0,"comment_status":"closed","ping_status":"closed","template":"","meta":{"footnotes":""},"class_list":["post-43650","page","type-page","status-publish","hentry"],"_links":{"self":[{"href":"https:\/\/recercapau.org\/es\/wp-json\/wp\/v2\/pages\/43650","targetHints":{"allow":["GET"]}}],"collection":[{"href":"https:\/\/recercapau.org\/es\/wp-json\/wp\/v2\/pages"}],"about":[{"href":"https:\/\/recercapau.org\/es\/wp-json\/wp\/v2\/types\/page"}],"author":[{"embeddable":true,"href":"https:\/\/recercapau.org\/es\/wp-json\/wp\/v2\/users\/3"}],"replies":[{"embeddable":true,"href":"https:\/\/recercapau.org\/es\/wp-json\/wp\/v2\/comments?post=43650"}],"version-history":[{"count":1,"href":"https:\/\/recercapau.org\/es\/wp-json\/wp\/v2\/pages\/43650\/revisions"}],"predecessor-version":[{"id":51368,"href":"https:\/\/recercapau.org\/es\/wp-json\/wp\/v2\/pages\/43650\/revisions\/51368"}],"up":[{"embeddable":true,"href":"https:\/\/recercapau.org\/es\/wp-json\/wp\/v2\/pages\/43553"}],"wp:attachment":[{"href":"https:\/\/recercapau.org\/es\/wp-json\/wp\/v2\/media?parent=43650"}],"curies":[{"name":"wp","href":"https:\/\/api.w.org\/{rel}","templated":true}]}}