{"id":43646,"date":"2017-11-17T14:33:33","date_gmt":"2017-11-17T12:33:33","guid":{"rendered":"https:\/\/recercapau.org\/accion-educativa-para-el-derecho-de-asilo\/"},"modified":"2024-09-12T19:11:23","modified_gmt":"2024-09-12T18:11:23","slug":"accion-educativa-para-el-derecho-de-asilo","status":"publish","type":"page","link":"https:\/\/recercapau.org\/es\/accion-educativa-para-el-derecho-de-asilo\/","title":{"rendered":"Acci\u00f3n educativa para el derecho de asilo"},"content":{"rendered":"<p>La conmemoraci\u00f3n de d\u00edas internacionales es una ocasi\u00f3n para sensibilizar sobre las vulneraciones de derechos humanos en el mundo y las acciones que pueden emprenderse para defenderlos y protegerlos.<\/p>\n<p>Esta propuesta para el aula se puede desarrollar vinculada con los siguientes d\u00edas internacionales:<\/p>\n<p style=\"padding-left: 30px;\"><strong>10 de diciembre, <a href=\"https:\/\/www.un.org\/es\/observances\/human-rights-day\" target=\"_blank\" rel=\"noopener noreferrer\">D\u00eda Internacional de los Derechos Humanos<\/a><\/strong><\/p>\n<p style=\"padding-left: 30px;\"><strong>18 de diciembre, <a href=\"https:\/\/www.un.org\/es\/observances\/migrants-day\" target=\"_blank\" rel=\"noopener noreferrer\">D\u00eda Internacional de las Personas Migradas<\/a><\/strong><\/p>\n<p style=\"padding-left: 30px;\"><strong>30 de enero, D\u00eda Escolar de la Noviolencia y la Paz (DENIP)<\/strong><\/p>\n<p style=\"padding-left: 30px;\"><strong>20 de junio, <a href=\"https:\/\/www.un.org\/es\/observances\/refugee-day\" target=\"_blank\" rel=\"noopener noreferrer\">D\u00eda Internacional de las Personas Refugiadas<\/a><\/strong><\/p>\n<p><strong>Etapas educativas: <\/strong>Adaptable a Primaria y ESO.<\/p>\n<p><strong>Duraci\u00f3n: <\/strong>M\u00ednimo de 2 sesiones de 1 hora, m\u00e1s la comunicaci\u00f3n de las producciones del alumnado.<\/p>\n<div class=\"su-tabs su-tabs-style-default su-tabs-mobile-stack\" data-active=\"1\" data-scroll-offset=\"0\" data-anchor-in-url=\"no\"><div class=\"su-tabs-nav\"><span class=\"\" data-url=\"\" data-target=\"blank\" tabindex=\"0\" role=\"button\">1. <strong>Lectura y expresi\u00f3n visual<\/strong><\/span><span class=\"\" data-url=\"\" data-target=\"blank\" tabindex=\"0\" role=\"button\">2. <strong>Di\u00e1logo y exposici\u00f3n<\/strong><\/span><span class=\"\" data-url=\"\" data-target=\"blank\" tabindex=\"0\" role=\"button\">3. <strong>Comunicaci\u00f3n<\/strong><\/span><span class=\"\" data-url=\"\" data-target=\"blank\" tabindex=\"0\" role=\"button\"><strong>Recursos did\u00e1cticos<\/strong><\/span><span class=\"\" data-url=\"\" data-target=\"blank\" tabindex=\"0\" role=\"button\"><strong>Para saber m\u00e1s<\/strong><\/span><\/div><div class=\"su-tabs-panes\"><div class=\"su-tabs-pane su-u-clearfix su-u-trim\" data-title=\"1. &lt;strong&gt;Lectura y expresi\u00f3n visual&lt;\/strong&gt;\">\n<h3>1. LECTURA y EXPRESI\u00d3N VISUAL<\/h3>\n<p>Se plantea el proyecto al grupo.<\/p>\n<p>Este mes hemos celebrado el D\u00eda de &#8230;<\/p>\n<p>Diariamente, recibimos noticias sobre <strong><a href=\"http:\/\/15years.morizbuesing.com\/\" target=\"_blank\" rel=\"noopener noreferrer\">la muerte en el Mediterr\u00e1neo<\/a> de personas que huyen de la violencia<\/strong>. La reiteraci\u00f3n de estas noticias, unida a los escasos titulares dedicados a las acciones llevadas a cabo para afrontar esta crisis, contribuyen a la insensibilizaci\u00f3n ante el drama humano.<\/p>\n<p>Por ello, hay que subrayar la importancia del <a href=\"http:\/\/portalpaula.org\/dret-dasil\/\" target=\"_blank\" rel=\"noopener noreferrer\"><strong>Derecho de asilo<\/strong><\/a>, que es uno de los derechos recogidos en la <a href=\"http:\/\/www.solidaritat.ub.edu\/observatori\/itineraris\/ddhh\/dh2.htm\" target=\"_blank\" rel=\"noopener noreferrer\">Declaraci\u00f3n Universal de los Derechos Humanos (DUDH)<\/a>.<\/p>\n<p>Dedicaremos un rato a<strong> recordar que esto est\u00e1 pasando, pensar en ello y expresarnos<\/strong>. Lo podemos hacer con una lectura de poemas, letras de canciones, cuentos o relatos cortos en el aula.<\/p>\n<p>Durante o despu\u00e9s de la lectura, el alumnado (en grupos de 2-3 personas) dise\u00f1ar\u00e1 <strong>un mural sobre la crisis del refugio<\/strong>. En funci\u00f3n del grupo, se puede optar por diferentes formatos y t\u00e9cnicas: ilustraci\u00f3n, c\u00f3mic, pancarta, collage&#8230;<\/p>\n<p>Previamente, se puede haber organizado <strong>una recopilaci\u00f3n de textos sobre guerras, fronteras y refugio<\/strong> por parte de la comunidad educativa (docentes, estudiantes, familias&#8230;). En estas p\u00e1ginas, recopilamos algunos ejemplos:<\/p>\n<div class=\"wk-scope\">\n\n    <div id=\"wk-grid847\" class=\"wk-child-width-1-1 wk-child-width-1-1@s wk-child-width-1-3@m wk-child-width-1-3@l wk-child-width-1-3@xl wk-grid-match wk-text-center \" wk-height-match=\"target: &gt; div &gt; .wk-panel, &gt; div &gt; .wk-card; row: true\" wk-grid >\n\n    \n        <div >\n            <div class=\"wk-panel\">\n\n                \n                \n                                <div class=\"wk-text-center wk-margin wk-margin-remove-top\"><div class=\"wk-inline-clip wk-transition-toggle wk-border-rounded\"><img decoding=\"async\" src=\"\/wp-content\/uploads\/2017\/11\/musica-2.jpg\" class=\"wk-border-rounded wk-transition-scale-up wk-transition-opaque\" alt=\"Poes\u00eda y m\u00fasica para el derecho de asilo\"><div class=\"wk-overlay-primary wk-position-cover wk-transition-fade\"><div class=\"wk-position-center\"><span class=\"\" wk-overlay-icon><\/span><\/div><\/div><a class=\"wk-position-cover\" href=\"http:\/\/recercapau.org\/poesia-i-musica-per-al-dret-dasil\/\" target=\"_blank\" title=\"Poes\u00eda y m\u00fasica para el derecho de asilo\"><\/a><\/div><\/div>\n                \n                \n                    \n                        \n                                                <h4 class=\"wk-h3 wk-margin-remove-top\">\n\n                                                            <a class=\"wk-link-reset\" href=\"http:\/\/recercapau.org\/poesia-i-musica-per-al-dret-dasil\/\" target=\"_blank\">Poes\u00eda y m\u00fasica para el derecho de asilo<\/a>\n                            \n                            \n                        <\/h4>\n                        \n                        \n                        \n                        \n                        \n                        \n                    \n                \n            <\/div>\n        <\/div>\n\n    \n        <div >\n            <div class=\"wk-panel\">\n\n                \n                \n                                <div class=\"wk-text-center wk-margin wk-margin-remove-top\"><div class=\"wk-inline-clip wk-transition-toggle wk-border-rounded\"><img decoding=\"async\" src=\"\/wp-content\/uploads\/2017\/11\/llibres-3.jpg\" class=\"wk-border-rounded wk-transition-scale-up wk-transition-opaque\" alt=\"Libros para el derecho de asilo\"><div class=\"wk-overlay-primary wk-position-cover wk-transition-fade\"><div class=\"wk-position-center\"><span class=\"\" wk-overlay-icon><\/span><\/div><\/div><a class=\"wk-position-cover\" href=\"http:\/\/recercapau.org\/llibres-per-al-dret-asil\/\" target=\"_blank\" title=\"Libros para el derecho de asilo\"><\/a><\/div><\/div>\n                \n                \n                    \n                        \n                                                <h4 class=\"wk-h3 wk-margin-remove-top\">\n\n                                                            <a class=\"wk-link-reset\" href=\"http:\/\/recercapau.org\/llibres-per-al-dret-asil\/\" target=\"_blank\">Libros para el derecho de asilo<\/a>\n                            \n                            \n                        <\/h4>\n                        \n                        \n                        \n                        \n                        \n                        \n                    \n                \n            <\/div>\n        <\/div>\n\n    \n    <\/div>\n\n<\/div>\n<\/div>\n<div class=\"su-tabs-pane su-u-clearfix su-u-trim\" data-title=\"2. &lt;strong&gt;Di\u00e1logo y exposici\u00f3n&lt;\/strong&gt;\">\n<h3>2. DI\u00c1LOGO y EXPOSICI\u00d3N<\/h3>\n<p>Cada grupo-clase elige 3 murales para mostrar al resto de la escuela. Hay que argumentar la elecci\u00f3n, de modo que se pueda intervenir para <strong>profundizar en la comprensi\u00f3n de la problem\u00e1tica<\/strong> (vulneraci\u00f3n del derecho de asilo, estereotipos&#8230;) y <strong>promover valores de solidaridad<\/strong> (igualdad, dignidad&#8230;). La revisi\u00f3n de las producciones del alumnado durante la primera parte de la actividad orientar\u00e1 la concreci\u00f3n de los contenidos de aprendizaje a reforzar en cada grupo.<\/p>\n<p>Tambi\u00e9n se puede optar por <strong>integrar fragmentos recortados de cada mural en un collage<\/strong>. Ello permitir\u00e1 comentar qu\u00e9 aporta cada creaci\u00f3n para hacerle sitio dentro del collage y ponerla en relaci\u00f3n con las otras.<\/p>\n<p>Los murales elegidos se mostrar\u00e1n en <strong>un mural gigante con forma de casa<\/strong> como s\u00edmbolo de la acogida.<\/p>\n<p>La base de la exposici\u00f3n puede estar hecha por el alumnado de Infantil, que habr\u00e1 recortado cuadros y tri\u00e1ngulos gigantes para formar las casas. Con el alumnado del ciclo medio de Primaria se pueden construir poliedros con cajas de cart\u00f3n, para exponer los murales elegidos.<\/p>\n<p><a href=\"http:\/\/portalpaula.org\/wp-content\/uploads\/2017\/11\/casa-triangles.png\"><img decoding=\"async\" class=\"aligncenter wp-image-23624\" src=\"http:\/\/portalpaula.org\/wp-content\/uploads\/2017\/11\/casa-triangles-1024x915.png\" alt=\"casa refugi\" width=\"400\" height=\"358\" srcset=\"https:\/\/recercapau.org\/wp-content\/uploads\/2017\/11\/casa-triangles-300x268.png 300w, https:\/\/recercapau.org\/wp-content\/uploads\/2017\/11\/casa-triangles-768x686.png 768w, https:\/\/recercapau.org\/wp-content\/uploads\/2017\/11\/casa-triangles-1024x915.png 1024w, https:\/\/recercapau.org\/wp-content\/uploads\/2017\/11\/casa-triangles.png 1280w\" sizes=\"(max-width: 400px) 100vw, 400px\" \/><\/a><br \/>\n<\/div>\n<div class=\"su-tabs-pane su-u-clearfix su-u-trim\" data-title=\"3. &lt;strong&gt;Comunicaci\u00f3n&lt;\/strong&gt;\">\n<h3>3. COMUNICACI\u00d3N<\/h3>\n<p>Los murales finales se instalan en diferentes espacios comunes del centro (pasillos, vest\u00edbulo&#8230;) y se comparten con toda la comunidad educativa a trav\u00e9s de la web de la escuela, de art\u00edculos en medios de comunicaci\u00f3n, de las redes sociales, etc. Tambi\u00e9n pod\u00e9is:<\/p>\n<h4 style=\"text-align: center;\"><a href=\"http:\/\/portalpaula.org\/mapamundi-drets-humans\/publica-treballs-daula-al-mapamundi\/\" target=\"_blank\" rel=\"noopener noreferrer\">\u00a1Publicar vuestras producciones en el Mapamundi de los derechos humanos!<\/a><\/h4>\n<p><a href=\"http:\/\/mapamundi.portalpaula.org\/\"><img decoding=\"async\" class=\"aligncenter wp-image-23555 size-large\" src=\"http:\/\/portalpaula.org\/wp-content\/uploads\/2017\/11\/Mapamundi-dels-Drets-Humans-1024x484.png\" alt=\"Mapamundi dels Drets Humans\" width=\"1024\" height=\"484\" srcset=\"https:\/\/recercapau.org\/wp-content\/uploads\/2017\/11\/Mapamundi-dels-Drets-Humans-300x142.png 300w, https:\/\/recercapau.org\/wp-content\/uploads\/2017\/11\/Mapamundi-dels-Drets-Humans-768x363.png 768w, https:\/\/recercapau.org\/wp-content\/uploads\/2017\/11\/Mapamundi-dels-Drets-Humans-1024x484.png 1024w, https:\/\/recercapau.org\/wp-content\/uploads\/2017\/11\/Mapamundi-dels-Drets-Humans.png 1896w\" sizes=\"(max-width: 1024px) 100vw, 1024px\" \/><\/a><\/p>\n<\/div>\n<div class=\"su-tabs-pane su-u-clearfix su-u-trim\" data-title=\"&lt;strong&gt;Recursos did\u00e1cticos&lt;\/strong&gt;\">\n<h3>RECURSOS DID\u00c1CTICOS<\/h3>\n<ul>\n<li><a href=\"https:\/\/obrimfronteres.wordpress.com\/\" target=\"_blank\" rel=\"noopener noreferrer\">Unim esfor\u00e7os, obrim fronteres: Red educativa en apoyo a las personas refugiadas<\/a>. En su web, recopilan recursos educativos clasificados por edades.<\/li>\n<li><a href=\"http:\/\/entreterres.org\/\" target=\"_blank\" rel=\"noopener noreferrer\">Entre Terres, gu\u00edas educativas sobre migraciones en el Mediterr\u00e1neo<\/a>, publicadas por Servei Civil Internacional y Stop Mare Mortum.<\/li>\n<\/ul>\n<\/div>\n<div class=\"su-tabs-pane su-u-clearfix su-u-trim\" data-title=\"&lt;strong&gt;Para saber m\u00e1s&lt;\/strong&gt;\">\n<h3>PARA SABER M\u00c1S<\/h3>\n<ul>\n<li><strong>Sobre las pol\u00edticas de acogida y asilo en Europa<br \/>\n<\/strong><\/p>\n<ul>\n<li><a href=\"http:\/\/ciutatrefugi.barcelona\/es\" target=\"_blank\" rel=\"noopener noreferrer\">Barcelona Ciudad Refugio<\/a>, Ayuntamiento de Barcelona.<\/li>\n<li><a href=\"http:\/\/ciutatrefugi.barcelona\/es\/memorial\" target=\"_blank\" rel=\"noopener noreferrer\">El contador de la verg\u00fcenza<\/a>, Ayuntamiento de Barcelona.<\/li>\n<li><a href=\"https:\/\/venidya.org\/\" target=\"_blank\" rel=\"noopener noreferrer\">El contador de la acogida<\/a>, campa\u00f1a Venid Ya &#8211; Veniu Ja.<\/li>\n<li><a href=\"http:\/\/15years.morizbuesing.com\/\" target=\"_blank\" rel=\"noopener noreferrer\">15 Years Fortress Europe<\/a> (mapa interactivo de las muertes de personas migrantes y refugiadas en el camino hacia Europa, o intentando permanecer en Europa); datos compilados por themigrantsfiles.com y UNITED for Intercultural Action.<\/li>\n<li><a href=\"http:\/\/unitedagainstrefugeedeaths.eu\/map\/\" target=\"_blank\" rel=\"noopener noreferrer\">Fatal Policies of Fortress Europe<\/a>, UNITED for Intercultural Action.<\/li>\n<li><a href=\"https:\/\/stopmaremortum.org\/\" target=\"_blank\" rel=\"noopener noreferrer\">Stop Mare Mortum. Plataforma Paremos el Genocidio en el mar Mediterr\u00e1neo<\/a>.<\/li>\n<\/ul>\n<\/li>\n<\/ul>\n<ul>\n<li><strong>Sobre c\u00f3mo combatir rumores y estereotipos<br \/>\n<\/strong><\/p>\n<ul>\n<li><a href=\"https:\/\/www.mesadiversitat.cat\/sites\/default\/files\/2017-11\/Triptic_antirumors.pdf\" target=\"_blank\" rel=\"noopener noreferrer\">Dades i arguments per desmuntar rumors i estereotips<\/a>, BCN Acci\u00f3n Intercultural, Ayuntamiento de Barcelona.<\/li>\n<li>Trenca t\u00f2pics&#8230; en positiu, Secretar\u00eda de Igualdad, Migraciones y Ciudadan\u00eda de la Generalitat de Catalunya.<\/li>\n<li><a href=\"https:\/\/media-edg.barcelona.cat\/wp-content\/uploads\/2016\/09\/guia-antirumors-Barcelona-2016-OK-web.pdf\" target=\"_blank\" rel=\"noopener noreferrer\">Gu\u00eda Pr\u00e1ctica del Agente Antirumores. C\u00f3mo combatir los rumores y estereotipos sobre diversidad cultural en Barcelona<\/a>, Ayuntamiento de Barcelona (2016).<\/li>\n<li><a href=\"http:\/\/www.unitedexplanations.org\/2015\/08\/31\/los-10-rumores-mas-extendidos-sobre-los-inmigrantes\/\" target=\"_blank\" rel=\"noopener noreferrer\">Los 10 rumores m\u00e1s extendidos sobre los inmigrantes<\/a>, United Explanations (2015).<\/li>\n<li><a href=\"https:\/\/migracions.wordpress.com\/\" target=\"_blank\" rel=\"noopener noreferrer\">Campanya TRENCAT\u00d2PICS<\/a>, Comissi\u00f3 de Migracions d\u2019ECAS (2012).<\/li>\n<li><a href=\"http:\/\/www.de0a18.net\/pdf\/doc_educacio_manual_per_combatre.pdf\" target=\"_blank\" rel=\"noopener noreferrer\">Manual pr\u00e0ctic per combatre prejudicis i rumors sobre la diversitat \u00e8tnica<\/a>, Consell Comarcal del Vall\u00e8s Occidental (2008).<\/li>\n<\/ul>\n<\/li>\n<\/ul>\n<\/div><\/div><\/div>\n<hr \/>\n<h3 style=\"text-align: justify;\"><span style=\"color: #ff6600;\">Otras propuestas para el aula<\/span><\/h3>\n<div class=\"wk-scope\">\n<div class=\" \" wk-slider=\"sets: true; autoplay: true ; autoplay-interval: 5000\">\n\n    \n    <div class=\"wk-position-relative wk-visible-toggle wk-margin\">\n\n        <ul class=\"wk-slider-items wk-grid wk-grid-match wk-child-width-1-1 wk-child-width-1-1@s wk-child-width-1-4@m wk-child-width-1-4@l wk-child-width-1-4@xl\">\n        \n            <li >\n\n                <div class=\"wk-panel wk-text-center\">\n\n                    \n                    \n                                        <div class=\"wk-text-center wk-margin wk-margin-remove-top\"><div class=\"wk-inline-clip wk-transition-toggle wk-border-rounded\"><img decoding=\"async\" src=\"\/wp-content\/uploads\/2016\/07\/mapamundi.png\" class=\"wk-border-rounded wk-transition-scale-up wk-transition-opaque\" alt=\"Mapamundi dels Drets Humans\"><div class=\"wk-overlay-primary wk-position-cover wk-transition-fade\"><div class=\"wk-position-center\"><span class=\"\" wk-overlay-icon><\/span><\/div><\/div><a class=\"wk-position-cover\" href=\"https:\/\/recercapau.org\/mapamundi-drets-humans\/\" title=\"https:\/\/recercapau.org\/mapamundi-drets-humans\/\"><\/a><\/div><\/div>\n                    \n                    \n                        \n                                                <h3 class=\"wk-h3 wk-margin-remove-top\">\n\n                                                            <a class=\"wk-link-reset\" href=\"https:\/\/recercapau.org\/mapamundi-drets-humans\/\">Mapamundi dels Drets Humans<\/a>\n                            \n                            \n                        <\/h3>\n                        \n                        \n                        \n                        \n                        \n                        \n                    \n                <\/div>\n\n            <\/li>\n\n        \n            <li >\n\n                <div class=\"wk-panel wk-text-center\">\n\n                    \n                    \n                                        <div class=\"wk-text-center wk-margin wk-margin-remove-top\"><div class=\"wk-inline-clip wk-transition-toggle wk-border-rounded\"><img decoding=\"async\" src=\"\/wp-content\/uploads\/2017\/05\/proposta-aula-refugi.jpg\" class=\"wk-border-rounded wk-transition-scale-up wk-transition-opaque\" alt=\"Conflicto de Siria y crisis del refugio (2018)\"><div class=\"wk-overlay-primary wk-position-cover wk-transition-fade\"><div class=\"wk-position-center\"><span class=\"\" wk-overlay-icon><\/span><\/div><\/div><a class=\"wk-position-cover\" href=\"https:\/\/recercapau.org\/crisi-refugi\/\" title=\"https:\/\/recercapau.org\/crisi-refugi\/\"><\/a><\/div><\/div>\n                    \n                    \n                        \n                                                <h3 class=\"wk-h3 wk-margin-remove-top\">\n\n                                                            <a class=\"wk-link-reset\" href=\"https:\/\/recercapau.org\/crisi-refugi\/\">Conflicto de Siria y crisis del refugio (2018)<\/a>\n                            \n                            \n                        <\/h3>\n                        \n                        \n                        \n                        \n                        \n                        \n                    \n                <\/div>\n\n            <\/li>\n\n        \n            <li >\n\n                <div class=\"wk-panel wk-text-center\">\n\n                    \n                    \n                                        <div class=\"wk-text-center wk-margin wk-margin-remove-top\"><div class=\"wk-inline-clip wk-transition-toggle wk-border-rounded\"><img decoding=\"async\" src=\"\/wp-content\/uploads\/2017\/11\/proposta-aula-dret-asil.jpg\" class=\"wk-border-rounded wk-transition-scale-up wk-transition-opaque\" alt=\"Acci\u00f3n educativa para el derecho de asilo (2017)\"><div class=\"wk-overlay-primary wk-position-cover wk-transition-fade\"><div class=\"wk-position-center\"><span class=\"\" wk-overlay-icon><\/span><\/div><\/div><a class=\"wk-position-cover\" href=\"https:\/\/recercapau.org\/es\/accion-educativa-para-el-derecho-de-asilo\/\" title=\"https:\/\/recercapau.org\/es\/accion-educativa-para-el-derecho-de-asilo\/\"><\/a><\/div><\/div>\n                    \n                    \n                        \n                                                <h3 class=\"wk-h3 wk-margin-remove-top\">\n\n                                                            <a class=\"wk-link-reset\" href=\"https:\/\/recercapau.org\/es\/accion-educativa-para-el-derecho-de-asilo\/\">Acci\u00f3n educativa para el derecho de asilo (2017)<\/a>\n                            \n                            \n                        <\/h3>\n                        \n                        \n                        \n                        \n                        \n                        \n                    \n                <\/div>\n\n            <\/li>\n\n        \n            <li >\n\n                <div class=\"wk-panel wk-text-center\">\n\n                    \n                    \n                                        <div class=\"wk-text-center wk-margin wk-margin-remove-top\"><div class=\"wk-inline-clip wk-transition-toggle wk-border-rounded\"><img decoding=\"async\" src=\"\/wp-content\/uploads\/2016\/07\/descampados-electronicos-residuos.jpg\" class=\"wk-border-rounded wk-transition-scale-up wk-transition-opaque\" alt=\"Descampados electr\u00f3nicos (2016)\"><div class=\"wk-overlay-primary wk-position-cover wk-transition-fade\"><div class=\"wk-position-center\"><span class=\"\" wk-overlay-icon><\/span><\/div><\/div><a class=\"wk-position-cover\" href=\"https:\/\/recercapau.org\/es\/propuestas-para-el-aula\/descampados-electronicos\/\" title=\"https:\/\/recercapau.org\/es\/propuestas-para-el-aula\/descampados-electronicos\/\"><\/a><\/div><\/div>\n                    \n                    \n                        \n                                                <h3 class=\"wk-h3 wk-margin-remove-top\">\n\n                                                            <a class=\"wk-link-reset\" href=\"https:\/\/recercapau.org\/es\/propuestas-para-el-aula\/descampados-electronicos\/\">Descampados electr\u00f3nicos (2016)<\/a>\n                            \n                            \n                        <\/h3>\n                        \n                        \n                        \n                        \n                        \n                        \n                    \n                <\/div>\n\n            <\/li>\n\n                <\/ul>\n\n        \n    <\/div>\n\n        <div class=\"wk-flex wk-flex-center wk-margin-top\">\n        <a href=\"#\" wk-slidenav-previous wk-slider-item=\"previous\"><\/a>\n        <a href=\"#\" wk-slidenav-next wk-slider-item=\"next\"><\/a>\n    <\/div>\n    \n    \n    \n<\/div>\n<\/div>\n","protected":false},"excerpt":{"rendered":"<p>La conmemoraci\u00f3n de d\u00edas internacionales es una ocasi\u00f3n para sensibilizar<\/p>\n","protected":false},"author":3,"featured_media":0,"parent":0,"menu_order":0,"comment_status":"closed","ping_status":"closed","template":"100-width.php","meta":{"footnotes":""},"class_list":["post-43646","page","type-page","status-publish","hentry"],"_links":{"self":[{"href":"https:\/\/recercapau.org\/es\/wp-json\/wp\/v2\/pages\/43646","targetHints":{"allow":["GET"]}}],"collection":[{"href":"https:\/\/recercapau.org\/es\/wp-json\/wp\/v2\/pages"}],"about":[{"href":"https:\/\/recercapau.org\/es\/wp-json\/wp\/v2\/types\/page"}],"author":[{"embeddable":true,"href":"https:\/\/recercapau.org\/es\/wp-json\/wp\/v2\/users\/3"}],"replies":[{"embeddable":true,"href":"https:\/\/recercapau.org\/es\/wp-json\/wp\/v2\/comments?post=43646"}],"version-history":[{"count":1,"href":"https:\/\/recercapau.org\/es\/wp-json\/wp\/v2\/pages\/43646\/revisions"}],"predecessor-version":[{"id":50400,"href":"https:\/\/recercapau.org\/es\/wp-json\/wp\/v2\/pages\/43646\/revisions\/50400"}],"wp:attachment":[{"href":"https:\/\/recercapau.org\/es\/wp-json\/wp\/v2\/media?parent=43646"}],"curies":[{"name":"wp","href":"https:\/\/api.w.org\/{rel}","templated":true}]}}