{"id":43640,"date":"2017-10-26T16:57:38","date_gmt":"2017-10-26T14:57:38","guid":{"rendered":"https:\/\/recercapau.org\/agendas-de-actos-sobre-derechos-humanos\/"},"modified":"2024-09-16T15:41:22","modified_gmt":"2024-09-16T14:41:22","slug":"agendas-derechos-humanos","status":"publish","type":"page","link":"https:\/\/recercapau.org\/es\/investigar\/agendas-derechos-humanos\/","title":{"rendered":"Agendas de actos sobre derechos humanos"},"content":{"rendered":"<p>A lo largo del a\u00f1o, ONG y servicios p\u00fablicos organizan <strong>actividades de sensibilizaci\u00f3n y divulgaci\u00f3n<\/strong> abiertas a la ciudadan\u00eda, como mesas redondas, conferencias, jornadas en la calle, etc. Estas actividades son una buena oportunidad para entrar en <a href=\"https:\/\/recercapau.org\/investigar\/organitzacio\/colloqui\/\"><strong>contacto con personas expertas<\/strong><\/a> en la cuesti\u00f3n investigada. La participaci\u00f3n como p\u00fablico en estas actividades puede ayudar al alumnado a:<\/p>\n<ul>\n<li><i class=\"uk-icon-ok\"><\/i><strong>inspirar cuestiones<\/strong> de investigaci\u00f3n;<\/li>\n<li><i class=\"uk-icon-ok\"><\/i><strong>identificar fuentes<\/strong> de informaci\u00f3n de inter\u00e9s para el marco te\u00f3rico y para la recogida de datos;<\/li>\n<li><i class=\"uk-icon-ok\"><\/i><strong>interpretar hallazgos<\/strong> de la investigaci\u00f3n bibliogr\u00e1fica o del an\u00e1lisis de datos.<\/li>\n<\/ul>\n<p>A continuaci\u00f3n, encontrar\u00e1s el enlace a <strong>agendas de inter\u00e9s<\/strong> en investigaciones motivadas por los derechos humanos.<br \/>\n<div class=\"wk-scope\">\n\n    <div id=\"wk-gridff0\" class=\"wk-child-width-1-2 wk-child-width-1-2@s wk-child-width-1-5@m wk-child-width-1-5@l wk-child-width-1-5@xl wk-grid-collapse wk-grid-match wk-text-left \" wk-height-match=\"target: &gt; div &gt; .wk-panel, &gt; div &gt; .wk-card; row: true\" wk-grid >\n\n    \n        <div >\n            <div class=\"wk-card wk-card-default\">\n\n                \n                \n                                <div class=\"wk-text-center wk-card-media-top\"><img decoding=\"async\" src=\"\/wp-content\/uploads\/2017\/10\/01_pobresa.png\" class=\" wk-transition-scale-up wk-transition-opaque\" alt=\"ODS 1. Fin de la pobreza\"><\/div>\n                \n                \n                                        <div class=\"wk-card-body\">\n                    \n                        \n                                                <h4 class=\"wk-h3 wk-margin-remove-top\">\n\n                                                            ODS 1. Fin de la pobreza                            \n                            \n                        <\/h4>\n                        \n                        \n                        \n                                                <div class=\"wk-margin\"><a href=\"https:\/\/www.oxfamintermon.org\/ca\/actualitat\" target=\"blank\">Oxfam Interm\u00f3n<\/a>.<\/div>\n                        \n                        \n                        \n                                        <\/div>\n                    \n                \n            <\/div>\n        <\/div>\n\n    \n        <div >\n            <div class=\"wk-card wk-card-default\">\n\n                \n                \n                                <div class=\"wk-text-center wk-card-media-top\"><img decoding=\"async\" src=\"\/wp-content\/uploads\/2017\/10\/02_fam.png\" class=\" wk-transition-scale-up wk-transition-opaque\" alt=\"ODS 2. Hambre cero\"><\/div>\n                \n                \n                                        <div class=\"wk-card-body\">\n                    \n                        \n                                                <h4 class=\"wk-h3 wk-margin-remove-top\">\n\n                                                            ODS 2. Hambre cero                            \n                            \n                        <\/h4>\n                        \n                        \n                        \n                                                <div class=\"wk-margin\"><a href=\"https:\/\/www.accioncontraelhambre.org\/es\/actua\/agenda\" target=\"blank\">Acci\u00f3n contra el hambre<\/a>.<\/div>\n                        \n                        \n                        \n                                        <\/div>\n                    \n                \n            <\/div>\n        <\/div>\n\n    \n        <div >\n            <div class=\"wk-card wk-card-default\">\n\n                \n                \n                                <div class=\"wk-text-center wk-card-media-top\"><img decoding=\"async\" src=\"\/wp-content\/uploads\/2017\/10\/03_salut.png\" class=\" wk-transition-scale-up wk-transition-opaque\" alt=\"ODS 3. Salud y bienestar\"><\/div>\n                \n                \n                                        <div class=\"wk-card-body\">\n                    \n                        \n                                                <h4 class=\"wk-h3 wk-margin-remove-top\">\n\n                                                            ODS 3. Salud y bienestar                            \n                            \n                        <\/h4>\n                        \n                        \n                        \n                                                <div class=\"wk-margin\"><a href=\"https:\/\/salutweb.gencat.cat\/ca\/ambits-actuacio\/perfils\/consell-pacients\/agenda-activitats\/\" target=\"blank\">Departamento de Salud de la Generalitat de Catalu\u00f1a<\/a>.\n\n<a href=\"https:\/\/www.aspb.cat\/activitats-agencia-salut-publica\" target=\"blank\">Agencia de Salud P\u00fablica<\/a>.\n\n<a href=\"https:\/\/www.medicusmundi.cat\/agenda\" target=\"blank\">Medicusmundi<\/a>.<\/div>\n                        \n                        \n                        \n                                        <\/div>\n                    \n                \n            <\/div>\n        <\/div>\n\n    \n        <div >\n            <div class=\"wk-card wk-card-default\">\n\n                \n                \n                                <div class=\"wk-text-center wk-card-media-top\"><img decoding=\"async\" src=\"\/wp-content\/uploads\/2017\/10\/04_educacio.png\" class=\" wk-transition-scale-up wk-transition-opaque\" alt=\"ODS 4. Educaci\u00f3n de calidad\"><\/div>\n                \n                \n                                        <div class=\"wk-card-body\">\n                    \n                        \n                                                <h4 class=\"wk-h3 wk-margin-remove-top\">\n\n                                                            ODS 4. Educaci\u00f3n de calidad                            \n                            \n                        <\/h4>\n                        \n                        \n                        \n                                                <div class=\"wk-margin\"><a href=\"https:\/\/fundaciobofill.cat\/actes\" target=\"blank\">Fundaci\u00f3n Jaume Bofill<\/a>.<\/div>\n                        \n                        \n                        \n                                        <\/div>\n                    \n                \n            <\/div>\n        <\/div>\n\n    \n        <div >\n            <div class=\"wk-card wk-card-default\">\n\n                \n                \n                                <div class=\"wk-text-center wk-card-media-top\"><img decoding=\"async\" src=\"\/wp-content\/uploads\/2017\/10\/05_genere.png\" class=\" wk-transition-scale-up wk-transition-opaque\" alt=\"ODS 5. Igualdad de g\u00e9nero\"><\/div>\n                \n                \n                                        <div class=\"wk-card-body\">\n                    \n                        \n                                                <h4 class=\"wk-h3 wk-margin-remove-top\">\n\n                                                            ODS 5. Igualdad de g\u00e9nero                            \n                            \n                        <\/h4>\n                        \n                        \n                        \n                                                <div class=\"wk-margin\"><a href=\"https:\/\/dones.gencat.cat\/ca\/ambits\/activitats\/\" target=\"blank\">Instituto Catal\u00e1n de las Mujeres<\/a>.\n\n<a href=\"https:\/\/ajuntament.barcelona.cat\/dones\/ca\/agenda\" target=\"blank\">Ayuntamiento de Barcelona<\/a>.<\/div>\n                        \n                        \n                        \n                                        <\/div>\n                    \n                \n            <\/div>\n        <\/div>\n\n    \n        <div >\n            <div class=\"wk-card wk-card-default\">\n\n                \n                \n                                <div class=\"wk-text-center wk-card-media-top\"><img decoding=\"async\" src=\"\/wp-content\/uploads\/2017\/10\/06_aigua.png\" class=\" wk-transition-scale-up wk-transition-opaque\" alt=\"ODS 6. Agua limpia y saneamiento\"><\/div>\n                \n                \n                                        <div class=\"wk-card-body\">\n                    \n                        \n                                                <h4 class=\"wk-h3 wk-margin-remove-top\">\n\n                                                            ODS 6. Agua limpia y saneamiento                            \n                            \n                        <\/h4>\n                        \n                        \n                        \n                                                <div class=\"wk-margin\"><a href=\"https:\/\/agendadelaigua.cat\/agenda\" target=\"blank\">Agencia Catalana del Agua<\/a>.\n\n<a href=\"https:\/\/www.amicsaigua.com\/agenda\" target=\"blank\">Asociaci\u00f3n Catalana de Amigos del Agua<\/a>.<\/div>\n                        \n                        \n                        \n                                        <\/div>\n                    \n                \n            <\/div>\n        <\/div>\n\n    \n        <div >\n            <div class=\"wk-card wk-card-default\">\n\n                \n                \n                                <div class=\"wk-text-center wk-card-media-top\"><img decoding=\"async\" src=\"\/wp-content\/uploads\/2017\/10\/07_energia.png\" class=\" wk-transition-scale-up wk-transition-opaque\" alt=\"ODS 7. Energ\u00eda asequible y no contaminante\"><\/div>\n                \n                \n                                        <div class=\"wk-card-body\">\n                    \n                        \n                                                <h4 class=\"wk-h3 wk-margin-remove-top\">\n\n                                                            ODS 7. Energ\u00eda asequible y no contaminante                            \n                            \n                        <\/h4>\n                        \n                        \n                        \n                                                <div class=\"wk-margin\"><a href=\"https:\/\/icaen.gencat.cat\/ca\/actualitat\/agenda-dactivitats\/\" target=\"blank\">Instituto Catal\u00e1n de Energ\u00eda<\/a>.\n\n<a href=\"https:\/\/esf-cat.org\/informat\/esdeveniments\/\" target=\"blank\">Ingenier\u00eda Sin Fronteras<\/a>.\n<\/div>\n                        \n                        \n                        \n                                        <\/div>\n                    \n                \n            <\/div>\n        <\/div>\n\n    \n        <div >\n            <div class=\"wk-card wk-card-default\">\n\n                \n                \n                                <div class=\"wk-text-center wk-card-media-top\"><img decoding=\"async\" src=\"\/wp-content\/uploads\/2017\/10\/10_desigualtats.png\" class=\" wk-transition-scale-up wk-transition-opaque\" alt=\"ODS 10. Reducci\u00f3n de las desigualdades\"><\/div>\n                \n                \n                                        <div class=\"wk-card-body\">\n                    \n                        \n                                                <h4 class=\"wk-h3 wk-margin-remove-top\">\n\n                                                            ODS 10. Reducci\u00f3n de las desigualdades                            \n                            \n                        <\/h4>\n                        \n                        \n                        \n                                                <div class=\"wk-margin\"><a href=\"https:\/\/intercom.lafede.cat\/activitats\" target=\"blank\">Intercom. LaFede.cat<\/a>.\n\n<a href=\"https:\/\/xarxanet.org\/agenda\" target=\"blank\">Xarxanet.org<\/a>.\n\n<a href=\"https:\/\/www.social.cat\/agenda\" target=\"blank\">Social.cat<\/a>.\n\n<a href=\"https:\/\/www.scicat.org\/agenda\/\" target=\"blank\">Servicio Civil Internacional (SCI)<\/a>.<\/div>\n                        \n                        \n                        \n                                        <\/div>\n                    \n                \n            <\/div>\n        <\/div>\n\n    \n        <div >\n            <div class=\"wk-card wk-card-default\">\n\n                \n                \n                                <div class=\"wk-text-center wk-card-media-top\"><img decoding=\"async\" src=\"\/wp-content\/uploads\/2017\/10\/11_comunitat.png\" class=\" wk-transition-scale-up wk-transition-opaque\" alt=\"ODS 11. Ciudades y comunidades sostenibles\"><\/div>\n                \n                \n                                        <div class=\"wk-card-body\">\n                    \n                        \n                                                <h4 class=\"wk-h3 wk-margin-remove-top\">\n\n                                                            ODS 11. Ciudades y comunidades sostenibles                            \n                            \n                        <\/h4>\n                        \n                        \n                        \n                                                <div class=\"wk-margin\"><a href=\"https:\/\/www.sostenible.cat\/calendari\" target=\"blank\">Red de ciudades y pueblos hacia la sostenibilidad<\/a>.\n\n<a href=\"https:\/\/ajuntament.barcelona.cat\/biblioteques\/ca\/canal\/cicles-tem%C3%A0tics-2\" target=\"blank\">Bibliotecas de Barcelona<\/a>.\n\n<a href=\"https:\/\/bibliotecavirtual.diba.cat\/agenda\" target=\"blank\">Red de Bibliotecas Municipales<\/a>.<\/div>\n                        \n                        \n                        \n                                        <\/div>\n                    \n                \n            <\/div>\n        <\/div>\n\n    \n        <div >\n            <div class=\"wk-card wk-card-default\">\n\n                \n                \n                                <div class=\"wk-text-center wk-card-media-top\"><img decoding=\"async\" src=\"\/wp-content\/uploads\/2017\/10\/12_consum-responsable.png\" class=\" wk-transition-scale-up wk-transition-opaque\" alt=\"ODS 12. Producci\u00f3n y consumo responsables\"><\/div>\n                \n                \n                                        <div class=\"wk-card-body\">\n                    \n                        \n                                                <h4 class=\"wk-h3 wk-margin-remove-top\">\n\n                                                            ODS 12. Producci\u00f3n y consumo responsables                            \n                            \n                        <\/h4>\n                        \n                        \n                        \n                                                <div class=\"wk-margin\"><a href=\"https:\/\/www.diba.cat\/web\/consum\/activitats\" target=\"blank\">Diputaci\u00f3n de Barcelona<\/a>.<\/div>\n                        \n                        \n                        \n                                        <\/div>\n                    \n                \n            <\/div>\n        <\/div>\n\n    \n        <div >\n            <div class=\"wk-card wk-card-default\">\n\n                \n                \n                                <div class=\"wk-text-center wk-card-media-top\"><img decoding=\"async\" src=\"\/wp-content\/uploads\/2017\/10\/15_ecosistemes.png\" class=\" wk-transition-scale-up wk-transition-opaque\" alt=\"ODS 15. Vida de ecosistemas terrestres\"><\/div>\n                \n                \n                                        <div class=\"wk-card-body\">\n                    \n                        \n                                                <h4 class=\"wk-h3 wk-margin-remove-top\">\n\n                                                            ODS 15. Vida de ecosistemas terrestres                            \n                            \n                        <\/h4>\n                        \n                        \n                        \n                                                <div class=\"wk-margin\"><a href=\"https:\/\/www.ecologistasenaccion.org\/?post_type=tribe_events\" target=\"blank\">Ecologistas en Acci\u00f3n<\/a>.\n\n<a href=\"https:\/\/www.tierra.org\/agenda\/\">Amigos de la Tierra<\/a>.<\/div>\n                        \n                        \n                        \n                                        <\/div>\n                    \n                \n            <\/div>\n        <\/div>\n\n    \n        <div >\n            <div class=\"wk-card wk-card-default\">\n\n                \n                \n                                <div class=\"wk-text-center wk-card-media-top\"><img decoding=\"async\" src=\"\/wp-content\/uploads\/2017\/10\/16_pau.png\" class=\" wk-transition-scale-up wk-transition-opaque\" alt=\"ODS 16. Paz, justicia e instituciones s\u00f3lidas\"><\/div>\n                \n                \n                                        <div class=\"wk-card-body\">\n                    \n                        \n                                                <h4 class=\"wk-h3 wk-margin-remove-top\">\n\n                                                            ODS 16. Paz, justicia e instituciones s\u00f3lidas                            \n                            \n                        <\/h4>\n                        \n                        \n                        \n                                                <div class=\"wk-margin\"><a href=\"https:\/\/www.icip.cat\/ca\/actualitat\/agenda\/\" target=\"blank\">Instituto Catal\u00e1n Internacional por la Paz<\/a>.\n\n<a href=\"https:\/\/justiciaipau.org\/agenda\/\" target=\"blank\">Justicia y Paz<\/a>.\n\n<a href=\"https:\/\/www.centredelas.org\/agenda\/\" target=\"blank\">Centro Del\u00e0s<\/a>.\n<\/div>\n                        \n                        \n                        \n                                        <\/div>\n                    \n                \n            <\/div>\n        <\/div>\n\n    \n        <div >\n            <div class=\"wk-card wk-card-default\">\n\n                \n                \n                                <div class=\"wk-text-center wk-card-media-top\"><img decoding=\"async\" src=\"\/wp-content\/uploads\/2017\/10\/17_aliances.png\" class=\" wk-transition-scale-up wk-transition-opaque\" alt=\"ODS 17. Alianzas para lograr los objetivos\"><\/div>\n                \n                \n                                        <div class=\"wk-card-body\">\n                    \n                        \n                                                <h4 class=\"wk-h3 wk-margin-remove-top\">\n\n                                                            ODS 17. Alianzas para lograr los objetivos                            \n                            \n                        <\/h4>\n                        \n                        \n                        \n                                                <div class=\"wk-margin\"><a href=\"https:\/\/intercom.lafede.cat\/\" target=\"blank\">Lafede.cat - organizaciones para la justicia global<\/a>.<\/div>\n                        \n                        \n                        \n                                        <\/div>\n                    \n                \n            <\/div>\n        <\/div>\n\n    \n    <\/div>\n\n<\/div>\n","protected":false},"excerpt":{"rendered":"<p>A lo largo del a\u00f1o, ONG y servicios p\u00fablicos organizan<\/p>\n","protected":false},"author":3,"featured_media":0,"parent":43391,"menu_order":0,"comment_status":"closed","ping_status":"closed","template":"100-width.php","meta":{"footnotes":""},"class_list":["post-43640","page","type-page","status-publish","hentry"],"_links":{"self":[{"href":"https:\/\/recercapau.org\/es\/wp-json\/wp\/v2\/pages\/43640","targetHints":{"allow":["GET"]}}],"collection":[{"href":"https:\/\/recercapau.org\/es\/wp-json\/wp\/v2\/pages"}],"about":[{"href":"https:\/\/recercapau.org\/es\/wp-json\/wp\/v2\/types\/page"}],"author":[{"embeddable":true,"href":"https:\/\/recercapau.org\/es\/wp-json\/wp\/v2\/users\/3"}],"replies":[{"embeddable":true,"href":"https:\/\/recercapau.org\/es\/wp-json\/wp\/v2\/comments?post=43640"}],"version-history":[{"count":1,"href":"https:\/\/recercapau.org\/es\/wp-json\/wp\/v2\/pages\/43640\/revisions"}],"predecessor-version":[{"id":50427,"href":"https:\/\/recercapau.org\/es\/wp-json\/wp\/v2\/pages\/43640\/revisions\/50427"}],"up":[{"embeddable":true,"href":"https:\/\/recercapau.org\/es\/wp-json\/wp\/v2\/pages\/43391"}],"wp:attachment":[{"href":"https:\/\/recercapau.org\/es\/wp-json\/wp\/v2\/media?parent=43640"}],"curies":[{"name":"wp","href":"https:\/\/api.w.org\/{rel}","templated":true}]}}