{"id":43596,"date":"2017-01-12T13:03:17","date_gmt":"2017-01-12T11:03:17","guid":{"rendered":"https:\/\/recercapau.org\/objetivo-13-accion-por-el-clima\/"},"modified":"2024-09-17T18:47:11","modified_gmt":"2024-09-17T17:47:11","slug":"objetivo-13-accion-por-el-clima","status":"publish","type":"page","link":"https:\/\/recercapau.org\/es\/retos-globales\/objetivo-13-accion-por-el-clima\/","title":{"rendered":"Objetivo 13. Acci\u00f3n por el clima"},"content":{"rendered":"<div class=\"fusion-fullwidth fullwidth-box fusion-builder-row-1 fusion-flex-container nonhundred-percent-fullwidth non-hundred-percent-height-scrolling\" style=\"--awb-border-radius-top-left:0px;--awb-border-radius-top-right:0px;--awb-border-radius-bottom-right:0px;--awb-border-radius-bottom-left:0px;--awb-flex-wrap:wrap;\" ><div class=\"fusion-builder-row fusion-row fusion-flex-align-items-flex-start fusion-flex-content-wrap\" style=\"max-width:1248px;margin-left: calc(-4% \/ 2 );margin-right: calc(-4% \/ 2 );\"><div class=\"fusion-layout-column fusion_builder_column fusion-builder-column-0 fusion_builder_column_1_1 1_1 fusion-flex-column\" style=\"--awb-bg-size:cover;--awb-width-large:100%;--awb-margin-top-large:0px;--awb-spacing-right-large:1.92%;--awb-margin-bottom-large:0px;--awb-spacing-left-large:1.92%;--awb-width-medium:100%;--awb-spacing-right-medium:1.92%;--awb-spacing-left-medium:1.92%;--awb-width-small:100%;--awb-spacing-right-small:1.92%;--awb-spacing-left-small:1.92%;\"><div class=\"fusion-column-wrapper fusion-flex-justify-content-flex-start fusion-content-layout-column\"><div class=\"fusion-text fusion-text-1\"><h2>Adoptar medidas urgentes para combatir el cambio clim\u00e1tico y sus efectos.<\/h2>\n<h3>Metas<\/h3>\n<p><img decoding=\"async\" class=\"alignright size-medium wp-image-40502\" src=\"https:\/\/recercapau.org\/wp-content\/uploads\/2024\/03\/ODS-13-Accion-por-el-clima-259x300.jpg\" alt=\"\" width=\"259\" height=\"300\" srcset=\"https:\/\/recercapau.org\/wp-content\/uploads\/2024\/03\/ODS-13-Accion-por-el-clima-259x300.jpg 259w, https:\/\/recercapau.org\/wp-content\/uploads\/2024\/03\/ODS-13-Accion-por-el-clima-768x891.jpg 768w, https:\/\/recercapau.org\/wp-content\/uploads\/2024\/03\/ODS-13-Accion-por-el-clima.jpg 883w\" sizes=\"(max-width: 259px) 100vw, 259px\" \/>13.1. Fortalecer la resiliencia y la capacidad de adaptaci\u00f3n a los riesgos relacionados con el clima y los <strong>desastres naturales<\/strong>.<\/p>\n<p>13.2. Incorporar medidas relativas al <strong>cambio clim\u00e1tico<\/strong> en las pol\u00edticas, estrategias y planes nacionales.<\/p>\n<p>13.3. Mejorar <strong>la educaci\u00f3n, la sensibilizaci\u00f3n<\/strong> y la capacidad humana e institucional respecto de la mitigaci\u00f3n del cambio clim\u00e1tico.<\/p>\n<p>13.a. Cumplir el compromiso de los pa\u00edses desarrollados que son partes en la <a href=\"https:\/\/unfccc.int\/resource\/docs\/convkp\/convsp.pdf\" target=\"_blank\" rel=\"noopener noreferrer\">Convenci\u00f3n Marco de las Naciones Unidas sobre el Cambio Clim\u00e1tico<\/a>.<\/p>\n<p>13.b. Promover mecanismos para aumentar la capacidad para la <strong>planificaci\u00f3n y gesti\u00f3n eficaces<\/strong> en relaci\u00f3n con el cambio clim\u00e1tico en los pa\u00edses menos adelantados y los peque\u00f1os Estados insulares en desarrollo.<\/p>\n<p><strong>&gt;&gt; Para saber m\u00e1s: <a href=\"https:\/\/www.un.org\/sustainabledevelopment\/es\/climate-change-2\/\" target=\"_blank\" rel=\"noopener noreferrer\">Los Objetivos de Desarrollo Sostenible<\/a>, explicados por la ONU<\/strong><\/p>\n<h3>APRENDIZAJES DE CIUDADAN\u00cdA GLOBAL<\/h3>\n<div class=\"wk-scope\">\n\n    <div id=\"wk-gridfa6\" class=\"wk-child-width-1-1 wk-child-width-1-1@s wk-child-width-1-4@m wk-child-width-1-4@l wk-child-width-1-4@xl wk-grid-small wk-grid-match wk-text-center \" wk-height-match=\"target: &gt; div &gt; .wk-panel, &gt; div &gt; .wk-card; row: true\" wk-grid >\n\n    \n        <div >\n            <div class=\"wk-panel\">\n\n                \n                \n                \n                \n                    \n                                                <div class=\"wk-margin wk-text-center\"><img decoding=\"async\" src=\"\/wp-content\/uploads\/2016\/12\/corresponsabilitat-puzzle.jpg\" class=\"wk-border-rounded wk-transition-scale-up wk-transition-opaque\" alt=\"Corresponsabilidad\"><\/div>\n                        \n                                                <h4 class=\"wk-h4 wk-margin-remove-top\">\n\n                                                            Corresponsabilidad                            \n                            \n                        <\/h4>\n                        \n                        \n                        \n                        \n                        \n                        \n                    \n                \n            <\/div>\n        <\/div>\n\n    \n        <div >\n            <div class=\"wk-panel\">\n\n                \n                \n                \n                \n                    \n                                                <div class=\"wk-margin wk-text-center\"><div class=\"wk-inline-clip wk-transition-toggle wk-border-rounded\"><img decoding=\"async\" src=\"\/wp-content\/uploads\/2017\/01\/desenvolupament-huma-glossari.jpg\" class=\"wk-border-rounded wk-transition-scale-up wk-transition-opaque\" alt=\"Desarrollo humano\"><div class=\"wk-overlay-primary wk-position-cover wk-transition-fade\"><div class=\"wk-position-center\"><span class=\"\" wk-overlay-icon><\/span><\/div><\/div><a class=\"wk-position-cover\" href=\"https:\/\/recercapau.org\/es\/glosario\/desarrollo-humano\/\" title=\"Desarrollo humano\"><\/a><\/div><\/div>\n                        \n                                                <h4 class=\"wk-h4 wk-margin-remove-top\">\n\n                                                            <a class=\"wk-link-reset\" href=\"https:\/\/recercapau.org\/es\/glosario\/desarrollo-humano\/\">Desarrollo humano<\/a>\n                            \n                            \n                        <\/h4>\n                        \n                        \n                        \n                        \n                        \n                        \n                    \n                \n            <\/div>\n        <\/div>\n\n    \n        <div >\n            <div class=\"wk-panel\">\n\n                \n                \n                \n                \n                    \n                                                <div class=\"wk-margin wk-text-center\"><div class=\"wk-inline-clip wk-transition-toggle wk-border-rounded\"><img decoding=\"async\" src=\"\/wp-content\/uploads\/2016\/12\/interdependencia-mon.png\" class=\"wk-border-rounded wk-transition-scale-up wk-transition-opaque\" alt=\"Globalizaci\u00f3n\"><div class=\"wk-overlay-primary wk-position-cover wk-transition-fade\"><div class=\"wk-position-center\"><span class=\"\" wk-overlay-icon><\/span><\/div><\/div><a class=\"wk-position-cover\" href=\"https:\/\/recercapau.org\/es\/glosario\/globalizacion\/\" title=\"Globalizaci\u00f3n\"><\/a><\/div><\/div>\n                        \n                                                <h4 class=\"wk-h4 wk-margin-remove-top\">\n\n                                                            <a class=\"wk-link-reset\" href=\"https:\/\/recercapau.org\/es\/glosario\/globalizacion\/\">Globalizaci\u00f3n<\/a>\n                            \n                            \n                        <\/h4>\n                        \n                        \n                        \n                        \n                        \n                        \n                    \n                \n            <\/div>\n        <\/div>\n\n    \n        <div >\n            <div class=\"wk-panel\">\n\n                \n                \n                \n                \n                    \n                                                <div class=\"wk-margin wk-text-center\"><img decoding=\"async\" src=\"\/wp-content\/uploads\/2016\/12\/interdependencia-senyal.jpg\" class=\"wk-border-rounded wk-transition-scale-up wk-transition-opaque\" alt=\"Interdependencia\"><\/div>\n                        \n                                                <h4 class=\"wk-h4 wk-margin-remove-top\">\n\n                                                            Interdependencia                            \n                            \n                        <\/h4>\n                        \n                        \n                        \n                        \n                        \n                        \n                    \n                \n            <\/div>\n        <\/div>\n\n    \n        <div >\n            <div class=\"wk-panel\">\n\n                \n                \n                \n                \n                    \n                                                <div class=\"wk-margin wk-text-center\"><div class=\"wk-inline-clip wk-transition-toggle wk-border-rounded\"><img decoding=\"async\" src=\"\/wp-content\/uploads\/2017\/01\/seguretat-humana.jpg\" class=\"wk-border-rounded wk-transition-scale-up wk-transition-opaque\" alt=\"Seguridad humana\"><div class=\"wk-overlay-primary wk-position-cover wk-transition-fade\"><div class=\"wk-position-center\"><span class=\"\" wk-overlay-icon><\/span><\/div><\/div><a class=\"wk-position-cover\" href=\"https:\/\/recercapau.org\/es\/glosario\/seguridad-humana\/\" title=\"Seguridad humana\"><\/a><\/div><\/div>\n                        \n                                                <h4 class=\"wk-h4 wk-margin-remove-top\">\n\n                                                            <a class=\"wk-link-reset\" href=\"https:\/\/recercapau.org\/es\/glosario\/seguridad-humana\/\">Seguridad humana<\/a>\n                            \n                            \n                        <\/h4>\n                        \n                        \n                        \n                        \n                        \n                        \n                    \n                \n            <\/div>\n        <\/div>\n\n    \n        <div >\n            <div class=\"wk-panel\">\n\n                \n                \n                \n                \n                    \n                                                <div class=\"wk-margin wk-text-center\"><div class=\"wk-inline-clip wk-transition-toggle wk-border-rounded\"><img decoding=\"async\" src=\"\/wp-content\/uploads\/2017\/01\/sostenibilitat.jpg\" class=\"wk-border-rounded wk-transition-scale-up wk-transition-opaque\" alt=\"Sostenibilidad\"><div class=\"wk-overlay-primary wk-position-cover wk-transition-fade\"><div class=\"wk-position-center\"><span class=\"\" wk-overlay-icon><\/span><\/div><\/div><a class=\"wk-position-cover\" href=\"https:\/\/recercapau.org\/es\/glosario\/sostenibilidad\/\" title=\"Sostenibilidad\"><\/a><\/div><\/div>\n                        \n                                                <h4 class=\"wk-h4 wk-margin-remove-top\">\n\n                                                            <a class=\"wk-link-reset\" href=\"https:\/\/recercapau.org\/es\/glosario\/sostenibilidad\/\">Sostenibilidad<\/a>\n                            \n                            \n                        <\/h4>\n                        \n                        \n                        \n                        \n                        \n                        \n                    \n                \n            <\/div>\n        <\/div>\n\n    \n        <div >\n            <div class=\"wk-panel\">\n\n                \n                \n                \n                \n                    \n                                                <div class=\"wk-margin wk-text-center\"><div class=\"wk-inline-clip wk-transition-toggle wk-border-rounded\"><img decoding=\"async\" src=\"\/wp-content\/uploads\/2017\/01\/violencia-estructural.jpg\" class=\"wk-border-rounded wk-transition-scale-up wk-transition-opaque\" alt=\"Violencia estructural\"><div class=\"wk-overlay-primary wk-position-cover wk-transition-fade\"><div class=\"wk-position-center\"><span class=\"\" wk-overlay-icon><\/span><\/div><\/div><a class=\"wk-position-cover\" href=\"https:\/\/recercapau.org\/es\/glosario\/violencia\/\" title=\"Violencia estructural\"><\/a><\/div><\/div>\n                        \n                                                <h4 class=\"wk-h4 wk-margin-remove-top\">\n\n                                                            <a class=\"wk-link-reset\" href=\"https:\/\/recercapau.org\/es\/glosario\/violencia\/\">Violencia estructural<\/a>\n                            \n                            \n                        <\/h4>\n                        \n                        \n                        \n                        \n                        \n                        \n                    \n                \n            <\/div>\n        <\/div>\n\n    \n    <\/div>\n\n<\/div>\n<h3>RECURSOS DID\u00c1CTICOS<\/h3>\n<div class=\"wk-scope\">\n\n    <div id=\"wk-grid83d\" class=\"wk-child-width-1-1 wk-child-width-1-1@s wk-child-width-1-3@m wk-child-width-1-3@l wk-child-width-1-3@xl wk-grid-match wk-text-center \" wk-height-match=\"target: &gt; div &gt; .wk-panel, &gt; div &gt; .wk-card; row: true\" wk-grid >\n\n    \n        <div >\n            <div class=\"wk-card wk-card-secondary\">\n\n                \n                \n                                <div class=\"wk-text-center wk-card-media-top\"><div class=\"wk-inline-clip wk-transition-toggle wk-border-rounded\"><img decoding=\"async\" src=\"\/wp-content\/uploads\/2018\/03\/educacio-infantil.jpg\" class=\"wk-border-rounded wk-transition-scale-up wk-transition-opaque\" alt=\"Educaci\u00f3n Infantil\"><div class=\"wk-overlay-primary wk-position-cover wk-transition-fade\"><div class=\"wk-position-center\"><span class=\"\" wk-overlay-icon><\/span><\/div><\/div><a class=\"wk-position-cover\" href=\"https:\/\/recercapau.org\/es\/recursos-educativos\/?_sft_category=infantil&amp;_sft_post_tag=cambio-climatico\" target=\"_blank\" title=\"Educaci\u00f3n Infantil\"><\/a><\/div><\/div>\n                \n                \n                                        <div class=\"wk-card-body\">\n                    \n                        \n                                                <h3 class=\"wk-h3 wk-margin-remove-top\">\n\n                                                            <a class=\"wk-link-reset\" href=\"https:\/\/recercapau.org\/es\/recursos-educativos\/?_sft_category=infantil&amp;_sft_post_tag=cambio-climatico\" target=\"_blank\">Educaci\u00f3n Infantil<\/a>\n                            \n                            \n                        <\/h3>\n                        \n                        \n                        \n                        \n                        \n                        \n                                        <\/div>\n                    \n                \n            <\/div>\n        <\/div>\n\n    \n        <div >\n            <div class=\"wk-card wk-card-secondary\">\n\n                \n                \n                                <div class=\"wk-text-center wk-card-media-top\"><div class=\"wk-inline-clip wk-transition-toggle wk-border-rounded\"><img decoding=\"async\" src=\"\/wp-content\/uploads\/2018\/03\/educacio-primaria.jpg\" class=\"wk-border-rounded wk-transition-scale-up wk-transition-opaque\" alt=\"Educaci\u00f3n Primaria\"><div class=\"wk-overlay-primary wk-position-cover wk-transition-fade\"><div class=\"wk-position-center\"><span class=\"\" wk-overlay-icon><\/span><\/div><\/div><a class=\"wk-position-cover\" href=\"https:\/\/recercapau.org\/es\/recursos-educativos\/?_sft_category=primaria-es&amp;_sft_post_tag=cambio-climatico\" target=\"_blank\" title=\"Educaci\u00f3n Primaria\"><\/a><\/div><\/div>\n                \n                \n                                        <div class=\"wk-card-body\">\n                    \n                        \n                                                <h3 class=\"wk-h3 wk-margin-remove-top\">\n\n                                                            <a class=\"wk-link-reset\" href=\"https:\/\/recercapau.org\/es\/recursos-educativos\/?_sft_category=primaria-es&amp;_sft_post_tag=cambio-climatico\" target=\"_blank\">Educaci\u00f3n Primaria<\/a>\n                            \n                            \n                        <\/h3>\n                        \n                        \n                        \n                        \n                        \n                        \n                                        <\/div>\n                    \n                \n            <\/div>\n        <\/div>\n\n    \n        <div >\n            <div class=\"wk-card wk-card-secondary\">\n\n                \n                \n                                <div class=\"wk-text-center wk-card-media-top\"><div class=\"wk-inline-clip wk-transition-toggle wk-border-rounded\"><img decoding=\"async\" src=\"\/wp-content\/uploads\/2018\/03\/educacio-secundaria.jpg\" class=\"wk-border-rounded wk-transition-scale-up wk-transition-opaque\" alt=\"Educaci\u00f3n Secundaria\"><div class=\"wk-overlay-primary wk-position-cover wk-transition-fade\"><div class=\"wk-position-center\"><span class=\"\" wk-overlay-icon><\/span><\/div><\/div><a class=\"wk-position-cover\" href=\"https:\/\/recercapau.org\/es\/recursos-educativos\/?_sft_category=eso-es&amp;_sft_post_tag=cambio-climatico\" target=\"_blank\" title=\"Educaci\u00f3n Secundaria\"><\/a><\/div><\/div>\n                \n                \n                                        <div class=\"wk-card-body\">\n                    \n                        \n                                                <h3 class=\"wk-h3 wk-margin-remove-top\">\n\n                                                            <a class=\"wk-link-reset\" href=\"https:\/\/recercapau.org\/es\/recursos-educativos\/?_sft_category=eso-es&amp;_sft_post_tag=cambio-climatico\" target=\"_blank\">Educaci\u00f3n Secundaria<\/a>\n                            \n                            \n                        <\/h3>\n                        \n                        \n                        \n                        \n                        \n                        \n                                        <\/div>\n                    \n                \n            <\/div>\n        <\/div>\n\n    \n    <\/div>\n\n<\/div>\n<h3 style=\"padding-left: 30px;\">Recursos visuales<\/h3>\n<p><a href=\"https:\/\/www.pinterest.es\/recercapau\/retos-acci%C3%B3n-por-el-clima\/\" target=\"_blank\" rel=\"noopener noreferrer\"><img decoding=\"async\" class=\"aligncenter wp-image-24908 size-full\" src=\"http:\/\/portalpaula.org\/wp-content\/uploads\/2018\/03\/accion-por-el-clima-pinterest.png\" alt=\"ODS 13 Acci\u00f3n por el clima\" width=\"402\" height=\"339\" srcset=\"https:\/\/recercapau.org\/wp-content\/uploads\/2018\/03\/accion-por-el-clima-pinterest-300x253.png 300w, https:\/\/recercapau.org\/wp-content\/uploads\/2018\/03\/accion-por-el-clima-pinterest.png 402w\" sizes=\"(max-width: 402px) 100vw, 402px\" \/><\/a><\/p>\n<h3 style=\"text-align: center;\"><iframe src=\"https:\/\/player.vimeo.com\/video\/15158724\" width=\"500\" height=\"375\" frameborder=\"0\" allowfullscreen=\"allowfullscreen\"><\/iframe><\/h3>\n<p style=\"text-align: center;\">Microv\u00eddeo (2010), realizado y producido por Remoure, para la campa\u00f1a <em>No et mengis el m\u00f3n<\/em>.<\/p>\n<h3>GU\u00cdAS TEM\u00c1TICAS<\/h3>\n<div class=\"wk-scope\">\n\n    <div id=\"wk-gridcf9\" class=\"wk-child-width-1-1 wk-child-width-1-1@s wk-child-width-1-3@m wk-child-width-1-3@l wk-child-width-1-3@xl wk-grid-medium wk-grid-match wk-text-left \" wk-height-match=\"target: &gt; div &gt; .wk-panel, &gt; div &gt; .wk-card; row: true\" wk-grid >\n\n    \n        <div >\n            <div class=\"wk-panel\">\n\n                \n                \n                \n                                <div class=\"wk-grid wk-flex-middle\" wk-grid>\n                    <div class=\"wk-width-1-2@s \">\n                        <div class=\"wk-inline-clip wk-transition-toggle wk-border-circle\"><img decoding=\"async\" src=\"\/wp-content\/uploads\/2018\/11\/canvi-climatic.jpg\" class=\"wk-border-circle\" alt=\"Cambio clim\u00e1tico\"><div class=\"wk-overlay-primary wk-position-cover wk-transition-fade\"><div class=\"wk-position-center\"><span class=\"\" wk-overlay-icon><\/span><\/div><\/div><a class=\"wk-position-cover\" href=\"http:\/\/recercapau.org\/cambio-climatico\/\" title=\"Cambio clim\u00e1tico\"><\/a><\/div>                    <\/div>\n                    <div class=\"wk-width-1-2@s\">\n                \n                    \n                        \n                                                <h4 class=\"wk-h4 wk-margin-remove-top\">\n\n                                                            <a class=\"wk-link-reset\" href=\"http:\/\/recercapau.org\/cambio-climatico\/\">Cambio clim\u00e1tico<\/a>\n                            \n                            \n                        <\/h4>\n                        \n                        \n                        \n                        \n                        \n                        \n                    \n                                    <\/div>\n                <\/div>\n                \n            <\/div>\n        <\/div>\n\n    \n        <div >\n            <div class=\"wk-panel\">\n\n                \n                \n                \n                                <div class=\"wk-grid wk-flex-middle\" wk-grid>\n                    <div class=\"wk-width-1-2@s \">\n                        <div class=\"wk-inline-clip wk-transition-toggle wk-border-circle\"><img decoding=\"async\" src=\"\/wp-content\/uploads\/2016\/03\/sostenibilidad.jpg\" class=\"wk-border-circle\" alt=\"H\u00e1bitats naturales y biodiversidad\"><div class=\"wk-overlay-primary wk-position-cover wk-transition-fade\"><div class=\"wk-position-center\"><span class=\"\" wk-overlay-icon><\/span><\/div><\/div><a class=\"wk-position-cover\" href=\"http:\/\/recercapau.org\/sostenibilidad\/\" title=\"H\u00e1bitats naturales y biodiversidad\"><\/a><\/div>                    <\/div>\n                    <div class=\"wk-width-1-2@s\">\n                \n                    \n                        \n                                                <h4 class=\"wk-h4 wk-margin-remove-top\">\n\n                                                            <a class=\"wk-link-reset\" href=\"http:\/\/recercapau.org\/sostenibilidad\/\">H\u00e1bitats naturales y biodiversidad<\/a>\n                            \n                            \n                        <\/h4>\n                        \n                        \n                        \n                        \n                        \n                        \n                    \n                                    <\/div>\n                <\/div>\n                \n            <\/div>\n        <\/div>\n\n    \n    <\/div>\n\n<\/div>\n<h3>PROPUESTAS DE INVESTIGACI\u00d3N<\/h3>\n<p><a href=\"http:\/\/recercapau.ub.edu\/propostes\/ods-accio-clima\/\"><img decoding=\"async\" class=\"alignleft size-large\" src=\"https:\/\/mon-3.org\/wp-content\/uploads\/2019\/04\/ODS-13-Accion-por-el-clima.jpg\" width=\"200\" height=\"232\" \/><\/a><\/p>\n<\/div><\/div><\/div><\/div><\/div>\n","protected":false},"excerpt":{"rendered":"","protected":false},"author":3,"featured_media":0,"parent":43584,"menu_order":0,"comment_status":"closed","ping_status":"closed","template":"","meta":{"footnotes":""},"class_list":["post-43596","page","type-page","status-publish","hentry"],"_links":{"self":[{"href":"https:\/\/recercapau.org\/es\/wp-json\/wp\/v2\/pages\/43596","targetHints":{"allow":["GET"]}}],"collection":[{"href":"https:\/\/recercapau.org\/es\/wp-json\/wp\/v2\/pages"}],"about":[{"href":"https:\/\/recercapau.org\/es\/wp-json\/wp\/v2\/types\/page"}],"author":[{"embeddable":true,"href":"https:\/\/recercapau.org\/es\/wp-json\/wp\/v2\/users\/3"}],"replies":[{"embeddable":true,"href":"https:\/\/recercapau.org\/es\/wp-json\/wp\/v2\/comments?post=43596"}],"version-history":[{"count":2,"href":"https:\/\/recercapau.org\/es\/wp-json\/wp\/v2\/pages\/43596\/revisions"}],"predecessor-version":[{"id":50821,"href":"https:\/\/recercapau.org\/es\/wp-json\/wp\/v2\/pages\/43596\/revisions\/50821"}],"up":[{"embeddable":true,"href":"https:\/\/recercapau.org\/es\/wp-json\/wp\/v2\/pages\/43584"}],"wp:attachment":[{"href":"https:\/\/recercapau.org\/es\/wp-json\/wp\/v2\/media?parent=43596"}],"curies":[{"name":"wp","href":"https:\/\/api.w.org\/{rel}","templated":true}]}}