{"id":43574,"date":"2016-11-03T14:36:54","date_gmt":"2016-11-03T12:36:54","guid":{"rendered":"https:\/\/recercapau.org\/tecnicas-de-investigacion\/"},"modified":"2024-10-01T12:12:00","modified_gmt":"2024-10-01T11:12:00","slug":"tecnicas-investigacion","status":"publish","type":"page","link":"https:\/\/recercapau.org\/es\/investigar\/tecnicas-investigacion\/","title":{"rendered":"T\u00e9cnicas de investigaci\u00f3n"},"content":{"rendered":"<div class=\"fusion-fullwidth fullwidth-box fusion-builder-row-1 fusion-flex-container nonhundred-percent-fullwidth non-hundred-percent-height-scrolling\" style=\"--awb-border-radius-top-left:0px;--awb-border-radius-top-right:0px;--awb-border-radius-bottom-right:0px;--awb-border-radius-bottom-left:0px;--awb-flex-wrap:wrap;\" ><div class=\"fusion-builder-row fusion-row fusion-flex-align-items-flex-start fusion-flex-content-wrap\" style=\"max-width:1248px;margin-left: calc(-4% \/ 2 );margin-right: calc(-4% \/ 2 );\"><div class=\"fusion-layout-column fusion_builder_column fusion-builder-column-0 fusion_builder_column_1_1 1_1 fusion-flex-column\" style=\"--awb-bg-size:cover;--awb-width-large:100%;--awb-margin-top-large:0px;--awb-spacing-right-large:1.92%;--awb-margin-bottom-large:0px;--awb-spacing-left-large:1.92%;--awb-width-medium:100%;--awb-spacing-right-medium:1.92%;--awb-spacing-left-medium:1.92%;--awb-width-small:100%;--awb-spacing-right-small:1.92%;--awb-spacing-left-small:1.92%;\"><div class=\"fusion-column-wrapper fusion-flex-justify-content-flex-start fusion-content-layout-column\"><div class=\"fusion-text fusion-text-1\"><p>Para investigar en cuestiones de derechos humanos, podemos hacer entrevistas, encuestas, observaciones y experimentaciones; pero hay muchas otras <strong>t\u00e9cnicas de investigaci\u00f3n<\/strong> y, de hecho, cada estudiante puede dise\u00f1ar las suyas, siempre que le permitan obtener datos emp\u00edricos para responder a su objetivo de investigaci\u00f3n.<\/p>\n<p><strong>Coherencia, pertinencia y validez<\/strong> son los criterios b\u00e1sicos a tener en cuenta durante el <a href=\"http:\/\/portalpaula.org\/investigar\/la-tutoria\/del-marc-teoric-al-disseny-metodologic\/\">dise\u00f1o metodol\u00f3gico<\/a>. A partir de aqu\u00ed, <strong>\u00a1creatividad!<\/strong><\/p>\n<p>Y t\u00fa, \u00bfc\u00f3mo investigas para la ciudadan\u00eda global?<\/p>\n<p style=\"text-align: center;\"><iframe title=\"YouTube video player\" src=\"https:\/\/www.youtube.com\/embed\/EH1cESKRrsE?si=fPVer4h3NN7QLi0i\" width=\"560\" height=\"315\" frameborder=\"0\" allowfullscreen=\"allowfullscreen\"><\/iframe><\/p>\n<p><a href=\"http:\/\/portalpaula.org\/wp-content\/uploads\/2016\/11\/tecnicas-investigacion-ciudadania-global.jpg\"><img decoding=\"async\" class=\"aligncenter wp-image-18609\" src=\"http:\/\/portalpaula.org\/wp-content\/uploads\/2016\/11\/tecnicas-investigacion-ciudadania-global-711x1024.jpg\" alt=\"\" width=\"560\" height=\"806\" srcset=\"https:\/\/recercapau.org\/wp-content\/uploads\/2016\/11\/tecnicas-investigacion-ciudadania-global-208x300.jpg 208w, https:\/\/recercapau.org\/wp-content\/uploads\/2016\/11\/tecnicas-investigacion-ciudadania-global-711x1024.jpg 711w, https:\/\/recercapau.org\/wp-content\/uploads\/2016\/11\/tecnicas-investigacion-ciudadania-global-768x1105.jpg 768w, https:\/\/recercapau.org\/wp-content\/uploads\/2016\/11\/tecnicas-investigacion-ciudadania-global.jpg 1500w\" sizes=\"(max-width: 560px) 100vw, 560px\" \/><\/a><\/p>\n<p style=\"text-align: center;\">[haz clic <a href=\"http:\/\/portalpaula.org\/wp-content\/uploads\/2017\/02\/INFOGRAFIA-tecnicas-investigacion-ciudadania-global.pdf\">aqu\u00ed<\/a> para descargar la imagen en PDF]<\/p>\n<h3><a href=\"http:\/\/portalpaula.org\/investigar\/tecnicas-de-investigacion\/bibliografia-tecniques-recerca\/\">&gt;&gt;&gt; Bibliograf\u00eda de t\u00e9cnicas de investigaci\u00f3n<\/a><\/h3>\n<table border=\"0\" align=\"center\">\n<tbody>\n<tr>\n<td><a href=\"http:\/\/portalpaula.org\/investigar\/la-tutoria\/del-marc-teoric-al-disseny-metodologic\/\"><img decoding=\"async\" class=\"alignleft wp-image-4554 size-full\" src=\"http:\/\/www.portalpaula.org\/wp-content\/uploads\/2015\/01\/left.png\" alt=\"left\" width=\"50\" height=\"46\" \/><\/a><\/td>\n<td><\/td>\n<td><a href=\"http:\/\/portalpaula.org\/investigar\/consentiment-informat\/\"><img decoding=\"async\" class=\"alignleft wp-image-4555 size-full\" src=\"http:\/\/www.portalpaula.org\/wp-content\/uploads\/2015\/01\/right.png\" alt=\"right\" width=\"50\" height=\"47\" \/><\/a><\/td>\n<\/tr>\n<\/tbody>\n<\/table>\n<hr \/>\n<h2>Algunas t\u00e9cnicas<\/h2>\n<div class=\"wk-scope\">\n<div class=\"wk-slider-container-offset \" wk-slider=\"sets: true; autoplay: true ; autoplay-interval: 5000\">\n\n    \n    <div class=\"wk-position-relative wk-visible-toggle wk-margin\">\n\n        <ul class=\"wk-slider-items wk-grid wk-grid-match wk-child-width-1-1 wk-child-width-1-1@s wk-child-width-1-4@m wk-child-width-1-4@l wk-child-width-1-4@xl\">\n        \n            <li >\n\n                <div class=\"wk-card wk-card-primary wk-text-center\">\n\n                    \n                    \n                    \n                                        <div class=\"wk-card-body\">\n                    \n                                                <div class=\"wk-margin wk-text-center\"><div class=\"wk-inline-clip wk-transition-toggle wk-border-rounded\"><img decoding=\"async\" src=\"\/wp-content\/uploads\/2016\/11\/tecnica-delphi.jpg\" class=\"wk-border-rounded wk-transition-scale-up wk-transition-opaque\" alt=\"Delphi\"><div class=\"wk-overlay-primary wk-position-cover wk-transition-fade\"><div class=\"wk-position-center\"><span class=\"\" wk-overlay-icon><\/span><\/div><\/div><a class=\"wk-position-cover\" href=\"https:\/\/recercapau.org\/metode-delphi\/\" title=\"https:\/\/recercapau.org\/metode-delphi\/\"><\/a><\/div><\/div>\n                        \n                                                <h3 class=\"wk-h3 wk-margin-remove-top\">\n\n                                                            <a class=\"wk-link-reset\" href=\"https:\/\/recercapau.org\/metode-delphi\/\">Delphi<\/a>\n                            \n                            \n                        <\/h3>\n                        \n                        \n                        \n                        \n                        \n                        \n                                        <\/div>\n                    \n                <\/div>\n\n            <\/li>\n\n        \n            <li >\n\n                <div class=\"wk-card wk-card-primary wk-text-center\">\n\n                    \n                    \n                    \n                                        <div class=\"wk-card-body\">\n                    \n                                                <div class=\"wk-margin wk-text-center\"><div class=\"wk-inline-clip wk-transition-toggle wk-border-rounded\"><img decoding=\"async\" src=\"\/wp-content\/uploads\/2016\/11\/diagrama-flux-recerca.png\" class=\"wk-border-rounded wk-transition-scale-up wk-transition-opaque\" alt=\"Diagrama de flujo\"><div class=\"wk-overlay-primary wk-position-cover wk-transition-fade\"><div class=\"wk-position-center\"><span class=\"\" wk-overlay-icon><\/span><\/div><\/div><a class=\"wk-position-cover\" href=\"https:\/\/recercapau.org\/diagrama-de-flux\/\" title=\"https:\/\/recercapau.org\/diagrama-de-flux\/\"><\/a><\/div><\/div>\n                        \n                                                <h3 class=\"wk-h3 wk-margin-remove-top\">\n\n                                                            <a class=\"wk-link-reset\" href=\"https:\/\/recercapau.org\/diagrama-de-flux\/\">Diagrama de flujo<\/a>\n                            \n                            \n                        <\/h3>\n                        \n                        \n                        \n                        \n                        \n                        \n                                        <\/div>\n                    \n                <\/div>\n\n            <\/li>\n\n        \n            <li >\n\n                <div class=\"wk-card wk-card-primary wk-text-center\">\n\n                    \n                    \n                    \n                                        <div class=\"wk-card-body\">\n                    \n                                                <div class=\"wk-margin wk-text-center\"><div class=\"wk-inline-clip wk-transition-toggle wk-border-rounded\"><img decoding=\"async\" src=\"\/wp-content\/uploads\/2016\/11\/analisis-de-contenido.jpg\" class=\"wk-border-rounded wk-transition-scale-up wk-transition-opaque\" alt=\"An\u00e1lisis de contenido\"><div class=\"wk-overlay-primary wk-position-cover wk-transition-fade\"><div class=\"wk-position-center\"><span class=\"\" wk-overlay-icon><\/span><\/div><\/div><a class=\"wk-position-cover\" href=\"https:\/\/recercapau.org\/analisi-de-contingut\/\" title=\"https:\/\/recercapau.org\/analisi-de-contingut\/\"><\/a><\/div><\/div>\n                        \n                                                <h3 class=\"wk-h3 wk-margin-remove-top\">\n\n                                                            <a class=\"wk-link-reset\" href=\"https:\/\/recercapau.org\/analisi-de-contingut\/\">An\u00e1lisis de contenido<\/a>\n                            \n                            \n                        <\/h3>\n                        \n                        \n                        \n                        \n                        \n                        \n                                        <\/div>\n                    \n                <\/div>\n\n            <\/li>\n\n        \n            <li >\n\n                <div class=\"wk-card wk-card-primary wk-text-center\">\n\n                    \n                    \n                    \n                                        <div class=\"wk-card-body\">\n                    \n                                                <div class=\"wk-margin wk-text-center\"><div class=\"wk-inline-clip wk-transition-toggle wk-border-rounded\"><img decoding=\"async\" src=\"\/wp-content\/uploads\/2016\/11\/entrevista.jpg\" class=\"wk-border-rounded wk-transition-scale-up wk-transition-opaque\" alt=\"Entrevista\"><div class=\"wk-overlay-primary wk-position-cover wk-transition-fade\"><div class=\"wk-position-center\"><span class=\"\" wk-overlay-icon><\/span><\/div><\/div><a class=\"wk-position-cover\" href=\"https:\/\/recercapau.org\/entrevista\/\" title=\"https:\/\/recercapau.org\/entrevista\/\"><\/a><\/div><\/div>\n                        \n                                                <h3 class=\"wk-h3 wk-margin-remove-top\">\n\n                                                            <a class=\"wk-link-reset\" href=\"https:\/\/recercapau.org\/entrevista\/\">Entrevista<\/a>\n                            \n                            \n                        <\/h3>\n                        \n                        \n                        \n                        \n                        \n                        \n                                        <\/div>\n                    \n                <\/div>\n\n            <\/li>\n\n        \n            <li >\n\n                <div class=\"wk-card wk-card-primary wk-text-center\">\n\n                    \n                    \n                    \n                                        <div class=\"wk-card-body\">\n                    \n                                                <div class=\"wk-margin wk-text-center\"><div class=\"wk-inline-clip wk-transition-toggle wk-border-rounded\"><img decoding=\"async\" src=\"\/wp-content\/uploads\/2016\/11\/ivnestigacion-accion-participativa.jpg\" class=\"wk-border-rounded wk-transition-scale-up wk-transition-opaque\" alt=\"Investigaci\u00f3n Acci\u00f3n Participativa\"><div class=\"wk-overlay-primary wk-position-cover wk-transition-fade\"><div class=\"wk-position-center\"><span class=\"\" wk-overlay-icon><\/span><\/div><\/div><a class=\"wk-position-cover\" href=\"https:\/\/recercapau.org\/investigacio-accio-participativa\/\" title=\"https:\/\/recercapau.org\/investigacio-accio-participativa\/\"><\/a><\/div><\/div>\n                        \n                                                <h3 class=\"wk-h3 wk-margin-remove-top\">\n\n                                                            <a class=\"wk-link-reset\" href=\"https:\/\/recercapau.org\/investigacio-accio-participativa\/\">Investigaci\u00f3n Acci\u00f3n Participativa<\/a>\n                            \n                            \n                        <\/h3>\n                        \n                        \n                        \n                        \n                        \n                        \n                                        <\/div>\n                    \n                <\/div>\n\n            <\/li>\n\n        \n            <li >\n\n                <div class=\"wk-card wk-card-primary wk-text-center\">\n\n                    \n                    \n                    \n                                        <div class=\"wk-card-body\">\n                    \n                                                <div class=\"wk-margin wk-text-center\"><div class=\"wk-inline-clip wk-transition-toggle wk-border-rounded\"><img decoding=\"async\" src=\"\/wp-content\/uploads\/2017\/03\/historia-vida-investigacio-tecnica.jpg\" class=\"wk-border-rounded wk-transition-scale-up wk-transition-opaque\" alt=\"Historia de vida\"><div class=\"wk-overlay-primary wk-position-cover wk-transition-fade\"><div class=\"wk-position-center\"><span class=\"\" wk-overlay-icon><\/span><\/div><\/div><a class=\"wk-position-cover\" href=\"https:\/\/recercapau.org\/historia-de-vida\/\" title=\"https:\/\/recercapau.org\/historia-de-vida\/\"><\/a><\/div><\/div>\n                        \n                                                <h3 class=\"wk-h3 wk-margin-remove-top\">\n\n                                                            <a class=\"wk-link-reset\" href=\"https:\/\/recercapau.org\/historia-de-vida\/\">Historia de vida<\/a>\n                            \n                            \n                        <\/h3>\n                        \n                        \n                        \n                        \n                        \n                        \n                                        <\/div>\n                    \n                <\/div>\n\n            <\/li>\n\n        \n            <li >\n\n                <div class=\"wk-card wk-card-primary wk-text-center\">\n\n                    \n                    \n                    \n                                        <div class=\"wk-card-body\">\n                    \n                                                <div class=\"wk-margin wk-text-center\"><div class=\"wk-inline-clip wk-transition-toggle wk-border-rounded\"><img decoding=\"async\" src=\"\/wp-content\/uploads\/2018\/08\/tractament-informatiu.jpg\" class=\"wk-border-rounded wk-transition-scale-up wk-transition-opaque\" alt=\"Tratamiento informativo\"><div class=\"wk-overlay-primary wk-position-cover wk-transition-fade\"><div class=\"wk-position-center\"><span class=\"\" wk-overlay-icon><\/span><\/div><\/div><a class=\"wk-position-cover\" href=\"https:\/\/recercapau.org\/tratamiento-informativo\/\" title=\"https:\/\/recercapau.org\/tratamiento-informativo\/\"><\/a><\/div><\/div>\n                        \n                                                <h3 class=\"wk-h3 wk-margin-remove-top\">\n\n                                                            <a class=\"wk-link-reset\" href=\"https:\/\/recercapau.org\/tratamiento-informativo\/\">Tratamiento informativo<\/a>\n                            \n                            \n                        <\/h3>\n                        \n                        \n                        \n                        \n                        \n                        \n                                        <\/div>\n                    \n                <\/div>\n\n            <\/li>\n\n        \n            <li >\n\n                <div class=\"wk-card wk-card-primary wk-text-center\">\n\n                    \n                    \n                    \n                                        <div class=\"wk-card-body\">\n                    \n                                                <div class=\"wk-margin wk-text-center\"><div class=\"wk-inline-clip wk-transition-toggle wk-border-rounded\"><img decoding=\"async\" src=\"\/wp-content\/uploads\/2018\/07\/encuesta.jpg\" class=\"wk-border-rounded wk-transition-scale-up wk-transition-opaque\" alt=\"Muestreo\"><div class=\"wk-overlay-primary wk-position-cover wk-transition-fade\"><div class=\"wk-position-center\"><span class=\"\" wk-overlay-icon><\/span><\/div><\/div><a class=\"wk-position-cover\" href=\"https:\/\/recercapau.org\/muestreo\/\" title=\"https:\/\/recercapau.org\/muestreo\/\"><\/a><\/div><\/div>\n                        \n                                                <h3 class=\"wk-h3 wk-margin-remove-top\">\n\n                                                            <a class=\"wk-link-reset\" href=\"https:\/\/recercapau.org\/muestreo\/\">Muestreo<\/a>\n                            \n                            \n                        <\/h3>\n                        \n                        \n                        \n                        \n                        \n                        \n                                        <\/div>\n                    \n                <\/div>\n\n            <\/li>\n\n                <\/ul>\n\n        \n    <\/div>\n\n        <div class=\"wk-flex wk-flex-center wk-margin-top\">\n        <a href=\"#\" wk-slidenav-previous wk-slider-item=\"previous\"><\/a>\n        <a href=\"#\" wk-slidenav-next wk-slider-item=\"next\"><\/a>\n    <\/div>\n    \n    \n    \n<\/div>\n<\/div>\n<\/div><\/div><\/div><\/div><\/div>\n","protected":false},"excerpt":{"rendered":"","protected":false},"author":3,"featured_media":0,"parent":43391,"menu_order":0,"comment_status":"open","ping_status":"closed","template":"","meta":{"footnotes":""},"class_list":["post-43574","page","type-page","status-publish","hentry"],"_links":{"self":[{"href":"https:\/\/recercapau.org\/es\/wp-json\/wp\/v2\/pages\/43574","targetHints":{"allow":["GET"]}}],"collection":[{"href":"https:\/\/recercapau.org\/es\/wp-json\/wp\/v2\/pages"}],"about":[{"href":"https:\/\/recercapau.org\/es\/wp-json\/wp\/v2\/types\/page"}],"author":[{"embeddable":true,"href":"https:\/\/recercapau.org\/es\/wp-json\/wp\/v2\/users\/3"}],"replies":[{"embeddable":true,"href":"https:\/\/recercapau.org\/es\/wp-json\/wp\/v2\/comments?post=43574"}],"version-history":[{"count":2,"href":"https:\/\/recercapau.org\/es\/wp-json\/wp\/v2\/pages\/43574\/revisions"}],"predecessor-version":[{"id":51382,"href":"https:\/\/recercapau.org\/es\/wp-json\/wp\/v2\/pages\/43574\/revisions\/51382"}],"up":[{"embeddable":true,"href":"https:\/\/recercapau.org\/es\/wp-json\/wp\/v2\/pages\/43391"}],"wp:attachment":[{"href":"https:\/\/recercapau.org\/es\/wp-json\/wp\/v2\/media?parent=43574"}],"curies":[{"name":"wp","href":"https:\/\/api.w.org\/{rel}","templated":true}]}}