{"id":43551,"date":"2016-07-07T14:52:37","date_gmt":"2016-07-07T12:52:37","guid":{"rendered":"https:\/\/recercapau.org\/investigacion-bibliografica\/"},"modified":"2024-09-13T09:40:55","modified_gmt":"2024-09-13T08:40:55","slug":"investigacion-bibliografica","status":"publish","type":"page","link":"https:\/\/recercapau.org\/es\/investigacion-bibliografica\/","title":{"rendered":"Investigaci\u00f3n bibliogr\u00e1fica"},"content":{"rendered":"<p><a href=\"http:\/\/portalpaula.org\/wp-content\/uploads\/2016\/07\/ordinador-e1467895758173.jpg\"><img decoding=\"async\" class=\"alignleft wp-image-14401\" src=\"http:\/\/portalpaula.org\/wp-content\/uploads\/2016\/07\/ordinador-e1467895758173.jpg\" alt=\"ORDENADOR\" width=\"300\" height=\"227\" srcset=\"https:\/\/recercapau.org\/wp-content\/uploads\/2016\/07\/ordinador-e1467895758173-300x227.jpg 300w, https:\/\/recercapau.org\/wp-content\/uploads\/2016\/07\/ordinador-e1467895758173-768x581.jpg 768w, https:\/\/recercapau.org\/wp-content\/uploads\/2016\/07\/ordinador-e1467895758173.jpg 800w\" sizes=\"(max-width: 300px) 100vw, 300px\" \/><\/a>Durante la elaboraci\u00f3n de trabajos de investigaci\u00f3n a menudo se utilizan como fuentes de informaci\u00f3n <strong>sitios web que contienen datos \u00abde segunda mano\u00bb<\/strong>: otra persona ha elaborado esta informaci\u00f3n y no sabemos qui\u00e9n ha hecho el resumen, cu\u00e1ndo lo ha hecho ni, la mayor\u00eda de veces, qui\u00e9n elabor\u00f3 la informaci\u00f3n original. Por ello, no son fuentes adecuadas para un trabajo acad\u00e9mico.<\/p>\n<p>Entradas de <strong>wikipedia, taringa&#8230;<\/strong> nos pueden ayudar a situarnos y explorar un tema, pero <strong>no son fuentes adecuadas<\/strong> para confeccionar el marco te\u00f3rico de un trabajo de investigaci\u00f3n <a href=\"http:\/\/portalpaula.org\/investigar\/evaluacion-formativa\/rigor-cientifico-del-objetivo\/\">con rigor cient\u00edfico<\/a>.<\/p>\n<p>Por el contrario, el marco te\u00f3rico debe elaborarse a partir de <strong>documentos en los que se pueda identificar<\/strong> al autor\/a o la entidad o instituci\u00f3n que se hace <strong>responsable de la informaci\u00f3n<\/strong>.<\/p>\n<p>Como investigadores\/as, nosotros tambi\u00e9n <strong>debemos <a href=\"http:\/\/portalpaula.org\/investigar\/la-tutoria\/lobjectiu-al-marc-teoric\/referencias-bibliograficas\/\">hacer constar estas fuentes<\/a> en todo momento,<\/strong> y su idiosincrasia nos permite valorar la calidad del marco te\u00f3rico: se trata de una persona\/entidad especializada en el tema de investigaci\u00f3n?, en qu\u00e9 se basa el autor\/a para afirmar lo que dice?, sabemos el a\u00f1o de publicaci\u00f3n de la informaci\u00f3n?, es una fuente actual?&#8230;<\/p>\n<h3>\u00bfC\u00f3mo hallar fuentes documentales v\u00e1lidas para nuestra investigaci\u00f3n?<\/h3>\n<ul>\n<li><a href=\"http:\/\/portalpaula.org\/wp-content\/uploads\/2016\/07\/fonts-recerca-ciutadania.jpg\"><img decoding=\"async\" class=\"alignright wp-image-14427\" src=\"http:\/\/portalpaula.org\/wp-content\/uploads\/2016\/07\/fonts-recerca-ciutadania.jpg\" alt=\"mapa videoscribe 2\" width=\"400\" height=\"306\" srcset=\"https:\/\/recercapau.org\/wp-content\/uploads\/2016\/07\/fonts-recerca-ciutadania-300x229.jpg 300w, https:\/\/recercapau.org\/wp-content\/uploads\/2016\/07\/fonts-recerca-ciutadania-768x587.jpg 768w, https:\/\/recercapau.org\/wp-content\/uploads\/2016\/07\/fonts-recerca-ciutadania.jpg 800w\" sizes=\"(max-width: 400px) 100vw, 400px\" \/><\/a>En primer lugar, se recomienda <a href=\"http:\/\/portalpaula.org\/investigar\/la-tutoria\/lobjectiu-al-marc-teoric\/la-cerca-comenca-la-biblioteca-municipal\/\"><strong>visitar la biblioteca municipal<\/strong>;<\/a> donde se pueden encontrar libros de divulgaci\u00f3n de la mayor\u00eda de temas de investigaci\u00f3n.<\/li>\n<li>Una vez redactado el objetivo e identificadas las palabras clave del trabajo, se puede <strong>consultar al personal de la biblioteca<\/strong> sobre libros con informaci\u00f3n de estas palabras clave. Es mucho m\u00e1s r\u00e1pido que discernir informaci\u00f3n v\u00e1lida en internet.<\/li>\n<li>A continuaci\u00f3n, se pueden <strong>identificar las instituciones p\u00fablicas<\/strong> responsables de la protecci\u00f3n del derecho humano que se est\u00e1 tratando, <strong>as\u00ed como los movimientos sociales y las ONG<\/strong> que trabajan para defenderlo. Habr\u00e1 que contrastar los datos e informaciones de ambos tipos de fuentes.<\/li>\n<li>Finalmente, se pueden <strong>consultar datos de grupos de investigaci\u00f3n<\/strong>. Es recomendable dejar esta consulta para el final, ya que estos grupos proporcionan una informaci\u00f3n m\u00e1s especializada y dif\u00edcil de comprender.<\/li>\n<\/ul>\n<p>Durante la elaboraci\u00f3n del marco te\u00f3rico \u00fanicamente rese\u00f1amos las informaciones. En esta etapa de la investigaci\u00f3n, <strong>no nos posicionamos ni hacemos valoraciones sobre estas informaciones<\/strong>. S\u00f3lo constatamos aquello que se dice y en base a qu\u00e9 se dice.<\/p>\n<p>En el apartado \u00ab<a href=\"http:\/\/portalpaula.org\/investigar\/guias-tematicas\/\">Gu\u00edas tem\u00e1ticas<\/a>\u00ab, encontrar\u00e9is <strong>fuentes de referencia sobre diferentes cuestiones de derechos humanos<\/strong> en la globalizaci\u00f3n.<\/p>\n<p>Y tambi\u00e9n pod\u00e9is consultar <a href=\"http:\/\/portalpaula.org\/ca\/para-elaborar-el-marco-teorico\/\">esta gu\u00eda<\/a>, que proporciona enlaces a <strong>dep\u00f3sitos acad\u00e9micos<\/strong> para conocer el estado de la cuesti\u00f3n.<\/p>\n<p>Igualmente, os pueden interesar los siguientes apartados:<\/p>\n<ul>\n<li><a href=\"http:\/\/portalpaula.org\/investigar\/la-tutoria\/lobjectiu-al-marc-teoric\/\">Tutor\u00eda por etapas: Del objetivo al marco te\u00f3rico<\/a><\/li>\n<li><a href=\"http:\/\/portalpaula.org\/investigar\/la-tutoria\/lobjectiu-al-marc-teoric\/referencias-bibliograficas\/\">Citaciones bibliogr\u00e1ficas<\/a><\/li>\n<li><a href=\"http:\/\/portalpaula.org\/investigar\/la-tutoria\/lobjectiu-al-marc-teoric\/bibliografia\/\">Bibliograf\u00eda<\/a><\/li>\n<li><a href=\"http:\/\/www.portalpaula.org\/wp-content\/uploads\/2015\/02\/Rubrica_recerca1.pdf\">Cuestionario de evaluaci\u00f3n de la investigaci\u00f3n<\/a><\/li>\n<\/ul>\n<table border=\"0\" align=\"center\">\n<tbody>\n<tr>\n<td><a href=\"http:\/\/portalpaula.org\/investigar\/la-tutoria\/lobjectiu-al-marc-teoric\/\"><img decoding=\"async\" class=\"alignleft wp-image-4554 size-full\" src=\"http:\/\/www.portalpaula.org\/wp-content\/uploads\/2015\/01\/left.png\" alt=\"left\" width=\"50\" height=\"46\" \/><\/a><\/td>\n<td><\/td>\n<td><a href=\"http:\/\/portalpaula.org\/investigar\/la-tutoria\/lobjectiu-al-marc-teoric\/la-cerca-comenca-la-biblioteca-municipal\/\"><img decoding=\"async\" class=\"alignleft wp-image-4555 size-full\" src=\"http:\/\/www.portalpaula.org\/wp-content\/uploads\/2015\/01\/right.png\" alt=\"right\" width=\"50\" height=\"47\" \/><\/a><\/td>\n<\/tr>\n<\/tbody>\n<\/table>\n","protected":false},"excerpt":{"rendered":"<p>Durante la elaboraci\u00f3n de trabajos de investigaci\u00f3n a menudo se<\/p>\n","protected":false},"author":3,"featured_media":0,"parent":0,"menu_order":0,"comment_status":"closed","ping_status":"closed","template":"100-width.php","meta":{"footnotes":""},"class_list":["post-43551","page","type-page","status-publish","hentry"],"_links":{"self":[{"href":"https:\/\/recercapau.org\/es\/wp-json\/wp\/v2\/pages\/43551","targetHints":{"allow":["GET"]}}],"collection":[{"href":"https:\/\/recercapau.org\/es\/wp-json\/wp\/v2\/pages"}],"about":[{"href":"https:\/\/recercapau.org\/es\/wp-json\/wp\/v2\/types\/page"}],"author":[{"embeddable":true,"href":"https:\/\/recercapau.org\/es\/wp-json\/wp\/v2\/users\/3"}],"replies":[{"embeddable":true,"href":"https:\/\/recercapau.org\/es\/wp-json\/wp\/v2\/comments?post=43551"}],"version-history":[{"count":1,"href":"https:\/\/recercapau.org\/es\/wp-json\/wp\/v2\/pages\/43551\/revisions"}],"predecessor-version":[{"id":50491,"href":"https:\/\/recercapau.org\/es\/wp-json\/wp\/v2\/pages\/43551\/revisions\/50491"}],"wp:attachment":[{"href":"https:\/\/recercapau.org\/es\/wp-json\/wp\/v2\/media?parent=43551"}],"curies":[{"name":"wp","href":"https:\/\/api.w.org\/{rel}","templated":true}]}}