{"id":43543,"date":"2016-02-23T16:26:05","date_gmt":"2016-02-23T15:26:05","guid":{"rendered":"https:\/\/recercapau.org\/mapa-mental\/"},"modified":"2024-09-13T12:50:43","modified_gmt":"2024-09-13T11:50:43","slug":"mapa-mental","status":"publish","type":"page","link":"https:\/\/recercapau.org\/es\/mapa-mental\/","title":{"rendered":"Mapa mental"},"content":{"rendered":"<p>Se utiliza en el primer encuentro de orientaci\u00f3n del estudiante.<\/p>\n<p style=\"text-align: center;\"><a href=\"http:\/\/portalpaula.org\/wp-content\/uploads\/2021\/10\/MapaMental_cas.pdf\" rel=\"attachment wp-att-11767\"><img decoding=\"async\" class=\"aligncenter size-full wp-image-34789\" src=\"http:\/\/portalpaula.org\/wp-content\/uploads\/2021\/10\/MapaMental_cas.png\" alt=\"\" width=\"960\" height=\"496\" srcset=\"https:\/\/recercapau.org\/wp-content\/uploads\/2021\/10\/MapaMental_cas-300x155.png 300w, https:\/\/recercapau.org\/wp-content\/uploads\/2021\/10\/MapaMental_cas-768x397.png 768w, https:\/\/recercapau.org\/wp-content\/uploads\/2021\/10\/MapaMental_cas.png 960w\" sizes=\"(max-width: 960px) 100vw, 960px\" \/><\/a><a href=\"http:\/\/portalpaula.org\/wp-content\/uploads\/2021\/10\/MapaMental_cas.pdf\">Descargar en PDF<\/a><\/p>\n<p><strong>Se empieza a completar por la elipse central<\/strong> y, a partir de las cuestiones de alrededor, se avanza en la concreci\u00f3n del objetivo.<\/p>\n<p>Es un recurso para que <strong>el estudiante reflexione sobre lo que le interesa de la cuesti\u00f3n a investigar<\/strong>, as\u00ed como la relaci\u00f3n de estas inquietudes con los derechos humanos. A partir de sus respuestas, <strong>se inicia un di\u00e1logo para identificar l\u00edneas de investigaci\u00f3n<\/strong>.<\/p>\n<p>Una vez decidido el objetivo de investigaci\u00f3n, <strong>los contenidos del mapa sirven de gui\u00f3n para la redacci\u00f3n de la primera parte de la introducci\u00f3n<\/strong>: qu\u00e9 tema he escogido, por\u00a0qu\u00e9 me interesa este tema, por qu\u00e9 es importante este tema (a\u00a0partir de la orientaci\u00f3n, a qu\u00e9 derechos afecta) y qu\u00e9 conocimiento nuevo se pretende aportar. A partir de esta presentaci\u00f3n, redactaremos cu\u00e1l es el objetivo o pregunta que gu\u00eda la investigaci\u00f3n.<\/p>\n<p><strong>En la elipse central se encontrar\u00e1n los t\u00e9rminos clave<\/strong> para iniciar el marco te\u00f3rico de la investigaci\u00f3n.<\/p>\n","protected":false},"excerpt":{"rendered":"<p>Se utiliza en el primer encuentro de orientaci\u00f3n del estudiante.<\/p>\n","protected":false},"author":2,"featured_media":0,"parent":0,"menu_order":0,"comment_status":"closed","ping_status":"closed","template":"100-width.php","meta":{"footnotes":""},"class_list":["post-43543","page","type-page","status-publish","hentry"],"_links":{"self":[{"href":"https:\/\/recercapau.org\/es\/wp-json\/wp\/v2\/pages\/43543","targetHints":{"allow":["GET"]}}],"collection":[{"href":"https:\/\/recercapau.org\/es\/wp-json\/wp\/v2\/pages"}],"about":[{"href":"https:\/\/recercapau.org\/es\/wp-json\/wp\/v2\/types\/page"}],"author":[{"embeddable":true,"href":"https:\/\/recercapau.org\/es\/wp-json\/wp\/v2\/users\/2"}],"replies":[{"embeddable":true,"href":"https:\/\/recercapau.org\/es\/wp-json\/wp\/v2\/comments?post=43543"}],"version-history":[{"count":1,"href":"https:\/\/recercapau.org\/es\/wp-json\/wp\/v2\/pages\/43543\/revisions"}],"predecessor-version":[{"id":50530,"href":"https:\/\/recercapau.org\/es\/wp-json\/wp\/v2\/pages\/43543\/revisions\/50530"}],"wp:attachment":[{"href":"https:\/\/recercapau.org\/es\/wp-json\/wp\/v2\/media?parent=43543"}],"curies":[{"name":"wp","href":"https:\/\/api.w.org\/{rel}","templated":true}]}}