{"id":43529,"date":"2015-11-24T12:19:41","date_gmt":"2015-11-24T10:19:41","guid":{"rendered":"https:\/\/recercapau.org\/investigar-educa-en-derechos-humanos-y-ciudadania-global\/"},"modified":"2024-09-13T11:13:23","modified_gmt":"2024-09-13T10:13:23","slug":"investigar-educa-en-derechos-humanos-y-ciudadania-global","status":"publish","type":"page","link":"https:\/\/recercapau.org\/es\/investigar\/investigar-educa-en-derechos-humanos-y-ciudadania-global\/","title":{"rendered":"Investigar educa en derechos humanos y ciudadan\u00eda global"},"content":{"rendered":"<p>La investigaci\u00f3n cient\u00edfica aparece en los contenidos de aprendizaje de diferentes materias y etapas educativas. Asimismo, como estrategia did\u00e1ctica, el aprendizaje por proyectos de investigaci\u00f3n supone una oportunidad id\u00f3nea para potenciar la educaci\u00f3n en derechos humanos y ciudadan\u00eda global, tanto en el \u00e1mbito cognitivo, como socioafectivo y conductual (<a href=\"http:\/\/recercapau.org\/educacion-la-ciudadania-mundial-temas-objetivos-aprendizaje\/\" target=\"_blank\" rel=\"noopener\">UNESCO, 2015<\/a>):<\/p>\n<ul>\n<li>Disponer de <strong>conocimientos b\u00e1sicos<\/strong> y <strong>capacidades de informaci\u00f3n cr\u00edtica<\/strong> para comprender el sistema local-global y la interdependencia de personas, comunidades y medio natural.<\/li>\n<li>Valorar las desigualdades en el acceso a los recursos y al poder desde la base de los<strong> derechos humanos<\/strong> y el <strong>sentimiento de pertenencia<\/strong> a una comunidad global.<\/li>\n<li>Ejercer su <strong>corresponsabilidad individual y colectiva<\/strong>, para alcanzar condiciones de vida libres de violencia y sostenibles a escala local, internacional y global.<\/li>\n<\/ul>\n<p>Estos objetivos, recogidos en el curr\u00edculo reglado, se concretan en unos determinados criterios e indicadores de evaluaci\u00f3n, graduados en funci\u00f3n de la etapa educativa, que se trabajan durante todo el proceso de investigaci\u00f3n.<\/p>\n<ul>\n<li><a href=\"http:\/\/recercapau.org\/investigar\/secuencia-didactica\/\"><strong>La investigaci\u00f3n como secuencia\u00a0<\/strong><b>did\u00e1ctica<\/b><\/a><\/li>\n<li><a href=\"http:\/\/recercapau.org\/ca\/investigar\/evaluacion-formativa\/criteris-davaluacio\/\"><strong>Trabajo de investigaci\u00f3n de bachillerato: Criterios e indicadores de evaluaci\u00f3n<\/strong><\/a><\/li>\n<\/ul>\n<p style=\"text-align: center;\"><iframe title=\"YouTube video player\" src=\"https:\/\/www.youtube.com\/embed\/poC1fSzV0H8\" width=\"100%\" height=\"480\" frameborder=\"0\" allowfullscreen=\"allowfullscreen\"><span data-mce-type=\"bookmark\" style=\"display: inline-block; width: 0px; overflow: hidden; line-height: 0;\" class=\"mce_SELRES_start\">\ufeff<\/span><\/iframe><\/p>\n<div class=\"su-table su-table-responsive su-table-alternate\">\n<table>\n<tbody>\n<tr valign=\"top\">\n<td><a href=\"http:\/\/portalpaula.org\/wp-content\/uploads\/2015\/11\/INFOGRAFIA-educacion-ciudadania-global.jpg\"><img decoding=\"async\" class=\"aligncenter wp-image-10448\" src=\"http:\/\/portalpaula.org\/wp-content\/uploads\/2015\/11\/INFOGRAFIA-educacion-ciudadania-global.jpg\" alt=\"infografia_okA4b\" width=\"700\" height=\"971\" srcset=\"https:\/\/recercapau.org\/wp-content\/uploads\/2015\/11\/INFOGRAFIA-educacion-ciudadania-global-216x300.jpg 216w, https:\/\/recercapau.org\/wp-content\/uploads\/2015\/11\/INFOGRAFIA-educacion-ciudadania-global.jpg 700w\" sizes=\"(max-width: 700px) 100vw, 700px\" \/><\/a><\/p>\n<h3 style=\"text-align: center\"><a href=\"http:\/\/recercapau.org\/wp-content\/uploads\/2016\/02\/Educacion-para-la-ciudadania-global-UB.pdf\">Descarga la imagen en PDF<\/a><\/h3>\n<\/td>\n<td><a href=\"http:\/\/portalpaula.org\/wp-content\/uploads\/2016\/02\/investigacion-educacion-ciudadania-global.png\"><img decoding=\"async\" class=\"aligncenter wp-image-13893\" src=\"http:\/\/portalpaula.org\/wp-content\/uploads\/2016\/02\/investigacion-educacion-ciudadania-global-724x1024.png\" alt=\"investigacion educacion ciudadania global\" width=\"686\" height=\"971\" srcset=\"https:\/\/recercapau.org\/wp-content\/uploads\/2016\/02\/investigacion-educacion-ciudadania-global-212x300.png 212w, https:\/\/recercapau.org\/wp-content\/uploads\/2016\/02\/investigacion-educacion-ciudadania-global-724x1024.png 724w, https:\/\/recercapau.org\/wp-content\/uploads\/2016\/02\/investigacion-educacion-ciudadania-global-768x1087.png 768w, https:\/\/recercapau.org\/wp-content\/uploads\/2016\/02\/investigacion-educacion-ciudadania-global.png 800w\" sizes=\"(max-width: 686px) 100vw, 686px\" \/><\/a><\/p>\n<h3 style=\"text-align: center\"><a href=\"http:\/\/recercapau.org\/wp-content\/uploads\/2016\/06\/INFOGRAFIA-investigacion-educacion-ciudadania-global.pdf\">Descarga la imagen en PDF<\/a><\/h3>\n<\/td>\n<td><a href=\"http:\/\/portalpaula.org\/wp-content\/uploads\/2017\/06\/Investigar-educa-en-ciudadania_La-voz-de-estudiantes.jpg\"><img decoding=\"async\" class=\"aligncenter wp-image-20829\" src=\"http:\/\/portalpaula.org\/wp-content\/uploads\/2017\/06\/Investigar-educa-en-ciudadania_La-voz-de-estudiantes.jpg\" alt=\"la voz de estudiantes\" width=\"686\" height=\"971\" srcset=\"https:\/\/recercapau.org\/wp-content\/uploads\/2017\/06\/Investigar-educa-en-ciudadania_La-voz-de-estudiantes-212x300.jpg 212w, https:\/\/recercapau.org\/wp-content\/uploads\/2017\/06\/Investigar-educa-en-ciudadania_La-voz-de-estudiantes-723x1024.jpg 723w, https:\/\/recercapau.org\/wp-content\/uploads\/2017\/06\/Investigar-educa-en-ciudadania_La-voz-de-estudiantes-768x1087.jpg 768w, https:\/\/recercapau.org\/wp-content\/uploads\/2017\/06\/Investigar-educa-en-ciudadania_La-voz-de-estudiantes.jpg 1500w\" sizes=\"(max-width: 686px) 100vw, 686px\" \/><\/a><\/p>\n<h3 style=\"text-align: center\"><a href=\"http:\/\/recercapau.org\/wp-content\/uploads\/2017\/06\/Investigar-educa-en-ciudadania_La-voz-de-estudiantes.pdf\">Descarga la imagen en PDF<\/a><\/h3>\n<h3 style=\"text-align: center\">Esta infograf\u00eda ilustra una <a href=\"http:\/\/recercapau.org\/investigar\/evaluacion-formativa\/dinamica-de-autoevaluacion\/\">din\u00e1mica de autoevaluaci\u00f3n<\/a><\/h3>\n<\/td>\n<\/tr>\n<\/tbody>\n<\/table>\n<\/div>\n","protected":false},"excerpt":{"rendered":"<p>La investigaci\u00f3n cient\u00edfica aparece en los contenidos de aprendizaje de<\/p>\n","protected":false},"author":3,"featured_media":0,"parent":43391,"menu_order":0,"comment_status":"closed","ping_status":"closed","template":"100-width.php","meta":{"footnotes":""},"class_list":["post-43529","page","type-page","status-publish","hentry"],"_links":{"self":[{"href":"https:\/\/recercapau.org\/es\/wp-json\/wp\/v2\/pages\/43529","targetHints":{"allow":["GET"]}}],"collection":[{"href":"https:\/\/recercapau.org\/es\/wp-json\/wp\/v2\/pages"}],"about":[{"href":"https:\/\/recercapau.org\/es\/wp-json\/wp\/v2\/types\/page"}],"author":[{"embeddable":true,"href":"https:\/\/recercapau.org\/es\/wp-json\/wp\/v2\/users\/3"}],"replies":[{"embeddable":true,"href":"https:\/\/recercapau.org\/es\/wp-json\/wp\/v2\/comments?post=43529"}],"version-history":[{"count":3,"href":"https:\/\/recercapau.org\/es\/wp-json\/wp\/v2\/pages\/43529\/revisions"}],"predecessor-version":[{"id":50522,"href":"https:\/\/recercapau.org\/es\/wp-json\/wp\/v2\/pages\/43529\/revisions\/50522"}],"up":[{"embeddable":true,"href":"https:\/\/recercapau.org\/es\/wp-json\/wp\/v2\/pages\/43391"}],"wp:attachment":[{"href":"https:\/\/recercapau.org\/es\/wp-json\/wp\/v2\/media?parent=43529"}],"curies":[{"name":"wp","href":"https:\/\/api.w.org\/{rel}","templated":true}]}}