{"id":43511,"date":"2015-07-28T18:37:19","date_gmt":"2015-07-28T16:37:19","guid":{"rendered":"https:\/\/recercapau.org\/creditos\/"},"modified":"2024-09-13T06:51:17","modified_gmt":"2024-09-13T05:51:17","slug":"creditos","status":"publish","type":"page","link":"https:\/\/recercapau.org\/es\/creditos\/","title":{"rendered":"Cr\u00e9ditos"},"content":{"rendered":"<p><img decoding=\"async\" class=\"alignleft wp-image-10448\" src=\"http:\/\/portalpaula.org\/wp-content\/uploads\/2015\/11\/INFOGRAFIA-educacion-ciudadania-global.jpg\" alt=\"infografia_okA4b\" width=\"450\" height=\"624\" srcset=\"https:\/\/recercapau.org\/wp-content\/uploads\/2015\/11\/INFOGRAFIA-educacion-ciudadania-global-216x300.jpg 216w, https:\/\/recercapau.org\/wp-content\/uploads\/2015\/11\/INFOGRAFIA-educacion-ciudadania-global.jpg 700w\" sizes=\"(max-width: 450px) 100vw, 450px\" \/>Recercapau es una iniciativa conjunta del <a href=\"https:\/\/www.ub.edu\/idp\/web\/\" target=\"_blank\" rel=\"noopener noreferrer\">Instituto de Desarrollo Profesional (IDP)<\/a> de la Universidad de Barcelona y la <a href=\"https:\/\/www.solidaritat.ub.edu\/\" target=\"_blank\" rel=\"noopener noreferrer\">Fundaci\u00f3n Solidaridad UB<\/a>, que busca fomentar la <strong>integraci\u00f3n curricular de la educaci\u00f3n en derechos humanos y ciudadan\u00eda global <\/strong>a trav\u00e9s de\u00a0la <a href=\"http:\/\/portalpaula.org\/investigar\/\" rel=\"noopener noreferrer\">investigaci\u00f3n como estrategia did\u00e1ctica<\/a>.<\/p>\n<h4>\u00bfC\u00f3mo puedes usar los contenidos de Recercapau?<\/h4>\n<p>Los contenidos creados por la\u00a0<a href=\"https:\/\/www.solidaritat.ub.edu\/\" target=\"_blank\" rel=\"noopener\">Fundaci\u00f3n Solidaridad UB<\/a> para esta p\u00e1gina web\u00a0se publican bajo la <strong>licencia Creative Commons Reconocimiento-No Comercial-Compartir Igual 3.0 Espa\u00f1a<\/strong>. Puedes leer la licencia completa <a href=\"http:\/\/creativecommons.org\/licenses\/by-nc-sa\/3.0\/es\/legalcode.es\" target=\"_blank\" rel=\"noopener\">aqu\u00ed<\/a>\u00a0o un resumen de la misma <a href=\"https:\/\/creativecommons.org\/licenses\/by-nc-sa\/3.0\/deed.es\" target=\"_blank\" rel=\"noopener\">aqu\u00ed<\/a>.<\/p>\n<p>Esta licencia\u00a0significa que <strong>eres libre de reproducir, citar y redistribuir estos contenidos<\/strong> en cualquier medio o formato <strong>e, incluso, de remezclarlos, transformarlos y crear a partir de ellos siempre que respetes las siguientes condiciones<\/strong>:<\/p>\n<ul>\n<li><strong>Reconocimiento:\u00a0<\/strong>Debes especificar de forma clara y visible la fuente, incluir un enlace activo tanto a <a href=\"http:\/\/portalpaula.org\/\">Recercapau<\/a> como a <a href=\"https:\/\/creativecommons.org\/licenses\/by-nc-sa\/3.0\/deed.es\" target=\"_blank\" rel=\"noopener\">la presente licencia<\/a> e indicar si has realizado cambios respecto al original. Deber\u00e1s hacerlo de forma que no sugieras que recibes el apoyo o la colaboraci\u00f3n de Recercapau o de cualquiera de sus autor@s por el uso que realizas del material.<\/li>\n<li><strong>No Comercial:\u00a0<\/strong>No puedes utilizar los contenidos para una finalidad comercial.<\/li>\n<li><strong>Compartir Igual:<\/strong> Si remezclas, transformas o creas a partir de los contenidos de Recercapau, deber\u00e1s citar la fuente (como se especifica en el primer punto) y difundir tus contribuciones bajo la misma licencia que el original.<\/li>\n<li>No puedes aplicar t\u00e9rminos legales o medidas tecnol\u00f3gicas que restrinjan el acceso o uso que esta licencia permite, a menos que solicites nuestro consentimiento.<\/li>\n<\/ul>\n<p>Sin embargo, <strong>esta licencia s\u00f3lo se aplica para los contenidos de Recercapau creados por Fundaci\u00f3n Solidaridad UB<\/strong>.<\/p>\n<p>El portal tambi\u00e9n incluye <strong>contenidos creados por autor@s que colaboran con nuestra entidad, los cuales est\u00e1n protegidos por la licencia \u00a9 Copyright de cada autor\/a.<\/strong>\u00a0Por ejemplo, es el caso de las ilustraciones del <a href=\"http:\/\/portalpaula.org\/ca\/mapamundi-drets-humans\/\">Mapamundi de los Derechos Humanos<\/a>, creadas por <a href=\"http:\/\/benagespg.com\/\" target=\"_blank\" rel=\"noopener\">Toni Benages i Gallard<\/a>, y de las ilustraciones del apartado <a href=\"http:\/\/portalpaula.org\/redes-investigacion-ciudadania-global\/\">Redes de Investigaci\u00f3n para la Ciudadan\u00eda Global<\/a>, creadas por AM Ketterer.<\/p>\n<p>Si tienes alguna consulta acerca de c\u00f3mo utilizar los contenidos de Recercapau, <strong>no dudes en escribirnos a <a href=\"mailto:recercapau@ub.edu\">recercapau@ub.edu<\/a><\/strong>.<\/p>\n","protected":false},"excerpt":{"rendered":"<p>Recercapau es una iniciativa conjunta del Instituto de Desarrollo Profesional<\/p>\n","protected":false},"author":3,"featured_media":0,"parent":0,"menu_order":0,"comment_status":"closed","ping_status":"closed","template":"100-width.php","meta":{"footnotes":""},"class_list":["post-43511","page","type-page","status-publish","hentry"],"_links":{"self":[{"href":"https:\/\/recercapau.org\/es\/wp-json\/wp\/v2\/pages\/43511","targetHints":{"allow":["GET"]}}],"collection":[{"href":"https:\/\/recercapau.org\/es\/wp-json\/wp\/v2\/pages"}],"about":[{"href":"https:\/\/recercapau.org\/es\/wp-json\/wp\/v2\/types\/page"}],"author":[{"embeddable":true,"href":"https:\/\/recercapau.org\/es\/wp-json\/wp\/v2\/users\/3"}],"replies":[{"embeddable":true,"href":"https:\/\/recercapau.org\/es\/wp-json\/wp\/v2\/comments?post=43511"}],"version-history":[{"count":1,"href":"https:\/\/recercapau.org\/es\/wp-json\/wp\/v2\/pages\/43511\/revisions"}],"predecessor-version":[{"id":50439,"href":"https:\/\/recercapau.org\/es\/wp-json\/wp\/v2\/pages\/43511\/revisions\/50439"}],"wp:attachment":[{"href":"https:\/\/recercapau.org\/es\/wp-json\/wp\/v2\/media?parent=43511"}],"curies":[{"name":"wp","href":"https:\/\/api.w.org\/{rel}","templated":true}]}}