{"id":43496,"date":"2015-07-21T13:43:05","date_gmt":"2015-07-21T11:43:05","guid":{"rendered":"https:\/\/recercapau.org\/trabajos-de-bachillerato-previos\/"},"modified":"2025-09-30T13:17:01","modified_gmt":"2025-09-30T12:17:01","slug":"trabajos-previos","status":"publish","type":"page","link":"https:\/\/recercapau.org\/es\/investigar\/trabajos-previos\/","title":{"rendered":"Trabajos de bachillerato previos"},"content":{"rendered":"<div class=\"fusion-fullwidth fullwidth-box fusion-builder-row-1 fusion-flex-container nonhundred-percent-fullwidth non-hundred-percent-height-scrolling\" style=\"--awb-border-radius-top-left:0px;--awb-border-radius-top-right:0px;--awb-border-radius-bottom-right:0px;--awb-border-radius-bottom-left:0px;--awb-flex-wrap:wrap;\" ><div class=\"fusion-builder-row fusion-row fusion-flex-align-items-flex-start fusion-flex-content-wrap\" style=\"max-width:1248px;margin-left: calc(-4% \/ 2 );margin-right: calc(-4% \/ 2 );\"><div class=\"fusion-layout-column fusion_builder_column fusion-builder-column-0 fusion_builder_column_1_1 1_1 fusion-flex-column\" style=\"--awb-bg-size:cover;--awb-width-large:100%;--awb-margin-top-large:0px;--awb-spacing-right-large:1.92%;--awb-margin-bottom-large:0px;--awb-spacing-left-large:1.92%;--awb-width-medium:100%;--awb-spacing-right-medium:1.92%;--awb-spacing-left-medium:1.92%;--awb-width-small:100%;--awb-spacing-right-small:1.92%;--awb-spacing-left-small:1.92%;\"><div class=\"fusion-column-wrapper fusion-flex-justify-content-flex-start fusion-content-layout-column\"><div class=\"fusion-text fusion-text-1\"><h3>A continuaci\u00f3n, te presentamos algunos espacios donde localizar y leer trabajos de investigaci\u00f3n de bachillerato:<\/h3>\n<div class=\"wk-scope\">\n<div >\n\n\n    \n    <div class=\"wk-grid wk-text-left \" wk-margin=\"margin: wk-margin-top\">\n\n                <div class=\"wk-width-1-4@s wk-text-center\" >\n            <div class=\"wk-inline-clip wk-transition-toggle \"><img decoding=\"async\" src=\"\/wp-content\/uploads\/2017\/10\/Mapamundi-dels-Drets-Humans-Fundaci%C3%B3-Solidaritat-UB.png\" class=\" wk-transition-scale-up wk-transition-opaque\" alt=\"Mapamundi de los derechos humanos\" width=\"200\"><div class=\"wk-overlay-primary wk-position-cover wk-transition-fade\"><div class=\"wk-position-center\"><span class=\"\" wk-overlay-icon><\/span><\/div><\/div><a class=\"wk-position-cover\" href=\"https:\/\/interdependents.recercapau.org\/mapamundi\/?ods=t\"><\/a><\/div>        <\/div>\n        \n                <div class=\"wk-width-3-4@s\" >\n            <div class=\"wk-panel wk-width-1-1\">\n\n                \n                                <h3 class=\"wk-h3\">\n\n                                            <a class=\"wk-link-reset\" href=\"https:\/\/interdependents.recercapau.org\/mapamundi\/?ods=t\">Mapamundi de los derechos humanos<\/a>\n                    \n                    \n                <\/h3>\n                \n                                <div class=\"wk-margin\">Mapa que quiere poner de relieve la interdependencia de problem\u00e1ticas aparentemente lejanas y, por lo tanto, la corresponsabilidad de todas las personas que habitamos el planeta en su resoluci\u00f3n. Permite a\u00f1adir trabajos de estudiantes que denuncian vulneraciones de derechos humanos o difunden luchas por defenderlos. Cuando termines tu trabajo de investigaci\u00f3n, lo puedes publicar <strong><a href=\"http:\/\/mapamundi.recercapau.org\/a_treball.php\">aqu\u00ed<\/a><\/strong>!<\/div>\n                \n                \n                                <p><a class=\"wk-button wk-button-primary\" href=\"https:\/\/interdependents.recercapau.org\/mapamundi\/?ods=t\">Accede al recurso<\/a><\/p>\n                \n            <\/div>\n        <\/div>\n        \n    <\/div>\n\n    <hr class=\"wk-grid-divider \">\n\n    \n    <div class=\"wk-grid wk-text-left \" wk-margin=\"margin: wk-margin-top\">\n\n                <div class=\"wk-width-1-4@s wk-text-center\" >\n            <div class=\"wk-inline-clip wk-transition-toggle \"><img decoding=\"async\" src=\"\/wp-content\/plugins\/widgetkit\/cache\/diposit-digital-ub-dd84cb69df554bffee41deaf5443d099.jpg\" class=\" wk-transition-scale-up wk-transition-opaque\" alt=\"Dep\u00f3sito Digital de la UB\" width=\"200\"><div class=\"wk-overlay-primary wk-position-cover wk-transition-fade\"><div class=\"wk-position-center\"><span class=\"\" wk-overlay-icon><\/span><\/div><\/div><a class=\"wk-position-cover\" href=\"http:\/\/diposit.ub.edu\/dspace\/handle\/2445\/13317\/browse?type=title&amp;submit_browse=T%C3%ADtol\"><\/a><\/div>        <\/div>\n        \n                <div class=\"wk-width-3-4@s\" >\n            <div class=\"wk-panel wk-width-1-1\">\n\n                \n                                <h3 class=\"wk-h3\">\n\n                                            <a class=\"wk-link-reset\" href=\"http:\/\/diposit.ub.edu\/dspace\/handle\/2445\/13317\/browse?type=title&amp;submit_browse=T%C3%ADtol\">Dep\u00f3sito Digital de la UB<\/a>\n                    \n                    \n                <\/h3>\n                \n                                <div class=\"wk-margin\">En la colecci\u00f3n Recerca per a la Pau (Investigaci\u00f3n para la Paz) recogemos algunos de los trabajos de bachillerato participantes en el <a href=\"http:\/\/www.solidaritat.ub.edu\/premi_pau\/\">Premio de Investigaci\u00f3n para la Paz<\/a> de la Universidad de Barcelona.<\/div>\n                \n                \n                                <p><a class=\"wk-button wk-button-primary\" href=\"http:\/\/diposit.ub.edu\/dspace\/handle\/2445\/13317\/browse?type=title&amp;submit_browse=T%C3%ADtol\">Accede al recurso<\/a><\/p>\n                \n            <\/div>\n        <\/div>\n        \n    <\/div>\n\n    <hr class=\"wk-grid-divider \">\n\n    \n    <div class=\"wk-grid wk-text-left \" wk-margin=\"margin: wk-margin-top\">\n\n                <div class=\"wk-width-1-4@s wk-text-center\" >\n            <div class=\"wk-inline-clip wk-transition-toggle \"><img decoding=\"async\" src=\"\/wp-content\/plugins\/widgetkit\/cache\/mostra-recerca-jove-barcelona-870e6e20e05539836fc336da15b11bb4.jpg\" class=\" wk-transition-scale-up wk-transition-opaque\" alt=\"Muestra de Investigaci\u00f3n Joven de Barcelona\" width=\"200\"><div class=\"wk-overlay-primary wk-position-cover wk-transition-fade\"><div class=\"wk-position-center\"><span class=\"\" wk-overlay-icon><\/span><\/div><\/div><a class=\"wk-position-cover\" href=\"http:\/\/www.edubcn.cat\/ca\/suport_educatiu_recursos\/plans_programes\/impuls_recerca\/cercador_de_treballs_de_recerca\"><\/a><\/div>        <\/div>\n        \n                <div class=\"wk-width-3-4@s\" >\n            <div class=\"wk-panel wk-width-1-1\">\n\n                \n                                <h3 class=\"wk-h3\">\n\n                                            <a class=\"wk-link-reset\" href=\"http:\/\/www.edubcn.cat\/ca\/suport_educatiu_recursos\/plans_programes\/impuls_recerca\/cercador_de_treballs_de_recerca\">Muestra de Investigaci\u00f3n Joven de Barcelona<\/a>\n                    \n                    \n                <\/h3>\n                \n                                <div class=\"wk-margin\">Un buscador permite localizar y leer los trabajos de investigaci\u00f3n que han sido seleccionados en las \u00faltimas ediciones de las muestras de investigaci\u00f3n joven de Barcelona, que organizan anualmente el Consorcio de Educaci\u00f3n de Barcelona y el Instituto Municipal de Educaci\u00f3n.<\/div>\n                \n                \n                                <p><a class=\"wk-button wk-button-primary\" href=\"http:\/\/www.edubcn.cat\/ca\/suport_educatiu_recursos\/plans_programes\/impuls_recerca\/cercador_de_treballs_de_recerca\">Accede al recurso<\/a><\/p>\n                \n            <\/div>\n        <\/div>\n        \n    <\/div>\n\n    <hr class=\"wk-grid-divider \">\n\n    \n    <div class=\"wk-grid wk-text-left \" wk-margin=\"margin: wk-margin-top\">\n\n                <div class=\"wk-width-1-4@s wk-text-center\" >\n            <div class=\"wk-inline-clip wk-transition-toggle \"><img decoding=\"async\" src=\"\/wp-content\/plugins\/widgetkit\/cache\/premi_uvic_treballs_recerca-932892b67c7f4ed3d866f8ead8c372ea.jpg\" class=\" wk-transition-scale-up wk-transition-opaque\" alt=\"Premios Universidad de Vic\" width=\"200\"><div class=\"wk-overlay-primary wk-position-cover wk-transition-fade\"><div class=\"wk-position-center\"><span class=\"\" wk-overlay-icon><\/span><\/div><\/div><a class=\"wk-position-cover\" href=\"http:\/\/premisrecerca.uvic.cat\/cerca-recerca\"><\/a><\/div>        <\/div>\n        \n                <div class=\"wk-width-3-4@s\" >\n            <div class=\"wk-panel wk-width-1-1\">\n\n                \n                                <h3 class=\"wk-h3\">\n\n                                            <a class=\"wk-link-reset\" href=\"http:\/\/premisrecerca.uvic.cat\/cerca-recerca\">Premios Universidad de Vic<\/a>\n                    \n                    \n                <\/h3>\n                \n                                <div class=\"wk-margin\">Recopilaci\u00f3n de trabajos de investigaci\u00f3n de bachillerato presentados a los Premios Universidad de Vic desde 2008. Un buscador te ayudar\u00e1 a localizar los trabajos relacionados con tu investigaci\u00f3n.<\/div>\n                \n                \n                                <p><a class=\"wk-button wk-button-primary\" href=\"http:\/\/premisrecerca.uvic.cat\/cerca-recerca\">Accede al recurso<\/a><\/p>\n                \n            <\/div>\n        <\/div>\n        \n    <\/div>\n\n    <hr class=\"wk-grid-divider \">\n\n    \n    <div class=\"wk-grid wk-text-left \" wk-margin=\"margin: wk-margin-top\">\n\n                <div class=\"wk-width-1-4@s wk-text-center\" >\n            <div class=\"wk-inline-clip wk-transition-toggle \"><img decoding=\"async\" src=\"\/wp-content\/plugins\/widgetkit\/cache\/e-Repositori-Repositori-Digital-de-la-UPF-ef7eb60dad0c811fb4a5153b624bc2f2.png\" class=\" wk-transition-scale-up wk-transition-opaque\" alt=\"e-Repositori de la UPF\" width=\"200\"><div class=\"wk-overlay-primary wk-position-cover wk-transition-fade\"><div class=\"wk-position-center\"><span class=\"\" wk-overlay-icon><\/span><\/div><\/div><a class=\"wk-position-cover\" href=\"http:\/\/repositori.upf.edu\/handle\/10230\/16443\"><\/a><\/div>        <\/div>\n        \n                <div class=\"wk-width-3-4@s\" >\n            <div class=\"wk-panel wk-width-1-1\">\n\n                \n                                <h3 class=\"wk-h3\">\n\n                                            <a class=\"wk-link-reset\" href=\"http:\/\/repositori.upf.edu\/handle\/10230\/16443\">e-Repositori de la UPF<\/a>\n                    \n                    \n                <\/h3>\n                \n                                <div class=\"wk-margin\">Incluye las investigaciones galardonadas en los cinco Premios UPF a los mejores trabajos de investigaci\u00f3n de bachillerato de diferentes \u00e1mbitos acad\u00e9micos; unos galardones creados con el prop\u00f3sito com\u00fan de incentivar la investigaci\u00f3n.<\/div>\n                \n                \n                                <p><a class=\"wk-button wk-button-primary\" href=\"http:\/\/repositori.upf.edu\/handle\/10230\/16443\">Accede al recurso<\/a><\/p>\n                \n            <\/div>\n        <\/div>\n        \n    <\/div>\n\n    <hr class=\"wk-grid-divider \">\n\n    \n    <div class=\"wk-grid wk-text-left \" wk-margin=\"margin: wk-margin-top\">\n\n                <div class=\"wk-width-1-4@s wk-text-center\" >\n            <div class=\"wk-inline-clip wk-transition-toggle \"><img decoding=\"async\" src=\"\/wp-content\/plugins\/widgetkit\/cache\/Universitat-Politecnica-Catalunya-673db9690a78f9a8ca6370c324055b8e.png\" class=\" wk-transition-scale-up wk-transition-opaque\" alt=\"Premio UPC Arquitectura, Ingenier\u00eda, Ciencias y Tecnolog\u00eda\" width=\"200\"><div class=\"wk-overlay-primary wk-position-cover wk-transition-fade\"><div class=\"wk-position-center\"><span class=\"\" wk-overlay-icon><\/span><\/div><\/div><a class=\"wk-position-cover\" href=\"https:\/\/www.upc.edu\/premi-secundaria\/ca\/han-estat-premiats\"><\/a><\/div>        <\/div>\n        \n                <div class=\"wk-width-3-4@s\" >\n            <div class=\"wk-panel wk-width-1-1\">\n\n                \n                                <h3 class=\"wk-h3\">\n\n                                            <a class=\"wk-link-reset\" href=\"https:\/\/www.upc.edu\/premi-secundaria\/ca\/han-estat-premiats\">Premio UPC Arquitectura, Ingenier\u00eda, Ciencias y Tecnolog\u00eda<\/a>\n                    \n                    \n                <\/h3>\n                \n                                <div class=\"wk-margin\">Res\u00famenes de los trabajos premiados en este galard\u00f3n para investigaciones de bachillerato y proyectos de CFGS, que busca fomentar el inter\u00e9s del alumnado por la contribuci\u00f3n de la tecnolog\u00eda al desarrollo sostenible en los \u00e1mbitos de la edificaci\u00f3n, la energ\u00eda y el cambio clim\u00e1tico; la gesti\u00f3n del ciclo integral del agua; el dise\u00f1o para la sostenibilidad; la gesti\u00f3n de residuos; la planificaci\u00f3n territorial; la movilidad; la log\u00edstica, y la responsabilidad \u00e9tica y social de la tecnolog\u00eda.<\/div>\n                \n                \n                                <p><a class=\"wk-button wk-button-primary\" href=\"https:\/\/www.upc.edu\/premi-secundaria\/ca\/han-estat-premiats\">Accede al recurso<\/a><\/p>\n                \n            <\/div>\n        <\/div>\n        \n    <\/div>\n\n    <hr class=\"wk-grid-divider \">\n\n    \n    <div class=\"wk-grid wk-text-left \" wk-margin=\"margin: wk-margin-top\">\n\n                <div class=\"wk-width-1-4@s wk-text-center\" >\n            <div class=\"wk-inline-clip wk-transition-toggle \"><img decoding=\"async\" src=\"\/wp-content\/plugins\/widgetkit\/cache\/galiciencia-ef3c36237ee0a3b340e508cf94a5e3df.jpg\" class=\" wk-transition-scale-up wk-transition-opaque\" alt=\"Galiciencia\" width=\"200\"><div class=\"wk-overlay-primary wk-position-cover wk-transition-fade\"><div class=\"wk-position-center\"><span class=\"\" wk-overlay-icon><\/span><\/div><\/div><a class=\"wk-position-cover\" href=\"https:\/\/galiciencia.com\/es\/\"><\/a><\/div>        <\/div>\n        \n                <div class=\"wk-width-3-4@s\" >\n            <div class=\"wk-panel wk-width-1-1\">\n\n                \n                                <h3 class=\"wk-h3\">\n\n                                            <a class=\"wk-link-reset\" href=\"https:\/\/galiciencia.com\/es\/\">Galiciencia<\/a>\n                    \n                    \n                <\/h3>\n                \n                                <div class=\"wk-margin\">Feria cient\u00edfica anual en la que se exponen proyectos de investigaci\u00f3n realizados por estudiantes de Primaria, Secundaria y Bachillerato (y, seg\u00fan el a\u00f1o, tambi\u00e9n de FP y Educaci\u00f3n Especial). En el espacio web pueden consultarse trabajos de algunas ediciones. <\/div>\n                \n                \n                                <p><a class=\"wk-button wk-button-primary\" href=\"https:\/\/galiciencia.com\/es\/\">Accede al recurso<\/a><\/p>\n                \n            <\/div>\n        <\/div>\n        \n    <\/div>\n\n    \n\n<\/div>\n<\/div>\n<h3>Los Trabajos Finales de Grado y M\u00e1ster, elaborados por estudiantes de universidad, tambi\u00e9n pueden ser una fuente de inspiraci\u00f3n y recursos:<\/h3>\n<div class=\"wk-scope\">\n\n    <div id=\"wk-grid237\" class=\"wk-child-width-1-1 wk-child-width-1-1@s wk-child-width-1-4@m wk-child-width-1-4@l wk-child-width-1-4@xl wk-grid-match wk-text-left \" wk-height-match=\"target: &gt; div &gt; .wk-panel, &gt; div &gt; .wk-card; row: true\" wk-grid >\n\n    \n        <div >\n            <div class=\"wk-card wk-card-default\">\n\n                \n                \n                \n                \n                                        <div class=\"wk-card-body\">\n                    \n                                                <div class=\"wk-margin wk-text-center\"><div class=\"wk-inline-clip wk-transition-toggle \"><img decoding=\"async\" src=\"\/wp-content\/plugins\/widgetkit\/cache\/diposit-digital-ub-0e80f1734a3dee73993a7f8b8f8e9d39.jpg\" class=\" wk-transition-scale-up wk-transition-opaque\" alt=\"UB: Trabajos de alumnado\" width=\"200\" height=\"200\"><div class=\"wk-overlay-primary wk-position-cover wk-transition-fade\"><div class=\"wk-position-center\"><span class=\"\" wk-overlay-icon><\/span><\/div><\/div><a class=\"wk-position-cover\" href=\"http:\/\/diposit.ub.edu\/dspace\/handle\/2445\/1201\" title=\"UB: Trabajos de alumnado\"><\/a><\/div><\/div>\n                        \n                                                <h3 class=\"wk-h3 wk-margin-remove-top\">\n\n                                                            <a class=\"wk-link-reset\" href=\"http:\/\/diposit.ub.edu\/dspace\/handle\/2445\/1201\">UB: Trabajos de alumnado<\/a>\n                            \n                            \n                        <\/h3>\n                        \n                        \n                        \n                        \n                        \n                        \n                                        <\/div>\n                    \n                \n            <\/div>\n        <\/div>\n\n    \n        <div >\n            <div class=\"wk-card wk-card-default\">\n\n                \n                \n                \n                \n                                        <div class=\"wk-card-body\">\n                    \n                                                <div class=\"wk-margin wk-text-center\"><div class=\"wk-inline-clip wk-transition-toggle \"><img decoding=\"async\" src=\"\/wp-content\/plugins\/widgetkit\/cache\/uab-diposit-digital-c3d406d89c1375344fc79b5951a38b27.jpg\" class=\" wk-transition-scale-up wk-transition-opaque\" alt=\"UAB: Trabajos Finales de Grado\" width=\"200\" height=\"200\"><div class=\"wk-overlay-primary wk-position-cover wk-transition-fade\"><div class=\"wk-position-center\"><span class=\"\" wk-overlay-icon><\/span><\/div><\/div><a class=\"wk-position-cover\" href=\"https:\/\/ddd.uab.cat\/collection\/tfg\" title=\"UAB: Trabajos Finales de Grado\"><\/a><\/div><\/div>\n                        \n                                                <h3 class=\"wk-h3 wk-margin-remove-top\">\n\n                                                            <a class=\"wk-link-reset\" href=\"https:\/\/ddd.uab.cat\/collection\/tfg\">UAB: Trabajos Finales de Grado<\/a>\n                            \n                            \n                        <\/h3>\n                        \n                        \n                        \n                        \n                        \n                        \n                                        <\/div>\n                    \n                \n            <\/div>\n        <\/div>\n\n    \n        <div >\n            <div class=\"wk-card wk-card-default\">\n\n                \n                \n                \n                \n                                        <div class=\"wk-card-body\">\n                    \n                                                <div class=\"wk-margin wk-text-center\"><div class=\"wk-inline-clip wk-transition-toggle \"><img decoding=\"async\" src=\"\/wp-content\/plugins\/widgetkit\/cache\/upcommons-1ec80b1c9551eb7746b336a64587645e.jpg\" class=\" wk-transition-scale-up wk-transition-opaque\" alt=\"UPC: Trabajos acad\u00e9micos\" width=\"200\" height=\"200\"><div class=\"wk-overlay-primary wk-position-cover wk-transition-fade\"><div class=\"wk-position-center\"><span class=\"\" wk-overlay-icon><\/span><\/div><\/div><a class=\"wk-position-cover\" href=\"https:\/\/upcommons.upc.edu\/handle\/2117\/28592\" title=\"UPC: Trabajos acad\u00e9micos\"><\/a><\/div><\/div>\n                        \n                                                <h3 class=\"wk-h3 wk-margin-remove-top\">\n\n                                                            <a class=\"wk-link-reset\" href=\"https:\/\/upcommons.upc.edu\/handle\/2117\/28592\">UPC: Trabajos acad\u00e9micos<\/a>\n                            \n                            \n                        <\/h3>\n                        \n                        \n                        \n                        \n                        \n                        \n                                        <\/div>\n                    \n                \n            <\/div>\n        <\/div>\n\n    \n        <div >\n            <div class=\"wk-card wk-card-default\">\n\n                \n                \n                \n                \n                                        <div class=\"wk-card-body\">\n                    \n                                                <div class=\"wk-margin wk-text-center\"><div class=\"wk-inline-clip wk-transition-toggle \"><img decoding=\"async\" src=\"\/wp-content\/plugins\/widgetkit\/cache\/upc-treballs-academics-cooperacio-acbbf412704eb1fb5ad1e4b686fa000c.png\" class=\" wk-transition-scale-up wk-transition-opaque\" alt=\"UPC: Trabajos acad\u00e9micos sobre cooperaci\u00f3n\" width=\"200\" height=\"200\"><div class=\"wk-overlay-primary wk-position-cover wk-transition-fade\"><div class=\"wk-position-center\"><span class=\"\" wk-overlay-icon><\/span><\/div><\/div><a class=\"wk-position-cover\" href=\"https:\/\/docs.google.com\/spreadsheets\/d\/1MzH466Ffw1NQQA-LinOrxEgVppjWqJ1BXzxvlHmRKDw\/pub?output=html\" title=\"UPC: Trabajos acad\u00e9micos sobre cooperaci\u00f3n\"><\/a><\/div><\/div>\n                        \n                                                <h3 class=\"wk-h3 wk-margin-remove-top\">\n\n                                                            <a class=\"wk-link-reset\" href=\"https:\/\/docs.google.com\/spreadsheets\/d\/1MzH466Ffw1NQQA-LinOrxEgVppjWqJ1BXzxvlHmRKDw\/pub?output=html\">UPC: Trabajos acad\u00e9micos sobre cooperaci\u00f3n<\/a>\n                            \n                            \n                        <\/h3>\n                        \n                        \n                        \n                        \n                        \n                        \n                                        <\/div>\n                    \n                \n            <\/div>\n        <\/div>\n\n    \n    <\/div>\n\n<\/div>\n<\/div><\/div><\/div><\/div><\/div>\n","protected":false},"excerpt":{"rendered":"","protected":false},"author":3,"featured_media":0,"parent":43391,"menu_order":0,"comment_status":"closed","ping_status":"closed","template":"","meta":{"footnotes":""},"class_list":["post-43496","page","type-page","status-publish","hentry"],"_links":{"self":[{"href":"https:\/\/recercapau.org\/es\/wp-json\/wp\/v2\/pages\/43496","targetHints":{"allow":["GET"]}}],"collection":[{"href":"https:\/\/recercapau.org\/es\/wp-json\/wp\/v2\/pages"}],"about":[{"href":"https:\/\/recercapau.org\/es\/wp-json\/wp\/v2\/types\/page"}],"author":[{"embeddable":true,"href":"https:\/\/recercapau.org\/es\/wp-json\/wp\/v2\/users\/3"}],"replies":[{"embeddable":true,"href":"https:\/\/recercapau.org\/es\/wp-json\/wp\/v2\/comments?post=43496"}],"version-history":[{"count":2,"href":"https:\/\/recercapau.org\/es\/wp-json\/wp\/v2\/pages\/43496\/revisions"}],"predecessor-version":[{"id":52885,"href":"https:\/\/recercapau.org\/es\/wp-json\/wp\/v2\/pages\/43496\/revisions\/52885"}],"up":[{"embeddable":true,"href":"https:\/\/recercapau.org\/es\/wp-json\/wp\/v2\/pages\/43391"}],"wp:attachment":[{"href":"https:\/\/recercapau.org\/es\/wp-json\/wp\/v2\/media?parent=43496"}],"curies":[{"name":"wp","href":"https:\/\/api.w.org\/{rel}","templated":true}]}}