{"id":43399,"date":"2015-07-06T08:32:41","date_gmt":"2015-07-06T07:32:41","guid":{"rendered":"https:\/\/recercapau.org\/sobre-el-mapa\/"},"modified":"2024-09-13T12:42:42","modified_gmt":"2024-09-13T11:42:42","slug":"sobre-el-mapa","status":"publish","type":"page","link":"https:\/\/recercapau.org\/es\/mapamundi-de-los-derechos-humanos\/sobre-el-mapa\/","title":{"rendered":"Sobre el mapa"},"content":{"rendered":"<p><a href=\"http:\/\/www.portalpaula.org\/wp-content\/uploads\/2015\/07\/mapabase.jpg\"><img decoding=\"async\" class=\"alignright wp-image-5785\" src=\"http:\/\/www.portalpaula.org\/wp-content\/uploads\/2015\/07\/mapabase.jpg\" alt=\"Mapamundi dels Drets Humans\" width=\"450\" height=\"372\" \/><\/a>\u00bfQu\u00e9 piensas sobre este mapa? \u00bfTe resulta extra\u00f1o? \u00bfTe sorprende? \u00bfIdentificas los puntos de referencia? \u00bfSabr\u00edas situar el lugar d\u00f3nde est\u00e1s ahora?<\/p>\n<p>Para representar la Tierra (esf\u00e9rica), los humanos utilizamos un sistema de proyecciones que la trasladan al plano.<\/p>\n<p>Aunque al hacerlo empleamos medidas matem\u00e1ticas como la escala, los mapas son representaciones de una realidad esf\u00e9rica que vinculan el conocimiento geogr\u00e1fico con intereses comerciales y de control territorial.<\/p>\n<p>Siguiendo esta l\u00f3gica, el <a href=\"http:\/\/mapamundi.portalpaula.org\/\" target=\"_blank\" rel=\"noopener\">Mapamundi de los Derechos Humanos<\/a> adopta una de las interpretaciones de la geograf\u00eda mundial, buscando trastocar los esquemas de percepci\u00f3n m\u00e1s habituales en nuestro contexto.<\/p>\n<p>El objetivo es cuestionar, desde un principio, la visi\u00f3n europea del mundo y reubicarse en un plano en el que Europa no es el centro de todo y en el que se tienen en cuenta, por ejemplo, conexiones como las existentes entre Asia y Am\u00e9rica por el Polo Norte.<\/p>\n<p><strong>Para saber m\u00e1s:<\/strong> <em><a href=\"http:\/\/www.icgc.cat\/en\/Citizens\/Learn\/Dictionaries\/Projeccio-cartografica\" target=\"_blank\" rel=\"noopener\">Proyecci\u00f3n cartogr\u00e1fica<\/a><\/em>. Rabella, J.M. (2013). Instituto Cartogr\u00e1fico y Geol\u00f3gico de Catalunya.<\/p>\n","protected":false},"excerpt":{"rendered":"<p>\u00bfQu\u00e9 piensas sobre este mapa? \u00bfTe resulta extra\u00f1o? \u00bfTe sorprende?<\/p>\n","protected":false},"author":1,"featured_media":0,"parent":43360,"menu_order":0,"comment_status":"closed","ping_status":"closed","template":"","meta":{"footnotes":""},"class_list":["post-43399","page","type-page","status-publish","hentry"],"_links":{"self":[{"href":"https:\/\/recercapau.org\/es\/wp-json\/wp\/v2\/pages\/43399","targetHints":{"allow":["GET"]}}],"collection":[{"href":"https:\/\/recercapau.org\/es\/wp-json\/wp\/v2\/pages"}],"about":[{"href":"https:\/\/recercapau.org\/es\/wp-json\/wp\/v2\/types\/page"}],"author":[{"embeddable":true,"href":"https:\/\/recercapau.org\/es\/wp-json\/wp\/v2\/users\/1"}],"replies":[{"embeddable":true,"href":"https:\/\/recercapau.org\/es\/wp-json\/wp\/v2\/comments?post=43399"}],"version-history":[{"count":1,"href":"https:\/\/recercapau.org\/es\/wp-json\/wp\/v2\/pages\/43399\/revisions"}],"predecessor-version":[{"id":50525,"href":"https:\/\/recercapau.org\/es\/wp-json\/wp\/v2\/pages\/43399\/revisions\/50525"}],"up":[{"embeddable":true,"href":"https:\/\/recercapau.org\/es\/wp-json\/wp\/v2\/pages\/43360"}],"wp:attachment":[{"href":"https:\/\/recercapau.org\/es\/wp-json\/wp\/v2\/media?parent=43399"}],"curies":[{"name":"wp","href":"https:\/\/api.w.org\/{rel}","templated":true}]}}