{"id":43385,"date":"2015-04-17T11:22:02","date_gmt":"2015-04-17T10:22:02","guid":{"rendered":"https:\/\/recercapau.org\/desigualdad-de-genero\/"},"modified":"2024-09-17T17:28:48","modified_gmt":"2024-09-17T16:28:48","slug":"desigualdad-de-genero","status":"publish","type":"page","link":"https:\/\/recercapau.org\/es\/mapamundi-de-los-derechos-humanos\/desigualdad-de-genero\/","title":{"rendered":"Desigualdad de g\u00e9nero"},"content":{"rendered":"<table border=\"0px\" width=\"100%\">\n<tbody>\n<tr bgcolor=\"#E6E6E6\">\n<td valign=\"top\">\n<div id=\"attachment_5457\" style=\"width: 207px\" class=\"wp-caption aligncenter\"><a href=\"http:\/\/www.portalpaula.org\/wp-content\/uploads\/2015\/04\/Panama.bmp\"><img decoding=\"async\" aria-describedby=\"caption-attachment-5457\" class=\"wp-image-5457\" src=\"http:\/\/www.portalpaula.org\/wp-content\/uploads\/2015\/04\/Panama.bmp\" alt=\"Panama\" width=\"197\" height=\"140\" \/><\/a><p id=\"caption-attachment-5457\" class=\"wp-caption-text\">Mujeres que gobiernan<\/p><\/div><\/td>\n<td valign=\"top\">\n<div id=\"attachment_5453\" style=\"width: 207px\" class=\"wp-caption aligncenter\"><a href=\"http:\/\/www.portalpaula.org\/wp-content\/uploads\/2015\/04\/Desigualtat-genere.bmp\"><img decoding=\"async\" aria-describedby=\"caption-attachment-5453\" class=\"wp-image-5453\" src=\"http:\/\/www.portalpaula.org\/wp-content\/uploads\/2015\/04\/Desigualtat-genere.bmp\" alt=\"Desigualtat genere\" width=\"197\" height=\"140\" \/><\/a><p id=\"caption-attachment-5453\" class=\"wp-caption-text\">Mujeres que se movilizan<\/p><\/div><\/td>\n<td valign=\"top\">\n<div id=\"attachment_5473\" style=\"width: 211px\" class=\"wp-caption aligncenter\"><a href=\"http:\/\/www.portalpaula.org\/wp-content\/uploads\/2015\/04\/Viol\u00e8ncia-cap-a-les-dones.bmp\"><img decoding=\"async\" aria-describedby=\"caption-attachment-5473\" class=\"wp-image-5473\" src=\"http:\/\/www.portalpaula.org\/wp-content\/uploads\/2015\/04\/Viol\u00e8ncia-cap-a-les-dones.bmp\" alt=\"Viol\u00e8ncia cap a les dones\" width=\"201\" height=\"140\" \/><\/a><p id=\"caption-attachment-5473\" class=\"wp-caption-text\">Violencia hacia las mujeres<\/p><\/div><\/td>\n<\/tr>\n<\/tbody>\n<\/table>\n<p>La evoluci\u00f3n de la situaci\u00f3n de las mujeres a lo largo de los dos \u00faltimos siglos es la prueba de que la transformaci\u00f3n social es posible. En el mundo occidental <strong>las mejoras son evidentes, aunque persiste la desigualdad econ\u00f3mica, el sexismo o situaciones como el elevado n\u00famero de mujeres muertas por su pareja.<\/strong> La presencia de mujeres al frente de gobiernos de todo el mundo y liderando movilizaciones sociales, a veces en contextos de violencia, coexiste con la brecha salarial entre hombres y mujeres, la mayor\u00eda de personas dependientes a cargo de mujeres, el acceso desigual a la propiedad de la tierra, a las herencias&#8230;<\/p>\n<p>A la desigualdad que afecta a las mujeres, <strong>tenemos que a\u00f1adir las vulneraciones de derechos humanos que sufren las personas gays, lesbianas, bisexuales, transexuales&#8230;<\/strong> que van desde el acoso o la exclusi\u00f3n social, hasta el encarcelamiento, la tortura o el asesinato.<\/p>\n<p>Todas estas violencias hacen del feminismo un movimiento social amplio y diverso, presente en todo el mundo. Por otra parte, <strong>en la mayor\u00eda de regiones, las mujeres son el pilar fundamental de la sociedad al encargarse del cuidado y abastecimiento de la familia<\/strong>. As\u00ed lo han reconocido las ONGs y Naciones Unidas, que cuentan con ellas para protagonizar iniciativas para el desarrollo humano, para la sostenibilidad, contra el cambio clim\u00e1tico, as\u00ed como en algunos procesos de paz y reconciliaci\u00f3n.<\/p>\n<table border=\"0px\" width=\"100%\">\n<tbody>\n<tr bgcolor=\"#E6E6E6\">\n<td valign=\"top\">\n<div style=\"width: 175px\" class=\"wp-caption aligncenter\"><a href=\"http:\/\/portalpaula.org\/wp-content\/uploads\/2017\/02\/treballadores-domestiques-sri-lanka.jpg\"><img decoding=\"async\" class=\"\" src=\"http:\/\/portalpaula.org\/wp-content\/uploads\/2017\/02\/treballadores-domestiques-sri-lanka.jpg\" alt=\"\" width=\"165\" height=\"105\" \/><\/a><p class=\"wp-caption-text\">Trabajo dom\u00e9stico en Sri Lanka<\/p><\/div><\/td>\n<td valign=\"top\">\n<div id=\"attachment_5502\" style=\"width: 159px\" class=\"wp-caption aligncenter\"><a href=\"http:\/\/www.portalpaula.org\/wp-content\/uploads\/2015\/04\/Prostitucio-infantil.bmp\"><img decoding=\"async\" aria-describedby=\"caption-attachment-5502\" class=\"wp-image-5502\" src=\"http:\/\/www.portalpaula.org\/wp-content\/uploads\/2015\/04\/Prostitucio-infantil.bmp\" alt=\"Prostitucio infantil\" width=\"149\" height=\"105\" \/><\/a><p id=\"caption-attachment-5502\" class=\"wp-caption-text\">Prostituci\u00f3n infantil<\/p><\/div><\/td>\n<td valign=\"top\">\n<div id=\"attachment_5506\" style=\"width: 140px\" class=\"wp-caption aligncenter\"><a href=\"http:\/\/www.portalpaula.org\/wp-content\/uploads\/2015\/04\/Viol\u00e8ncia-contra-les-dones.bmp\"><img decoding=\"async\" aria-describedby=\"caption-attachment-5506\" class=\"wp-image-5506\" src=\"http:\/\/www.portalpaula.org\/wp-content\/uploads\/2015\/04\/Viol\u00e8ncia-contra-les-dones.bmp\" alt=\"Viol\u00e8ncia contra les dones\" width=\"130\" height=\"105\" \/><\/a><p id=\"caption-attachment-5506\" class=\"wp-caption-text\">Violencia hacia las mujeres<\/p><\/div><\/td>\n<td valign=\"top\">\n<div id=\"attachment_5508\" style=\"width: 166px\" class=\"wp-caption aligncenter\"><a href=\"http:\/\/www.portalpaula.org\/wp-content\/uploads\/2015\/04\/Acomiadaments-per-embar\u00e0s.bmp\"><img decoding=\"async\" aria-describedby=\"caption-attachment-5508\" class=\"wp-image-5508\" src=\"http:\/\/www.portalpaula.org\/wp-content\/uploads\/2015\/04\/Acomiadaments-per-embar\u00e0s.bmp\" alt=\"Acomiadaments per embar\u00e0s\" width=\"156\" height=\"105\" \/><\/a><p id=\"caption-attachment-5508\" class=\"wp-caption-text\">Despidos por embarazo<\/p><\/div><\/td>\n<\/tr>\n<\/tbody>\n<\/table>\n<h3><strong>C\u00f3mics<\/strong><\/h3>\n<ul>\n<li><em><a href=\"http:\/\/sinera.diba.cat\/record=b1544762~S171*cat\" target=\"_blank\" rel=\"noopener noreferrer\">Pers\u00e9polis<\/a><\/em>, de Marjane Satrapi<\/li>\n<li><em><a href=\"http:\/\/sinera.diba.cat\/record=b1453873~S171*cat\" target=\"_blank\" rel=\"noopener noreferrer\">Luchadoras<\/a><\/em>, de Peggy Adam<\/li>\n<li><em><a href=\"http:\/\/sinera.diba.cat\/record=b1523575~S171*cat\" target=\"_blank\" rel=\"noopener noreferrer\">Lis\u00edstrata<\/a><\/em>, de Ralf K\u00f6nig<\/li>\n<\/ul>\n<h3><strong>Recursos pedag\u00f3gicos<\/strong><\/h3>\n<ul>\n<li>El m\u00f3n en femen\u00ed (Manos Unidas)<\/li>\n<li><a href=\"https:\/\/resourcecentre.savethechildren.net\/pdf\/4051.pdf\/\" target=\"_blank\" rel=\"noopener noreferrer\">Bajo techo ajeno<\/a> (Save the Children)<\/li>\n<li>Campesinas, semillas de cambio (Entrepueblos)\n<ul>\n<li><a href=\"https:\/\/www.youtube.com\/watch?v=WPA2-OGRg6Y\" target=\"_blank\" rel=\"noopener noreferrer\">Documental<\/a><\/li>\n<li><a href=\"https:\/\/porunavidavivible.files.wordpress.com\/2012\/10\/campesinas-guc3ada-didc3a1ctica-introduccic3b3n.pdf\" target=\"_blank\" rel=\"noopener noreferrer\">Guia did\u00e1ctica<\/a><\/li>\n<\/ul>\n<\/li>\n<li><a href=\"http:\/\/www.es.amnesty.org\/redescuelas\/materiales-para-el-profesorado\/mujer\/\" target=\"_blank\" rel=\"noopener noreferrer\">Mujer<\/a> (Amnist\u00eda Internacional)<\/li>\n<\/ul>\n<h3><strong>Fuentes de informaci\u00f3n<\/strong> (siguiendo el orden de las im\u00e1genes)<\/h3>\n<ul>\n<li><strong>Mujeres al frente de gobiernos\u00a0<\/strong>\n<ul>\n<li><em><a href=\"http:\/\/www.unwomen.org\/es\/what-we-do\/leadership-and-political-participation\/facts-and-figures\" target=\"_blank\" rel=\"noopener noreferrer\">Hechos y cifras: liderazgo y participaci\u00f3n pol\u00edtica<\/a><\/em>, ONU Mujeres<\/li>\n<li><em><a href=\"http:\/\/archive.ipu.org\/pdf\/publications\/wmnmap14_sp.pdf\" target=\"_blank\" rel=\"noopener noreferrer\">Mujeres en la pol\u00edtica 2014<\/a><\/em>, ONU Mujeres<\/li>\n<\/ul>\n<\/li>\n<li><strong>Mujeres protagonizando movilizaciones sociales en Colombia (paz), Espa\u00f1a (15M), Magreb, Estados Unidos, Canad\u00e1, Oriente Pr\u00f3ximo<\/strong>\n<ul>\n<li><em><a href=\"http:\/\/www.mzc.es\/download\/diagnostico-mujer-paz-y-seguridad-colombia\/\" target=\"_blank\" rel=\"noopener noreferrer\">Mujeres en Zona de Conflicto. DIAGN\u00d3STICO: \u00abMUJER, PAZ Y SEGURIDAD\u201d Los movimientos de mujeres y paz en Colombia. Desde los a\u00f1os noventa hasta hoy<\/a><\/em>, MZC y Sisma Mujeres, C\u00f3rdoba, 2010<\/li>\n<li><em><a href=\"https:\/\/www.youtube.com\/watch?v=13I7Ux19k-o\" target=\"_blank\" rel=\"noopener noreferrer\">Mujeres y j\u00f3venes a tres a\u00f1os de la primavera \u00e1rabe<\/a><\/em>, conferencia de Hania Sholkamy, profesora del Social Research Center de la American University in Cairo (AUC) en Egipto, i Larabi Jaidi, profesor de Econom\u00eda de la Universit\u00e9 Mohamed V-Agdal de Rabat, en Marruecos, Casa \u00c1rabe, 17\/02\/2014<\/li>\n<li><em><a href=\"https:\/\/dialnet.unirioja.es\/servlet\/articulo?codigo=2794457\" target=\"_blank\" rel=\"noopener noreferrer\">Mujeres que construyen la paz. Pensamiento y pr\u00e1cticas<\/a><\/em>, conferencia de Carmen Magall\u00f3n, Universidad Internacional de la Paz, n\u00ba 22, 2008<\/li>\n<li><em><a href=\"http:\/\/www.icip.cat\/wp-content\/uploads\/2020\/11\/wp10_5_cat.pdf\" target=\"_blank\" rel=\"noopener noreferrer\">La participaci\u00f3n de las mujeres en los procesos de paz. Las otras mesas<\/a><\/em>, Mar\u00eda Villellas, ICIP WORKING PAPERS: 2010\/05<\/li>\n<li><em><a href=\"https:\/\/www.es.amnesty.org\/noticias\/noticias\/articulo\/las-mujeres-de-oriente-medio-protagonistas-de-las-revueltas-pero-no-de-los-derechos\/\" target=\"_blank\" rel=\"noopener noreferrer\">Las mujeres de Oriente Medio, protagonistas de las revueltas, pero no de los derechos<\/a><\/em>, Amnist\u00eda Internacional, 7\/03\/2012<\/li>\n<\/ul>\n<\/li>\n<li><strong>Violencia hacia las mujeres<\/strong>\n<ul>\n<li><a href=\"http:\/\/www.cidh.org\/annualrep\/2002sp\/cap.vi.juarez.2.htm\" target=\"_blank\" rel=\"noopener noreferrer\">M\u00e9xico. Violencia contra la mujer en Ciudad Ju\u00e1rez: Exposici\u00f3n general del problema<\/a>, Comisi\u00f3n Interamericana de Derechos Humanos<\/li>\n<li><a href=\"https:\/\/www.acnur.org\/fileadmin\/Documentos\/BDL\/2014\/9404.pdf?view=1\" target=\"_blank\" rel=\"noopener noreferrer\">Situaci\u00f3n de los derechos humanos en la Rep\u00fablica Isl\u00e1mica del Ir\u00e1n<\/a>, A\/RES\/67\/182<\/li>\n<li><a href=\"https:\/\/www.amnesty.org\/es\/latest\/research\/2015\/02\/annual-report-201415\/\" target=\"_blank\" rel=\"noopener noreferrer\">Rep\u00fablica Federal de Nigeria<\/a>, Informe 2014\/15 de Amnist\u00eda Internacional<\/li>\n<\/ul>\n<\/li>\n<li><strong>Condiciones de trabajo inhumanas para trabajadoras dom\u00e9sticas en Sri Lanka<\/strong>\n<ul>\n<li><em><a href=\"\/\/www.hrw.org\/sites\/default\/files\/reports\/srilanka1107webwcover.pdf\" target=\"_blank\" rel=\"noopener noreferrer\">Exportadas y expuestas: abusos contra las trabajadoras dom\u00e9sticas de Sri Lanka en Arabia Saud\u00ed, Kuwait, L\u00edbano y Emiratos \u00c1rabes Unidos<\/a><\/em>, Human Rights Watch, 2007<\/li>\n<\/ul>\n<\/li>\n<li><strong>Prostituci\u00f3n infantil<\/strong>\n<ul>\n<li><em><a href=\"http:\/\/www.unicef-irc.org\/publications\/pdf\/iwp_2010_02.pdf\" target=\"_blank\" rel=\"noopener noreferrer\">Abuso sexual y explotaci\u00f3n infantil en el Sur de Asia<\/a><\/em>. Una revisi\u00f3n de las investigaciones, legislaci\u00f3n, pol\u00edticas y respuestas de programas, John Frederick, Innocenti Research Centre UNICEF, Abril 2010<\/li>\n<li><a href=\"http:\/\/ap.ohchr.org\/documents\/dpage_s.aspx?m=102\" target=\"_blank\" rel=\"noopener noreferrer\">Informes de la Relatora Especial sobre la venta de ni\u00f1os, la prostituci\u00f3n infantil y la utilizaci\u00f3n de ni\u00f1os en la pornograf\u00eda<\/a>, Oficina del Alto Comisionado para los Derechos Humanos<\/li>\n<\/ul>\n<\/li>\n<li><strong>Violencia contra las mujeres en Europa Central, Rusia<\/strong>\n<ul>\n<li><em><a href=\"http:\/\/www.socialwatch.org\/sites\/default\/files\/B15Polonia2010_esp.pdf\" target=\"_blank\" rel=\"noopener noreferrer\">La situaci\u00f3n de la mujer en Polonia: una crisis permanente<\/a><\/em>, Agnieszka Nowak, Network of East-West Women, Polonia, La hora de la economia de g\u00e9nero, Cuadernos ocasionales n\u00ba 6, Social Watch<\/li>\n<li><em><a href=\"http:\/\/www2.ohchr.org\/english\/bodies\/cedaw\/docs\/ngos\/ANNANCPV_RussianFederation46.pdf\" target=\"_blank\" rel=\"noopener noreferrer\">Violencia contra las mujeres en la Federaci\u00f3n Rusa<\/a><\/em>, Informe alternativo al Comit\u00e9 para la eliminaci\u00f3n de la discriminaci\u00f3n contra las mujeres de Naciones Unidas, julio 2010<\/li>\n<\/ul>\n<\/li>\n<li><strong>Despidos por embarazo<\/strong>\n<ul>\n<li><em><a href=\"http:\/\/publicacionsurv.cat\/llibres-digitals\/visions-damerica-llatina\/item\/464-el-paper-de-la-dona\" target=\"_blank\" rel=\"noopener noreferrer\">El papel de la mujer<\/a><\/em>, AAVV, Editorial: Publicaciones URV, Universidad de Girona, Universidad de Lleida, Universidad Pompeu Fabra, Colecci\u00f3n: Visiones de Am\u00e9rica Latina, 3, 1\u00aa ed., 2014<\/li>\n<\/ul>\n<\/li>\n<\/ul>\n","protected":false},"excerpt":{"rendered":"<p>La evoluci\u00f3n de la situaci\u00f3n de las mujeres a lo<\/p>\n","protected":false},"author":1,"featured_media":0,"parent":43360,"menu_order":0,"comment_status":"closed","ping_status":"closed","template":"","meta":{"footnotes":""},"class_list":["post-43385","page","type-page","status-publish","hentry"],"_links":{"self":[{"href":"https:\/\/recercapau.org\/es\/wp-json\/wp\/v2\/pages\/43385","targetHints":{"allow":["GET"]}}],"collection":[{"href":"https:\/\/recercapau.org\/es\/wp-json\/wp\/v2\/pages"}],"about":[{"href":"https:\/\/recercapau.org\/es\/wp-json\/wp\/v2\/types\/page"}],"author":[{"embeddable":true,"href":"https:\/\/recercapau.org\/es\/wp-json\/wp\/v2\/users\/1"}],"replies":[{"embeddable":true,"href":"https:\/\/recercapau.org\/es\/wp-json\/wp\/v2\/comments?post=43385"}],"version-history":[{"count":1,"href":"https:\/\/recercapau.org\/es\/wp-json\/wp\/v2\/pages\/43385\/revisions"}],"predecessor-version":[{"id":50459,"href":"https:\/\/recercapau.org\/es\/wp-json\/wp\/v2\/pages\/43385\/revisions\/50459"}],"up":[{"embeddable":true,"href":"https:\/\/recercapau.org\/es\/wp-json\/wp\/v2\/pages\/43360"}],"wp:attachment":[{"href":"https:\/\/recercapau.org\/es\/wp-json\/wp\/v2\/media?parent=43385"}],"curies":[{"name":"wp","href":"https:\/\/api.w.org\/{rel}","templated":true}]}}