{"id":43383,"date":"2015-04-17T11:21:06","date_gmt":"2015-04-17T10:21:06","guid":{"rendered":"https:\/\/recercapau.org\/migraciones-internacionales\/"},"modified":"2024-09-18T12:49:35","modified_gmt":"2024-09-18T11:49:35","slug":"migraciones-internacionales","status":"publish","type":"page","link":"https:\/\/recercapau.org\/es\/mapamundi-de-los-derechos-humanos\/migraciones-internacionales\/","title":{"rendered":"Migraciones internacionales"},"content":{"rendered":"<div class=\"fusion-fullwidth fullwidth-box fusion-builder-row-1 fusion-flex-container nonhundred-percent-fullwidth non-hundred-percent-height-scrolling\" style=\"--awb-border-radius-top-left:0px;--awb-border-radius-top-right:0px;--awb-border-radius-bottom-right:0px;--awb-border-radius-bottom-left:0px;--awb-flex-wrap:wrap;\" ><div class=\"fusion-builder-row fusion-row fusion-flex-align-items-flex-start fusion-flex-content-wrap\" style=\"max-width:1248px;margin-left: calc(-4% \/ 2 );margin-right: calc(-4% \/ 2 );\"><div class=\"fusion-layout-column fusion_builder_column fusion-builder-column-0 fusion_builder_column_1_1 1_1 fusion-flex-column\" style=\"--awb-bg-size:cover;--awb-width-large:100%;--awb-margin-top-large:0px;--awb-spacing-right-large:1.92%;--awb-margin-bottom-large:0px;--awb-spacing-left-large:1.92%;--awb-width-medium:100%;--awb-spacing-right-medium:1.92%;--awb-spacing-left-medium:1.92%;--awb-width-small:100%;--awb-spacing-right-small:1.92%;--awb-spacing-left-small:1.92%;\"><div class=\"fusion-column-wrapper fusion-flex-justify-content-flex-start fusion-content-layout-column\"><div class=\"fusion-text fusion-text-1\"><table border=\"0px\" width=\"100%\">\n<tbody>\n<tr bgcolor=\"#E6E6E6\">\n<td valign=\"top\">\n<div id=\"attachment_5703\" style=\"width: 300px\" class=\"wp-caption aligncenter\"><a href=\"http:\/\/www.portalpaula.org\/wp-content\/uploads\/2015\/04\/Moviments-socials-de-protesta.bmp\"><img decoding=\"async\" aria-describedby=\"caption-attachment-5703\" class=\"wp-image-5703\" src=\"http:\/\/www.portalpaula.org\/wp-content\/uploads\/2015\/04\/Moviments-socials-de-protesta.bmp\" alt=\"Moviments socials de protesta\" width=\"290\" height=\"200\"><\/a><p id=\"caption-attachment-5703\" class=\"wp-caption-text\">Movimientos sociales de protesta<\/p><\/div><\/td>\n<td valign=\"top\">\n<div id=\"attachment_5704\" style=\"width: 305px\" class=\"wp-caption aligncenter\"><a href=\"http:\/\/www.portalpaula.org\/wp-content\/uploads\/2015\/04\/Enviament-remeses.bmp\"><img decoding=\"async\" aria-describedby=\"caption-attachment-5704\" class=\"wp-image-5704\" src=\"http:\/\/www.portalpaula.org\/wp-content\/uploads\/2015\/04\/Enviament-remeses.bmp\" alt=\"Enviament remeses\" width=\"295\" height=\"200\"><\/a><p id=\"caption-attachment-5704\" class=\"wp-caption-text\">Env\u00edo de remesas<\/p><\/div><\/td>\n<\/tr>\n<\/tbody>\n<\/table>\n<p>Una de las manifestaciones m\u00e1s visibles de la desigualdad mundial son las migraciones internacionales causadas por la violencia directa, estructural y simb\u00f3lica.<\/p>\n<p><strong>La pobreza, el deterioro ambiental, los conflictos armados, el totalitarismo, la homofobia&#8230; llevan millones de personas en todo el mundo a dejar atr\u00e1s sus ra\u00edces<\/strong> familiares y sociales en busca de un futuro mejor.<\/p>\n<p>Los flujos migratorios se intentan controlar mediante regulaciones legales, acuerdos bilaterales y fuerzas de seguridad. En el camino hasta llegar al destino final, <strong>las personas migrantes pueden sufrir todo tipo de abusos: robos, privaci\u00f3n de libertad, esclavitud, torturas&#8230;<\/strong> En el nuevo lugar de residencia las vulneraciones de sus derechos contin\u00faan en forma de explotaci\u00f3n laboral, inseguridad f\u00edsica, acoso, discriminaci\u00f3n, privaci\u00f3n de atenci\u00f3n sanitaria&#8230;<\/p>\n<p>En nuestro pa\u00eds, la gesti\u00f3n de la crisis global ha incrementado la desigualdad econ\u00f3mica y social, mientras se presentan como inevitables situaciones como la pobreza, el trabajo precario, los desahucios, la privatizaci\u00f3n de servicios b\u00e1sicos&#8230; En este contexto, la desprotecci\u00f3n de los derechos humanos afecta a las personas m\u00e1s pobres de la sociedad, especialmente si son extranjeras. <strong>Asimismo miles de personas han emigrado desde el estado espa\u00f1ol en b\u00fasqueda de trabajo.<\/strong><\/p>\n<p>Organizaciones de defensa de los derechos humanos documentan las vulneraciones de derechos humanos sufridas por las personas migrantes, y a menudo sus denuncias llegan a los tribunales de justicia. Asimismo, <strong>crecen las iniciativas dirigidas a promover la convivencia de personas de procedencia cultural muy diversa<\/strong> y se revindica la igualdad de las personas migradas en la sociedad de acogida.<\/p>\n<table border=\"0px\" width=\"100%\">\n<tbody>\n<tr bgcolor=\"#E6E6E6\">\n<td valign=\"top\">\n<div id=\"attachment_5700\" style=\"width: 213px\" class=\"wp-caption aligncenter\"><a href=\"http:\/\/www.portalpaula.org\/wp-content\/uploads\/2015\/04\/Perills-viatge.bmp\"><img decoding=\"async\" aria-describedby=\"caption-attachment-5700\" class=\"aligncenter wp-image-5700\" src=\"http:\/\/www.portalpaula.org\/wp-content\/uploads\/2015\/04\/Perills-viatge.bmp\" alt=\"Perills viatge\" width=\"203\" height=\"140\"><\/a><p id=\"caption-attachment-5700\" class=\"wp-caption-text\">Peligros del viaje<\/p><\/div><\/td>\n<td valign=\"top\">\n<div id=\"attachment_5701\" style=\"width: 218px\" class=\"wp-caption aligncenter\"><a href=\"http:\/\/www.portalpaula.org\/wp-content\/uploads\/2015\/04\/Zones-de-fronteres.bmp\"><img decoding=\"async\" aria-describedby=\"caption-attachment-5701\" class=\"aligncenter wp-image-5701\" src=\"http:\/\/www.portalpaula.org\/wp-content\/uploads\/2015\/04\/Zones-de-fronteres.bmp\" alt=\"Zones de fronteres\" width=\"208\" height=\"140\"><\/a><p id=\"caption-attachment-5701\" class=\"wp-caption-text\">Zonas de fronteras<\/p><\/div><\/td>\n<td valign=\"top\">\n<div id=\"attachment_5699\" style=\"width: 219px\" class=\"wp-caption aligncenter\"><a href=\"http:\/\/www.portalpaula.org\/wp-content\/uploads\/2015\/04\/Condicions-inhumanes-de-treball.bmp\"><img decoding=\"async\" aria-describedby=\"caption-attachment-5699\" class=\"aligncenter wp-image-5699\" src=\"http:\/\/www.portalpaula.org\/wp-content\/uploads\/2015\/04\/Condicions-inhumanes-de-treball.bmp\" alt=\"Condicions inhumanes de treball\" width=\"209\" height=\"140\"><\/a><p id=\"caption-attachment-5699\" class=\"wp-caption-text\">Condiciones inhumanas de trabajo<\/p><\/div><\/td>\n<\/tr>\n<\/tbody>\n<\/table>\n<h3><strong>C\u00f3mics<\/strong><\/h3>\n<ul>\n<li><em><a href=\"http:\/\/sinera.diba.cat\/record=b1473959~S171*cat\" target=\"_blank\" rel=\"noopener noreferrer\">Emigrantes<\/a><\/em>, de Shaun Tan<\/li>\n<li><em><a href=\"http:\/\/sinera.diba.cat\/record=b1225249~S171*cat\" target=\"_blank\" rel=\"noopener noreferrer\">El mes del drac<\/a><\/em>, de Quim Bou<\/li>\n<li><em><a href=\"http:\/\/www.madrid.org\/cs\/Satellite?blobcol=urldata&amp;blobheader=application%2Fpdf&amp;blobkey=id&amp;blobtable=MungoBlobs&amp;blobwhere=1352807268454&amp;ssbinary=true\" target=\"_blank\" rel=\"noopener noreferrer\">Racista yo?<\/a><\/em>, de Concerto Brussels con dibujos de Sergio Salma y color de Mauricet<\/li>\n<li><em><a href=\"https:\/\/www.accem.es\/dia-mundial-del-refugiado-2019\/no-te-olvides\/\" target=\"_blank\" rel=\"noopener noreferrer\">#NoTeOlvides de los refugiados<\/a><\/em>, de diversos vi\u00f1etistas (Accem)<\/li>\n<li><em>As\u00ed es la vida<\/em>, de Tresor Londja<\/li>\n<\/ul>\n<h3><strong>Recursos pedag\u00f3gicos<\/strong><\/h3>\n<ul>\n<li><a href=\"http:\/\/historic.edualter.org\/material\/actualitat\/immigracioiescola\/index.htm\" target=\"_blank\" rel=\"noopener noreferrer\">Immigraci\u00f3 i escola<\/a> (EduAlter)<\/li>\n<li><a href=\"http:\/\/www.conectandomundos.org\/\" target=\"_blank\" rel=\"noopener noreferrer\">Conectando mundos<\/a> (Interm\u00f3n Oxfam)<\/li>\n<li>Miradas del Mundo (Save the Children)<\/li>\n<li>Gu\u00eda de la semana multicultural (Save the Children)<\/li>\n<li><a href=\"http:\/\/www.es.amnesty.org\/redescuelas\/materiales-para-el-profesorado\/refugio-inmigracion-y-asilo\/\" target=\"_blank\" rel=\"noopener noreferrer\">Refugio, Inmigraci\u00f3n y Asilo<\/a> (Amnist\u00eda Internacional)<\/li>\n<\/ul>\n<h3><strong>Fuentes de informaci\u00f3n (siguiendo el orden de las im\u00e1genes)<\/strong><\/h3>\n<ul>\n<li><strong>Movimientos sociales de protesta<\/strong>\n<ul>\n<li><a href=\"https:\/\/www.fpablovi.org\/sociedad-y-utopia\/38\/38.pdf\" target=\"_blank\" rel=\"noopener noreferrer\">La movilizaci\u00f3n de los indignados del 15-M. Aportaciones desde la sociolog\u00eda de la protesta<\/a>, Ram\u00f3n ADELL ARGIL\u00c9S, Sociedad y Utop\u00eda. Revista de Ciencias Sociales, n\u00ba 38. Diciembre de 2011 (pp. 141-170)<\/li>\n<li><a href=\"https:\/\/doc.es.amnesty.org\/ms-opac\/recordmedia\/1@000025585\/object\/32906\/raw\" target=\"_blank\" rel=\"noopener noreferrer\">Espa\u00f1a: el derecho a protestar, amenazado<\/a>, Amnist\u00eda Internacional, 2014<\/li>\n<li><a href=\"http:\/\/occupywallst.org\/about\/\" target=\"_blank\" rel=\"noopener noreferrer\">Occupy Wall Street <\/a><\/li>\n<li><a href=\"http:\/\/www.cidob.org\/publicaciones\/documentacion\/dossiers\/levantamientos_populares_en_el_mundo_arabe_2011\/levantamientos_populares_en_el_mundo_arabe\" target=\"_blank\" rel=\"noopener noreferrer\">Levantamientos populares en el mundo \u00e1rabe<\/a>, AAVV, Dossiers CIDOB, 2011<\/li>\n<\/ul>\n<\/li>\n<li><strong>Env\u00edo de remesas al pa\u00eds de origen<\/strong>\n<ul>\n<li><a href=\"http:\/\/www.bancomundial.org\/temas\/remesas\/\" target=\"_blank\" rel=\"noopener noreferrer\">Migraciones y remesas<\/a>, Banco Mundial<\/li>\n<li><a href=\"https:\/\/www2.congreso.gob.pe\/sicr\/cendocbib\/con4_uibd.nsf\/9BB70958CDB4CB6D052581360062028B\/$FILE\/MIGRACIO.pdf\" target=\"_blank\" rel=\"noopener noreferrer\">La migraci\u00f3n y las remesas hacia Am\u00e9rica Latina: tendencias, mejores pr\u00e1cticas y experiencias de desarrollo<\/a>, XXV Reuni\u00f3n de Directores de Cooperaci\u00f3n Internacional de Am\u00e9rica Latina y el Caribe. Cooperaci\u00f3n y remesas de migrantes: impacto en el ahorro, la inversi\u00f3n y el desarrollo, La Antigua, Guatemala, 2014<\/li>\n<\/ul>\n<\/li>\n<li><strong>Los peligros del viaje: la Bestia, los caminos atravesando \u00c1frica Occidental, barcos para llegar a Australia<br \/>\n<\/strong><\/p>\n<ul>\n<li><a href=\"https:\/\/www.iom.int\/es\/migrant-stories\/la-bestia-ese-tren-que-convierte-los-suenos-en-verdaderas-pesadillas\" target=\"_blank\" rel=\"noopener noreferrer\">\u201cLa bestia\u201d: ese tren que convierte los sue\u00f1os en verdaderas pesadillas<\/a>, OIM (Organitzaci\u00f3 Internacional per les Migracions)<\/li>\n<li><a href=\"http:\/\/www.bib.uia.mx\/tesis\/pdf\/015852\/015852.pdf\" target=\"_blank\" rel=\"noopener noreferrer\">La bestia: muerte y violencia hacia migrantes en tr\u00e1nsito por M\u00e9xico<\/a>, Ever Esther Osorio Ruiz, tesis para obtener la Maestr\u00eda en Comunicaci\u00f3n de la Universidad Iberoamericana Ciudad de M\u00e9xico, 2014<\/li>\n<li><a href=\"http:\/\/mugak.eu\/revista-mugak\/no-13\/migraciones-internacionales-y-derechos-humanos-en-el-africa-negra\" target=\"_blank\" rel=\"noopener noreferrer\">Migraciones internacionales y Derechos Humanos en el \u00c1frica negra<\/a>, Fall, Babocar, SOS Racismo<\/li>\n<li><a href=\"https:\/\/publications.iom.int\/books\/mrs-no-32-la-migracion-irregular-del-africa-occidental-hacia-el-magreb-y-la-union-europea\" target=\"_blank\" rel=\"noopener noreferrer\">La migraci\u00f3n irregular del \u00c1frica Occidental hacia el Magreb y la Uni\u00f3n Europea<\/a>, Organizaci\u00f3n Internacional para las Migraciones (OIM)<\/li>\n<li><a href=\"https:\/\/news.un.org\/es\/story\/2014\/07\/1305841\" target=\"_blank\" rel=\"noopener noreferrer\">ACNUR expres\u00f3 preocupaci\u00f3n por el retorno forzado de solicitantes de asilo ceilaneses<\/a>, Centro de Informaci\u00f3n de Naciones Unidas, julio de 2014<\/li>\n<\/ul>\n<\/li>\n<li><strong>Las zonas de fronteras entre <strong>Estados Unidos<\/strong> y M\u00e9xico, o entre Marruecos y las ciudades de Ceuta y Melilla<\/strong>\n<ul>\n<li><strong>Fronteras Estados Unidos-M\u00e9xico<\/strong>\n<ul>\n<li><a href=\"https:\/\/publications.iom.int\/es\/books\/fatal-journeys-tracking-lives-lost-during-migration\" target=\"_blank\" rel=\"noopener noreferrer\">Viajes mortales, seguimiento de vidas perdidas durante la migraci\u00f3n<\/a>, Organizaci\u00f3n Internacional para las Migraciones (OIM), 2010<\/li>\n<\/ul>\n<\/li>\n<li><strong>Fronteras Espa\u00f1a<\/strong>\n<ul>\n<li><a href=\"https:\/\/www.amnesty.org\/es\/wp-content\/uploads\/sites\/4\/2021\/06\/eur410082005es.pdf\" target=\"_blank\" rel=\"noopener noreferrer\">Frontera Sur<\/a>, Amnist\u00eda Internacional<\/li>\n<\/ul>\n<\/li>\n<\/ul>\n<\/li>\n<li><strong>Condiciones inhumanas de trabajo (especialmente Qatar, Oriente Medio)<\/strong>\n<ul>\n<li><a href=\"https:\/\/publications.iom.int\/books\/other-migrant-crisis-protecting-migrant-workers-against-exploitation-middle-east-and-north\" target=\"_blank\" rel=\"noopener noreferrer\">La otra crisis migratoria: protecci\u00f3n de los trabajadores migrantes contra la explotaci\u00f3n en Medio Oriente y \u00c1frica del Norte<\/a>, informe de la Organizaci\u00f3n Internacional para las Migraciones (OIM) y la Free Walk Foundation (WFF).<\/li>\n<li><a href=\"http:\/\/www.ilo.org\/beirut\/publications\/WCMS_211214\/lang--en\/index.htm\" target=\"_blank\" rel=\"noopener noreferrer\">Enga\u00f1ado y atrapado: la trata de personas en Oriente Medio<\/a>, informe de la OIT, 2013<\/li>\n<li><a href=\"http:\/\/www.es.amnesty.org\/noticias\/noticias\/articulo\/debe-ponerse-fin-a-la-explotacion-de-trabajadores-migrantes-de-la-construccion\/\" target=\"_blank\" rel=\"noopener noreferrer\">Debe ponerse fin a la explotaci\u00f3n de trabajadores migrantes de la construcci\u00f3n<\/a>, Amnist\u00eda Internacional, noviembre 2013<\/li>\n<li><a href=\"http:\/\/www.hrw.org\/sites\/default\/files\/reports\/kuwait1010webwcover.pdf\" target=\"_blank\" rel=\"noopener noreferrer\">Paredes por todas partes<\/a>, informe de Human Rights Watch sobre las condiciones de las trabajadoras dom\u00e9sticas, octubre 2010<\/li>\n<li><a href=\"http:\/\/www.ilo.org\/global\/topics\/forced-labour\/lang--es\/index.htm\" target=\"_blank\" rel=\"noopener noreferrer\">Trabajo forzoso, trafico humano y esclavitud<\/a>, Organizaci\u00f3n Internacional del Trabajo<\/li>\n<\/ul>\n<\/li>\n<\/ul>\n<\/div><\/div><\/div><\/div><\/div>\n","protected":false},"excerpt":{"rendered":"","protected":false},"author":1,"featured_media":0,"parent":43360,"menu_order":0,"comment_status":"closed","ping_status":"closed","template":"","meta":{"footnotes":""},"class_list":["post-43383","page","type-page","status-publish","hentry"],"_links":{"self":[{"href":"https:\/\/recercapau.org\/es\/wp-json\/wp\/v2\/pages\/43383","targetHints":{"allow":["GET"]}}],"collection":[{"href":"https:\/\/recercapau.org\/es\/wp-json\/wp\/v2\/pages"}],"about":[{"href":"https:\/\/recercapau.org\/es\/wp-json\/wp\/v2\/types\/page"}],"author":[{"embeddable":true,"href":"https:\/\/recercapau.org\/es\/wp-json\/wp\/v2\/users\/1"}],"replies":[{"embeddable":true,"href":"https:\/\/recercapau.org\/es\/wp-json\/wp\/v2\/comments?post=43383"}],"version-history":[{"count":2,"href":"https:\/\/recercapau.org\/es\/wp-json\/wp\/v2\/pages\/43383\/revisions"}],"predecessor-version":[{"id":50876,"href":"https:\/\/recercapau.org\/es\/wp-json\/wp\/v2\/pages\/43383\/revisions\/50876"}],"up":[{"embeddable":true,"href":"https:\/\/recercapau.org\/es\/wp-json\/wp\/v2\/pages\/43360"}],"wp:attachment":[{"href":"https:\/\/recercapau.org\/es\/wp-json\/wp\/v2\/media?parent=43383"}],"curies":[{"name":"wp","href":"https:\/\/api.w.org\/{rel}","templated":true}]}}