{"id":43381,"date":"2015-04-17T11:20:27","date_gmt":"2015-04-17T10:20:27","guid":{"rendered":"https:\/\/recercapau.org\/armamentismo\/"},"modified":"2024-09-17T17:30:59","modified_gmt":"2024-09-17T16:30:59","slug":"armamentismo","status":"publish","type":"page","link":"https:\/\/recercapau.org\/es\/mapamundi-de-los-derechos-humanos\/armamentismo\/","title":{"rendered":"Armamentismo"},"content":{"rendered":"<h2>El negocio de las armas<\/h2>\n<table border=\"0px\" width=\"100%\">\n<tbody>\n<tr bgcolor=\"#E6E6E6\">\n<td valign=\"top\">\n<div id=\"attachment_5641\" style=\"width: 118px\" class=\"wp-caption aligncenter\"><a href=\"http:\/\/www.portalpaula.org\/wp-content\/uploads\/2015\/04\/Industria-armamentistica.bmp\"><img decoding=\"async\" aria-describedby=\"caption-attachment-5641\" class=\"wp-image-5641\" src=\"http:\/\/www.portalpaula.org\/wp-content\/uploads\/2015\/04\/Industria-armamentistica.bmp\" alt=\"Industria armamentistica\" width=\"108\" height=\"78\" \/><\/a><p id=\"caption-attachment-5641\" class=\"wp-caption-text\">Industria armament\u00edstica<\/p><\/div><\/td>\n<td valign=\"top\">\n<div id=\"attachment_5650\" style=\"width: 125px\" class=\"wp-caption aligncenter\"><a href=\"http:\/\/www.portalpaula.org\/wp-content\/uploads\/2015\/04\/Exercits-i-empreses-de-seguretat-privades.bmp\"><img decoding=\"async\" aria-describedby=\"caption-attachment-5650\" class=\"aligncenter wp-image-5650\" src=\"http:\/\/www.portalpaula.org\/wp-content\/uploads\/2015\/04\/Exercits-i-empreses-de-seguretat-privades.bmp\" alt=\"Exercits i empreses de seguretat privades\" width=\"115\" height=\"78\" \/><\/a><p id=\"caption-attachment-5650\" class=\"wp-caption-text\">Seguridad privada<\/p><\/div><\/td>\n<td valign=\"top\">\n<div id=\"attachment_5648\" style=\"width: 126px\" class=\"wp-caption aligncenter\"><a href=\"http:\/\/www.portalpaula.org\/wp-content\/uploads\/2015\/04\/Desplacaments-de-persones-per-atacs-terroristes-i-grups-armats-a-Mali.bmp\"><img decoding=\"async\" aria-describedby=\"caption-attachment-5648\" class=\"aligncenter wp-image-5648\" src=\"http:\/\/www.portalpaula.org\/wp-content\/uploads\/2015\/04\/Desplacaments-de-persones-per-atacs-terroristes-i-grups-armats-a-Mali.bmp\" alt=\"Desplacaments de persones per atacs terroristes i grups armats a Mali\" width=\"116\" height=\"78\" \/><\/a><p id=\"caption-attachment-5648\" class=\"wp-caption-text\">Desplazamientos en Mali<\/p><\/div><\/td>\n<td valign=\"top\">\n<div id=\"attachment_5645\" style=\"width: 127px\" class=\"wp-caption aligncenter\"><a href=\"http:\/\/www.portalpaula.org\/wp-content\/uploads\/2015\/04\/Compra-armes-Somalia.bmp\"><img decoding=\"async\" aria-describedby=\"caption-attachment-5645\" class=\"aligncenter wp-image-5645\" src=\"http:\/\/www.portalpaula.org\/wp-content\/uploads\/2015\/04\/Compra-armes-Somalia.bmp\" alt=\"Compra armes Somalia\" width=\"117\" height=\"78\" \/><\/a><p id=\"caption-attachment-5645\" class=\"wp-caption-text\">Armas en Somalia<\/p><\/div><\/td>\n<td valign=\"top\">\n<div id=\"attachment_5583\" style=\"width: 117px\" class=\"wp-caption aligncenter\"><a href=\"http:\/\/www.portalpaula.org\/wp-content\/uploads\/2015\/04\/Compra-armes-Ucraina.bmp\"><img decoding=\"async\" aria-describedby=\"caption-attachment-5583\" class=\"aligncenter wp-image-5646\" src=\"http:\/\/www.portalpaula.org\/wp-content\/uploads\/2015\/04\/Compra-armes-Ucraina.bmp\" alt=\"Compra armes Ucraina\" width=\"107\" height=\"78\" \/><\/a><p id=\"caption-attachment-5583\" class=\"wp-caption-text\">Armas en Ucrania<\/p><\/div><\/td>\n<\/tr>\n<\/tbody>\n<\/table>\n<p><strong>La producci\u00f3n y venta de armas es uno de los principales negocios a escala global<\/strong>. Las armas se producen en diferentes pa\u00edses (Estados Unidos, Rusia, Espa\u00f1a, B\u00e9lgica&#8230;) y se venden a ej\u00e9rcitos y empresas de seguridad privada (entre los cuales, los llamados \u00abmercenarios\u00bb). Mediante canales de distribuci\u00f3n ilegales las armas llegan a grupos terroristas, a grupos armados (entre ellos, las llamadas guerrillas), traspasando embargos y legislaciones internacionales.<br \/>\n<strong><br \/>\nEl negocio de las armas necesita de soldados y tambi\u00e9n de mercenarios<\/strong>. Los primeros son reclutados por los propios estados entre sus nacionales, mientras que los segundos son reclutados, entre otros, en pa\u00edses empobrecidos. La demanda de soldados en momentos de guerra es tan elevada que a menudo se recurre a ni\u00f1os y ni\u00f1as para el combate.<\/p>\n<p><strong>Espa\u00f1a es uno de los 10 principales productores de armas por volumen de fabricaci\u00f3n y venta<\/strong>. Seg\u00fan datos del Ministerio de Defensa (2010), unas 400 empresas est\u00e1n directamente relacionadas con este negocio y ocupan a unas 240.000 personas. Las armas producidas se venden en pa\u00edses del Golfo P\u00e9rsico, del Magreb y Am\u00e9rica del Sur.<\/p>\n<p>Las d\u00e9cadas de presi\u00f3n del movimiento por la paz lograron un hito en el a\u00f1o 2013, cuando se elabor\u00f3 <strong>un Tratado Internacional sobre el Comercio de Armas que busca reducir y controlar su comercializaci\u00f3n<\/strong> en pa\u00edses en conflicto armado o que pueden suministrar armas a estos pa\u00edses.<\/p>\n<table border=\"0px\" width=\"100%\">\n<tbody>\n<tr bgcolor=\"#E6E6E6\">\n<td valign=\"top\">\n<div id=\"attachment_5643\" style=\"width: 109px\" class=\"wp-caption aligncenter\"><a href=\"http:\/\/www.portalpaula.org\/wp-content\/uploads\/2015\/04\/Presencia-mercenaris-Afganistan.bmp\"><img decoding=\"async\" aria-describedby=\"caption-attachment-5643\" class=\"wp-image-5643\" src=\"http:\/\/www.portalpaula.org\/wp-content\/uploads\/2015\/04\/Presencia-mercenaris-Afganistan.bmp\" alt=\"Presencia mercenaris Afganistan\" width=\"99\" height=\"68\" \/><\/a><p id=\"caption-attachment-5643\" class=\"wp-caption-text\">Mercenarios Afganist\u00e1n<\/p><\/div><\/td>\n<td valign=\"top\">\n<div id=\"attachment_5649\" style=\"width: 111px\" class=\"wp-caption aligncenter\"><a href=\"http:\/\/www.portalpaula.org\/wp-content\/uploads\/2015\/04\/Entrada-armes-Costa-Ivori.bmp\"><img decoding=\"async\" aria-describedby=\"caption-attachment-5649\" class=\"wp-image-5649\" src=\"http:\/\/www.portalpaula.org\/wp-content\/uploads\/2015\/04\/Entrada-armes-Costa-Ivori.bmp\" alt=\"Entrada armes Costa Ivori\" width=\"101\" height=\"68\" \/><\/a><p id=\"caption-attachment-5649\" class=\"wp-caption-text\">Armas Costa de Marfil<\/p><\/div><\/td>\n<td valign=\"top\">\n<div id=\"attachment_5651\" style=\"width: 111px\" class=\"wp-caption aligncenter\"><a href=\"http:\/\/www.portalpaula.org\/wp-content\/uploads\/2015\/04\/Grups-armats-rebels-a-Libia.bmp\"><img decoding=\"async\" aria-describedby=\"caption-attachment-5651\" class=\"wp-image-5651\" src=\"http:\/\/www.portalpaula.org\/wp-content\/uploads\/2015\/04\/Grups-armats-rebels-a-Libia.bmp\" alt=\"Grups armats rebels a Libia\" width=\"101\" height=\"68\" \/><\/a><p id=\"caption-attachment-5651\" class=\"wp-caption-text\">Rebeldes Libia<\/p><\/div><\/td>\n<td valign=\"top\">\n<div id=\"attachment_5647\" style=\"width: 91px\" class=\"wp-caption aligncenter\"><a href=\"http:\/\/www.portalpaula.org\/wp-content\/uploads\/2015\/04\/Contractacio-mercenaris.bmp\"><img decoding=\"async\" aria-describedby=\"caption-attachment-5647\" class=\"wp-image-5647\" src=\"http:\/\/www.portalpaula.org\/wp-content\/uploads\/2015\/04\/Contractacio-mercenaris.bmp\" alt=\"Contractacio mercenaris\" width=\"81\" height=\"68\" \/><\/a><p id=\"caption-attachment-5647\" class=\"wp-caption-text\">Contrataci\u00f3n mercenarios<\/p><\/div><\/td>\n<td valign=\"top\">\n<div id=\"attachment_5663\" style=\"width: 97px\" class=\"wp-caption aligncenter\"><a href=\"http:\/\/www.portalpaula.org\/wp-content\/uploads\/2015\/04\/Infants-soldat.bmp\"><img decoding=\"async\" aria-describedby=\"caption-attachment-5663\" class=\"wp-image-5663\" src=\"http:\/\/www.portalpaula.org\/wp-content\/uploads\/2015\/04\/Infants-soldat.bmp\" alt=\"Infants soldat\" width=\"87\" height=\"68\" \/><\/a><p id=\"caption-attachment-5663\" class=\"wp-caption-text\">Ni\u00f1os soldado<\/p><\/div><\/td>\n<td valign=\"top\">\n<div id=\"attachment_5644\" style=\"width: 112px\" class=\"wp-caption aligncenter\"><a href=\"http:\/\/www.portalpaula.org\/wp-content\/uploads\/2015\/04\/Tractat-Internacional-comer\u00e7-armes.bmp\"><img decoding=\"async\" aria-describedby=\"caption-attachment-5644\" class=\"wp-image-5644\" src=\"http:\/\/www.portalpaula.org\/wp-content\/uploads\/2015\/04\/Tractat-Internacional-comer\u00e7-armes.bmp\" alt=\"Tractat Internacional comer\u00e7 armes\" width=\"102\" height=\"68\" \/><\/a><p id=\"caption-attachment-5644\" class=\"wp-caption-text\">Tratado armas<\/p><\/div><\/td>\n<\/tr>\n<\/tbody>\n<\/table>\n<h3><strong>C\u00f3mics<\/strong><\/h3>\n<ul>\n<li><em><a href=\"http:\/\/sinera.diba.cat\/record=b1446701~S171*cat\" target=\"_blank\" rel=\"noopener noreferrer\">Superl\u00f3pez. La feria de la muerte<\/a><\/em>, de Jan<\/li>\n<li><em><a href=\"http:\/\/sinera.diba.cat\/record=b1390542~S171*cat\" target=\"_blank\" rel=\"noopener noreferrer\">Adictos a la guerra<\/a><\/em>, de Joel Andreas<\/li>\n<li><em><a href=\"http:\/\/sinera.diba.cat\/record=b1288640~S171*cat\" target=\"_blank\" rel=\"noopener noreferrer\">Seriosament\u202625 arguments per la pau en c\u00f2mic<\/a><\/em>, de FundiPau<\/li>\n<li><em><a href=\"http:\/\/sinera.diba.cat\/record=b1335052~S171*cat\" target=\"_blank\" rel=\"noopener noreferrer\">Hiroshima: hadashi no gen<\/a><\/em>, de Keiji Nakazawa<\/li>\n<li><em><a href=\"http:\/\/sinera.diba.cat\/record=b1422244~S171*cat\" target=\"_blank\" rel=\"noopener noreferrer\">El final de la guerra. Rese\u00f1as biogr\u00e1ficas de Bosnia<\/a><\/em>, de Joe Sacco<\/li>\n<\/ul>\n<h3><strong>Recursos pedag\u00f3gicos<\/strong><\/h3>\n<ul>\n<li><a href=\"https:\/\/www.pacodamas.com\/entornos\/pep\/www.pacodamas.com\/balas\/PROGRAMACION\/HTML\/home.html\" target=\"_blank\" rel=\"noopener noreferrer\">Que a todas las balas se les haga de noche<\/a> (Paco Damas)<\/li>\n<li><a href=\"http:\/\/fundipau.org\/tallers-deducacio-per-la-pau-en-video\/\" target=\"_blank\" rel=\"noopener noreferrer\">Tallers d\u2019educaci\u00f3 per la pau en v\u00eddeo<\/a> (FundiPau)<\/li>\n<li><a href=\"http:\/\/fundipau.org\/wp-content\/uploads\/2015\/01\/propostadidactiva-denip2015-nuclears.pdf\" target=\"_blank\" rel=\"noopener noreferrer\">Fem pinya per prohibir les armes nuclears<\/a> (FundiPau)<\/li>\n<li>\u00abEn Puk i el mur\u00bb, <a href=\"https:\/\/www.kaidara.org\/recursos\/puk-y-el-muro\/\" target=\"_blank\" rel=\"noopener noreferrer\">unitat did\u00e0ctica<\/a> basada en <a href=\"https:\/\/www.youtube.com\/watch?v=bZ4mKjW5Eq4\" target=\"_blank\" rel=\"noopener noreferrer\">una hist\u00f2ria audiovisual<\/a> (Intermon Oxfam)<\/li>\n<li><a href=\"https:\/\/www.kaidara.org\/ca\/recursos\/alto-el-foc-el-negoci-de-les-armes\/\" target=\"_blank\" rel=\"noopener noreferrer\">Alto al fuego: el negocio de las armas<\/a>, (Kaidara, Intermon Oxfam)<\/li>\n<li><a href=\"https:\/\/www.es.amnesty.org\/redescuelas\/materiales-para-el-profesorado\/ninos-y-ninas-soldados\/\" target=\"_blank\" rel=\"noopener noreferrer\">Ni\u00f1os y ni\u00f1as soldados<\/a> (Amnist\u00eda Internacional)<\/li>\n<\/ul>\n<h3><strong>Fuentes de informaci\u00f3n (siguiendo el orden de las im\u00e1genes)<\/strong><\/h3>\n<ul>\n<li><strong>Industria armament\u00edstica<\/strong>\n<ul>\n<li><a href=\"http:\/\/www.sipri.org\/\" target=\"_blank\" rel=\"noopener noreferrer\">SIPRI<\/a> (Stockholm International Peace Research Institute)<\/li>\n<li><a href=\"http:\/\/www.centredelas.org\/\" target=\"_blank\" rel=\"noopener noreferrer\">Centre Del\u00e0s d\u2019Estudis per la Pau<\/a><\/li>\n<\/ul>\n<\/li>\n<li><strong>Ej\u00e9rcitos y empresas de seguridad privadas<\/strong>\n<ul>\n<li><a href=\"https:\/\/www.ohchr.org\/es\/special-procedures\/wg-mercenaries\" target=\"_blank\" rel=\"noopener noreferrer\">Grupo de trabajo sobre la utilizaci\u00f3n de mercenarios como medio para violar los derechos humanos y obstaculizar el ejercicio del derecho de los pueblos a la libre determinaci\u00f3n<\/a><\/li>\n<\/ul>\n<\/li>\n<li><strong>Desplazamientos de personas por ataques terroristas y grupos armados en Mali\u00a0<\/strong>\n<ul>\n<li><a href=\"https:\/\/eacnur.org\/blog\/refugiados-en-mali-asesinatos-que-fuerzan-desplazamientos-tc_alt45664n_o_pstn_o_pst\/\" target=\"_blank\" rel=\"noopener noreferrer\">UNHCR<\/a> (Alto Comisionado por los Refugiados de Naciones Unidas)<\/li>\n<li><a href=\"https:\/\/minusma.unmissions.org\/\" target=\"_blank\" rel=\"noopener noreferrer\">MINUSMA<\/a> (Misi\u00f3n de Estabilizaci\u00f3n Integrada Multidimensional de Naciones Unidas en Mali)<\/li>\n<\/ul>\n<\/li>\n<li><strong>Compra de armas a cambio de permitir el lanzamiento de residuos t\u00f3xicos en Somalia<\/strong>\n<ul>\n<li><a href=\"https:\/\/www.greenpeace.org\/archive-italy\/Global\/italy\/report\/2010\/inquinamento\/Report-The-toxic-ship.pdf\" target=\"_blank\" rel=\"noopener noreferrer\">Greenpeace<\/a><\/li>\n<\/ul>\n<\/li>\n<li><strong>Compra de armas por parte de grupos armados pro rusos en Ucrania<\/strong>\n<ul>\n<li><a href=\"http:\/\/europa.eu\/newsroom\/highlights\/special-coverage\/eu_sanctions\/index_en.htm\" target=\"_blank\" rel=\"noopener noreferrer\">Sanciones de la Uni\u00f3n Europea a Rusia a ra\u00edz de la crisis de Ucrania <\/a><\/li>\n<\/ul>\n<\/li>\n<li><strong>Presencia de mercenarios en Afganist\u00e1n<\/strong>\n<ul>\n<li><a href=\"https:\/\/www.ohchr.org\/es\/special-procedures\/wg-mercenaries\" target=\"_blank\" rel=\"noopener noreferrer\">Grupo de trabajo sobre la utilizaci\u00f3n de mercenarios como medio de violar los derechos humanos y obstaculizar el ejercicio del derecho de los pueblos a la libre determinaci\u00f3n<\/a><\/li>\n<\/ul>\n<\/li>\n<li><strong>Entrada de armas en Costa de Marfil a pesar de la existencia de un embargo internacional\u00a0<\/strong>\n<ul>\n<li><a href=\"https:\/\/www.es.amnesty.org\/noticias\/noticias\/articulo\/comunidades-destrozadas-por-la-proliferacion-de-armas-y-los-abusos\/\" target=\"_blank\" rel=\"noopener noreferrer\">Amnist\u00eda Internacional <\/a><\/li>\n<\/ul>\n<\/li>\n<li><strong>Grupos armados rebeldes en Libia<\/strong>\n<ul>\n<li><a href=\"https:\/\/www.un.org\/securitycouncil\/es\/sanctions\/1970\" target=\"_blank\" rel=\"noopener noreferrer\">Comit\u00e9 del Consejo de Seguridad relativo a Libia<\/a><\/li>\n<\/ul>\n<\/li>\n<li><strong>Contrataci\u00f3n de mercenarios en Sri Lanka y en Chile<\/strong>\n<ul>\n<li><a href=\"https:\/\/www.ohchr.org\/es\/special-procedures\/wg-mercenaries\" target=\"_blank\" rel=\"noopener noreferrer\">Grupo de trabajo sobre la utilizaci\u00f3n de mercenarios como medio para violar los derechos humanos y obstaculizar el ejercicio del derecho de los pueblos a la libre determinaci\u00f3n<\/a><\/li>\n<\/ul>\n<\/li>\n<li><strong>Ni\u00f1os soldado<\/strong>\n<ul>\n<li><em><a href=\"http:\/\/www.entreculturas.org\/files\/documentos\/biblioteca\/Menores_Soldado_Informe_Global_2004.pdf?download\" target=\"_blank\" rel=\"noopener noreferrer\">Ni\u00f1os Soldado<\/a><\/em>, Entreculturas<\/li>\n<li><em><a href=\"https:\/\/old.unicef.es\/actualidad-documentacion\/publicaciones\/ninos-y-ninas-soldado\" target=\"_blank\" rel=\"noopener noreferrer\">Ni\u00f1os y ni\u00f1as soldado<\/a><\/em>, UNICEF Espa\u00f1a<\/li>\n<\/ul>\n<\/li>\n<li><strong>Sede de Naciones Unidas en Nueva York, donde se aprob\u00f3 el Tratado Internacional sobre el Comercio de Armas<\/strong>\n<ul>\n<li><a href=\"https:\/\/www.un.org\/disarmament\/es\/armas-convencionales\/el-tratado-sobre-el-comercio-de-armas\/\" target=\"_blank\" rel=\"noopener noreferrer\">Tratado Internacional sobre el Comercio de Armas<\/a><\/li>\n<li><a href=\"http:\/\/www.icip.cat\/wp-content\/uploads\/2020\/11\/WP5_2015.pdf\" target=\"_blank\" rel=\"noopener noreferrer\">Instituto Internacional Catal\u00e1n por la Paz de la Generalitat de Catalunya <\/a><\/li>\n<\/ul>\n<\/li>\n<\/ul>\n","protected":false},"excerpt":{"rendered":"<p>El negocio de las armas La producci\u00f3n y venta de<\/p>\n","protected":false},"author":1,"featured_media":0,"parent":43360,"menu_order":0,"comment_status":"closed","ping_status":"closed","template":"","meta":{"footnotes":""},"class_list":["post-43381","page","type-page","status-publish","hentry"],"_links":{"self":[{"href":"https:\/\/recercapau.org\/es\/wp-json\/wp\/v2\/pages\/43381","targetHints":{"allow":["GET"]}}],"collection":[{"href":"https:\/\/recercapau.org\/es\/wp-json\/wp\/v2\/pages"}],"about":[{"href":"https:\/\/recercapau.org\/es\/wp-json\/wp\/v2\/types\/page"}],"author":[{"embeddable":true,"href":"https:\/\/recercapau.org\/es\/wp-json\/wp\/v2\/users\/1"}],"replies":[{"embeddable":true,"href":"https:\/\/recercapau.org\/es\/wp-json\/wp\/v2\/comments?post=43381"}],"version-history":[{"count":1,"href":"https:\/\/recercapau.org\/es\/wp-json\/wp\/v2\/pages\/43381\/revisions"}],"predecessor-version":[{"id":50428,"href":"https:\/\/recercapau.org\/es\/wp-json\/wp\/v2\/pages\/43381\/revisions\/50428"}],"up":[{"embeddable":true,"href":"https:\/\/recercapau.org\/es\/wp-json\/wp\/v2\/pages\/43360"}],"wp:attachment":[{"href":"https:\/\/recercapau.org\/es\/wp-json\/wp\/v2\/media?parent=43381"}],"curies":[{"name":"wp","href":"https:\/\/api.w.org\/{rel}","templated":true}]}}